{"id":984,"date":"2023-08-11T15:42:45","date_gmt":"2023-08-11T15:42:45","guid":{"rendered":"https:\/\/xn--maeva-zambon-ditticienne-pfcb.fr\/?page_id=984"},"modified":"2023-08-20T00:20:04","modified_gmt":"2023-08-20T00:20:04","slug":"complements-alimentaires","status":"publish","type":"page","link":"https:\/\/xn--maeva-zambon-ditticienne-pfcb.fr\/index.php\/complements-alimentaires\/","title":{"rendered":"Compl\u00e9ments alimentaires"},"content":{"rendered":"\n<div style=\"height:100px\" aria-hidden=\"true\" class=\"wp-block-spacer\"><\/div>\n\n\n\n<figure class=\"wp-block-image size-full\"><img loading=\"lazy\" decoding=\"async\" width=\"525\" height=\"388\" src=\"https:\/\/i0.wp.com\/xn--maeva-zambon-ditticienne-pfcb.fr\/wp-content\/uploads\/2023\/08\/bienfaits-des-omega-3_1-jpg.webp?resize=525%2C388&#038;ssl=1\" alt=\"\" class=\"wp-image-1507\" srcset=\"https:\/\/i0.wp.com\/xn--maeva-zambon-ditticienne-pfcb.fr\/wp-content\/uploads\/2023\/08\/bienfaits-des-omega-3_1-jpg.webp?w=648&amp;ssl=1 648w, https:\/\/i0.wp.com\/xn--maeva-zambon-ditticienne-pfcb.fr\/wp-content\/uploads\/2023\/08\/bienfaits-des-omega-3_1-jpg.webp?resize=300%2C222&amp;ssl=1 300w\" sizes=\"auto, (max-width: 525px) 100vw, 525px\" data-recalc-dims=\"1\" \/><\/figure>\n\n\n\n<div style=\"height:100px\" aria-hidden=\"true\" class=\"wp-block-spacer\"><\/div>\n\n\n\n<p>Souhaiteriez vous \u00eatre conseill\u00e9 pour choisir des compl\u00e9ments alimentaires adapt\u00e9s \u00e0 vos besoins physiologiques ? <\/p>\n\n\n\n<p> Aimeriez vous savoir comment les consommer correctement ? <\/p>\n\n\n\n<p>Les compl\u00e9ments alimentaires peuvent \u00eatre utiles pour pr\u00e9venir ou corriger certaines carences (sur conseils\/prescription de votre m\u00e9decin). Ils peuvent am\u00e9liorer votre bien-\u00eatre, votre vitalit\u00e9, votre performance ou retarder votre vieillissement cellulaire. Mais aussi vous aider \u00e0 faire face \u00e0 des besoins sp\u00e9cifiques li\u00e9s \u00e0 votre \u00e2ge, \u00e0 votre mode de vie ou \u00e0 votre environnement.<\/p>\n\n\n\n<p>Lors de notre premi\u00e8re consultation je pourrais vous conseiller sur les compl\u00e9ments alimentaires les plus adapt\u00e9s \u00e0 vos besoins. En tenant compte de votre alimentation, de votre \u00e9tat de sant\u00e9, de vos objectifs et de vos \u00e9ventuels traitements m\u00e9dicaux. Ensuite, je vous informerais sur la qualit\u00e9, la s\u00e9curit\u00e9 et l\u2019efficacit\u00e9 des produits que vous souhaitez consommer. Ainsi que sur les doses et les dur\u00e9es recommand\u00e9es. Pour finir je vous construirais un plan alimentaire afin que votre alimentation soit enrichie avec les nutriments concern\u00e9s. <\/p>\n\n\n\n<p>Nous pourrons ensuite au fil des s\u00e9ances ajuster votre plan alimentaire, en fonction de l&#8217;\u00e9volution de votre sant\u00e9. Mais aussi mettre en place un planning hebdomadaire ou des recettes vous permettant de remplir vos besoins nutritionnels.  <\/p>\n\n\n\n<h2 class=\"wp-block-heading\">Qu\u2019est ce qu\u2019un compl\u00e9ment alimentaire&nbsp;?<\/h2>\n\n\n\n<p>&#8220;Les compl\u00e9ments alimentaires sont d\u00e9finis comme \u00ab&nbsp;des denr\u00e9es alimentaires dont le but est de compl\u00e9ter un r\u00e9gime alimentaire normal et qui constituent une source concentr\u00e9e de nutriments ou d\u2019autres substances ayant un effet nutritionnel ou physiologique&nbsp;\u00bb.&#8221; sante.gouv.fr<\/p>\n\n\n\n<h2 class=\"wp-block-heading\">Que contiennent les compl\u00e9ments alimentaires&nbsp;?<\/h2>\n\n\n\n<p>&#8220;Les compl\u00e9ments alimentaires peuvent contenir des nutriments (vitamines et min\u00e9raux), des plantes (sont exclues de ce cadre les plantes destin\u00e9es \u00e0 un usage exclusivement th\u00e9rapeutique), des substances \u00e0 but nutritionnel ou physiologique (substances chimiquement d\u00e9finies, \u00e0 l\u2019exception des substances pharmacologiques), des ingr\u00e9dients traditionnels (ex.&nbsp;: gel\u00e9e royale\u2026), des additifs, des ar\u00f4mes et des auxiliaires technologiques (support d\u2019additifs) dont l\u2019emploi est autoris\u00e9 en alimentation humaine.&#8221; sante.gouv.fr<\/p>\n\n\n\n<p><\/p>\n\n\n\n<p>Vous \u00eates int\u00e9r\u00e9ss\u00e9.e par :<\/p>\n\n\n\n<ul class=\"wp-block-list\">\n<li>Le Fer, le Magn\u00e9sium, les Om\u00e9ga-3, le calcium, le collag\u00e8ne, la vitamine D ou encore les probiotiques.<\/li>\n\n\n\n<li>Les compl\u00e9ments pour sportifs : la cr\u00e9atine, la whey, la caf\u00e9ine, les vitamines et min\u00e9raux ou encore les antioxydants<\/li>\n\n\n\n<li>Les compl\u00e9ments bio \u00e0 base de plantes, notamment pour renforcer l\u2019immunit\u00e9, la vitalit\u00e9, le bien-\u00eatre ou la gestion du stress<\/li>\n<\/ul>\n\n\n\n<p><\/p>\n\n\n\n<p><\/p>\n\n\n\n<div class=\"wp-block-buttons is-layout-flex wp-block-buttons-is-layout-flex\">\n<div class=\"wp-block-button\"><a class=\"wp-block-button__link wp-element-button\" href=\"https:\/\/xn--maeva-zambon-ditticienne-pfcb.fr\/index.php\/deroulement-des-consultations\/\">D\u00e9roulement des consultations et tarifs<\/a><\/div>\n<\/div>\n\n\n\n<div style=\"height:100px\" aria-hidden=\"true\" class=\"wp-block-spacer\"><\/div>\n\n\n\n<p>Source : <a href=\"https:\/\/sante.gouv.fr\/\" target=\"_blank\" rel=\"noreferrer noopener\">https:\/\/sante.gouv.fr\/<\/a><\/p>\n","protected":false},"excerpt":{"rendered":"<p>Souhaiteriez vous \u00eatre conseill\u00e9 pour choisir des compl\u00e9ments alimentaires adapt\u00e9s \u00e0 vos besoins physiologiques ? Aimeriez vous savoir comment les consommer correctement ? Les compl\u00e9ments alimentaires peuvent \u00eatre utiles pour pr\u00e9venir ou corriger certaines carences (sur conseils\/prescription de votre m\u00e9decin). Ils peuvent am\u00e9liorer votre bien-\u00eatre, votre vitalit\u00e9, votre performance ou retarder votre vieillissement cellulaire. Mais &hellip; <\/p>\n<p class=\"link-more\"><a href=\"https:\/\/xn--maeva-zambon-ditticienne-pfcb.fr\/index.php\/complements-alimentaires\/\" class=\"more-link\">Continue reading<span class=\"screen-reader-text\"> &#8220;Compl\u00e9ments alimentaires&#8221;<\/span><\/a><\/p>\n","protected":false},"author":1,"featured_media":0,"parent":0,"menu_order":0,"comment_status":"closed","ping_status":"closed","template":"","meta":{"footnotes":""},"class_list":["post-984","page","type-page","status-publish","hentry"],"yoast_head":"<!-- This site is optimized with the Yoast SEO plugin v22.0 - https:\/\/yoast.com\/wordpress\/plugins\/seo\/ -->\n<title>Compl\u00e9ments alimentaires - Di\u00e9t\u00e9ticienne<\/title>\n<meta name=\"description\" content=\"B\u00e9n\u00e9ficierez d\u2019un accompagnement personnalis\u00e9 et d\u2019un suivi r\u00e9gulier pour optimiser les effets des compl\u00e9ments alimentaires sur votre sant\u00e9\" \/>\n<meta name=\"robots\" content=\"index, follow, max-snippet:-1, max-image-preview:large, max-video-preview:-1\" \/>\n<link rel=\"canonical\" href=\"https:\/\/xn--maeva-zambon-ditticienne-pfcb.fr\/index.php\/complements-alimentaires\/\" \/>\n<meta property=\"og:locale\" content=\"en_US\" \/>\n<meta property=\"og:type\" content=\"article\" \/>\n<meta property=\"og:title\" content=\"Compl\u00e9ments alimentaires - Di\u00e9t\u00e9ticienne\" \/>\n<meta property=\"og:description\" content=\"B\u00e9n\u00e9ficierez d\u2019un accompagnement personnalis\u00e9 et d\u2019un suivi r\u00e9gulier pour optimiser les effets des compl\u00e9ments alimentaires sur votre sant\u00e9\" \/>\n<meta property=\"og:url\" content=\"https:\/\/xn--maeva-zambon-ditticienne-pfcb.fr\/index.php\/complements-alimentaires\/\" \/>\n<meta property=\"og:site_name\" content=\"Di\u00e9t\u00e9ticienne\" \/>\n<meta property=\"article:modified_time\" content=\"2023-08-20T00:20:04+00:00\" \/>\n<meta property=\"og:image\" content=\"https:\/\/xn--maeva-zambon-ditticienne-pfcb.fr\/wp-content\/uploads\/2023\/08\/bienfaits-des-omega-3_1-jpg.webp\" \/>\n<meta name=\"twitter:card\" content=\"summary_large_image\" \/>\n<meta name=\"twitter:label1\" content=\"Est. reading time\" \/>\n\t<meta name=\"twitter:data1\" content=\"2 minutes\" \/>\n<script type=\"application\/ld+json\" class=\"yoast-schema-graph\">{\"@context\":\"https:\/\/schema.org\",\"@graph\":[{\"@type\":\"WebPage\",\"@id\":\"https:\/\/xn--maeva-zambon-ditticienne-pfcb.fr\/index.php\/complements-alimentaires\/\",\"url\":\"https:\/\/xn--maeva-zambon-ditticienne-pfcb.fr\/index.php\/complements-alimentaires\/\",\"name\":\"Compl\u00e9ments alimentaires - Di\u00e9t\u00e9ticienne\",\"isPartOf\":{\"@id\":\"https:\/\/xn--maeva-zambon-ditticienne-pfcb.fr\/#website\"},\"datePublished\":\"2023-08-11T15:42:45+00:00\",\"dateModified\":\"2023-08-20T00:20:04+00:00\",\"description\":\"B\u00e9n\u00e9ficierez d\u2019un accompagnement personnalis\u00e9 et d\u2019un suivi r\u00e9gulier pour optimiser les effets des compl\u00e9ments alimentaires sur votre sant\u00e9\",\"breadcrumb\":{\"@id\":\"https:\/\/xn--maeva-zambon-ditticienne-pfcb.fr\/index.php\/complements-alimentaires\/#breadcrumb\"},\"inLanguage\":\"en-US\",\"potentialAction\":[{\"@type\":\"ReadAction\",\"target\":[\"https:\/\/xn--maeva-zambon-ditticienne-pfcb.fr\/index.php\/complements-alimentaires\/\"]}]},{\"@type\":\"BreadcrumbList\",\"@id\":\"https:\/\/xn--maeva-zambon-ditticienne-pfcb.fr\/index.php\/complements-alimentaires\/#breadcrumb\",\"itemListElement\":[{\"@type\":\"ListItem\",\"position\":1,\"name\":\"Home\",\"item\":\"https:\/\/xn--maeva-zambon-ditticienne-pfcb.fr\/\"},{\"@type\":\"ListItem\",\"position\":2,\"name\":\"Compl\u00e9ments alimentaires\"}]},{\"@type\":\"WebSite\",\"@id\":\"https:\/\/xn--maeva-zambon-ditticienne-pfcb.fr\/#website\",\"url\":\"https:\/\/xn--maeva-zambon-ditticienne-pfcb.fr\/\",\"name\":\"Di\u00e9t\u00e9ticienne\",\"description\":\"Maeva Zambon Di\u00e9t\u00e9ticienne-Nutritionniste \",\"potentialAction\":[{\"@type\":\"SearchAction\",\"target\":{\"@type\":\"EntryPoint\",\"urlTemplate\":\"https:\/\/xn--maeva-zambon-ditticienne-pfcb.fr\/?s={search_term_string}\"},\"query-input\":\"required name=search_term_string\"}],\"inLanguage\":\"en-US\"}]}<\/script>\n<!-- \/ Yoast SEO plugin. -->","yoast_head_json":{"title":"Compl\u00e9ments alimentaires - Di\u00e9t\u00e9ticienne","description":"B\u00e9n\u00e9ficierez d\u2019un accompagnement personnalis\u00e9 et d\u2019un suivi r\u00e9gulier pour optimiser les effets des compl\u00e9ments alimentaires sur votre sant\u00e9","robots":{"index":"index","follow":"follow","max-snippet":"max-snippet:-1","max-image-preview":"max-image-preview:large","max-video-preview":"max-video-preview:-1"},"canonical":"https:\/\/xn--maeva-zambon-ditticienne-pfcb.fr\/index.php\/complements-alimentaires\/","og_locale":"en_US","og_type":"article","og_title":"Compl\u00e9ments alimentaires - Di\u00e9t\u00e9ticienne","og_description":"B\u00e9n\u00e9ficierez d\u2019un accompagnement personnalis\u00e9 et d\u2019un suivi r\u00e9gulier pour optimiser les effets des compl\u00e9ments alimentaires sur votre sant\u00e9","og_url":"https:\/\/xn--maeva-zambon-ditticienne-pfcb.fr\/index.php\/complements-alimentaires\/","og_site_name":"Di\u00e9t\u00e9ticienne","article_modified_time":"2023-08-20T00:20:04+00:00","og_image":[{"url":"https:\/\/xn--maeva-zambon-ditticienne-pfcb.fr\/wp-content\/uploads\/2023\/08\/bienfaits-des-omega-3_1-jpg.webp"}],"twitter_card":"summary_large_image","twitter_misc":{"Est. reading time":"2 minutes"},"schema":{"@context":"https:\/\/schema.org","@graph":[{"@type":"WebPage","@id":"https:\/\/xn--maeva-zambon-ditticienne-pfcb.fr\/index.php\/complements-alimentaires\/","url":"https:\/\/xn--maeva-zambon-ditticienne-pfcb.fr\/index.php\/complements-alimentaires\/","name":"Compl\u00e9ments alimentaires - Di\u00e9t\u00e9ticienne","isPartOf":{"@id":"https:\/\/xn--maeva-zambon-ditticienne-pfcb.fr\/#website"},"datePublished":"2023-08-11T15:42:45+00:00","dateModified":"2023-08-20T00:20:04+00:00","description":"B\u00e9n\u00e9ficierez d\u2019un accompagnement personnalis\u00e9 et d\u2019un suivi r\u00e9gulier pour optimiser les effets des compl\u00e9ments alimentaires sur votre sant\u00e9","breadcrumb":{"@id":"https:\/\/xn--maeva-zambon-ditticienne-pfcb.fr\/index.php\/complements-alimentaires\/#breadcrumb"},"inLanguage":"en-US","potentialAction":[{"@type":"ReadAction","target":["https:\/\/xn--maeva-zambon-ditticienne-pfcb.fr\/index.php\/complements-alimentaires\/"]}]},{"@type":"BreadcrumbList","@id":"https:\/\/xn--maeva-zambon-ditticienne-pfcb.fr\/index.php\/complements-alimentaires\/#breadcrumb","itemListElement":[{"@type":"ListItem","position":1,"name":"Home","item":"https:\/\/xn--maeva-zambon-ditticienne-pfcb.fr\/"},{"@type":"ListItem","position":2,"name":"Compl\u00e9ments alimentaires"}]},{"@type":"WebSite","@id":"https:\/\/xn--maeva-zambon-ditticienne-pfcb.fr\/#website","url":"https:\/\/xn--maeva-zambon-ditticienne-pfcb.fr\/","name":"Di\u00e9t\u00e9ticienne","description":"Maeva Zambon Di\u00e9t\u00e9ticienne-Nutritionniste ","potentialAction":[{"@type":"SearchAction","target":{"@type":"EntryPoint","urlTemplate":"https:\/\/xn--maeva-zambon-ditticienne-pfcb.fr\/?s={search_term_string}"},"query-input":"required name=search_term_string"}],"inLanguage":"en-US"}]}},"_links":{"self":[{"href":"https:\/\/xn--maeva-zambon-ditticienne-pfcb.fr\/index.php\/wp-json\/wp\/v2\/pages\/984","targetHints":{"allow":["GET"]}}],"collection":[{"href":"https:\/\/xn--maeva-zambon-ditticienne-pfcb.fr\/index.php\/wp-json\/wp\/v2\/pages"}],"about":[{"href":"https:\/\/xn--maeva-zambon-ditticienne-pfcb.fr\/index.php\/wp-json\/wp\/v2\/types\/page"}],"author":[{"embeddable":true,"href":"https:\/\/xn--maeva-zambon-ditticienne-pfcb.fr\/index.php\/wp-json\/wp\/v2\/users\/1"}],"replies":[{"embeddable":true,"href":"https:\/\/xn--maeva-zambon-ditticienne-pfcb.fr\/index.php\/wp-json\/wp\/v2\/comments?post=984"}],"version-history":[{"count":25,"href":"https:\/\/xn--maeva-zambon-ditticienne-pfcb.fr\/index.php\/wp-json\/wp\/v2\/pages\/984\/revisions"}],"predecessor-version":[{"id":1508,"href":"https:\/\/xn--maeva-zambon-ditticienne-pfcb.fr\/index.php\/wp-json\/wp\/v2\/pages\/984\/revisions\/1508"}],"wp:attachment":[{"href":"https:\/\/xn--maeva-zambon-ditticienne-pfcb.fr\/index.php\/wp-json\/wp\/v2\/media?parent=984"}],"curies":[{"name":"wp","href":"https:\/\/api.w.org\/{rel}","templated":true}]}}