{"id":823,"date":"2023-08-09T15:56:20","date_gmt":"2023-08-09T15:56:20","guid":{"rendered":"https:\/\/xn--maeva-zambon-ditticienne-pfcb.fr\/?page_id=823"},"modified":"2023-08-20T00:52:42","modified_gmt":"2023-08-20T00:52:42","slug":"cancer","status":"publish","type":"page","link":"https:\/\/xn--maeva-zambon-ditticienne-pfcb.fr\/index.php\/cancer\/","title":{"rendered":"Cancer"},"content":{"rendered":"\n<div style=\"height:100px\" aria-hidden=\"true\" class=\"wp-block-spacer\"><\/div>\n\n\n\n<figure class=\"wp-block-image size-full\"><img loading=\"lazy\" decoding=\"async\" width=\"525\" height=\"348\" src=\"https:\/\/i0.wp.com\/xn--maeva-zambon-ditticienne-pfcb.fr\/wp-content\/uploads\/2023\/08\/Cancers.png?resize=525%2C348&#038;ssl=1\" alt=\"\" class=\"wp-image-1524\" srcset=\"https:\/\/i0.wp.com\/xn--maeva-zambon-ditticienne-pfcb.fr\/wp-content\/uploads\/2023\/08\/Cancers.png?w=696&amp;ssl=1 696w, https:\/\/i0.wp.com\/xn--maeva-zambon-ditticienne-pfcb.fr\/wp-content\/uploads\/2023\/08\/Cancers.png?resize=300%2C199&amp;ssl=1 300w\" sizes=\"auto, (max-width: 525px) 100vw, 525px\" data-recalc-dims=\"1\" \/><\/figure>\n\n\n\n<div style=\"height:100px\" aria-hidden=\"true\" class=\"wp-block-spacer\"><\/div>\n\n\n\n<p>Vous \u00eates atteint(e) d\u2019un cancer, qu\u2019il soit du sein, du poumon, du c\u00f4lon ou d\u2019un autre organe ? Vous savez que cette maladie est due \u00e0 une multiplication anormale des cellules, qui peuvent former des tumeurs malignes et envahir les tissus sains. Cette maladie peut avoir des causes multiples, comme des facteurs g\u00e9n\u00e9tiques, environnementaux ou comportementaux.<\/p>\n\n\n\n<p>Mais saviez-vous que votre alimentation peut avoir une influence sur votre \u00e9tat de sant\u00e9 ? En effet, une nutrition adapt\u00e9e \u00e0 vos besoins peut vous aider \u00e0 :<\/p>\n\n\n\n<ul class=\"wp-block-list\">\n<li>Pr\u00e9venir ou r\u00e9duire les effets secondaires des traitements, comme la fatigue, les naus\u00e9es, la perte d\u2019app\u00e9tit ou la perte de poids<\/li>\n\n\n\n<li>Pr\u00e9venir ou r\u00e9duire le risque de r\u00e9cidive ou de m\u00e9tastases<\/li>\n\n\n\n<li>Pr\u00e9venir les carences et les d\u00e9s\u00e9quilibres nutritionnels<\/li>\n\n\n\n<li>Renforcer votre immunit\u00e9 et votre r\u00e9sistance aux infections<\/li>\n\n\n\n<li>Am\u00e9liorer votre qualit\u00e9 de vie et votre esp\u00e9rance de vie<\/li>\n<\/ul>\n\n\n\n<p>Mais comment savoir ce que vous devez manger, en quelle quantit\u00e9 et \u00e0 quelle fr\u00e9quence ? Comment choisir les aliments qui vont soutenir votre organisme et \u00e9viter ceux qui vont favoriser le d\u00e9veloppement des cellules canc\u00e9reuses ? Comment composer des menus \u00e9quilibr\u00e9s et gourmands, sans vous priver ni vous frustrer ?<\/p>\n\n\n\n<p>Je  peut vous conseille sur les aliments \u00e0 privil\u00e9gier, \u00e0 limiter ou \u00e0 \u00e9viter, en tenant compte de votre cancer et de vos traitements. Je vous aide \u00e0 \u00e9laborer des menus adapt\u00e9s et savoureux, en vous donnant des astuces pratiques et des recettes simples et d\u00e9licieuses. Je vous accompagne tout au long de votre parcours, en r\u00e9pondant \u00e0 vos questions et en vous soutenant dans cette d\u00e9marche de pr\u00e9vention sant\u00e9.<\/p>\n\n\n\n<p><\/p>\n\n\n\n<p><\/p>\n","protected":false},"excerpt":{"rendered":"<p>Vous \u00eates atteint(e) d\u2019un cancer, qu\u2019il soit du sein, du poumon, du c\u00f4lon ou d\u2019un autre organe ? Vous savez que cette maladie est due \u00e0 une multiplication anormale des cellules, qui peuvent former des tumeurs malignes et envahir les tissus sains. Cette maladie peut avoir des causes multiples, comme des facteurs g\u00e9n\u00e9tiques, environnementaux ou &hellip; <\/p>\n<p class=\"link-more\"><a href=\"https:\/\/xn--maeva-zambon-ditticienne-pfcb.fr\/index.php\/cancer\/\" class=\"more-link\">Continue reading<span class=\"screen-reader-text\"> &#8220;Cancer&#8221;<\/span><\/a><\/p>\n","protected":false},"author":1,"featured_media":0,"parent":0,"menu_order":0,"comment_status":"closed","ping_status":"closed","template":"","meta":{"footnotes":""},"class_list":["post-823","page","type-page","status-publish","hentry"],"yoast_head":"<!-- This site is optimized with the Yoast SEO plugin v22.0 - https:\/\/yoast.com\/wordpress\/plugins\/seo\/ -->\n<title>Cancer - Di\u00e9t\u00e9ticienne<\/title>\n<meta name=\"description\" content=\"Cancer : Vous \u00eates atteint(e) d\u2019un cancer, qu\u2019il soit du sein, du poumon, du c\u00f4lon ou d\u2019un autre organe ?\" \/>\n<meta name=\"robots\" content=\"index, follow, max-snippet:-1, max-image-preview:large, max-video-preview:-1\" \/>\n<link rel=\"canonical\" href=\"https:\/\/xn--maeva-zambon-ditticienne-pfcb.fr\/index.php\/cancer\/\" \/>\n<meta property=\"og:locale\" content=\"en_US\" \/>\n<meta property=\"og:type\" content=\"article\" \/>\n<meta property=\"og:title\" content=\"Cancer - Di\u00e9t\u00e9ticienne\" \/>\n<meta property=\"og:description\" content=\"Cancer : Vous \u00eates atteint(e) d\u2019un cancer, qu\u2019il soit du sein, du poumon, du c\u00f4lon ou d\u2019un autre organe ?\" \/>\n<meta property=\"og:url\" content=\"https:\/\/xn--maeva-zambon-ditticienne-pfcb.fr\/index.php\/cancer\/\" \/>\n<meta property=\"og:site_name\" content=\"Di\u00e9t\u00e9ticienne\" \/>\n<meta property=\"article:modified_time\" content=\"2023-08-20T00:52:42+00:00\" \/>\n<meta property=\"og:image\" content=\"https:\/\/xn--maeva-zambon-ditticienne-pfcb.fr\/wp-content\/uploads\/2023\/08\/Cancers.png\" \/>\n<meta name=\"twitter:card\" content=\"summary_large_image\" \/>\n<meta name=\"twitter:label1\" content=\"Est. reading time\" \/>\n\t<meta name=\"twitter:data1\" content=\"2 minutes\" \/>\n<script type=\"application\/ld+json\" class=\"yoast-schema-graph\">{\"@context\":\"https:\/\/schema.org\",\"@graph\":[{\"@type\":\"WebPage\",\"@id\":\"https:\/\/xn--maeva-zambon-ditticienne-pfcb.fr\/index.php\/cancer\/\",\"url\":\"https:\/\/xn--maeva-zambon-ditticienne-pfcb.fr\/index.php\/cancer\/\",\"name\":\"Cancer - Di\u00e9t\u00e9ticienne\",\"isPartOf\":{\"@id\":\"https:\/\/xn--maeva-zambon-ditticienne-pfcb.fr\/#website\"},\"datePublished\":\"2023-08-09T15:56:20+00:00\",\"dateModified\":\"2023-08-20T00:52:42+00:00\",\"description\":\"Cancer : Vous \u00eates atteint(e) d\u2019un cancer, qu\u2019il soit du sein, du poumon, du c\u00f4lon ou d\u2019un autre organe ?\",\"breadcrumb\":{\"@id\":\"https:\/\/xn--maeva-zambon-ditticienne-pfcb.fr\/index.php\/cancer\/#breadcrumb\"},\"inLanguage\":\"en-US\",\"potentialAction\":[{\"@type\":\"ReadAction\",\"target\":[\"https:\/\/xn--maeva-zambon-ditticienne-pfcb.fr\/index.php\/cancer\/\"]}]},{\"@type\":\"BreadcrumbList\",\"@id\":\"https:\/\/xn--maeva-zambon-ditticienne-pfcb.fr\/index.php\/cancer\/#breadcrumb\",\"itemListElement\":[{\"@type\":\"ListItem\",\"position\":1,\"name\":\"Home\",\"item\":\"https:\/\/xn--maeva-zambon-ditticienne-pfcb.fr\/\"},{\"@type\":\"ListItem\",\"position\":2,\"name\":\"Cancer\"}]},{\"@type\":\"WebSite\",\"@id\":\"https:\/\/xn--maeva-zambon-ditticienne-pfcb.fr\/#website\",\"url\":\"https:\/\/xn--maeva-zambon-ditticienne-pfcb.fr\/\",\"name\":\"Di\u00e9t\u00e9ticienne\",\"description\":\"Maeva Zambon Di\u00e9t\u00e9ticienne-Nutritionniste \",\"potentialAction\":[{\"@type\":\"SearchAction\",\"target\":{\"@type\":\"EntryPoint\",\"urlTemplate\":\"https:\/\/xn--maeva-zambon-ditticienne-pfcb.fr\/?s={search_term_string}\"},\"query-input\":\"required name=search_term_string\"}],\"inLanguage\":\"en-US\"}]}<\/script>\n<!-- \/ Yoast SEO plugin. -->","yoast_head_json":{"title":"Cancer - Di\u00e9t\u00e9ticienne","description":"Cancer : Vous \u00eates atteint(e) d\u2019un cancer, qu\u2019il soit du sein, du poumon, du c\u00f4lon ou d\u2019un autre organe ?","robots":{"index":"index","follow":"follow","max-snippet":"max-snippet:-1","max-image-preview":"max-image-preview:large","max-video-preview":"max-video-preview:-1"},"canonical":"https:\/\/xn--maeva-zambon-ditticienne-pfcb.fr\/index.php\/cancer\/","og_locale":"en_US","og_type":"article","og_title":"Cancer - Di\u00e9t\u00e9ticienne","og_description":"Cancer : Vous \u00eates atteint(e) d\u2019un cancer, qu\u2019il soit du sein, du poumon, du c\u00f4lon ou d\u2019un autre organe ?","og_url":"https:\/\/xn--maeva-zambon-ditticienne-pfcb.fr\/index.php\/cancer\/","og_site_name":"Di\u00e9t\u00e9ticienne","article_modified_time":"2023-08-20T00:52:42+00:00","og_image":[{"url":"https:\/\/xn--maeva-zambon-ditticienne-pfcb.fr\/wp-content\/uploads\/2023\/08\/Cancers.png"}],"twitter_card":"summary_large_image","twitter_misc":{"Est. reading time":"2 minutes"},"schema":{"@context":"https:\/\/schema.org","@graph":[{"@type":"WebPage","@id":"https:\/\/xn--maeva-zambon-ditticienne-pfcb.fr\/index.php\/cancer\/","url":"https:\/\/xn--maeva-zambon-ditticienne-pfcb.fr\/index.php\/cancer\/","name":"Cancer - Di\u00e9t\u00e9ticienne","isPartOf":{"@id":"https:\/\/xn--maeva-zambon-ditticienne-pfcb.fr\/#website"},"datePublished":"2023-08-09T15:56:20+00:00","dateModified":"2023-08-20T00:52:42+00:00","description":"Cancer : Vous \u00eates atteint(e) d\u2019un cancer, qu\u2019il soit du sein, du poumon, du c\u00f4lon ou d\u2019un autre organe ?","breadcrumb":{"@id":"https:\/\/xn--maeva-zambon-ditticienne-pfcb.fr\/index.php\/cancer\/#breadcrumb"},"inLanguage":"en-US","potentialAction":[{"@type":"ReadAction","target":["https:\/\/xn--maeva-zambon-ditticienne-pfcb.fr\/index.php\/cancer\/"]}]},{"@type":"BreadcrumbList","@id":"https:\/\/xn--maeva-zambon-ditticienne-pfcb.fr\/index.php\/cancer\/#breadcrumb","itemListElement":[{"@type":"ListItem","position":1,"name":"Home","item":"https:\/\/xn--maeva-zambon-ditticienne-pfcb.fr\/"},{"@type":"ListItem","position":2,"name":"Cancer"}]},{"@type":"WebSite","@id":"https:\/\/xn--maeva-zambon-ditticienne-pfcb.fr\/#website","url":"https:\/\/xn--maeva-zambon-ditticienne-pfcb.fr\/","name":"Di\u00e9t\u00e9ticienne","description":"Maeva Zambon Di\u00e9t\u00e9ticienne-Nutritionniste ","potentialAction":[{"@type":"SearchAction","target":{"@type":"EntryPoint","urlTemplate":"https:\/\/xn--maeva-zambon-ditticienne-pfcb.fr\/?s={search_term_string}"},"query-input":"required name=search_term_string"}],"inLanguage":"en-US"}]}},"_links":{"self":[{"href":"https:\/\/xn--maeva-zambon-ditticienne-pfcb.fr\/index.php\/wp-json\/wp\/v2\/pages\/823","targetHints":{"allow":["GET"]}}],"collection":[{"href":"https:\/\/xn--maeva-zambon-ditticienne-pfcb.fr\/index.php\/wp-json\/wp\/v2\/pages"}],"about":[{"href":"https:\/\/xn--maeva-zambon-ditticienne-pfcb.fr\/index.php\/wp-json\/wp\/v2\/types\/page"}],"author":[{"embeddable":true,"href":"https:\/\/xn--maeva-zambon-ditticienne-pfcb.fr\/index.php\/wp-json\/wp\/v2\/users\/1"}],"replies":[{"embeddable":true,"href":"https:\/\/xn--maeva-zambon-ditticienne-pfcb.fr\/index.php\/wp-json\/wp\/v2\/comments?post=823"}],"version-history":[{"count":6,"href":"https:\/\/xn--maeva-zambon-ditticienne-pfcb.fr\/index.php\/wp-json\/wp\/v2\/pages\/823\/revisions"}],"predecessor-version":[{"id":1525,"href":"https:\/\/xn--maeva-zambon-ditticienne-pfcb.fr\/index.php\/wp-json\/wp\/v2\/pages\/823\/revisions\/1525"}],"wp:attachment":[{"href":"https:\/\/xn--maeva-zambon-ditticienne-pfcb.fr\/index.php\/wp-json\/wp\/v2\/media?parent=823"}],"curies":[{"name":"wp","href":"https:\/\/api.w.org\/{rel}","templated":true}]}}