{"id":821,"date":"2023-08-09T15:56:05","date_gmt":"2023-08-09T15:56:05","guid":{"rendered":"https:\/\/xn--maeva-zambon-ditticienne-pfcb.fr\/?page_id=821"},"modified":"2023-08-20T00:51:02","modified_gmt":"2023-08-20T00:51:02","slug":"diabete","status":"publish","type":"page","link":"https:\/\/xn--maeva-zambon-ditticienne-pfcb.fr\/index.php\/diabete\/","title":{"rendered":"Diab\u00e8te"},"content":{"rendered":"\n<p><\/p>\n\n\n\n<div style=\"height:100px\" aria-hidden=\"true\" class=\"wp-block-spacer\"><\/div>\n\n\n\n<figure class=\"wp-block-image size-full\"><img loading=\"lazy\" decoding=\"async\" width=\"525\" height=\"282\" src=\"https:\/\/i0.wp.com\/xn--maeva-zambon-ditticienne-pfcb.fr\/wp-content\/uploads\/2023\/08\/diabetes.webp?resize=525%2C282&#038;ssl=1\" alt=\"\" class=\"wp-image-1522\" srcset=\"https:\/\/i0.wp.com\/xn--maeva-zambon-ditticienne-pfcb.fr\/wp-content\/uploads\/2023\/08\/diabetes.webp?w=600&amp;ssl=1 600w, https:\/\/i0.wp.com\/xn--maeva-zambon-ditticienne-pfcb.fr\/wp-content\/uploads\/2023\/08\/diabetes.webp?resize=300%2C161&amp;ssl=1 300w\" sizes=\"auto, (max-width: 525px) 100vw, 525px\" data-recalc-dims=\"1\" \/><\/figure>\n\n\n\n<div style=\"height:100px\" aria-hidden=\"true\" class=\"wp-block-spacer\"><\/div>\n\n\n\n<p>Vous souffrez de diab\u00e8te, qu\u2019il soit de type 1 ou de type 2 ? Vous savez que cette maladie est due \u00e0 un exc\u00e8s de sucre dans le sang, qui peut provoquer des complications graves. Ces complications peuvent toucher les yeux, les reins, les nerfs, le c\u0153ur ou les vaisseaux sanguins. Le diab\u00e8te peut \u00eatre li\u00e9 \u00e0 des facteurs g\u00e9n\u00e9tiques, environnementaux ou comportementaux.<\/p>\n\n\n\n<p>Mais saviez-vous que votre alimentation peut avoir une influence sur votre \u00e9tat de sant\u00e9 ? En effet, une nutrition adapt\u00e9e \u00e0 vos besoins peut vous aider \u00e0 :<\/p>\n\n\n\n<ul class=\"wp-block-list\">\n<li>Contr\u00f4ler votre glyc\u00e9mie et \u00e9viter les hypoglyc\u00e9mies ou les hyperglyc\u00e9mies<\/li>\n\n\n\n<li>Pr\u00e9venir ou r\u00e9duire les facteurs de risque associ\u00e9s au diab\u00e8te, comme le surpoids, l\u2019hypertension ou le cholest\u00e9rol<\/li>\n\n\n\n<li>Pr\u00e9venir les complications li\u00e9es \u00e0 votre maladie, comme la r\u00e9tinopathie, la n\u00e9phropathie ou la neuropathie<\/li>\n\n\n\n<li>Am\u00e9liorer votre qualit\u00e9 de vie et votre esp\u00e9rance de vie<\/li>\n\n\n\n<li>Renforcer votre immunit\u00e9 et votre vitalit\u00e9<\/li>\n<\/ul>\n\n\n\n<p>Mais comment savoir ce que vous devez manger, en quelle quantit\u00e9 et \u00e0 quelle fr\u00e9quence ? Comment choisir les aliments qui vont r\u00e9guler votre glyc\u00e9mie et \u00e9viter ceux qui vont la d\u00e9s\u00e9quilibrer ? Comment composer des menus \u00e9quilibr\u00e9s et gourmands, sans vous priver ni vous frustrer ?<\/p>\n\n\n\n<p><\/p>\n\n\n\n<div class=\"wp-block-buttons is-layout-flex wp-block-buttons-is-layout-flex\">\n<div class=\"wp-block-button aligncenter\"><a class=\"wp-block-button__link wp-element-button\" href=\"https:\/\/xn--maeva-zambon-ditticienne-pfcb.fr\/index.php\/deroulement-des-consultations\/\">D\u00e9roulement des consultations et tarifs<\/a><\/div>\n<\/div>\n\n\n\n<p><\/p>\n","protected":false},"excerpt":{"rendered":"<p>Vous souffrez de diab\u00e8te, qu\u2019il soit de type 1 ou de type 2 ? Vous savez que cette maladie est due \u00e0 un exc\u00e8s de sucre dans le sang, qui peut provoquer des complications graves. Ces complications peuvent toucher les yeux, les reins, les nerfs, le c\u0153ur ou les vaisseaux sanguins. Le diab\u00e8te peut \u00eatre &hellip; <\/p>\n<p class=\"link-more\"><a href=\"https:\/\/xn--maeva-zambon-ditticienne-pfcb.fr\/index.php\/diabete\/\" class=\"more-link\">Continue reading<span class=\"screen-reader-text\"> &#8220;Diab\u00e8te&#8221;<\/span><\/a><\/p>\n","protected":false},"author":1,"featured_media":0,"parent":0,"menu_order":0,"comment_status":"closed","ping_status":"closed","template":"","meta":{"footnotes":""},"class_list":["post-821","page","type-page","status-publish","hentry"],"yoast_head":"<!-- This site is optimized with the Yoast SEO plugin v22.0 - https:\/\/yoast.com\/wordpress\/plugins\/seo\/ -->\n<title>Diab\u00e8te - Di\u00e9t\u00e9ticienne<\/title>\n<meta name=\"description\" content=\"Diab\u00e8te : Saviez-vous que votre alimentation peut avoir une influence sur votre \u00e9tat de sant\u00e9 ?\" \/>\n<meta name=\"robots\" content=\"index, follow, max-snippet:-1, max-image-preview:large, max-video-preview:-1\" \/>\n<link rel=\"canonical\" href=\"https:\/\/xn--maeva-zambon-ditticienne-pfcb.fr\/index.php\/diabete\/\" \/>\n<meta property=\"og:locale\" content=\"en_US\" \/>\n<meta property=\"og:type\" content=\"article\" \/>\n<meta property=\"og:title\" content=\"Diab\u00e8te - Di\u00e9t\u00e9ticienne\" \/>\n<meta property=\"og:description\" content=\"Diab\u00e8te : Saviez-vous que votre alimentation peut avoir une influence sur votre \u00e9tat de sant\u00e9 ?\" \/>\n<meta property=\"og:url\" content=\"https:\/\/xn--maeva-zambon-ditticienne-pfcb.fr\/index.php\/diabete\/\" \/>\n<meta property=\"og:site_name\" content=\"Di\u00e9t\u00e9ticienne\" \/>\n<meta property=\"article:modified_time\" content=\"2023-08-20T00:51:02+00:00\" \/>\n<meta property=\"og:image\" content=\"https:\/\/xn--maeva-zambon-ditticienne-pfcb.fr\/wp-content\/uploads\/2023\/08\/diabetes.webp\" \/>\n<meta name=\"twitter:card\" content=\"summary_large_image\" \/>\n<meta name=\"twitter:label1\" content=\"Est. reading time\" \/>\n\t<meta name=\"twitter:data1\" content=\"2 minutes\" \/>\n<script type=\"application\/ld+json\" class=\"yoast-schema-graph\">{\"@context\":\"https:\/\/schema.org\",\"@graph\":[{\"@type\":\"WebPage\",\"@id\":\"https:\/\/xn--maeva-zambon-ditticienne-pfcb.fr\/index.php\/diabete\/\",\"url\":\"https:\/\/xn--maeva-zambon-ditticienne-pfcb.fr\/index.php\/diabete\/\",\"name\":\"Diab\u00e8te - Di\u00e9t\u00e9ticienne\",\"isPartOf\":{\"@id\":\"https:\/\/xn--maeva-zambon-ditticienne-pfcb.fr\/#website\"},\"datePublished\":\"2023-08-09T15:56:05+00:00\",\"dateModified\":\"2023-08-20T00:51:02+00:00\",\"description\":\"Diab\u00e8te : Saviez-vous que votre alimentation peut avoir une influence sur votre \u00e9tat de sant\u00e9 ?\",\"breadcrumb\":{\"@id\":\"https:\/\/xn--maeva-zambon-ditticienne-pfcb.fr\/index.php\/diabete\/#breadcrumb\"},\"inLanguage\":\"en-US\",\"potentialAction\":[{\"@type\":\"ReadAction\",\"target\":[\"https:\/\/xn--maeva-zambon-ditticienne-pfcb.fr\/index.php\/diabete\/\"]}]},{\"@type\":\"BreadcrumbList\",\"@id\":\"https:\/\/xn--maeva-zambon-ditticienne-pfcb.fr\/index.php\/diabete\/#breadcrumb\",\"itemListElement\":[{\"@type\":\"ListItem\",\"position\":1,\"name\":\"Home\",\"item\":\"https:\/\/xn--maeva-zambon-ditticienne-pfcb.fr\/\"},{\"@type\":\"ListItem\",\"position\":2,\"name\":\"Diab\u00e8te\"}]},{\"@type\":\"WebSite\",\"@id\":\"https:\/\/xn--maeva-zambon-ditticienne-pfcb.fr\/#website\",\"url\":\"https:\/\/xn--maeva-zambon-ditticienne-pfcb.fr\/\",\"name\":\"Di\u00e9t\u00e9ticienne\",\"description\":\"Maeva Zambon Di\u00e9t\u00e9ticienne-Nutritionniste \",\"potentialAction\":[{\"@type\":\"SearchAction\",\"target\":{\"@type\":\"EntryPoint\",\"urlTemplate\":\"https:\/\/xn--maeva-zambon-ditticienne-pfcb.fr\/?s={search_term_string}\"},\"query-input\":\"required name=search_term_string\"}],\"inLanguage\":\"en-US\"}]}<\/script>\n<!-- \/ Yoast SEO plugin. -->","yoast_head_json":{"title":"Diab\u00e8te - Di\u00e9t\u00e9ticienne","description":"Diab\u00e8te : Saviez-vous que votre alimentation peut avoir une influence sur votre \u00e9tat de sant\u00e9 ?","robots":{"index":"index","follow":"follow","max-snippet":"max-snippet:-1","max-image-preview":"max-image-preview:large","max-video-preview":"max-video-preview:-1"},"canonical":"https:\/\/xn--maeva-zambon-ditticienne-pfcb.fr\/index.php\/diabete\/","og_locale":"en_US","og_type":"article","og_title":"Diab\u00e8te - Di\u00e9t\u00e9ticienne","og_description":"Diab\u00e8te : Saviez-vous que votre alimentation peut avoir une influence sur votre \u00e9tat de sant\u00e9 ?","og_url":"https:\/\/xn--maeva-zambon-ditticienne-pfcb.fr\/index.php\/diabete\/","og_site_name":"Di\u00e9t\u00e9ticienne","article_modified_time":"2023-08-20T00:51:02+00:00","og_image":[{"url":"https:\/\/xn--maeva-zambon-ditticienne-pfcb.fr\/wp-content\/uploads\/2023\/08\/diabetes.webp"}],"twitter_card":"summary_large_image","twitter_misc":{"Est. reading time":"2 minutes"},"schema":{"@context":"https:\/\/schema.org","@graph":[{"@type":"WebPage","@id":"https:\/\/xn--maeva-zambon-ditticienne-pfcb.fr\/index.php\/diabete\/","url":"https:\/\/xn--maeva-zambon-ditticienne-pfcb.fr\/index.php\/diabete\/","name":"Diab\u00e8te - Di\u00e9t\u00e9ticienne","isPartOf":{"@id":"https:\/\/xn--maeva-zambon-ditticienne-pfcb.fr\/#website"},"datePublished":"2023-08-09T15:56:05+00:00","dateModified":"2023-08-20T00:51:02+00:00","description":"Diab\u00e8te : Saviez-vous que votre alimentation peut avoir une influence sur votre \u00e9tat de sant\u00e9 ?","breadcrumb":{"@id":"https:\/\/xn--maeva-zambon-ditticienne-pfcb.fr\/index.php\/diabete\/#breadcrumb"},"inLanguage":"en-US","potentialAction":[{"@type":"ReadAction","target":["https:\/\/xn--maeva-zambon-ditticienne-pfcb.fr\/index.php\/diabete\/"]}]},{"@type":"BreadcrumbList","@id":"https:\/\/xn--maeva-zambon-ditticienne-pfcb.fr\/index.php\/diabete\/#breadcrumb","itemListElement":[{"@type":"ListItem","position":1,"name":"Home","item":"https:\/\/xn--maeva-zambon-ditticienne-pfcb.fr\/"},{"@type":"ListItem","position":2,"name":"Diab\u00e8te"}]},{"@type":"WebSite","@id":"https:\/\/xn--maeva-zambon-ditticienne-pfcb.fr\/#website","url":"https:\/\/xn--maeva-zambon-ditticienne-pfcb.fr\/","name":"Di\u00e9t\u00e9ticienne","description":"Maeva Zambon Di\u00e9t\u00e9ticienne-Nutritionniste ","potentialAction":[{"@type":"SearchAction","target":{"@type":"EntryPoint","urlTemplate":"https:\/\/xn--maeva-zambon-ditticienne-pfcb.fr\/?s={search_term_string}"},"query-input":"required name=search_term_string"}],"inLanguage":"en-US"}]}},"_links":{"self":[{"href":"https:\/\/xn--maeva-zambon-ditticienne-pfcb.fr\/index.php\/wp-json\/wp\/v2\/pages\/821","targetHints":{"allow":["GET"]}}],"collection":[{"href":"https:\/\/xn--maeva-zambon-ditticienne-pfcb.fr\/index.php\/wp-json\/wp\/v2\/pages"}],"about":[{"href":"https:\/\/xn--maeva-zambon-ditticienne-pfcb.fr\/index.php\/wp-json\/wp\/v2\/types\/page"}],"author":[{"embeddable":true,"href":"https:\/\/xn--maeva-zambon-ditticienne-pfcb.fr\/index.php\/wp-json\/wp\/v2\/users\/1"}],"replies":[{"embeddable":true,"href":"https:\/\/xn--maeva-zambon-ditticienne-pfcb.fr\/index.php\/wp-json\/wp\/v2\/comments?post=821"}],"version-history":[{"count":6,"href":"https:\/\/xn--maeva-zambon-ditticienne-pfcb.fr\/index.php\/wp-json\/wp\/v2\/pages\/821\/revisions"}],"predecessor-version":[{"id":1523,"href":"https:\/\/xn--maeva-zambon-ditticienne-pfcb.fr\/index.php\/wp-json\/wp\/v2\/pages\/821\/revisions\/1523"}],"wp:attachment":[{"href":"https:\/\/xn--maeva-zambon-ditticienne-pfcb.fr\/index.php\/wp-json\/wp\/v2\/media?parent=821"}],"curies":[{"name":"wp","href":"https:\/\/api.w.org\/{rel}","templated":true}]}}