{"id":819,"date":"2023-08-09T15:55:48","date_gmt":"2023-08-09T15:55:48","guid":{"rendered":"https:\/\/xn--maeva-zambon-ditticienne-pfcb.fr\/?page_id=819"},"modified":"2023-08-20T00:50:07","modified_gmt":"2023-08-20T00:50:07","slug":"maladies-cardiovasculaires","status":"publish","type":"page","link":"https:\/\/xn--maeva-zambon-ditticienne-pfcb.fr\/index.php\/maladies-cardiovasculaires\/","title":{"rendered":"Maladies Cardiovasculaires"},"content":{"rendered":"\n<div style=\"height:100px\" aria-hidden=\"true\" class=\"wp-block-spacer\"><\/div>\n\n\n\n<figure class=\"wp-block-image size-full\"><img loading=\"lazy\" decoding=\"async\" width=\"525\" height=\"350\" src=\"https:\/\/i0.wp.com\/xn--maeva-zambon-ditticienne-pfcb.fr\/wp-content\/uploads\/2023\/08\/87600-518-baisser-sa-tension-jpg.webp?resize=525%2C350&#038;ssl=1\" alt=\"\" class=\"wp-image-1520\" srcset=\"https:\/\/i0.wp.com\/xn--maeva-zambon-ditticienne-pfcb.fr\/wp-content\/uploads\/2023\/08\/87600-518-baisser-sa-tension-jpg.webp?w=612&amp;ssl=1 612w, https:\/\/i0.wp.com\/xn--maeva-zambon-ditticienne-pfcb.fr\/wp-content\/uploads\/2023\/08\/87600-518-baisser-sa-tension-jpg.webp?resize=300%2C200&amp;ssl=1 300w\" sizes=\"auto, (max-width: 525px) 100vw, 525px\" data-recalc-dims=\"1\" \/><figcaption class=\"wp-element-caption\">Healthy food for heart care: overhead view of healthy food rich in Omega-3 and antioxidants and a blood pressure monitor, tape measure and stethoscope shot on wooden table. The composition includes a salmon fillet, sardines, avocado, extra virgin olive oil, brown lentils, celery, artichoke blueberries, celery, carrots, brown lentils, asparagus, artichoke, broccoli, flax seeds, chia seeds and some nuts like almonds, pistachio and pecan. High resolution 42Mp studio digital capture taken with SONY A7rII and Zeiss Batis 40mm F2.0 CF lens<\/figcaption><\/figure>\n\n\n\n<p><\/p>\n\n\n\n<p><\/p>\n\n\n\n<p>Vous souffrez d\u2019une maladie cardiovasculaire, comme l\u2019hypertension, l\u2019angine de poitrine, l\u2019infarctus du myocarde ? Vous savez que ces maladies sont dues \u00e0 un r\u00e9tr\u00e9cissement ou \u00e0 une obstruction des art\u00e8res, qui emp\u00eache le sang de circuler correctement et peut provoquer des complications graves. Ces maladies sont souvent li\u00e9es \u00e0 des facteurs de risque, comme le tabagisme, le stress, le surpoids, le diab\u00e8te ou le cholest\u00e9rol.<\/p>\n\n\n\n<p>Mais saviez-vous que votre alimentation peut avoir une influence sur votre \u00e9tat de sant\u00e9 ? En effet, une nutrition adapt\u00e9e \u00e0 vos besoins peut vous aider \u00e0 :<\/p>\n\n\n\n<ul class=\"wp-block-list\">\n<li>Pr\u00e9venir ou r\u00e9duire les facteurs de risque cardiovasculaire<\/li>\n\n\n\n<li>Prot\u00e9ger vos art\u00e8res et votre c\u0153ur<\/li>\n\n\n\n<li>Pr\u00e9venir les complications li\u00e9es \u00e0 votre maladie, comme l\u2019insuffisance cardiaque, l\u2019arythmie ou la d\u00e9mence vasculaire<\/li>\n\n\n\n<li>Am\u00e9liorer votre qualit\u00e9 de vie et votre esp\u00e9rance de vie<\/li>\n\n\n\n<li>Renforcer votre immunit\u00e9 et votre vitalit\u00e9<\/li>\n<\/ul>\n\n\n\n<p>Mais comment savoir ce que vous devez manger, en quelle quantit\u00e9 et \u00e0 quelle fr\u00e9quence ? Comment choisir les aliments qui vont favoriser votre sant\u00e9 cardiovasculaire et \u00e9viter ceux qui vont la compromettre ? Comment composer des menus \u00e9quilibr\u00e9s et gourmands, sans vous priver ni vous frustrer ?<\/p>\n\n\n\n<p>C\u2019est l\u00e0 que je peux vous aider ! En tant que professionnel de la nutrition, je vous propose un suivi personnalis\u00e9 et adapt\u00e9 \u00e0 votre profil, \u00e0 vos besoins et \u00e0 vos go\u00fbts. Je vous conseille sur les aliments \u00e0 privil\u00e9gier, \u00e0 limiter ou \u00e0 \u00e9viter, en tenant compte de votre maladie et de vos traitements. Je vous aide \u00e0 \u00e9laborer des menus protecteurs et savoureux, en vous donnant des astuces pratiques et des recettes simples et d\u00e9licieuses. Je vous accompagne tout au long de votre parcours, en r\u00e9pondant \u00e0 vos questions et en vous soutenant dans cette d\u00e9marche de pr\u00e9vention sant\u00e9.<\/p>\n","protected":false},"excerpt":{"rendered":"<p>Vous souffrez d\u2019une maladie cardiovasculaire, comme l\u2019hypertension, l\u2019angine de poitrine, l\u2019infarctus du myocarde ? Vous savez que ces maladies sont dues \u00e0 un r\u00e9tr\u00e9cissement ou \u00e0 une obstruction des art\u00e8res, qui emp\u00eache le sang de circuler correctement et peut provoquer des complications graves. Ces maladies sont souvent li\u00e9es \u00e0 des facteurs de risque, comme le &hellip; <\/p>\n<p class=\"link-more\"><a href=\"https:\/\/xn--maeva-zambon-ditticienne-pfcb.fr\/index.php\/maladies-cardiovasculaires\/\" class=\"more-link\">Continue reading<span class=\"screen-reader-text\"> &#8220;Maladies Cardiovasculaires&#8221;<\/span><\/a><\/p>\n","protected":false},"author":1,"featured_media":0,"parent":0,"menu_order":0,"comment_status":"closed","ping_status":"closed","template":"","meta":{"footnotes":""},"class_list":["post-819","page","type-page","status-publish","hentry"],"yoast_head":"<!-- This site is optimized with the Yoast SEO plugin v22.0 - https:\/\/yoast.com\/wordpress\/plugins\/seo\/ -->\n<title>Maladies Cardiovasculaires - Di\u00e9t\u00e9ticienne<\/title>\n<meta name=\"description\" content=\"Maladies Cardiovasculaires, vous souffrez d\u2019une maladie cardiovasculaire comme l\u2019hypertension, l\u2019angine de poitrine, l\u2019infarctus du myocarde ?\" \/>\n<meta name=\"robots\" content=\"index, follow, max-snippet:-1, max-image-preview:large, max-video-preview:-1\" \/>\n<link rel=\"canonical\" href=\"https:\/\/xn--maeva-zambon-ditticienne-pfcb.fr\/index.php\/maladies-cardiovasculaires\/\" \/>\n<meta property=\"og:locale\" content=\"en_US\" \/>\n<meta property=\"og:type\" content=\"article\" \/>\n<meta property=\"og:title\" content=\"Maladies Cardiovasculaires - Di\u00e9t\u00e9ticienne\" \/>\n<meta property=\"og:description\" content=\"Maladies Cardiovasculaires, vous souffrez d\u2019une maladie cardiovasculaire comme l\u2019hypertension, l\u2019angine de poitrine, l\u2019infarctus du myocarde ?\" \/>\n<meta property=\"og:url\" content=\"https:\/\/xn--maeva-zambon-ditticienne-pfcb.fr\/index.php\/maladies-cardiovasculaires\/\" \/>\n<meta property=\"og:site_name\" content=\"Di\u00e9t\u00e9ticienne\" \/>\n<meta property=\"article:modified_time\" content=\"2023-08-20T00:50:07+00:00\" \/>\n<meta property=\"og:image\" content=\"https:\/\/xn--maeva-zambon-ditticienne-pfcb.fr\/wp-content\/uploads\/2023\/08\/87600-518-baisser-sa-tension-jpg.webp\" \/>\n<meta name=\"twitter:card\" content=\"summary_large_image\" \/>\n<meta name=\"twitter:label1\" content=\"Est. reading time\" \/>\n\t<meta name=\"twitter:data1\" content=\"2 minutes\" \/>\n<script type=\"application\/ld+json\" class=\"yoast-schema-graph\">{\"@context\":\"https:\/\/schema.org\",\"@graph\":[{\"@type\":\"WebPage\",\"@id\":\"https:\/\/xn--maeva-zambon-ditticienne-pfcb.fr\/index.php\/maladies-cardiovasculaires\/\",\"url\":\"https:\/\/xn--maeva-zambon-ditticienne-pfcb.fr\/index.php\/maladies-cardiovasculaires\/\",\"name\":\"Maladies Cardiovasculaires - Di\u00e9t\u00e9ticienne\",\"isPartOf\":{\"@id\":\"https:\/\/xn--maeva-zambon-ditticienne-pfcb.fr\/#website\"},\"datePublished\":\"2023-08-09T15:55:48+00:00\",\"dateModified\":\"2023-08-20T00:50:07+00:00\",\"description\":\"Maladies Cardiovasculaires, vous souffrez d\u2019une maladie cardiovasculaire comme l\u2019hypertension, l\u2019angine de poitrine, l\u2019infarctus du myocarde ?\",\"breadcrumb\":{\"@id\":\"https:\/\/xn--maeva-zambon-ditticienne-pfcb.fr\/index.php\/maladies-cardiovasculaires\/#breadcrumb\"},\"inLanguage\":\"en-US\",\"potentialAction\":[{\"@type\":\"ReadAction\",\"target\":[\"https:\/\/xn--maeva-zambon-ditticienne-pfcb.fr\/index.php\/maladies-cardiovasculaires\/\"]}]},{\"@type\":\"BreadcrumbList\",\"@id\":\"https:\/\/xn--maeva-zambon-ditticienne-pfcb.fr\/index.php\/maladies-cardiovasculaires\/#breadcrumb\",\"itemListElement\":[{\"@type\":\"ListItem\",\"position\":1,\"name\":\"Home\",\"item\":\"https:\/\/xn--maeva-zambon-ditticienne-pfcb.fr\/\"},{\"@type\":\"ListItem\",\"position\":2,\"name\":\"Maladies Cardiovasculaires\"}]},{\"@type\":\"WebSite\",\"@id\":\"https:\/\/xn--maeva-zambon-ditticienne-pfcb.fr\/#website\",\"url\":\"https:\/\/xn--maeva-zambon-ditticienne-pfcb.fr\/\",\"name\":\"Di\u00e9t\u00e9ticienne\",\"description\":\"Maeva Zambon Di\u00e9t\u00e9ticienne-Nutritionniste \",\"potentialAction\":[{\"@type\":\"SearchAction\",\"target\":{\"@type\":\"EntryPoint\",\"urlTemplate\":\"https:\/\/xn--maeva-zambon-ditticienne-pfcb.fr\/?s={search_term_string}\"},\"query-input\":\"required name=search_term_string\"}],\"inLanguage\":\"en-US\"}]}<\/script>\n<!-- \/ Yoast SEO plugin. -->","yoast_head_json":{"title":"Maladies Cardiovasculaires - Di\u00e9t\u00e9ticienne","description":"Maladies Cardiovasculaires, vous souffrez d\u2019une maladie cardiovasculaire comme l\u2019hypertension, l\u2019angine de poitrine, l\u2019infarctus du myocarde ?","robots":{"index":"index","follow":"follow","max-snippet":"max-snippet:-1","max-image-preview":"max-image-preview:large","max-video-preview":"max-video-preview:-1"},"canonical":"https:\/\/xn--maeva-zambon-ditticienne-pfcb.fr\/index.php\/maladies-cardiovasculaires\/","og_locale":"en_US","og_type":"article","og_title":"Maladies Cardiovasculaires - Di\u00e9t\u00e9ticienne","og_description":"Maladies Cardiovasculaires, vous souffrez d\u2019une maladie cardiovasculaire comme l\u2019hypertension, l\u2019angine de poitrine, l\u2019infarctus du myocarde ?","og_url":"https:\/\/xn--maeva-zambon-ditticienne-pfcb.fr\/index.php\/maladies-cardiovasculaires\/","og_site_name":"Di\u00e9t\u00e9ticienne","article_modified_time":"2023-08-20T00:50:07+00:00","og_image":[{"url":"https:\/\/xn--maeva-zambon-ditticienne-pfcb.fr\/wp-content\/uploads\/2023\/08\/87600-518-baisser-sa-tension-jpg.webp"}],"twitter_card":"summary_large_image","twitter_misc":{"Est. reading time":"2 minutes"},"schema":{"@context":"https:\/\/schema.org","@graph":[{"@type":"WebPage","@id":"https:\/\/xn--maeva-zambon-ditticienne-pfcb.fr\/index.php\/maladies-cardiovasculaires\/","url":"https:\/\/xn--maeva-zambon-ditticienne-pfcb.fr\/index.php\/maladies-cardiovasculaires\/","name":"Maladies Cardiovasculaires - Di\u00e9t\u00e9ticienne","isPartOf":{"@id":"https:\/\/xn--maeva-zambon-ditticienne-pfcb.fr\/#website"},"datePublished":"2023-08-09T15:55:48+00:00","dateModified":"2023-08-20T00:50:07+00:00","description":"Maladies Cardiovasculaires, vous souffrez d\u2019une maladie cardiovasculaire comme l\u2019hypertension, l\u2019angine de poitrine, l\u2019infarctus du myocarde ?","breadcrumb":{"@id":"https:\/\/xn--maeva-zambon-ditticienne-pfcb.fr\/index.php\/maladies-cardiovasculaires\/#breadcrumb"},"inLanguage":"en-US","potentialAction":[{"@type":"ReadAction","target":["https:\/\/xn--maeva-zambon-ditticienne-pfcb.fr\/index.php\/maladies-cardiovasculaires\/"]}]},{"@type":"BreadcrumbList","@id":"https:\/\/xn--maeva-zambon-ditticienne-pfcb.fr\/index.php\/maladies-cardiovasculaires\/#breadcrumb","itemListElement":[{"@type":"ListItem","position":1,"name":"Home","item":"https:\/\/xn--maeva-zambon-ditticienne-pfcb.fr\/"},{"@type":"ListItem","position":2,"name":"Maladies Cardiovasculaires"}]},{"@type":"WebSite","@id":"https:\/\/xn--maeva-zambon-ditticienne-pfcb.fr\/#website","url":"https:\/\/xn--maeva-zambon-ditticienne-pfcb.fr\/","name":"Di\u00e9t\u00e9ticienne","description":"Maeva Zambon Di\u00e9t\u00e9ticienne-Nutritionniste ","potentialAction":[{"@type":"SearchAction","target":{"@type":"EntryPoint","urlTemplate":"https:\/\/xn--maeva-zambon-ditticienne-pfcb.fr\/?s={search_term_string}"},"query-input":"required name=search_term_string"}],"inLanguage":"en-US"}]}},"_links":{"self":[{"href":"https:\/\/xn--maeva-zambon-ditticienne-pfcb.fr\/index.php\/wp-json\/wp\/v2\/pages\/819","targetHints":{"allow":["GET"]}}],"collection":[{"href":"https:\/\/xn--maeva-zambon-ditticienne-pfcb.fr\/index.php\/wp-json\/wp\/v2\/pages"}],"about":[{"href":"https:\/\/xn--maeva-zambon-ditticienne-pfcb.fr\/index.php\/wp-json\/wp\/v2\/types\/page"}],"author":[{"embeddable":true,"href":"https:\/\/xn--maeva-zambon-ditticienne-pfcb.fr\/index.php\/wp-json\/wp\/v2\/users\/1"}],"replies":[{"embeddable":true,"href":"https:\/\/xn--maeva-zambon-ditticienne-pfcb.fr\/index.php\/wp-json\/wp\/v2\/comments?post=819"}],"version-history":[{"count":6,"href":"https:\/\/xn--maeva-zambon-ditticienne-pfcb.fr\/index.php\/wp-json\/wp\/v2\/pages\/819\/revisions"}],"predecessor-version":[{"id":1521,"href":"https:\/\/xn--maeva-zambon-ditticienne-pfcb.fr\/index.php\/wp-json\/wp\/v2\/pages\/819\/revisions\/1521"}],"wp:attachment":[{"href":"https:\/\/xn--maeva-zambon-ditticienne-pfcb.fr\/index.php\/wp-json\/wp\/v2\/media?parent=819"}],"curies":[{"name":"wp","href":"https:\/\/api.w.org\/{rel}","templated":true}]}}