{"id":817,"date":"2023-08-09T15:55:22","date_gmt":"2023-08-09T15:55:22","guid":{"rendered":"https:\/\/xn--maeva-zambon-ditticienne-pfcb.fr\/?page_id=817"},"modified":"2023-08-20T00:47:54","modified_gmt":"2023-08-20T00:47:54","slug":"maladies-inflammatoires","status":"publish","type":"page","link":"https:\/\/xn--maeva-zambon-ditticienne-pfcb.fr\/index.php\/maladies-inflammatoires\/","title":{"rendered":"Maladies inflammatoires"},"content":{"rendered":"\n<div style=\"height:100px\" aria-hidden=\"true\" class=\"wp-block-spacer\"><\/div>\n\n\n\n<figure class=\"wp-block-image size-large\"><img loading=\"lazy\" decoding=\"async\" width=\"525\" height=\"700\" src=\"https:\/\/i0.wp.com\/xn--maeva-zambon-ditticienne-pfcb.fr\/wp-content\/uploads\/2023\/08\/intestin-grele-768x1024.webp?resize=525%2C700&#038;ssl=1\" alt=\"\" class=\"wp-image-1516\" srcset=\"https:\/\/i0.wp.com\/xn--maeva-zambon-ditticienne-pfcb.fr\/wp-content\/uploads\/2023\/08\/intestin-grele-jpg.webp?resize=768%2C1024&amp;ssl=1 768w, https:\/\/i0.wp.com\/xn--maeva-zambon-ditticienne-pfcb.fr\/wp-content\/uploads\/2023\/08\/intestin-grele-jpg.webp?resize=225%2C300&amp;ssl=1 225w, https:\/\/i0.wp.com\/xn--maeva-zambon-ditticienne-pfcb.fr\/wp-content\/uploads\/2023\/08\/intestin-grele-jpg.webp?w=900&amp;ssl=1 900w\" sizes=\"auto, (max-width: 767px) 89vw, (max-width: 1000px) 54vw, (max-width: 1071px) 543px, 580px\" data-recalc-dims=\"1\" \/><figcaption class=\"wp-element-caption\">3d rendered illustration of the male small intestine<\/figcaption><\/figure>\n\n\n\n<p><\/p>\n\n\n\n<p><\/p>\n\n\n\n<p>Vous souffrez d\u2019une maladie inflammatoire chronique, comme la polyarthrite rhumato\u00efde, la spondylarthrite ankylosante, la maladie de Crohn ou le psoriasis ? Vous savez que ces maladies sont dues \u00e0 un dysfonctionnement du syst\u00e8me immunitaire, qui attaque les propres tissus de l\u2019organisme et provoque une inflammation persistante. Cette inflammation peut entra\u00eener des douleurs, des raideurs, des rougeurs, des gonflements ou des l\u00e9sions cutan\u00e9es.<\/p>\n\n\n\n<p>Mais saviez-vous que votre alimentation peut avoir une influence sur votre \u00e9tat de sant\u00e9 ? En effet, une nutrition adapt\u00e9e \u00e0 vos besoins peut vous aider \u00e0 :<\/p>\n\n\n\n<ul class=\"wp-block-list\">\n<li>R\u00e9duire l\u2019inflammation et ses cons\u00e9quences<\/li>\n\n\n\n<li>Soulager vos sympt\u00f4mes et am\u00e9liorer votre qualit\u00e9 de vie<\/li>\n\n\n\n<li>Pr\u00e9venir les complications li\u00e9es \u00e0 votre maladie, comme l\u2019ost\u00e9oporose, l\u2019an\u00e9mie ou les infections<\/li>\n\n\n\n<li>Renforcer votre immunit\u00e9 et votre vitalit\u00e9<\/li>\n\n\n\n<li>Maintenir votre poids de forme et \u00e9viter le surpoids ou la d\u00e9nutrition<\/li>\n<\/ul>\n\n\n\n<p>Mais comment savoir ce que vous devez manger, en quelle quantit\u00e9 et \u00e0 quelle fr\u00e9quence ? Comment choisir les aliments qui vont apaiser votre inflammation et \u00e9viter ceux qui vont l\u2019aggraver ? Comment composer des menus \u00e9quilibr\u00e9s et gourmands, sans vous priver ni vous frustrer ?<\/p>\n\n\n\n<div class=\"wp-block-buttons is-layout-flex wp-block-buttons-is-layout-flex\">\n<div class=\"wp-block-button aligncenter\"><a class=\"wp-block-button__link wp-element-button\" href=\"https:\/\/xn--maeva-zambon-ditticienne-pfcb.fr\/index.php\/deroulement-des-consultations\/\">D\u00e9roulement des consultations et tarifs<\/a><\/div>\n<\/div>\n\n\n\n<p><\/p>\n\n\n\n<p><\/p>\n","protected":false},"excerpt":{"rendered":"<p>Vous souffrez d\u2019une maladie inflammatoire chronique, comme la polyarthrite rhumato\u00efde, la spondylarthrite ankylosante, la maladie de Crohn ou le psoriasis ? Vous savez que ces maladies sont dues \u00e0 un dysfonctionnement du syst\u00e8me immunitaire, qui attaque les propres tissus de l\u2019organisme et provoque une inflammation persistante. Cette inflammation peut entra\u00eener des douleurs, des raideurs, des &hellip; <\/p>\n<p class=\"link-more\"><a href=\"https:\/\/xn--maeva-zambon-ditticienne-pfcb.fr\/index.php\/maladies-inflammatoires\/\" class=\"more-link\">Continue reading<span class=\"screen-reader-text\"> &#8220;Maladies inflammatoires&#8221;<\/span><\/a><\/p>\n","protected":false},"author":1,"featured_media":0,"parent":0,"menu_order":0,"comment_status":"closed","ping_status":"closed","template":"","meta":{"footnotes":""},"class_list":["post-817","page","type-page","status-publish","hentry"],"yoast_head":"<!-- This site is optimized with the Yoast SEO plugin v22.0 - https:\/\/yoast.com\/wordpress\/plugins\/seo\/ -->\n<title>Maladies inflammatoires - Di\u00e9t\u00e9ticienne<\/title>\n<meta name=\"robots\" content=\"index, follow, max-snippet:-1, max-image-preview:large, max-video-preview:-1\" \/>\n<link rel=\"canonical\" href=\"https:\/\/xn--maeva-zambon-ditticienne-pfcb.fr\/index.php\/maladies-inflammatoires\/\" \/>\n<meta property=\"og:locale\" content=\"en_US\" \/>\n<meta property=\"og:type\" content=\"article\" \/>\n<meta property=\"og:title\" content=\"Maladies inflammatoires - Di\u00e9t\u00e9ticienne\" \/>\n<meta property=\"og:description\" content=\"Vous souffrez d\u2019une maladie inflammatoire chronique, comme la polyarthrite rhumato\u00efde, la spondylarthrite ankylosante, la maladie de Crohn ou le psoriasis ? Vous savez que ces maladies sont dues \u00e0 un dysfonctionnement du syst\u00e8me immunitaire, qui attaque les propres tissus de l\u2019organisme et provoque une inflammation persistante. Cette inflammation peut entra\u00eener des douleurs, des raideurs, des &hellip; Continue reading &quot;Maladies inflammatoires&quot;\" \/>\n<meta property=\"og:url\" content=\"https:\/\/xn--maeva-zambon-ditticienne-pfcb.fr\/index.php\/maladies-inflammatoires\/\" \/>\n<meta property=\"og:site_name\" content=\"Di\u00e9t\u00e9ticienne\" \/>\n<meta property=\"article:modified_time\" content=\"2023-08-20T00:47:54+00:00\" \/>\n<meta property=\"og:image\" content=\"https:\/\/xn--maeva-zambon-ditticienne-pfcb.fr\/wp-content\/uploads\/2023\/08\/intestin-grele-768x1024.webp\" \/>\n<meta name=\"twitter:card\" content=\"summary_large_image\" \/>\n<meta name=\"twitter:label1\" content=\"Est. reading time\" \/>\n\t<meta name=\"twitter:data1\" content=\"1 minute\" \/>\n<script type=\"application\/ld+json\" class=\"yoast-schema-graph\">{\"@context\":\"https:\/\/schema.org\",\"@graph\":[{\"@type\":\"WebPage\",\"@id\":\"https:\/\/xn--maeva-zambon-ditticienne-pfcb.fr\/index.php\/maladies-inflammatoires\/\",\"url\":\"https:\/\/xn--maeva-zambon-ditticienne-pfcb.fr\/index.php\/maladies-inflammatoires\/\",\"name\":\"Maladies inflammatoires - Di\u00e9t\u00e9ticienne\",\"isPartOf\":{\"@id\":\"https:\/\/xn--maeva-zambon-ditticienne-pfcb.fr\/#website\"},\"datePublished\":\"2023-08-09T15:55:22+00:00\",\"dateModified\":\"2023-08-20T00:47:54+00:00\",\"breadcrumb\":{\"@id\":\"https:\/\/xn--maeva-zambon-ditticienne-pfcb.fr\/index.php\/maladies-inflammatoires\/#breadcrumb\"},\"inLanguage\":\"en-US\",\"potentialAction\":[{\"@type\":\"ReadAction\",\"target\":[\"https:\/\/xn--maeva-zambon-ditticienne-pfcb.fr\/index.php\/maladies-inflammatoires\/\"]}]},{\"@type\":\"BreadcrumbList\",\"@id\":\"https:\/\/xn--maeva-zambon-ditticienne-pfcb.fr\/index.php\/maladies-inflammatoires\/#breadcrumb\",\"itemListElement\":[{\"@type\":\"ListItem\",\"position\":1,\"name\":\"Home\",\"item\":\"https:\/\/xn--maeva-zambon-ditticienne-pfcb.fr\/\"},{\"@type\":\"ListItem\",\"position\":2,\"name\":\"Maladies inflammatoires\"}]},{\"@type\":\"WebSite\",\"@id\":\"https:\/\/xn--maeva-zambon-ditticienne-pfcb.fr\/#website\",\"url\":\"https:\/\/xn--maeva-zambon-ditticienne-pfcb.fr\/\",\"name\":\"Di\u00e9t\u00e9ticienne\",\"description\":\"Maeva Zambon Di\u00e9t\u00e9ticienne-Nutritionniste \",\"potentialAction\":[{\"@type\":\"SearchAction\",\"target\":{\"@type\":\"EntryPoint\",\"urlTemplate\":\"https:\/\/xn--maeva-zambon-ditticienne-pfcb.fr\/?s={search_term_string}\"},\"query-input\":\"required name=search_term_string\"}],\"inLanguage\":\"en-US\"}]}<\/script>\n<!-- \/ Yoast SEO plugin. -->","yoast_head_json":{"title":"Maladies inflammatoires - Di\u00e9t\u00e9ticienne","robots":{"index":"index","follow":"follow","max-snippet":"max-snippet:-1","max-image-preview":"max-image-preview:large","max-video-preview":"max-video-preview:-1"},"canonical":"https:\/\/xn--maeva-zambon-ditticienne-pfcb.fr\/index.php\/maladies-inflammatoires\/","og_locale":"en_US","og_type":"article","og_title":"Maladies inflammatoires - Di\u00e9t\u00e9ticienne","og_description":"Vous souffrez d\u2019une maladie inflammatoire chronique, comme la polyarthrite rhumato\u00efde, la spondylarthrite ankylosante, la maladie de Crohn ou le psoriasis ? Vous savez que ces maladies sont dues \u00e0 un dysfonctionnement du syst\u00e8me immunitaire, qui attaque les propres tissus de l\u2019organisme et provoque une inflammation persistante. Cette inflammation peut entra\u00eener des douleurs, des raideurs, des &hellip; Continue reading \"Maladies inflammatoires\"","og_url":"https:\/\/xn--maeva-zambon-ditticienne-pfcb.fr\/index.php\/maladies-inflammatoires\/","og_site_name":"Di\u00e9t\u00e9ticienne","article_modified_time":"2023-08-20T00:47:54+00:00","og_image":[{"url":"https:\/\/xn--maeva-zambon-ditticienne-pfcb.fr\/wp-content\/uploads\/2023\/08\/intestin-grele-768x1024.webp"}],"twitter_card":"summary_large_image","twitter_misc":{"Est. reading time":"1 minute"},"schema":{"@context":"https:\/\/schema.org","@graph":[{"@type":"WebPage","@id":"https:\/\/xn--maeva-zambon-ditticienne-pfcb.fr\/index.php\/maladies-inflammatoires\/","url":"https:\/\/xn--maeva-zambon-ditticienne-pfcb.fr\/index.php\/maladies-inflammatoires\/","name":"Maladies inflammatoires - Di\u00e9t\u00e9ticienne","isPartOf":{"@id":"https:\/\/xn--maeva-zambon-ditticienne-pfcb.fr\/#website"},"datePublished":"2023-08-09T15:55:22+00:00","dateModified":"2023-08-20T00:47:54+00:00","breadcrumb":{"@id":"https:\/\/xn--maeva-zambon-ditticienne-pfcb.fr\/index.php\/maladies-inflammatoires\/#breadcrumb"},"inLanguage":"en-US","potentialAction":[{"@type":"ReadAction","target":["https:\/\/xn--maeva-zambon-ditticienne-pfcb.fr\/index.php\/maladies-inflammatoires\/"]}]},{"@type":"BreadcrumbList","@id":"https:\/\/xn--maeva-zambon-ditticienne-pfcb.fr\/index.php\/maladies-inflammatoires\/#breadcrumb","itemListElement":[{"@type":"ListItem","position":1,"name":"Home","item":"https:\/\/xn--maeva-zambon-ditticienne-pfcb.fr\/"},{"@type":"ListItem","position":2,"name":"Maladies inflammatoires"}]},{"@type":"WebSite","@id":"https:\/\/xn--maeva-zambon-ditticienne-pfcb.fr\/#website","url":"https:\/\/xn--maeva-zambon-ditticienne-pfcb.fr\/","name":"Di\u00e9t\u00e9ticienne","description":"Maeva Zambon Di\u00e9t\u00e9ticienne-Nutritionniste ","potentialAction":[{"@type":"SearchAction","target":{"@type":"EntryPoint","urlTemplate":"https:\/\/xn--maeva-zambon-ditticienne-pfcb.fr\/?s={search_term_string}"},"query-input":"required name=search_term_string"}],"inLanguage":"en-US"}]}},"_links":{"self":[{"href":"https:\/\/xn--maeva-zambon-ditticienne-pfcb.fr\/index.php\/wp-json\/wp\/v2\/pages\/817","targetHints":{"allow":["GET"]}}],"collection":[{"href":"https:\/\/xn--maeva-zambon-ditticienne-pfcb.fr\/index.php\/wp-json\/wp\/v2\/pages"}],"about":[{"href":"https:\/\/xn--maeva-zambon-ditticienne-pfcb.fr\/index.php\/wp-json\/wp\/v2\/types\/page"}],"author":[{"embeddable":true,"href":"https:\/\/xn--maeva-zambon-ditticienne-pfcb.fr\/index.php\/wp-json\/wp\/v2\/users\/1"}],"replies":[{"embeddable":true,"href":"https:\/\/xn--maeva-zambon-ditticienne-pfcb.fr\/index.php\/wp-json\/wp\/v2\/comments?post=817"}],"version-history":[{"count":3,"href":"https:\/\/xn--maeva-zambon-ditticienne-pfcb.fr\/index.php\/wp-json\/wp\/v2\/pages\/817\/revisions"}],"predecessor-version":[{"id":1517,"href":"https:\/\/xn--maeva-zambon-ditticienne-pfcb.fr\/index.php\/wp-json\/wp\/v2\/pages\/817\/revisions\/1517"}],"wp:attachment":[{"href":"https:\/\/xn--maeva-zambon-ditticienne-pfcb.fr\/index.php\/wp-json\/wp\/v2\/media?parent=817"}],"curies":[{"name":"wp","href":"https:\/\/api.w.org\/{rel}","templated":true}]}}