{"id":815,"date":"2023-08-09T15:54:38","date_gmt":"2023-08-09T15:54:38","guid":{"rendered":"https:\/\/xn--maeva-zambon-ditticienne-pfcb.fr\/?page_id=815"},"modified":"2023-08-20T00:22:46","modified_gmt":"2023-08-20T00:22:46","slug":"intolerances-alimentaires","status":"publish","type":"page","link":"https:\/\/xn--maeva-zambon-ditticienne-pfcb.fr\/index.php\/intolerances-alimentaires\/","title":{"rendered":"Intol\u00e9rances alimentaires"},"content":{"rendered":"\n<div style=\"height:100px\" aria-hidden=\"true\" class=\"wp-block-spacer\"><\/div>\n\n\n\n<figure class=\"wp-block-image size-large\"><img loading=\"lazy\" decoding=\"async\" width=\"525\" height=\"329\" src=\"https:\/\/i0.wp.com\/xn--maeva-zambon-ditticienne-pfcb.fr\/wp-content\/uploads\/2023\/08\/test-intolerance-allergie-alimentaire-1024x642.webp?resize=525%2C329&#038;ssl=1\" alt=\"\" class=\"wp-image-1511\" srcset=\"https:\/\/i0.wp.com\/xn--maeva-zambon-ditticienne-pfcb.fr\/wp-content\/uploads\/2023\/08\/test-intolerance-allergie-alimentaire-jpg.webp?resize=1024%2C642&amp;ssl=1 1024w, https:\/\/i0.wp.com\/xn--maeva-zambon-ditticienne-pfcb.fr\/wp-content\/uploads\/2023\/08\/test-intolerance-allergie-alimentaire-jpg.webp?resize=300%2C188&amp;ssl=1 300w, https:\/\/i0.wp.com\/xn--maeva-zambon-ditticienne-pfcb.fr\/wp-content\/uploads\/2023\/08\/test-intolerance-allergie-alimentaire-jpg.webp?resize=768%2C482&amp;ssl=1 768w, https:\/\/i0.wp.com\/xn--maeva-zambon-ditticienne-pfcb.fr\/wp-content\/uploads\/2023\/08\/test-intolerance-allergie-alimentaire-jpg.webp?resize=1536%2C963&amp;ssl=1 1536w, https:\/\/i0.wp.com\/xn--maeva-zambon-ditticienne-pfcb.fr\/wp-content\/uploads\/2023\/08\/test-intolerance-allergie-alimentaire-jpg.webp?w=2000&amp;ssl=1 2000w\" sizes=\"auto, (max-width: 767px) 89vw, (max-width: 1000px) 54vw, (max-width: 1071px) 543px, 580px\" data-recalc-dims=\"1\" \/><\/figure>\n\n\n\n<p><\/p>\n\n\n\n<p>Vous souffrez d\u2019intol\u00e9rances alimentaires et vous ne savez pas comment adapter votre alimentation ? Vous avez du mal \u00e0 identifier les aliments qui vous font r\u00e9agir et \u00e0 les \u00e9viter ? Vous vous sentez frustr\u00e9(e) de ne pas pouvoir manger comme tout le monde ? Vous craignez les carences, les inflammations ou les troubles digestifs ?<\/p>\n\n\n\n<p>Je vous comprends, car les intol\u00e9rances alimentaires sont des r\u00e9actions anormales de l\u2019organisme \u00e0 certains aliments, qui peuvent provoquer des sympt\u00f4mes d\u00e9sagr\u00e9ables tels que des maux de t\u00eate, des ballonnements, des diarrh\u00e9es, des \u00e9ruptions cutan\u00e9es ou des douleurs articulaires. Ces sympt\u00f4mes peuvent alt\u00e9rer votre qualit\u00e9 de vie et votre sant\u00e9.<\/p>\n\n\n\n<p>Mais rassurez-vous, les intol\u00e9rances alimentaires ne sont pas une fatalit\u00e9 ! Vous pouvez am\u00e9liorer votre bien-\u00eatre en adoptant une alimentation adapt\u00e9e \u00e0 vos besoins. En effet, une nutrition personnalis\u00e9e et vari\u00e9e vous permettra de :<\/p>\n\n\n\n<ul class=\"wp-block-list\">\n<li>Identifier les aliments qui vous font du bien et ceux qui vous font du mal<\/li>\n\n\n\n<li>\u00c9liminer ou r\u00e9duire les aliments qui d\u00e9clenchent vos r\u00e9actions<\/li>\n\n\n\n<li>Pr\u00e9venir les carences et les d\u00e9s\u00e9quilibres nutritionnels<\/li>\n\n\n\n<li>Soulager vos sympt\u00f4mes et r\u00e9duire l\u2019inflammation<\/li>\n\n\n\n<li>Am\u00e9liorer votre digestion et votre transit<\/li>\n\n\n\n<li>Renforcer votre immunit\u00e9 et votre vitalit\u00e9<\/li>\n<\/ul>\n\n\n\n<p>Mais comment savoir ce que vous devez manger, en quelle quantit\u00e9 et \u00e0 quelle fr\u00e9quence ? Comment faire un bilan de vos intol\u00e9rances et les confirmer par des tests ? Comment remplacer les aliments probl\u00e9matiques par des alternatives saines et savoureuses ?<\/p>\n\n\n\n<p>Je vous conseillerais sur les aliments \u00e0 privil\u00e9gier, \u00e0 limiter ou \u00e0 \u00e9viter, en tenant compte de vos intol\u00e9rances et de vos pr\u00e9f\u00e9rences. Je vous aiderais \u00e0 \u00e9laborer des menus \u00e9quilibr\u00e9s et gourmands, en vous donnant des astuces pratiques et des recettes simples et savoureuses. Je vous accompagnerai tout au long de votre parcours, en r\u00e9pondant \u00e0 vos questions et en vous soutenant dans cette d\u00e9marche de mieux-\u00eatre.<\/p>\n\n\n\n<p><\/p>\n\n\n\n<div class=\"wp-block-buttons is-layout-flex wp-block-buttons-is-layout-flex\">\n<div class=\"wp-block-button aligncenter\"><a class=\"wp-block-button__link wp-element-button\" href=\"https:\/\/xn--maeva-zambon-ditticienne-pfcb.fr\/index.php\/deroulement-des-consultations\/\">D\u00e9roulement des consultations et tarifs<\/a><\/div>\n<\/div>\n","protected":false},"excerpt":{"rendered":"<p>Vous souffrez d\u2019intol\u00e9rances alimentaires et vous ne savez pas comment adapter votre alimentation ? Vous avez du mal \u00e0 identifier les aliments qui vous font r\u00e9agir et \u00e0 les \u00e9viter ? Vous vous sentez frustr\u00e9(e) de ne pas pouvoir manger comme tout le monde ? Vous craignez les carences, les inflammations ou les troubles digestifs &hellip; <\/p>\n<p class=\"link-more\"><a href=\"https:\/\/xn--maeva-zambon-ditticienne-pfcb.fr\/index.php\/intolerances-alimentaires\/\" class=\"more-link\">Continue reading<span class=\"screen-reader-text\"> &#8220;Intol\u00e9rances alimentaires&#8221;<\/span><\/a><\/p>\n","protected":false},"author":1,"featured_media":0,"parent":0,"menu_order":0,"comment_status":"closed","ping_status":"closed","template":"","meta":{"footnotes":""},"class_list":["post-815","page","type-page","status-publish","hentry"],"yoast_head":"<!-- This site is optimized with the Yoast SEO plugin v22.0 - https:\/\/yoast.com\/wordpress\/plugins\/seo\/ -->\n<title>Intol\u00e9rances alimentaires - Di\u00e9t\u00e9ticienne<\/title>\n<meta name=\"description\" content=\"Vous souffrez d\u2019intol\u00e9rances alimentaires et vous ne savez pas comment adapter votre alimentation ? Vous craignez les troubles digestifs ?\" \/>\n<meta name=\"robots\" content=\"index, follow, max-snippet:-1, max-image-preview:large, max-video-preview:-1\" \/>\n<link rel=\"canonical\" href=\"https:\/\/xn--maeva-zambon-ditticienne-pfcb.fr\/index.php\/intolerances-alimentaires\/\" \/>\n<meta property=\"og:locale\" content=\"en_US\" \/>\n<meta property=\"og:type\" content=\"article\" \/>\n<meta property=\"og:title\" content=\"Intol\u00e9rances alimentaires - Di\u00e9t\u00e9ticienne\" \/>\n<meta property=\"og:description\" content=\"Vous souffrez d\u2019intol\u00e9rances alimentaires et vous ne savez pas comment adapter votre alimentation ? Vous craignez les troubles digestifs ?\" \/>\n<meta property=\"og:url\" content=\"https:\/\/xn--maeva-zambon-ditticienne-pfcb.fr\/index.php\/intolerances-alimentaires\/\" \/>\n<meta property=\"og:site_name\" content=\"Di\u00e9t\u00e9ticienne\" \/>\n<meta property=\"article:modified_time\" content=\"2023-08-20T00:22:46+00:00\" \/>\n<meta property=\"og:image\" content=\"https:\/\/xn--maeva-zambon-ditticienne-pfcb.fr\/wp-content\/uploads\/2023\/08\/test-intolerance-allergie-alimentaire-1024x642.webp\" \/>\n<meta name=\"twitter:card\" content=\"summary_large_image\" \/>\n<meta name=\"twitter:label1\" content=\"Est. reading time\" \/>\n\t<meta name=\"twitter:data1\" content=\"2 minutes\" \/>\n<script type=\"application\/ld+json\" class=\"yoast-schema-graph\">{\"@context\":\"https:\/\/schema.org\",\"@graph\":[{\"@type\":\"WebPage\",\"@id\":\"https:\/\/xn--maeva-zambon-ditticienne-pfcb.fr\/index.php\/intolerances-alimentaires\/\",\"url\":\"https:\/\/xn--maeva-zambon-ditticienne-pfcb.fr\/index.php\/intolerances-alimentaires\/\",\"name\":\"Intol\u00e9rances alimentaires - Di\u00e9t\u00e9ticienne\",\"isPartOf\":{\"@id\":\"https:\/\/xn--maeva-zambon-ditticienne-pfcb.fr\/#website\"},\"datePublished\":\"2023-08-09T15:54:38+00:00\",\"dateModified\":\"2023-08-20T00:22:46+00:00\",\"description\":\"Vous souffrez d\u2019intol\u00e9rances alimentaires et vous ne savez pas comment adapter votre alimentation ? Vous craignez les troubles digestifs ?\",\"breadcrumb\":{\"@id\":\"https:\/\/xn--maeva-zambon-ditticienne-pfcb.fr\/index.php\/intolerances-alimentaires\/#breadcrumb\"},\"inLanguage\":\"en-US\",\"potentialAction\":[{\"@type\":\"ReadAction\",\"target\":[\"https:\/\/xn--maeva-zambon-ditticienne-pfcb.fr\/index.php\/intolerances-alimentaires\/\"]}]},{\"@type\":\"BreadcrumbList\",\"@id\":\"https:\/\/xn--maeva-zambon-ditticienne-pfcb.fr\/index.php\/intolerances-alimentaires\/#breadcrumb\",\"itemListElement\":[{\"@type\":\"ListItem\",\"position\":1,\"name\":\"Home\",\"item\":\"https:\/\/xn--maeva-zambon-ditticienne-pfcb.fr\/\"},{\"@type\":\"ListItem\",\"position\":2,\"name\":\"Intol\u00e9rances alimentaires\"}]},{\"@type\":\"WebSite\",\"@id\":\"https:\/\/xn--maeva-zambon-ditticienne-pfcb.fr\/#website\",\"url\":\"https:\/\/xn--maeva-zambon-ditticienne-pfcb.fr\/\",\"name\":\"Di\u00e9t\u00e9ticienne\",\"description\":\"Maeva Zambon Di\u00e9t\u00e9ticienne-Nutritionniste \",\"potentialAction\":[{\"@type\":\"SearchAction\",\"target\":{\"@type\":\"EntryPoint\",\"urlTemplate\":\"https:\/\/xn--maeva-zambon-ditticienne-pfcb.fr\/?s={search_term_string}\"},\"query-input\":\"required name=search_term_string\"}],\"inLanguage\":\"en-US\"}]}<\/script>\n<!-- \/ Yoast SEO plugin. -->","yoast_head_json":{"title":"Intol\u00e9rances alimentaires - Di\u00e9t\u00e9ticienne","description":"Vous souffrez d\u2019intol\u00e9rances alimentaires et vous ne savez pas comment adapter votre alimentation ? Vous craignez les troubles digestifs ?","robots":{"index":"index","follow":"follow","max-snippet":"max-snippet:-1","max-image-preview":"max-image-preview:large","max-video-preview":"max-video-preview:-1"},"canonical":"https:\/\/xn--maeva-zambon-ditticienne-pfcb.fr\/index.php\/intolerances-alimentaires\/","og_locale":"en_US","og_type":"article","og_title":"Intol\u00e9rances alimentaires - Di\u00e9t\u00e9ticienne","og_description":"Vous souffrez d\u2019intol\u00e9rances alimentaires et vous ne savez pas comment adapter votre alimentation ? Vous craignez les troubles digestifs ?","og_url":"https:\/\/xn--maeva-zambon-ditticienne-pfcb.fr\/index.php\/intolerances-alimentaires\/","og_site_name":"Di\u00e9t\u00e9ticienne","article_modified_time":"2023-08-20T00:22:46+00:00","og_image":[{"url":"https:\/\/xn--maeva-zambon-ditticienne-pfcb.fr\/wp-content\/uploads\/2023\/08\/test-intolerance-allergie-alimentaire-1024x642.webp"}],"twitter_card":"summary_large_image","twitter_misc":{"Est. reading time":"2 minutes"},"schema":{"@context":"https:\/\/schema.org","@graph":[{"@type":"WebPage","@id":"https:\/\/xn--maeva-zambon-ditticienne-pfcb.fr\/index.php\/intolerances-alimentaires\/","url":"https:\/\/xn--maeva-zambon-ditticienne-pfcb.fr\/index.php\/intolerances-alimentaires\/","name":"Intol\u00e9rances alimentaires - Di\u00e9t\u00e9ticienne","isPartOf":{"@id":"https:\/\/xn--maeva-zambon-ditticienne-pfcb.fr\/#website"},"datePublished":"2023-08-09T15:54:38+00:00","dateModified":"2023-08-20T00:22:46+00:00","description":"Vous souffrez d\u2019intol\u00e9rances alimentaires et vous ne savez pas comment adapter votre alimentation ? Vous craignez les troubles digestifs ?","breadcrumb":{"@id":"https:\/\/xn--maeva-zambon-ditticienne-pfcb.fr\/index.php\/intolerances-alimentaires\/#breadcrumb"},"inLanguage":"en-US","potentialAction":[{"@type":"ReadAction","target":["https:\/\/xn--maeva-zambon-ditticienne-pfcb.fr\/index.php\/intolerances-alimentaires\/"]}]},{"@type":"BreadcrumbList","@id":"https:\/\/xn--maeva-zambon-ditticienne-pfcb.fr\/index.php\/intolerances-alimentaires\/#breadcrumb","itemListElement":[{"@type":"ListItem","position":1,"name":"Home","item":"https:\/\/xn--maeva-zambon-ditticienne-pfcb.fr\/"},{"@type":"ListItem","position":2,"name":"Intol\u00e9rances alimentaires"}]},{"@type":"WebSite","@id":"https:\/\/xn--maeva-zambon-ditticienne-pfcb.fr\/#website","url":"https:\/\/xn--maeva-zambon-ditticienne-pfcb.fr\/","name":"Di\u00e9t\u00e9ticienne","description":"Maeva Zambon Di\u00e9t\u00e9ticienne-Nutritionniste ","potentialAction":[{"@type":"SearchAction","target":{"@type":"EntryPoint","urlTemplate":"https:\/\/xn--maeva-zambon-ditticienne-pfcb.fr\/?s={search_term_string}"},"query-input":"required name=search_term_string"}],"inLanguage":"en-US"}]}},"_links":{"self":[{"href":"https:\/\/xn--maeva-zambon-ditticienne-pfcb.fr\/index.php\/wp-json\/wp\/v2\/pages\/815","targetHints":{"allow":["GET"]}}],"collection":[{"href":"https:\/\/xn--maeva-zambon-ditticienne-pfcb.fr\/index.php\/wp-json\/wp\/v2\/pages"}],"about":[{"href":"https:\/\/xn--maeva-zambon-ditticienne-pfcb.fr\/index.php\/wp-json\/wp\/v2\/types\/page"}],"author":[{"embeddable":true,"href":"https:\/\/xn--maeva-zambon-ditticienne-pfcb.fr\/index.php\/wp-json\/wp\/v2\/users\/1"}],"replies":[{"embeddable":true,"href":"https:\/\/xn--maeva-zambon-ditticienne-pfcb.fr\/index.php\/wp-json\/wp\/v2\/comments?post=815"}],"version-history":[{"count":6,"href":"https:\/\/xn--maeva-zambon-ditticienne-pfcb.fr\/index.php\/wp-json\/wp\/v2\/pages\/815\/revisions"}],"predecessor-version":[{"id":1512,"href":"https:\/\/xn--maeva-zambon-ditticienne-pfcb.fr\/index.php\/wp-json\/wp\/v2\/pages\/815\/revisions\/1512"}],"wp:attachment":[{"href":"https:\/\/xn--maeva-zambon-ditticienne-pfcb.fr\/index.php\/wp-json\/wp\/v2\/media?parent=815"}],"curies":[{"name":"wp","href":"https:\/\/api.w.org\/{rel}","templated":true}]}}