{"id":790,"date":"2023-08-09T13:27:29","date_gmt":"2023-08-09T13:27:29","guid":{"rendered":"https:\/\/xn--maeva-zambon-ditticienne-pfcb.fr\/?page_id=790"},"modified":"2023-08-20T00:16:56","modified_gmt":"2023-08-20T00:16:56","slug":"femme-menopausee","status":"publish","type":"page","link":"https:\/\/xn--maeva-zambon-ditticienne-pfcb.fr\/index.php\/femme-menopausee\/","title":{"rendered":"Femme m\u00e9nopaus\u00e9e"},"content":{"rendered":"\n<div style=\"height:100px\" aria-hidden=\"true\" class=\"wp-block-spacer\"><\/div>\n\n\n\n<figure class=\"wp-block-image size-full\"><img loading=\"lazy\" decoding=\"async\" width=\"525\" height=\"350\" src=\"https:\/\/i0.wp.com\/xn--maeva-zambon-ditticienne-pfcb.fr\/wp-content\/uploads\/2023\/08\/Screen-Shot-2020-07-01-at-5.26.37-pm.png?resize=525%2C350&#038;ssl=1\" alt=\"\" class=\"wp-image-1500\" srcset=\"https:\/\/i0.wp.com\/xn--maeva-zambon-ditticienne-pfcb.fr\/wp-content\/uploads\/2023\/08\/Screen-Shot-2020-07-01-at-5.26.37-pm.png?w=900&amp;ssl=1 900w, https:\/\/i0.wp.com\/xn--maeva-zambon-ditticienne-pfcb.fr\/wp-content\/uploads\/2023\/08\/Screen-Shot-2020-07-01-at-5.26.37-pm.png?resize=300%2C200&amp;ssl=1 300w, https:\/\/i0.wp.com\/xn--maeva-zambon-ditticienne-pfcb.fr\/wp-content\/uploads\/2023\/08\/Screen-Shot-2020-07-01-at-5.26.37-pm.png?resize=768%2C512&amp;ssl=1 768w\" sizes=\"auto, (max-width: 767px) 89vw, (max-width: 1000px) 54vw, (max-width: 1071px) 543px, 580px\" data-recalc-dims=\"1\" \/><\/figure>\n\n\n\n<div style=\"height:100px\" aria-hidden=\"true\" class=\"wp-block-spacer\"><\/div>\n\n\n\n<p>Vous \u00eates une <mark>Femme m\u00e9nopaus\u00e9e<\/mark> ou pr\u00e9 <mark>m\u00e9nopaus\u00e9e<\/mark> ?<\/p>\n\n\n\n<p><font style=\"vertical-align: inherit;\"><font style=\"vertical-align: inherit;\">Avez-vous des bouff\u00e9es de chaleur, des sueurs nocturnes et\/ou des palpitations ?<\/font><\/font><\/p>\n\n\n\n<p>Faites vous des insomnies ?<\/p>\n\n\n\n<p>Ressentez vous une fatigue chronique, une certaine irritabilit\u00e9 et\/ou de l&#8217;anxi\u00e9t\u00e9 ?<\/p>\n\n\n\n<p>Souffrez vous de douleurs articulaires ?<\/p>\n\n\n\n<p>Votre m\u00e9decin vous a t&#8217;il diagnostiqu\u00e9 de ost\u00e9oporose ou une maladie cardiovasculaire ? <\/p>\n\n\n\n<p>&#8220;La&nbsp;<strong>m\u00e9nopause<\/strong>&nbsp;est la p\u00e9riode de la vie d&#8217;une femme o\u00f9 les r\u00e8gles (menstruations) s&#8217;arr\u00eatent d\u00e9finitivement. Elle intervient g\u00e9n\u00e9ralement entre 45 et 55&nbsp;ans et en g\u00e9n\u00e9ral aux alentours de 50&nbsp;ans.&#8221; Ameli.fr<\/p>\n\n\n\n<p>Celle-ci est une \u00e9tape naturelle de la vie des femmes, qui s&#8217;accompagne de bouleversements hormonaux et physiologiques.<\/p>\n\n\n\n<p>Ces changements peuvent avoir des cons\u00e9quences sur votre sant\u00e9, votre silhouette, votre sommeil, votre humeur ou votre libido.<\/p>\n\n\n\n<h2 class=\"wp-block-heading\"><font style=\"vertical-align: inherit;\"><font style=\"vertical-align: inherit;\">Adapt<\/font><\/font>er son<font style=\"vertical-align: inherit;\"><font style=\"vertical-align: inherit;\"> alimentation<\/font><\/font> lors que l&#8217;on est une femme m\u00e9nopaus\u00e9e<\/h2>\n\n\n\n<p><font style=\"vertical-align: inherit;\"><font style=\"vertical-align: inherit;\"><font style=\"vertical-align: inherit;\"><font style=\"vertical-align: inherit;\">Vous pouvez agir positivement sur votre bien-\u00eatre en adoptant une alimentation adapt\u00e9e \u00e0 vos besoins. En effet, une nutrition \u00e9quilibr\u00e9e et vari\u00e9e vous permettra de :<\/font><\/font><\/font><\/font><\/p>\n\n\n\n<ul class=\"wp-block-list\">\n<li><font style=\"vertical-align: inherit;\"><font style=\"vertical-align: inherit;\">Pr\u00e9venir l&#8217;ost\u00e9oporose et les maladies cardiovasculaires<\/font><\/font><\/li>\n\n\n\n<li>Limiter la prise de poids et le stockage des graisses<\/li>\n\n\n\n<li>R\u00e9duire les bouff\u00e9es de chaleur et les sueurs nocturnes<\/li>\n\n\n\n<li>Am\u00e9liorer votre qualit\u00e9 de sommeil et votre \u00e9nergie<\/li>\n\n\n\n<li>Booster votre moral et votre confiance en vous<\/li>\n\n\n\n<li>Pr\u00e9server votre f\u00e9minit\u00e9 et votre d\u00e9sir<\/li>\n<\/ul>\n\n\n\n<p>Souhaitez vous savoir comment adapter votre alimentation \u00e0 vos nouveaux besoins ?<\/p>\n\n\n\n<p>Et comment \u00e9viter les carences, les ballonnements ou la constipation ?<\/p>\n\n\n\n<p>Je peut vous proposer un suivi personnalis\u00e9 et adapt\u00e9 \u00e0 votre profil, \u00e0 vos besoins et \u00e0 vos go\u00fbts. <\/p>\n\n\n\n<p>Lors d&#8217;une premi\u00e8re s\u00e9ance je pourrais vous concevoir un plan alimentaire.  Dans lequel sera inclus les aliments \u00e0 privil\u00e9gier, tout en tenant compte de vos pr\u00e9f\u00e9rences alimentaires. <\/p>\n\n\n\n<p>Nous pourrons ensuite au fil des s\u00e9ances faire \u00e9voluer ce programme si n\u00e9cessaire. Et je vous aiderai \u00e0 composer des menus \u00e9quilibr\u00e9s et gourmands, en vous donnant des astuces pratiques et des recettes simples et savoureuses.<\/p>\n\n\n\n<p>Si vous souhaitez b\u00e9n\u00e9ficier de mes services, n\u2019h\u00e9sitez pas \u00e0 me contacter pour prendre rendez-vous. Je serai ravie de vous accompagner dans cette qu\u00eate du bien-\u00eatre !<\/p>\n\n\n\n<p><\/p>\n\n\n\n<p><\/p>\n\n\n\n<div class=\"wp-block-buttons is-layout-flex wp-block-buttons-is-layout-flex\">\n<div class=\"wp-block-button aligncenter\"><a class=\"wp-block-button__link wp-element-button\" href=\"https:\/\/xn--maeva-zambon-ditticienne-pfcb.fr\/index.php\/deroulement-des-consultations\/\">D\u00e9roulement des consultations et tarifs<\/a><\/div>\n<\/div>\n\n\n\n<div style=\"height:100px\" aria-hidden=\"true\" class=\"wp-block-spacer\"><\/div>\n\n\n\n<p><\/p>\n\n\n\n<p><\/p>\n\n\n\n<p>Source : <a href=\"https:\/\/www.ameli.fr\/\" target=\"_blank\" rel=\"noreferrer noopener\">https:\/\/www.ameli.fr\/<\/a><\/p>\n\n\n\n<p><\/p>\n","protected":false},"excerpt":{"rendered":"<p>Vous \u00eates une Femme m\u00e9nopaus\u00e9e ou pr\u00e9 m\u00e9nopaus\u00e9e ? Avez-vous des bouff\u00e9es de chaleur, des sueurs nocturnes et\/ou des palpitations ? Faites vous des insomnies ? Ressentez vous une fatigue chronique, une certaine irritabilit\u00e9 et\/ou de l&#8217;anxi\u00e9t\u00e9 ? Souffrez vous de douleurs articulaires ? Votre m\u00e9decin vous a t&#8217;il diagnostiqu\u00e9 de ost\u00e9oporose ou une maladie &hellip; <\/p>\n<p class=\"link-more\"><a href=\"https:\/\/xn--maeva-zambon-ditticienne-pfcb.fr\/index.php\/femme-menopausee\/\" class=\"more-link\">Continue reading<span class=\"screen-reader-text\"> &#8220;Femme m\u00e9nopaus\u00e9e&#8221;<\/span><\/a><\/p>\n","protected":false},"author":1,"featured_media":0,"parent":0,"menu_order":0,"comment_status":"closed","ping_status":"closed","template":"","meta":{"footnotes":""},"class_list":["post-790","page","type-page","status-publish","hentry"],"yoast_head":"<!-- This site is optimized with the Yoast SEO plugin v22.0 - https:\/\/yoast.com\/wordpress\/plugins\/seo\/ -->\n<title>Femme m\u00e9nopaus\u00e9e - Di\u00e9t\u00e9ticienne<\/title>\n<meta name=\"description\" content=\"Vous \u00eates une femme m\u00e9nopaus\u00e9e et vous vous demandez comment adapter votre alimentation pour pr\u00e9server votre sant\u00e9 et votre bien-\u00eatre\" \/>\n<meta name=\"robots\" content=\"index, follow, max-snippet:-1, max-image-preview:large, max-video-preview:-1\" \/>\n<link rel=\"canonical\" href=\"https:\/\/xn--maeva-zambon-ditticienne-pfcb.fr\/index.php\/femme-menopausee\/\" \/>\n<meta property=\"og:locale\" content=\"en_US\" \/>\n<meta property=\"og:type\" content=\"article\" \/>\n<meta property=\"og:title\" content=\"Femme m\u00e9nopaus\u00e9e - Di\u00e9t\u00e9ticienne\" \/>\n<meta property=\"og:description\" content=\"Vous \u00eates une femme m\u00e9nopaus\u00e9e et vous vous demandez comment adapter votre alimentation pour pr\u00e9server votre sant\u00e9 et votre bien-\u00eatre\" \/>\n<meta property=\"og:url\" content=\"https:\/\/xn--maeva-zambon-ditticienne-pfcb.fr\/index.php\/femme-menopausee\/\" \/>\n<meta property=\"og:site_name\" content=\"Di\u00e9t\u00e9ticienne\" \/>\n<meta property=\"article:modified_time\" content=\"2023-08-20T00:16:56+00:00\" \/>\n<meta property=\"og:image\" content=\"https:\/\/xn--maeva-zambon-ditticienne-pfcb.fr\/wp-content\/uploads\/2023\/08\/Screen-Shot-2020-07-01-at-5.26.37-pm.png\" \/>\n<meta name=\"twitter:card\" content=\"summary_large_image\" \/>\n<meta name=\"twitter:label1\" content=\"Est. reading time\" \/>\n\t<meta name=\"twitter:data1\" content=\"2 minutes\" \/>\n<script type=\"application\/ld+json\" class=\"yoast-schema-graph\">{\"@context\":\"https:\/\/schema.org\",\"@graph\":[{\"@type\":\"WebPage\",\"@id\":\"https:\/\/xn--maeva-zambon-ditticienne-pfcb.fr\/index.php\/femme-menopausee\/\",\"url\":\"https:\/\/xn--maeva-zambon-ditticienne-pfcb.fr\/index.php\/femme-menopausee\/\",\"name\":\"Femme m\u00e9nopaus\u00e9e - Di\u00e9t\u00e9ticienne\",\"isPartOf\":{\"@id\":\"https:\/\/xn--maeva-zambon-ditticienne-pfcb.fr\/#website\"},\"datePublished\":\"2023-08-09T13:27:29+00:00\",\"dateModified\":\"2023-08-20T00:16:56+00:00\",\"description\":\"Vous \u00eates une femme m\u00e9nopaus\u00e9e et vous vous demandez comment adapter votre alimentation pour pr\u00e9server votre sant\u00e9 et votre bien-\u00eatre\",\"breadcrumb\":{\"@id\":\"https:\/\/xn--maeva-zambon-ditticienne-pfcb.fr\/index.php\/femme-menopausee\/#breadcrumb\"},\"inLanguage\":\"en-US\",\"potentialAction\":[{\"@type\":\"ReadAction\",\"target\":[\"https:\/\/xn--maeva-zambon-ditticienne-pfcb.fr\/index.php\/femme-menopausee\/\"]}]},{\"@type\":\"BreadcrumbList\",\"@id\":\"https:\/\/xn--maeva-zambon-ditticienne-pfcb.fr\/index.php\/femme-menopausee\/#breadcrumb\",\"itemListElement\":[{\"@type\":\"ListItem\",\"position\":1,\"name\":\"Home\",\"item\":\"https:\/\/xn--maeva-zambon-ditticienne-pfcb.fr\/\"},{\"@type\":\"ListItem\",\"position\":2,\"name\":\"Femme m\u00e9nopaus\u00e9e\"}]},{\"@type\":\"WebSite\",\"@id\":\"https:\/\/xn--maeva-zambon-ditticienne-pfcb.fr\/#website\",\"url\":\"https:\/\/xn--maeva-zambon-ditticienne-pfcb.fr\/\",\"name\":\"Di\u00e9t\u00e9ticienne\",\"description\":\"Maeva Zambon Di\u00e9t\u00e9ticienne-Nutritionniste \",\"potentialAction\":[{\"@type\":\"SearchAction\",\"target\":{\"@type\":\"EntryPoint\",\"urlTemplate\":\"https:\/\/xn--maeva-zambon-ditticienne-pfcb.fr\/?s={search_term_string}\"},\"query-input\":\"required name=search_term_string\"}],\"inLanguage\":\"en-US\"}]}<\/script>\n<!-- \/ Yoast SEO plugin. -->","yoast_head_json":{"title":"Femme m\u00e9nopaus\u00e9e - Di\u00e9t\u00e9ticienne","description":"Vous \u00eates une femme m\u00e9nopaus\u00e9e et vous vous demandez comment adapter votre alimentation pour pr\u00e9server votre sant\u00e9 et votre bien-\u00eatre","robots":{"index":"index","follow":"follow","max-snippet":"max-snippet:-1","max-image-preview":"max-image-preview:large","max-video-preview":"max-video-preview:-1"},"canonical":"https:\/\/xn--maeva-zambon-ditticienne-pfcb.fr\/index.php\/femme-menopausee\/","og_locale":"en_US","og_type":"article","og_title":"Femme m\u00e9nopaus\u00e9e - Di\u00e9t\u00e9ticienne","og_description":"Vous \u00eates une femme m\u00e9nopaus\u00e9e et vous vous demandez comment adapter votre alimentation pour pr\u00e9server votre sant\u00e9 et votre bien-\u00eatre","og_url":"https:\/\/xn--maeva-zambon-ditticienne-pfcb.fr\/index.php\/femme-menopausee\/","og_site_name":"Di\u00e9t\u00e9ticienne","article_modified_time":"2023-08-20T00:16:56+00:00","og_image":[{"url":"https:\/\/xn--maeva-zambon-ditticienne-pfcb.fr\/wp-content\/uploads\/2023\/08\/Screen-Shot-2020-07-01-at-5.26.37-pm.png"}],"twitter_card":"summary_large_image","twitter_misc":{"Est. reading time":"2 minutes"},"schema":{"@context":"https:\/\/schema.org","@graph":[{"@type":"WebPage","@id":"https:\/\/xn--maeva-zambon-ditticienne-pfcb.fr\/index.php\/femme-menopausee\/","url":"https:\/\/xn--maeva-zambon-ditticienne-pfcb.fr\/index.php\/femme-menopausee\/","name":"Femme m\u00e9nopaus\u00e9e - Di\u00e9t\u00e9ticienne","isPartOf":{"@id":"https:\/\/xn--maeva-zambon-ditticienne-pfcb.fr\/#website"},"datePublished":"2023-08-09T13:27:29+00:00","dateModified":"2023-08-20T00:16:56+00:00","description":"Vous \u00eates une femme m\u00e9nopaus\u00e9e et vous vous demandez comment adapter votre alimentation pour pr\u00e9server votre sant\u00e9 et votre bien-\u00eatre","breadcrumb":{"@id":"https:\/\/xn--maeva-zambon-ditticienne-pfcb.fr\/index.php\/femme-menopausee\/#breadcrumb"},"inLanguage":"en-US","potentialAction":[{"@type":"ReadAction","target":["https:\/\/xn--maeva-zambon-ditticienne-pfcb.fr\/index.php\/femme-menopausee\/"]}]},{"@type":"BreadcrumbList","@id":"https:\/\/xn--maeva-zambon-ditticienne-pfcb.fr\/index.php\/femme-menopausee\/#breadcrumb","itemListElement":[{"@type":"ListItem","position":1,"name":"Home","item":"https:\/\/xn--maeva-zambon-ditticienne-pfcb.fr\/"},{"@type":"ListItem","position":2,"name":"Femme m\u00e9nopaus\u00e9e"}]},{"@type":"WebSite","@id":"https:\/\/xn--maeva-zambon-ditticienne-pfcb.fr\/#website","url":"https:\/\/xn--maeva-zambon-ditticienne-pfcb.fr\/","name":"Di\u00e9t\u00e9ticienne","description":"Maeva Zambon Di\u00e9t\u00e9ticienne-Nutritionniste ","potentialAction":[{"@type":"SearchAction","target":{"@type":"EntryPoint","urlTemplate":"https:\/\/xn--maeva-zambon-ditticienne-pfcb.fr\/?s={search_term_string}"},"query-input":"required name=search_term_string"}],"inLanguage":"en-US"}]}},"_links":{"self":[{"href":"https:\/\/xn--maeva-zambon-ditticienne-pfcb.fr\/index.php\/wp-json\/wp\/v2\/pages\/790","targetHints":{"allow":["GET"]}}],"collection":[{"href":"https:\/\/xn--maeva-zambon-ditticienne-pfcb.fr\/index.php\/wp-json\/wp\/v2\/pages"}],"about":[{"href":"https:\/\/xn--maeva-zambon-ditticienne-pfcb.fr\/index.php\/wp-json\/wp\/v2\/types\/page"}],"author":[{"embeddable":true,"href":"https:\/\/xn--maeva-zambon-ditticienne-pfcb.fr\/index.php\/wp-json\/wp\/v2\/users\/1"}],"replies":[{"embeddable":true,"href":"https:\/\/xn--maeva-zambon-ditticienne-pfcb.fr\/index.php\/wp-json\/wp\/v2\/comments?post=790"}],"version-history":[{"count":34,"href":"https:\/\/xn--maeva-zambon-ditticienne-pfcb.fr\/index.php\/wp-json\/wp\/v2\/pages\/790\/revisions"}],"predecessor-version":[{"id":1502,"href":"https:\/\/xn--maeva-zambon-ditticienne-pfcb.fr\/index.php\/wp-json\/wp\/v2\/pages\/790\/revisions\/1502"}],"wp:attachment":[{"href":"https:\/\/xn--maeva-zambon-ditticienne-pfcb.fr\/index.php\/wp-json\/wp\/v2\/media?parent=790"}],"curies":[{"name":"wp","href":"https:\/\/api.w.org\/{rel}","templated":true}]}}