{"id":787,"date":"2023-08-09T13:26:31","date_gmt":"2023-08-09T13:26:31","guid":{"rendered":"https:\/\/xn--maeva-zambon-ditticienne-pfcb.fr\/?page_id=787"},"modified":"2023-08-20T00:11:41","modified_gmt":"2023-08-20T00:11:41","slug":"obesite-a-tous-ages","status":"publish","type":"page","link":"https:\/\/xn--maeva-zambon-ditticienne-pfcb.fr\/index.php\/obesite-a-tous-ages\/","title":{"rendered":"Ob\u00e9sit\u00e9 \u00e0 tous \u00e2ges"},"content":{"rendered":"\n<div style=\"height:100px\" aria-hidden=\"true\" class=\"wp-block-spacer\"><\/div>\n\n\n\n<p>Comment vaincre l&#8217;ob\u00e9sit\u00e9 \u00e0 tous \u00e2ges ?<\/p>\n\n\n\n<div style=\"height:100px\" aria-hidden=\"true\" class=\"wp-block-spacer\"><\/div>\n\n\n\n<p>&#8220;L&#8217;<strong>ob\u00e9sit\u00e9<\/strong>&nbsp;est consid\u00e9r\u00e9e comme une maladie chronique de la nutrition. Elle n&#8217;a pas tendance \u00e0 gu\u00e9rir spontan\u00e9ment et affecte le bien-\u00eatre physique, psychologique et social des individus.&#8221; Ameli.fr<\/p>\n\n\n\n<figure class=\"wp-block-image size-full\"><img loading=\"lazy\" decoding=\"async\" width=\"525\" height=\"525\" src=\"https:\/\/i0.wp.com\/xn--maeva-zambon-ditticienne-pfcb.fr\/wp-content\/uploads\/2023\/08\/food-porn-07-jpg.webp?resize=525%2C525&#038;ssl=1\" alt=\"\" class=\"wp-image-1496\" srcset=\"https:\/\/i0.wp.com\/xn--maeva-zambon-ditticienne-pfcb.fr\/wp-content\/uploads\/2023\/08\/food-porn-07-jpg.webp?w=960&amp;ssl=1 960w, https:\/\/i0.wp.com\/xn--maeva-zambon-ditticienne-pfcb.fr\/wp-content\/uploads\/2023\/08\/food-porn-07-jpg.webp?resize=300%2C300&amp;ssl=1 300w, https:\/\/i0.wp.com\/xn--maeva-zambon-ditticienne-pfcb.fr\/wp-content\/uploads\/2023\/08\/food-porn-07-jpg.webp?resize=150%2C150&amp;ssl=1 150w, https:\/\/i0.wp.com\/xn--maeva-zambon-ditticienne-pfcb.fr\/wp-content\/uploads\/2023\/08\/food-porn-07-jpg.webp?resize=768%2C768&amp;ssl=1 768w, https:\/\/i0.wp.com\/xn--maeva-zambon-ditticienne-pfcb.fr\/wp-content\/uploads\/2023\/08\/food-porn-07-jpg.webp?resize=100%2C100&amp;ssl=1 100w\" sizes=\"auto, (max-width: 767px) 89vw, (max-width: 1000px) 54vw, (max-width: 1071px) 543px, 580px\" data-recalc-dims=\"1\" \/><\/figure>\n\n\n\n<p>Souhaiteriez vous connaitre les moyens pour perdre du poids de mani\u00e8re durable et saine ? <\/p>\n\n\n\n<p>Voulez vous connaitre les strat\u00e9gies pour pr\u00e9venir la reprise de poids ou l\u2019effet yoyo ? <\/p>\n\n\n\n<p>Aimeriez vous am\u00e9liorer votre bien-\u00eatre physique et mental ?<\/p>\n\n\n\n<p><\/p>\n\n\n\n<p>L\u2019ob\u00e9sit\u00e9 peut avoir des causes multiples, comme des facteurs g\u00e9n\u00e9tiques, hormonaux, environnementaux ou comportementaux. Elle peut aussi \u00eatre associ\u00e9e \u00e0 d\u2019autres pathologies, comme le diab\u00e8te, l\u2019hypertension, les maladies cardiovasculaires ou le cancer.<\/p>\n\n\n\n<p>C&#8217;est pourquoi l\u2019ob\u00e9sit\u00e9 peut avoir des cons\u00e9quences n\u00e9gatives sur la qualit\u00e9 de vie, comme une diminution de l\u2019estime de soi, une alt\u00e9ration de la vie sociale ou professionnelle, ou encore une souffrance psychologique. Elle peut aussi entra\u00eener des complications m\u00e9dicales, comme des troubles respiratoires, articulaires, digestifs ou r\u00e9naux.<\/p>\n\n\n\n<p>Dans une \u00e8re o\u00f9 les r\u00e9gimes \u00e0 la mode et les solutions rapides sont omnipr\u00e9sentes, il peut \u00eatre tentant d&#8217;y avoir recours. Cependant ses m\u00e9thodes sont souvent restrictives et frustrantes. Elles risquent donc apr\u00e8s une courte p\u00e9riode, d&#8217;augmenter vos fringales. Puis vous d\u00e9moraliser en vous faisant croire que vous manquez de volont\u00e9. Ce qui est totalement faux ! <\/p>\n\n\n\n<p>L&#8217;objectifs de nos futurs \u00e9changes sera donc de vous permettre d&#8217;\u00e9vitez ses erreurs courantes. Gr\u00e2ce \u00e0 une approche r\u00e9aliste qui vous permettra de perdre du poids de mani\u00e8re progressive et d\u00e9finitive.<\/p>\n\n\n\n<h2 class=\"wp-block-heading\">Les avantages d&#8217;un suivi nutritionnel dans le cadre de l&#8217;ob\u00e9sit\u00e9<br><\/h2>\n\n\n\n<p>S\u00e9ance apr\u00e8s s\u00e9ance, mon objectif sera de vous rendre de plus en plus autonome dans vos choix de repas, dans la vari\u00e9t\u00e9 apport\u00e9e \u00e0 votre alimentation ainsi que dans le respect d\u2019un \u00e9quilibre alimentaire sur la dur\u00e9e, qui vous permettra de p\u00e9renniser vos efforts.<\/p>\n\n\n\n<p><\/p>\n\n\n\n<div class=\"wp-block-buttons is-layout-flex wp-block-buttons-is-layout-flex\">\n<div class=\"wp-block-button aligncenter\"><a class=\"wp-block-button__link wp-element-button\" href=\"https:\/\/xn--maeva-zambon-ditticienne-pfcb.fr\/index.php\/deroulement-des-consultations\/\">D\u00e9roulement des consultations et tarifs<\/a><\/div>\n<\/div>\n\n\n\n<div style=\"height:100px\" aria-hidden=\"true\" class=\"wp-block-spacer\"><\/div>\n\n\n\n<p>Source : <a href=\"https:\/\/www.ameli.fr\/\" target=\"_blank\" rel=\"noreferrer noopener\">https:\/\/www.ameli.fr\/<\/a><\/p>\n\n\n\n<p><\/p>\n\n\n\n<p><\/p>\n","protected":false},"excerpt":{"rendered":"<p>Comment vaincre l&#8217;ob\u00e9sit\u00e9 \u00e0 tous \u00e2ges ? &#8220;L&#8217;ob\u00e9sit\u00e9&nbsp;est consid\u00e9r\u00e9e comme une maladie chronique de la nutrition. Elle n&#8217;a pas tendance \u00e0 gu\u00e9rir spontan\u00e9ment et affecte le bien-\u00eatre physique, psychologique et social des individus.&#8221; Ameli.fr Souhaiteriez vous connaitre les moyens pour perdre du poids de mani\u00e8re durable et saine ? Voulez vous connaitre les strat\u00e9gies pour &hellip; <\/p>\n<p class=\"link-more\"><a href=\"https:\/\/xn--maeva-zambon-ditticienne-pfcb.fr\/index.php\/obesite-a-tous-ages\/\" class=\"more-link\">Continue reading<span class=\"screen-reader-text\"> &#8220;Ob\u00e9sit\u00e9 \u00e0 tous \u00e2ges&#8221;<\/span><\/a><\/p>\n","protected":false},"author":1,"featured_media":0,"parent":0,"menu_order":0,"comment_status":"closed","ping_status":"closed","template":"","meta":{"footnotes":""},"class_list":["post-787","page","type-page","status-publish","hentry"],"yoast_head":"<!-- This site is optimized with the Yoast SEO plugin v22.0 - https:\/\/yoast.com\/wordpress\/plugins\/seo\/ -->\n<title>Ob\u00e9sit\u00e9 \u00e0 tous \u00e2ges - Di\u00e9t\u00e9ticienne<\/title>\n<meta name=\"description\" content=\"Ob\u00e9sit\u00e9 \u00e0 tous \u00e2ges : Souhaiteriez vous connaitre les moyens pour perdre du poids de mani\u00e8re durable et saine ?\" \/>\n<meta name=\"robots\" content=\"index, follow, max-snippet:-1, max-image-preview:large, max-video-preview:-1\" \/>\n<link rel=\"canonical\" href=\"https:\/\/xn--maeva-zambon-ditticienne-pfcb.fr\/index.php\/obesite-a-tous-ages\/\" \/>\n<meta property=\"og:locale\" content=\"en_US\" \/>\n<meta property=\"og:type\" content=\"article\" \/>\n<meta property=\"og:title\" content=\"Ob\u00e9sit\u00e9 \u00e0 tous \u00e2ges - Di\u00e9t\u00e9ticienne\" \/>\n<meta property=\"og:description\" content=\"Ob\u00e9sit\u00e9 \u00e0 tous \u00e2ges : Souhaiteriez vous connaitre les moyens pour perdre du poids de mani\u00e8re durable et saine ?\" \/>\n<meta property=\"og:url\" content=\"https:\/\/xn--maeva-zambon-ditticienne-pfcb.fr\/index.php\/obesite-a-tous-ages\/\" \/>\n<meta property=\"og:site_name\" content=\"Di\u00e9t\u00e9ticienne\" \/>\n<meta property=\"article:modified_time\" content=\"2023-08-20T00:11:41+00:00\" \/>\n<meta property=\"og:image\" content=\"https:\/\/xn--maeva-zambon-ditticienne-pfcb.fr\/wp-content\/uploads\/2023\/08\/food-porn-07-jpg.webp\" \/>\n<meta name=\"twitter:card\" content=\"summary_large_image\" \/>\n<meta name=\"twitter:label1\" content=\"Est. reading time\" \/>\n\t<meta name=\"twitter:data1\" content=\"2 minutes\" \/>\n<script type=\"application\/ld+json\" class=\"yoast-schema-graph\">{\"@context\":\"https:\/\/schema.org\",\"@graph\":[{\"@type\":\"WebPage\",\"@id\":\"https:\/\/xn--maeva-zambon-ditticienne-pfcb.fr\/index.php\/obesite-a-tous-ages\/\",\"url\":\"https:\/\/xn--maeva-zambon-ditticienne-pfcb.fr\/index.php\/obesite-a-tous-ages\/\",\"name\":\"Ob\u00e9sit\u00e9 \u00e0 tous \u00e2ges - Di\u00e9t\u00e9ticienne\",\"isPartOf\":{\"@id\":\"https:\/\/xn--maeva-zambon-ditticienne-pfcb.fr\/#website\"},\"datePublished\":\"2023-08-09T13:26:31+00:00\",\"dateModified\":\"2023-08-20T00:11:41+00:00\",\"description\":\"Ob\u00e9sit\u00e9 \u00e0 tous \u00e2ges : Souhaiteriez vous connaitre les moyens pour perdre du poids de mani\u00e8re durable et saine ?\",\"breadcrumb\":{\"@id\":\"https:\/\/xn--maeva-zambon-ditticienne-pfcb.fr\/index.php\/obesite-a-tous-ages\/#breadcrumb\"},\"inLanguage\":\"en-US\",\"potentialAction\":[{\"@type\":\"ReadAction\",\"target\":[\"https:\/\/xn--maeva-zambon-ditticienne-pfcb.fr\/index.php\/obesite-a-tous-ages\/\"]}]},{\"@type\":\"BreadcrumbList\",\"@id\":\"https:\/\/xn--maeva-zambon-ditticienne-pfcb.fr\/index.php\/obesite-a-tous-ages\/#breadcrumb\",\"itemListElement\":[{\"@type\":\"ListItem\",\"position\":1,\"name\":\"Home\",\"item\":\"https:\/\/xn--maeva-zambon-ditticienne-pfcb.fr\/\"},{\"@type\":\"ListItem\",\"position\":2,\"name\":\"Ob\u00e9sit\u00e9 \u00e0 tous \u00e2ges\"}]},{\"@type\":\"WebSite\",\"@id\":\"https:\/\/xn--maeva-zambon-ditticienne-pfcb.fr\/#website\",\"url\":\"https:\/\/xn--maeva-zambon-ditticienne-pfcb.fr\/\",\"name\":\"Di\u00e9t\u00e9ticienne\",\"description\":\"Maeva Zambon Di\u00e9t\u00e9ticienne-Nutritionniste \",\"potentialAction\":[{\"@type\":\"SearchAction\",\"target\":{\"@type\":\"EntryPoint\",\"urlTemplate\":\"https:\/\/xn--maeva-zambon-ditticienne-pfcb.fr\/?s={search_term_string}\"},\"query-input\":\"required name=search_term_string\"}],\"inLanguage\":\"en-US\"}]}<\/script>\n<!-- \/ Yoast SEO plugin. -->","yoast_head_json":{"title":"Ob\u00e9sit\u00e9 \u00e0 tous \u00e2ges - Di\u00e9t\u00e9ticienne","description":"Ob\u00e9sit\u00e9 \u00e0 tous \u00e2ges : Souhaiteriez vous connaitre les moyens pour perdre du poids de mani\u00e8re durable et saine ?","robots":{"index":"index","follow":"follow","max-snippet":"max-snippet:-1","max-image-preview":"max-image-preview:large","max-video-preview":"max-video-preview:-1"},"canonical":"https:\/\/xn--maeva-zambon-ditticienne-pfcb.fr\/index.php\/obesite-a-tous-ages\/","og_locale":"en_US","og_type":"article","og_title":"Ob\u00e9sit\u00e9 \u00e0 tous \u00e2ges - Di\u00e9t\u00e9ticienne","og_description":"Ob\u00e9sit\u00e9 \u00e0 tous \u00e2ges : Souhaiteriez vous connaitre les moyens pour perdre du poids de mani\u00e8re durable et saine ?","og_url":"https:\/\/xn--maeva-zambon-ditticienne-pfcb.fr\/index.php\/obesite-a-tous-ages\/","og_site_name":"Di\u00e9t\u00e9ticienne","article_modified_time":"2023-08-20T00:11:41+00:00","og_image":[{"url":"https:\/\/xn--maeva-zambon-ditticienne-pfcb.fr\/wp-content\/uploads\/2023\/08\/food-porn-07-jpg.webp"}],"twitter_card":"summary_large_image","twitter_misc":{"Est. reading time":"2 minutes"},"schema":{"@context":"https:\/\/schema.org","@graph":[{"@type":"WebPage","@id":"https:\/\/xn--maeva-zambon-ditticienne-pfcb.fr\/index.php\/obesite-a-tous-ages\/","url":"https:\/\/xn--maeva-zambon-ditticienne-pfcb.fr\/index.php\/obesite-a-tous-ages\/","name":"Ob\u00e9sit\u00e9 \u00e0 tous \u00e2ges - Di\u00e9t\u00e9ticienne","isPartOf":{"@id":"https:\/\/xn--maeva-zambon-ditticienne-pfcb.fr\/#website"},"datePublished":"2023-08-09T13:26:31+00:00","dateModified":"2023-08-20T00:11:41+00:00","description":"Ob\u00e9sit\u00e9 \u00e0 tous \u00e2ges : Souhaiteriez vous connaitre les moyens pour perdre du poids de mani\u00e8re durable et saine ?","breadcrumb":{"@id":"https:\/\/xn--maeva-zambon-ditticienne-pfcb.fr\/index.php\/obesite-a-tous-ages\/#breadcrumb"},"inLanguage":"en-US","potentialAction":[{"@type":"ReadAction","target":["https:\/\/xn--maeva-zambon-ditticienne-pfcb.fr\/index.php\/obesite-a-tous-ages\/"]}]},{"@type":"BreadcrumbList","@id":"https:\/\/xn--maeva-zambon-ditticienne-pfcb.fr\/index.php\/obesite-a-tous-ages\/#breadcrumb","itemListElement":[{"@type":"ListItem","position":1,"name":"Home","item":"https:\/\/xn--maeva-zambon-ditticienne-pfcb.fr\/"},{"@type":"ListItem","position":2,"name":"Ob\u00e9sit\u00e9 \u00e0 tous \u00e2ges"}]},{"@type":"WebSite","@id":"https:\/\/xn--maeva-zambon-ditticienne-pfcb.fr\/#website","url":"https:\/\/xn--maeva-zambon-ditticienne-pfcb.fr\/","name":"Di\u00e9t\u00e9ticienne","description":"Maeva Zambon Di\u00e9t\u00e9ticienne-Nutritionniste ","potentialAction":[{"@type":"SearchAction","target":{"@type":"EntryPoint","urlTemplate":"https:\/\/xn--maeva-zambon-ditticienne-pfcb.fr\/?s={search_term_string}"},"query-input":"required name=search_term_string"}],"inLanguage":"en-US"}]}},"_links":{"self":[{"href":"https:\/\/xn--maeva-zambon-ditticienne-pfcb.fr\/index.php\/wp-json\/wp\/v2\/pages\/787","targetHints":{"allow":["GET"]}}],"collection":[{"href":"https:\/\/xn--maeva-zambon-ditticienne-pfcb.fr\/index.php\/wp-json\/wp\/v2\/pages"}],"about":[{"href":"https:\/\/xn--maeva-zambon-ditticienne-pfcb.fr\/index.php\/wp-json\/wp\/v2\/types\/page"}],"author":[{"embeddable":true,"href":"https:\/\/xn--maeva-zambon-ditticienne-pfcb.fr\/index.php\/wp-json\/wp\/v2\/users\/1"}],"replies":[{"embeddable":true,"href":"https:\/\/xn--maeva-zambon-ditticienne-pfcb.fr\/index.php\/wp-json\/wp\/v2\/comments?post=787"}],"version-history":[{"count":30,"href":"https:\/\/xn--maeva-zambon-ditticienne-pfcb.fr\/index.php\/wp-json\/wp\/v2\/pages\/787\/revisions"}],"predecessor-version":[{"id":1497,"href":"https:\/\/xn--maeva-zambon-ditticienne-pfcb.fr\/index.php\/wp-json\/wp\/v2\/pages\/787\/revisions\/1497"}],"wp:attachment":[{"href":"https:\/\/xn--maeva-zambon-ditticienne-pfcb.fr\/index.php\/wp-json\/wp\/v2\/media?parent=787"}],"curies":[{"name":"wp","href":"https:\/\/api.w.org\/{rel}","templated":true}]}}