{"id":6,"date":"2022-02-09T23:23:33","date_gmt":"2022-02-09T22:23:33","guid":{"rendered":"https:\/\/dieteticiennemaevazambon.wordpress.com\/home-2\/"},"modified":"2023-08-21T19:24:59","modified_gmt":"2023-08-21T19:24:59","slug":"limportance-de-la-nutrition","status":"publish","type":"page","link":"https:\/\/xn--maeva-zambon-ditticienne-pfcb.fr\/","title":{"rendered":"L&#8217;importance de la nutrition"},"content":{"rendered":"\n<p><\/p>\n\n\n\n<div style=\"height:100px\" aria-hidden=\"true\" class=\"wp-block-spacer\"><\/div>\n\n\n\n<p><\/p>\n\n\n\n<p class=\"has-text-align-center\">Adepte de la nutrition en pleine conscience et dipl\u00f4m\u00e9e d&#8217;Etat en tant que di\u00e9t\u00e9ticienne nutritionniste.<\/p>\n\n\n\n<p class=\"has-text-align-center\">Mon r\u00f4le est de vous aider \u00e0 atteindre vos objectifs en vous cr\u00e9ant des habitudes alimentaires saines et savoureuses. Et surtout tenables sur le long terme !<\/p>\n\n\n\n<p class=\"has-text-align-center\">Car manger doit avant tout rester un plaisir, \u00e0 bas les r\u00e9gimes drastiques, fades et frustrants !<\/p>\n\n\n\n<p><\/p>\n\n\n<div class=\"wp-block-image\">\n<figure class=\"aligncenter size-large is-resized\"><img loading=\"lazy\" decoding=\"async\" src=\"https:\/\/i0.wp.com\/xn--maeva-zambon-ditticienne-pfcb.fr\/wp-content\/uploads\/2022\/03\/photo-au-cabinet-1.jpg?resize=525%2C716&#038;ssl=1\" alt=\"Maeva Zambon, Di\u00e9t\u00e9ticienne Nutritionniste parle de l'importance de la nutrition\" class=\"wp-image-225\" width=\"525\" height=\"716\" srcset=\"https:\/\/i0.wp.com\/xn--maeva-zambon-ditticienne-pfcb.fr\/wp-content\/uploads\/2022\/03\/photo-au-cabinet-1.jpg?resize=219%2C300&amp;ssl=1 219w, https:\/\/i0.wp.com\/xn--maeva-zambon-ditticienne-pfcb.fr\/wp-content\/uploads\/2022\/03\/photo-au-cabinet-1.jpg?zoom=2&amp;resize=613%2C836&amp;ssl=1 1226w\" sizes=\"auto, (max-width: 525px) 100vw, 525px\" data-recalc-dims=\"1\" \/><figcaption class=\"wp-element-caption\">Maeva Zambon Di\u00e9t\u00e9ticienne-Nutritionniste<\/figcaption><\/figure><\/div>\n\n\n<p class=\"has-text-align-center\"><\/p>\n\n\n\n<p class=\"has-text-align-center\"><\/p>\n\n\n\n<div style=\"height:68px\" aria-hidden=\"true\" class=\"wp-block-spacer\"><\/div>\n\n\n\n<p><\/p>\n\n\n\n<hr class=\"wp-block-separator has-alpha-channel-opacity\"\/>\n\n\n\n<p class=\"has-text-align-center\">Seule une alimentation vari\u00e9e, gourmande et \u00e9quilibr\u00e9e vous permettra d&#8217;\u00eatre en bonne sant\u00e9 et bien dans votre corps.<\/p>\n\n\n\n<hr class=\"wp-block-separator has-alpha-channel-opacity\"\/>\n\n\n\n<div style=\"height:57px\" aria-hidden=\"true\" class=\"wp-block-spacer\"><\/div>\n\n\n\n<p><\/p>\n\n\n\n<p class=\"has-text-align-center\">La nutrition est une science, elle \u00e9tudie la mani\u00e8re dont les aliments sont transform\u00e9s apr\u00e8s leur ingestion. La di\u00e9t\u00e9tique s&#8217;appuie sur cette science, pour cr\u00e9er une alimentation adapt\u00e9e aux besoins de chaque individu. <\/p>\n\n\n\n<p><\/p>\n\n\n\n<p class=\"has-text-align-center\">Quelle est l&#8217;importance de la nutrition ?<\/p>\n\n\n\n<p class=\"has-text-align-center\"><br>L\u2019alimentation est le premier pas pour se sentir bien dans son corps et \u00eatre en bonne sant\u00e9. Elle est notre unique source d\u2019\u00e9nergie&nbsp;! <\/p>\n\n\n\n<p class=\"has-text-align-center\">Correctement adapt\u00e9e \u00e0 nos besoins, elle d\u00e9cuple nos capacit\u00e9s, am\u00e9liore notre humeur, renforce notre syst\u00e8me immunitaire. Elle nous pr\u00e9munie des maladies m\u00e9taboliques ou retarde l&#8217;\u00e9volution de celles-ci (diab\u00e8te, hypercholest\u00e9rol\u00e9mie, etc.) et ralenti le vieillissement cellulaire.<\/p>\n\n\n\n<p class=\"has-text-align-center\">Parce qu\u2019un changement d\u2019habitude alimentaire doit aussi passer par un changement de la perception de son corps et des aliments que l\u2019on ing\u00e8re. Je vous partagerai au fil de nos s\u00e9ances mes connaissances afin de vous proposer une alimentation riche en vitamines et min\u00e9raux, savoureuse et adapt\u00e9e \u00e0 vos besoins.<\/p>\n\n\n\n<p class=\"has-text-align-center\">Apr\u00e8s vous avoir \u00e9clair\u00e9s sur l&#8217;importance de la nutrition nous travaillerons aussi sur vos croyances et barri\u00e8res inconscientes qui peuvent vous emp\u00eacher d\u2019atteindre vos objectifs.<\/p>\n\n\n\n<p class=\"has-text-align-center\"><\/p>\n\n\n\n<div style=\"height:100px\" aria-hidden=\"true\" class=\"wp-block-spacer\"><\/div>\n\n\n\n<ul class=\"wp-block-social-links is-content-justification-right is-layout-flex wp-container-core-social-links-is-layout-765c4724 wp-block-social-links-is-layout-flex\"><li class=\"wp-social-link wp-social-link-mail  wp-block-social-link\"><a href=\"mailto:&#110;u&#116;riti&#111;net&#099;.maev&#097;&#064;&#103;mail.c&#111;m\" class=\"wp-block-social-link-anchor\"><svg width=\"24\" height=\"24\" viewBox=\"0 0 24 24\" version=\"1.1\" xmlns=\"http:\/\/www.w3.org\/2000\/svg\" aria-hidden=\"true\" focusable=\"false\"><path d=\"M19,5H5c-1.1,0-2,.9-2,2v10c0,1.1.9,2,2,2h14c1.1,0,2-.9,2-2V7c0-1.1-.9-2-2-2zm.5,12c0,.3-.2.5-.5.5H5c-.3,0-.5-.2-.5-.5V9.8l7.5,5.6,7.5-5.6V17zm0-9.1L12,13.6,4.5,7.9V7c0-.3.2-.5.5-.5h14c.3,0,.5.2.5.5v.9z\"><\/path><\/svg><span class=\"wp-block-social-link-label screen-reader-text\">Mail<\/span><\/a><\/li>\n\n<li class=\"wp-social-link wp-social-link-facebook  wp-block-social-link\"><a href=\"https:\/\/www.facebook.com\/MaevaZambonNutrition\/\" class=\"wp-block-social-link-anchor\"><svg width=\"24\" height=\"24\" viewBox=\"0 0 24 24\" version=\"1.1\" xmlns=\"http:\/\/www.w3.org\/2000\/svg\" aria-hidden=\"true\" focusable=\"false\"><path d=\"M12 2C6.5 2 2 6.5 2 12c0 5 3.7 9.1 8.4 9.9v-7H7.9V12h2.5V9.8c0-2.5 1.5-3.9 3.8-3.9 1.1 0 2.2.2 2.2.2v2.5h-1.3c-1.2 0-1.6.8-1.6 1.6V12h2.8l-.4 2.9h-2.3v7C18.3 21.1 22 17 22 12c0-5.5-4.5-10-10-10z\"><\/path><\/svg><span class=\"wp-block-social-link-label screen-reader-text\">Facebook<\/span><\/a><\/li>\n\n<li class=\"wp-social-link wp-social-link-instagram  wp-block-social-link\"><a href=\"https:\/\/www.instagram.com\/maeva_zambon_dieteticienne\/\" class=\"wp-block-social-link-anchor\"><svg width=\"24\" height=\"24\" viewBox=\"0 0 24 24\" version=\"1.1\" xmlns=\"http:\/\/www.w3.org\/2000\/svg\" aria-hidden=\"true\" focusable=\"false\"><path d=\"M12,4.622c2.403,0,2.688,0.009,3.637,0.052c0.877,0.04,1.354,0.187,1.671,0.31c0.42,0.163,0.72,0.358,1.035,0.673 c0.315,0.315,0.51,0.615,0.673,1.035c0.123,0.317,0.27,0.794,0.31,1.671c0.043,0.949,0.052,1.234,0.052,3.637 s-0.009,2.688-0.052,3.637c-0.04,0.877-0.187,1.354-0.31,1.671c-0.163,0.42-0.358,0.72-0.673,1.035 c-0.315,0.315-0.615,0.51-1.035,0.673c-0.317,0.123-0.794,0.27-1.671,0.31c-0.949,0.043-1.233,0.052-3.637,0.052 s-2.688-0.009-3.637-0.052c-0.877-0.04-1.354-0.187-1.671-0.31c-0.42-0.163-0.72-0.358-1.035-0.673 c-0.315-0.315-0.51-0.615-0.673-1.035c-0.123-0.317-0.27-0.794-0.31-1.671C4.631,14.688,4.622,14.403,4.622,12 s0.009-2.688,0.052-3.637c0.04-0.877,0.187-1.354,0.31-1.671c0.163-0.42,0.358-0.72,0.673-1.035 c0.315-0.315,0.615-0.51,1.035-0.673c0.317-0.123,0.794-0.27,1.671-0.31C9.312,4.631,9.597,4.622,12,4.622 M12,3 C9.556,3,9.249,3.01,8.289,3.054C7.331,3.098,6.677,3.25,6.105,3.472C5.513,3.702,5.011,4.01,4.511,4.511 c-0.5,0.5-0.808,1.002-1.038,1.594C3.25,6.677,3.098,7.331,3.054,8.289C3.01,9.249,3,9.556,3,12c0,2.444,0.01,2.751,0.054,3.711 c0.044,0.958,0.196,1.612,0.418,2.185c0.23,0.592,0.538,1.094,1.038,1.594c0.5,0.5,1.002,0.808,1.594,1.038 c0.572,0.222,1.227,0.375,2.185,0.418C9.249,20.99,9.556,21,12,21s2.751-0.01,3.711-0.054c0.958-0.044,1.612-0.196,2.185-0.418 c0.592-0.23,1.094-0.538,1.594-1.038c0.5-0.5,0.808-1.002,1.038-1.594c0.222-0.572,0.375-1.227,0.418-2.185 C20.99,14.751,21,14.444,21,12s-0.01-2.751-0.054-3.711c-0.044-0.958-0.196-1.612-0.418-2.185c-0.23-0.592-0.538-1.094-1.038-1.594 c-0.5-0.5-1.002-0.808-1.594-1.038c-0.572-0.222-1.227-0.375-2.185-0.418C14.751,3.01,14.444,3,12,3L12,3z M12,7.378 c-2.552,0-4.622,2.069-4.622,4.622S9.448,16.622,12,16.622s4.622-2.069,4.622-4.622S14.552,7.378,12,7.378z M12,15 c-1.657,0-3-1.343-3-3s1.343-3,3-3s3,1.343,3,3S13.657,15,12,15z M16.804,6.116c-0.596,0-1.08,0.484-1.08,1.08 s0.484,1.08,1.08,1.08c0.596,0,1.08-0.484,1.08-1.08S17.401,6.116,16.804,6.116z\"><\/path><\/svg><span class=\"wp-block-social-link-label screen-reader-text\">Instagram<\/span><\/a><\/li>\n\n<li class=\"wp-social-link wp-social-link-linkedin  wp-block-social-link\"><a href=\"https:\/\/www.linkedin.com\/in\/maeva-zambon\/\" class=\"wp-block-social-link-anchor\"><svg width=\"24\" height=\"24\" viewBox=\"0 0 24 24\" version=\"1.1\" xmlns=\"http:\/\/www.w3.org\/2000\/svg\" aria-hidden=\"true\" focusable=\"false\"><path d=\"M19.7,3H4.3C3.582,3,3,3.582,3,4.3v15.4C3,20.418,3.582,21,4.3,21h15.4c0.718,0,1.3-0.582,1.3-1.3V4.3 C21,3.582,20.418,3,19.7,3z M8.339,18.338H5.667v-8.59h2.672V18.338z M7.004,8.574c-0.857,0-1.549-0.694-1.549-1.548 c0-0.855,0.691-1.548,1.549-1.548c0.854,0,1.547,0.694,1.547,1.548C8.551,7.881,7.858,8.574,7.004,8.574z M18.339,18.338h-2.669 v-4.177c0-0.996-0.017-2.278-1.387-2.278c-1.389,0-1.601,1.086-1.601,2.206v4.249h-2.667v-8.59h2.559v1.174h0.037 c0.356-0.675,1.227-1.387,2.526-1.387c2.703,0,3.203,1.779,3.203,4.092V18.338z\"><\/path><\/svg><span class=\"wp-block-social-link-label screen-reader-text\">LinkedIn<\/span><\/a><\/li><\/ul>\n\n\n\n<div class=\"wp-block-buttons is-layout-flex wp-block-buttons-is-layout-flex\">\n<div class=\"wp-block-button aligncenter\"><a class=\"wp-block-button__link wp-element-button\" href=\"https:\/\/xn--maeva-zambon-ditticienne-pfcb.fr\/index.php\/deroulement-des-consultations\/\">D\u00e9roulement des consultations et tarifs<\/a><\/div>\n<\/div>\n\n\n\n<div style=\"height:232px\" aria-hidden=\"true\" class=\"wp-block-spacer\"><\/div>\n","protected":false},"excerpt":{"rendered":"<p>Adepte de la nutrition en pleine conscience et dipl\u00f4m\u00e9e d&#8217;Etat en tant que di\u00e9t\u00e9ticienne nutritionniste. Mon r\u00f4le est de vous aider \u00e0 atteindre vos objectifs en vous cr\u00e9ant des habitudes alimentaires saines et savoureuses. Et surtout tenables sur le long terme ! Car manger doit avant tout rester un plaisir, \u00e0 bas les r\u00e9gimes drastiques, &hellip; <\/p>\n<p class=\"link-more\"><a href=\"https:\/\/xn--maeva-zambon-ditticienne-pfcb.fr\/\" class=\"more-link\">Continue reading<span class=\"screen-reader-text\"> &#8220;L&#8217;importance de la nutrition&#8221;<\/span><\/a><\/p>\n","protected":false},"author":1,"featured_media":0,"parent":0,"menu_order":1,"comment_status":"closed","ping_status":"closed","template":"","meta":{"footnotes":""},"class_list":["post-6","page","type-page","status-publish","hentry"],"yoast_head":"<!-- This site is optimized with the Yoast SEO plugin v22.0 - https:\/\/yoast.com\/wordpress\/plugins\/seo\/ -->\n<title>L&#039;importance de la nutrition - Di\u00e9t\u00e9ticienne<\/title>\n<meta name=\"description\" content=\"L&#039;importance de la nutrition : la di\u00e9t\u00e9tique s&#039;appuie sur cette science, pour cr\u00e9er une alimentation adapt\u00e9e aux besoins de chaque individu.\" \/>\n<meta name=\"robots\" content=\"index, follow, max-snippet:-1, max-image-preview:large, max-video-preview:-1\" \/>\n<link rel=\"canonical\" href=\"https:\/\/xn--maeva-zambon-ditticienne-pfcb.fr\/\" \/>\n<meta property=\"og:locale\" content=\"en_US\" \/>\n<meta property=\"og:type\" content=\"article\" \/>\n<meta property=\"og:title\" content=\"L&#039;importance de la nutrition - Di\u00e9t\u00e9ticienne\" \/>\n<meta property=\"og:description\" content=\"L&#039;importance de la nutrition : la di\u00e9t\u00e9tique s&#039;appuie sur cette science, pour cr\u00e9er une alimentation adapt\u00e9e aux besoins de chaque individu.\" \/>\n<meta property=\"og:url\" content=\"https:\/\/xn--maeva-zambon-ditticienne-pfcb.fr\/\" \/>\n<meta property=\"og:site_name\" content=\"Di\u00e9t\u00e9ticienne\" \/>\n<meta property=\"article:modified_time\" content=\"2023-08-21T19:24:59+00:00\" \/>\n<meta property=\"og:image\" content=\"https:\/\/xn--maeva-zambon-ditticienne-pfcb.fr\/wp-content\/uploads\/2022\/03\/photo-au-cabinet-1-749x1024.jpg\" \/>\n<meta name=\"twitter:card\" content=\"summary_large_image\" \/>\n<meta name=\"twitter:label1\" content=\"Est. reading time\" \/>\n\t<meta name=\"twitter:data1\" content=\"2 minutes\" \/>\n<script type=\"application\/ld+json\" class=\"yoast-schema-graph\">{\"@context\":\"https:\/\/schema.org\",\"@graph\":[{\"@type\":\"WebPage\",\"@id\":\"https:\/\/xn--maeva-zambon-ditticienne-pfcb.fr\/\",\"url\":\"https:\/\/xn--maeva-zambon-ditticienne-pfcb.fr\/\",\"name\":\"L'importance de la nutrition - Di\u00e9t\u00e9ticienne\",\"isPartOf\":{\"@id\":\"https:\/\/xn--maeva-zambon-ditticienne-pfcb.fr\/#website\"},\"datePublished\":\"2022-02-09T22:23:33+00:00\",\"dateModified\":\"2023-08-21T19:24:59+00:00\",\"description\":\"L'importance de la nutrition : la di\u00e9t\u00e9tique s'appuie sur cette science, pour cr\u00e9er une alimentation adapt\u00e9e aux besoins de chaque individu.\",\"breadcrumb\":{\"@id\":\"https:\/\/xn--maeva-zambon-ditticienne-pfcb.fr\/#breadcrumb\"},\"inLanguage\":\"en-US\",\"potentialAction\":[{\"@type\":\"ReadAction\",\"target\":[\"https:\/\/xn--maeva-zambon-ditticienne-pfcb.fr\/\"]}]},{\"@type\":\"BreadcrumbList\",\"@id\":\"https:\/\/xn--maeva-zambon-ditticienne-pfcb.fr\/#breadcrumb\",\"itemListElement\":[{\"@type\":\"ListItem\",\"position\":1,\"name\":\"Home\",\"item\":\"https:\/\/xn--maeva-zambon-ditticienne-pfcb.fr\/\"},{\"@type\":\"ListItem\",\"position\":2,\"name\":\"L&#8217;importance de la nutrition\"}]},{\"@type\":\"WebSite\",\"@id\":\"https:\/\/xn--maeva-zambon-ditticienne-pfcb.fr\/#website\",\"url\":\"https:\/\/xn--maeva-zambon-ditticienne-pfcb.fr\/\",\"name\":\"Di\u00e9t\u00e9ticienne\",\"description\":\"Maeva Zambon Di\u00e9t\u00e9ticienne-Nutritionniste \",\"potentialAction\":[{\"@type\":\"SearchAction\",\"target\":{\"@type\":\"EntryPoint\",\"urlTemplate\":\"https:\/\/xn--maeva-zambon-ditticienne-pfcb.fr\/?s={search_term_string}\"},\"query-input\":\"required name=search_term_string\"}],\"inLanguage\":\"en-US\"}]}<\/script>\n<!-- \/ Yoast SEO plugin. -->","yoast_head_json":{"title":"L'importance de la nutrition - Di\u00e9t\u00e9ticienne","description":"L'importance de la nutrition : la di\u00e9t\u00e9tique s'appuie sur cette science, pour cr\u00e9er une alimentation adapt\u00e9e aux besoins de chaque individu.","robots":{"index":"index","follow":"follow","max-snippet":"max-snippet:-1","max-image-preview":"max-image-preview:large","max-video-preview":"max-video-preview:-1"},"canonical":"https:\/\/xn--maeva-zambon-ditticienne-pfcb.fr\/","og_locale":"en_US","og_type":"article","og_title":"L'importance de la nutrition - Di\u00e9t\u00e9ticienne","og_description":"L'importance de la nutrition : la di\u00e9t\u00e9tique s'appuie sur cette science, pour cr\u00e9er une alimentation adapt\u00e9e aux besoins de chaque individu.","og_url":"https:\/\/xn--maeva-zambon-ditticienne-pfcb.fr\/","og_site_name":"Di\u00e9t\u00e9ticienne","article_modified_time":"2023-08-21T19:24:59+00:00","og_image":[{"url":"https:\/\/xn--maeva-zambon-ditticienne-pfcb.fr\/wp-content\/uploads\/2022\/03\/photo-au-cabinet-1-749x1024.jpg"}],"twitter_card":"summary_large_image","twitter_misc":{"Est. reading time":"2 minutes"},"schema":{"@context":"https:\/\/schema.org","@graph":[{"@type":"WebPage","@id":"https:\/\/xn--maeva-zambon-ditticienne-pfcb.fr\/","url":"https:\/\/xn--maeva-zambon-ditticienne-pfcb.fr\/","name":"L'importance de la nutrition - Di\u00e9t\u00e9ticienne","isPartOf":{"@id":"https:\/\/xn--maeva-zambon-ditticienne-pfcb.fr\/#website"},"datePublished":"2022-02-09T22:23:33+00:00","dateModified":"2023-08-21T19:24:59+00:00","description":"L'importance de la nutrition : la di\u00e9t\u00e9tique s'appuie sur cette science, pour cr\u00e9er une alimentation adapt\u00e9e aux besoins de chaque individu.","breadcrumb":{"@id":"https:\/\/xn--maeva-zambon-ditticienne-pfcb.fr\/#breadcrumb"},"inLanguage":"en-US","potentialAction":[{"@type":"ReadAction","target":["https:\/\/xn--maeva-zambon-ditticienne-pfcb.fr\/"]}]},{"@type":"BreadcrumbList","@id":"https:\/\/xn--maeva-zambon-ditticienne-pfcb.fr\/#breadcrumb","itemListElement":[{"@type":"ListItem","position":1,"name":"Home","item":"https:\/\/xn--maeva-zambon-ditticienne-pfcb.fr\/"},{"@type":"ListItem","position":2,"name":"L&#8217;importance de la nutrition"}]},{"@type":"WebSite","@id":"https:\/\/xn--maeva-zambon-ditticienne-pfcb.fr\/#website","url":"https:\/\/xn--maeva-zambon-ditticienne-pfcb.fr\/","name":"Di\u00e9t\u00e9ticienne","description":"Maeva Zambon Di\u00e9t\u00e9ticienne-Nutritionniste ","potentialAction":[{"@type":"SearchAction","target":{"@type":"EntryPoint","urlTemplate":"https:\/\/xn--maeva-zambon-ditticienne-pfcb.fr\/?s={search_term_string}"},"query-input":"required name=search_term_string"}],"inLanguage":"en-US"}]}},"_links":{"self":[{"href":"https:\/\/xn--maeva-zambon-ditticienne-pfcb.fr\/index.php\/wp-json\/wp\/v2\/pages\/6","targetHints":{"allow":["GET"]}}],"collection":[{"href":"https:\/\/xn--maeva-zambon-ditticienne-pfcb.fr\/index.php\/wp-json\/wp\/v2\/pages"}],"about":[{"href":"https:\/\/xn--maeva-zambon-ditticienne-pfcb.fr\/index.php\/wp-json\/wp\/v2\/types\/page"}],"author":[{"embeddable":true,"href":"https:\/\/xn--maeva-zambon-ditticienne-pfcb.fr\/index.php\/wp-json\/wp\/v2\/users\/1"}],"replies":[{"embeddable":true,"href":"https:\/\/xn--maeva-zambon-ditticienne-pfcb.fr\/index.php\/wp-json\/wp\/v2\/comments?post=6"}],"version-history":[{"count":58,"href":"https:\/\/xn--maeva-zambon-ditticienne-pfcb.fr\/index.php\/wp-json\/wp\/v2\/pages\/6\/revisions"}],"predecessor-version":[{"id":1456,"href":"https:\/\/xn--maeva-zambon-ditticienne-pfcb.fr\/index.php\/wp-json\/wp\/v2\/pages\/6\/revisions\/1456"}],"wp:attachment":[{"href":"https:\/\/xn--maeva-zambon-ditticienne-pfcb.fr\/index.php\/wp-json\/wp\/v2\/media?parent=6"}],"curies":[{"name":"wp","href":"https:\/\/api.w.org\/{rel}","templated":true}]}}