{"id":555,"date":"2022-11-14T17:43:10","date_gmt":"2022-11-14T16:43:10","guid":{"rendered":"https:\/\/dieteticiennemaevazambon.wordpress.com\/?page_id=555"},"modified":"2022-11-14T17:43:10","modified_gmt":"2022-11-14T16:43:10","slug":"galettes-de-butternut","status":"publish","type":"page","link":"https:\/\/xn--maeva-zambon-ditticienne-pfcb.fr\/index.php\/galettes-de-butternut\/","title":{"rendered":"Galettes de butternut"},"content":{"rendered":"\n<p><\/p>\n\n\n\n<h1 class=\"has-text-align-center wp-block-heading\"><strong>Ingr\u00e9dients<\/strong><\/h1>\n\n\n\n<p class=\"has-text-align-center\">Butternut<\/p>\n\n\n\n<p class=\"has-text-align-center\">1 cuill\u00e8re \u00e0 soupe rase de f\u00e9cule de pomme de terre ou de farine <strong>par personne<\/strong><\/p>\n\n\n\n<p class=\"has-text-align-center\">1\/2 \u0153uf battu <strong>par personne <\/strong><\/p>\n\n\n\n<p class=\"has-text-align-center\">Sel, poivre<\/p>\n\n\n\n<p class=\"has-text-align-center\">Noix de muscade <\/p>\n\n\n\n<p class=\"has-text-align-center\">\u00e9chalotes cisel\u00e9es (fraiches, d\u00e9shydrat\u00e9es ou surgel\u00e9es)  <\/p>\n\n\n\n<p class=\"has-text-align-center\">Autres \u00e9pices de votre choix<\/p>\n\n\n\n<p class=\"has-text-align-center\">Huile d&#8217;olive<\/p>\n\n\n\n<p><\/p>\n\n\n\n<h1 class=\"has-text-align-center wp-block-heading\"><strong>Recette<\/strong><\/h1>\n\n\n\n<p class=\"has-text-align-center\">Allumer le four \u00e0 180\u00b0C, chaleur tournante.<\/p>\n\n\n\n<p class=\"has-text-align-center\">\u00c9plucher et r\u00e2per la butternut dans un saladier.<\/p>\n\n\n\n<p class=\"has-text-align-center\">Ajouter l\u2019\u0153uf, le sel, le poivre, les \u00e9chalotes, l&#8217;huile et les \u00e9pices. <\/p>\n\n\n\n<p class=\"has-text-align-center\">Ajouter la f\u00e9cule de ma\u00efs\/farine et bien m\u00e9langer.<\/p>\n\n\n\n<p class=\"has-text-align-center\">Disposer une feuille de papier sulfuris\u00e9 sur une plaque de cuisson.<\/p>\n\n\n\n<p class=\"has-text-align-center\">Etaler la pr\u00e9paration sous forme de galettes sur la feuille sulfuris\u00e9e.<\/p>\n\n\n\n<p class=\"has-text-align-center\">Enfourner 12 min.<\/p>\n\n\n\n<p class=\"has-text-align-center\">Vous pouvez accompagner vos galettes d&#8217;une portion de produit c\u00e9r\u00e9alier et d&#8217;une portion de prot\u00e9ine (animale ou v\u00e9g\u00e9tale).<\/p>\n","protected":false},"excerpt":{"rendered":"<p>Ingr\u00e9dients Butternut 1 cuill\u00e8re \u00e0 soupe rase de f\u00e9cule de pomme de terre ou de farine par personne 1\/2 \u0153uf battu par personne Sel, poivre Noix de muscade \u00e9chalotes cisel\u00e9es (fraiches, d\u00e9shydrat\u00e9es ou surgel\u00e9es) Autres \u00e9pices de votre choix Huile d&#8217;olive Recette Allumer le four \u00e0 180\u00b0C, chaleur tournante. \u00c9plucher et r\u00e2per la butternut dans &hellip; <\/p>\n<p class=\"link-more\"><a href=\"https:\/\/xn--maeva-zambon-ditticienne-pfcb.fr\/index.php\/galettes-de-butternut\/\" class=\"more-link\">Continue reading<span class=\"screen-reader-text\"> &#8220;Galettes de butternut&#8221;<\/span><\/a><\/p>\n","protected":false},"author":1,"featured_media":0,"parent":0,"menu_order":0,"comment_status":"closed","ping_status":"closed","template":"","meta":{"footnotes":""},"class_list":["post-555","page","type-page","status-publish","hentry"],"yoast_head":"<!-- This site is optimized with the Yoast SEO plugin v22.0 - https:\/\/yoast.com\/wordpress\/plugins\/seo\/ -->\n<title>Galettes de butternut - Di\u00e9t\u00e9ticienne<\/title>\n<meta name=\"robots\" content=\"index, follow, max-snippet:-1, max-image-preview:large, max-video-preview:-1\" \/>\n<link rel=\"canonical\" href=\"https:\/\/xn--maeva-zambon-ditticienne-pfcb.fr\/index.php\/galettes-de-butternut\/\" \/>\n<meta property=\"og:locale\" content=\"en_US\" \/>\n<meta property=\"og:type\" content=\"article\" \/>\n<meta property=\"og:title\" content=\"Galettes de butternut - Di\u00e9t\u00e9ticienne\" \/>\n<meta property=\"og:description\" content=\"Ingr\u00e9dients Butternut 1 cuill\u00e8re \u00e0 soupe rase de f\u00e9cule de pomme de terre ou de farine par personne 1\/2 \u0153uf battu par personne Sel, poivre Noix de muscade \u00e9chalotes cisel\u00e9es (fraiches, d\u00e9shydrat\u00e9es ou surgel\u00e9es) Autres \u00e9pices de votre choix Huile d&#8217;olive Recette Allumer le four \u00e0 180\u00b0C, chaleur tournante. \u00c9plucher et r\u00e2per la butternut dans &hellip; Continue reading &quot;Galettes de butternut&quot;\" \/>\n<meta property=\"og:url\" content=\"https:\/\/xn--maeva-zambon-ditticienne-pfcb.fr\/index.php\/galettes-de-butternut\/\" \/>\n<meta property=\"og:site_name\" content=\"Di\u00e9t\u00e9ticienne\" \/>\n<meta name=\"twitter:card\" content=\"summary_large_image\" \/>\n<meta name=\"twitter:label1\" content=\"Est. reading time\" \/>\n\t<meta name=\"twitter:data1\" content=\"1 minute\" \/>\n<script type=\"application\/ld+json\" class=\"yoast-schema-graph\">{\"@context\":\"https:\/\/schema.org\",\"@graph\":[{\"@type\":\"WebPage\",\"@id\":\"https:\/\/xn--maeva-zambon-ditticienne-pfcb.fr\/index.php\/galettes-de-butternut\/\",\"url\":\"https:\/\/xn--maeva-zambon-ditticienne-pfcb.fr\/index.php\/galettes-de-butternut\/\",\"name\":\"Galettes de butternut - Di\u00e9t\u00e9ticienne\",\"isPartOf\":{\"@id\":\"https:\/\/xn--maeva-zambon-ditticienne-pfcb.fr\/#website\"},\"datePublished\":\"2022-11-14T16:43:10+00:00\",\"dateModified\":\"2022-11-14T16:43:10+00:00\",\"breadcrumb\":{\"@id\":\"https:\/\/xn--maeva-zambon-ditticienne-pfcb.fr\/index.php\/galettes-de-butternut\/#breadcrumb\"},\"inLanguage\":\"en-US\",\"potentialAction\":[{\"@type\":\"ReadAction\",\"target\":[\"https:\/\/xn--maeva-zambon-ditticienne-pfcb.fr\/index.php\/galettes-de-butternut\/\"]}]},{\"@type\":\"BreadcrumbList\",\"@id\":\"https:\/\/xn--maeva-zambon-ditticienne-pfcb.fr\/index.php\/galettes-de-butternut\/#breadcrumb\",\"itemListElement\":[{\"@type\":\"ListItem\",\"position\":1,\"name\":\"Home\",\"item\":\"https:\/\/xn--maeva-zambon-ditticienne-pfcb.fr\/\"},{\"@type\":\"ListItem\",\"position\":2,\"name\":\"Galettes de butternut\"}]},{\"@type\":\"WebSite\",\"@id\":\"https:\/\/xn--maeva-zambon-ditticienne-pfcb.fr\/#website\",\"url\":\"https:\/\/xn--maeva-zambon-ditticienne-pfcb.fr\/\",\"name\":\"Di\u00e9t\u00e9ticienne\",\"description\":\"Maeva Zambon Di\u00e9t\u00e9ticienne-Nutritionniste \",\"potentialAction\":[{\"@type\":\"SearchAction\",\"target\":{\"@type\":\"EntryPoint\",\"urlTemplate\":\"https:\/\/xn--maeva-zambon-ditticienne-pfcb.fr\/?s={search_term_string}\"},\"query-input\":\"required name=search_term_string\"}],\"inLanguage\":\"en-US\"}]}<\/script>\n<!-- \/ Yoast SEO plugin. -->","yoast_head_json":{"title":"Galettes de butternut - Di\u00e9t\u00e9ticienne","robots":{"index":"index","follow":"follow","max-snippet":"max-snippet:-1","max-image-preview":"max-image-preview:large","max-video-preview":"max-video-preview:-1"},"canonical":"https:\/\/xn--maeva-zambon-ditticienne-pfcb.fr\/index.php\/galettes-de-butternut\/","og_locale":"en_US","og_type":"article","og_title":"Galettes de butternut - Di\u00e9t\u00e9ticienne","og_description":"Ingr\u00e9dients Butternut 1 cuill\u00e8re \u00e0 soupe rase de f\u00e9cule de pomme de terre ou de farine par personne 1\/2 \u0153uf battu par personne Sel, poivre Noix de muscade \u00e9chalotes cisel\u00e9es (fraiches, d\u00e9shydrat\u00e9es ou surgel\u00e9es) Autres \u00e9pices de votre choix Huile d&#8217;olive Recette Allumer le four \u00e0 180\u00b0C, chaleur tournante. \u00c9plucher et r\u00e2per la butternut dans &hellip; Continue reading \"Galettes de butternut\"","og_url":"https:\/\/xn--maeva-zambon-ditticienne-pfcb.fr\/index.php\/galettes-de-butternut\/","og_site_name":"Di\u00e9t\u00e9ticienne","twitter_card":"summary_large_image","twitter_misc":{"Est. reading time":"1 minute"},"schema":{"@context":"https:\/\/schema.org","@graph":[{"@type":"WebPage","@id":"https:\/\/xn--maeva-zambon-ditticienne-pfcb.fr\/index.php\/galettes-de-butternut\/","url":"https:\/\/xn--maeva-zambon-ditticienne-pfcb.fr\/index.php\/galettes-de-butternut\/","name":"Galettes de butternut - Di\u00e9t\u00e9ticienne","isPartOf":{"@id":"https:\/\/xn--maeva-zambon-ditticienne-pfcb.fr\/#website"},"datePublished":"2022-11-14T16:43:10+00:00","dateModified":"2022-11-14T16:43:10+00:00","breadcrumb":{"@id":"https:\/\/xn--maeva-zambon-ditticienne-pfcb.fr\/index.php\/galettes-de-butternut\/#breadcrumb"},"inLanguage":"en-US","potentialAction":[{"@type":"ReadAction","target":["https:\/\/xn--maeva-zambon-ditticienne-pfcb.fr\/index.php\/galettes-de-butternut\/"]}]},{"@type":"BreadcrumbList","@id":"https:\/\/xn--maeva-zambon-ditticienne-pfcb.fr\/index.php\/galettes-de-butternut\/#breadcrumb","itemListElement":[{"@type":"ListItem","position":1,"name":"Home","item":"https:\/\/xn--maeva-zambon-ditticienne-pfcb.fr\/"},{"@type":"ListItem","position":2,"name":"Galettes de butternut"}]},{"@type":"WebSite","@id":"https:\/\/xn--maeva-zambon-ditticienne-pfcb.fr\/#website","url":"https:\/\/xn--maeva-zambon-ditticienne-pfcb.fr\/","name":"Di\u00e9t\u00e9ticienne","description":"Maeva Zambon Di\u00e9t\u00e9ticienne-Nutritionniste ","potentialAction":[{"@type":"SearchAction","target":{"@type":"EntryPoint","urlTemplate":"https:\/\/xn--maeva-zambon-ditticienne-pfcb.fr\/?s={search_term_string}"},"query-input":"required name=search_term_string"}],"inLanguage":"en-US"}]}},"_links":{"self":[{"href":"https:\/\/xn--maeva-zambon-ditticienne-pfcb.fr\/index.php\/wp-json\/wp\/v2\/pages\/555","targetHints":{"allow":["GET"]}}],"collection":[{"href":"https:\/\/xn--maeva-zambon-ditticienne-pfcb.fr\/index.php\/wp-json\/wp\/v2\/pages"}],"about":[{"href":"https:\/\/xn--maeva-zambon-ditticienne-pfcb.fr\/index.php\/wp-json\/wp\/v2\/types\/page"}],"author":[{"embeddable":true,"href":"https:\/\/xn--maeva-zambon-ditticienne-pfcb.fr\/index.php\/wp-json\/wp\/v2\/users\/1"}],"replies":[{"embeddable":true,"href":"https:\/\/xn--maeva-zambon-ditticienne-pfcb.fr\/index.php\/wp-json\/wp\/v2\/comments?post=555"}],"version-history":[{"count":0,"href":"https:\/\/xn--maeva-zambon-ditticienne-pfcb.fr\/index.php\/wp-json\/wp\/v2\/pages\/555\/revisions"}],"wp:attachment":[{"href":"https:\/\/xn--maeva-zambon-ditticienne-pfcb.fr\/index.php\/wp-json\/wp\/v2\/media?parent=555"}],"curies":[{"name":"wp","href":"https:\/\/api.w.org\/{rel}","templated":true}]}}