{"id":532,"date":"2022-09-13T11:30:50","date_gmt":"2022-09-13T09:30:50","guid":{"rendered":"https:\/\/dieteticiennemaevazambon.wordpress.com\/?page_id=532"},"modified":"2023-08-20T01:07:12","modified_gmt":"2023-08-20T01:07:12","slug":"mayonnaise-allegee","status":"publish","type":"page","link":"https:\/\/xn--maeva-zambon-ditticienne-pfcb.fr\/index.php\/mayonnaise-allegee\/","title":{"rendered":"Mayonnaise all\u00e9g\u00e9e"},"content":{"rendered":"\n<div style=\"height:100px\" aria-hidden=\"true\" class=\"wp-block-spacer\"><\/div>\n\n\n\n<figure class=\"wp-block-image size-large\"><img loading=\"lazy\" decoding=\"async\" width=\"525\" height=\"525\" src=\"https:\/\/i0.wp.com\/xn--maeva-zambon-ditticienne-pfcb.fr\/wp-content\/uploads\/2023\/08\/open-uri20201029-78-1quao20-1024x1024.webp?resize=525%2C525&#038;ssl=1\" alt=\"Mayonnaise all\u00e9g\u00e9e\" class=\"wp-image-1543\" srcset=\"https:\/\/i0.wp.com\/xn--maeva-zambon-ditticienne-pfcb.fr\/wp-content\/uploads\/2023\/08\/open-uri20201029-78-1quao20-jpg.webp?w=1024&amp;ssl=1 1024w, https:\/\/i0.wp.com\/xn--maeva-zambon-ditticienne-pfcb.fr\/wp-content\/uploads\/2023\/08\/open-uri20201029-78-1quao20-jpg.webp?resize=300%2C300&amp;ssl=1 300w, https:\/\/i0.wp.com\/xn--maeva-zambon-ditticienne-pfcb.fr\/wp-content\/uploads\/2023\/08\/open-uri20201029-78-1quao20-jpg.webp?resize=150%2C150&amp;ssl=1 150w, https:\/\/i0.wp.com\/xn--maeva-zambon-ditticienne-pfcb.fr\/wp-content\/uploads\/2023\/08\/open-uri20201029-78-1quao20-jpg.webp?resize=768%2C768&amp;ssl=1 768w, https:\/\/i0.wp.com\/xn--maeva-zambon-ditticienne-pfcb.fr\/wp-content\/uploads\/2023\/08\/open-uri20201029-78-1quao20-jpg.webp?resize=100%2C100&amp;ssl=1 100w\" sizes=\"auto, (max-width: 767px) 89vw, (max-width: 1000px) 54vw, (max-width: 1071px) 543px, 580px\" data-recalc-dims=\"1\" \/><\/figure>\n\n\n\n<div style=\"height:100px\" aria-hidden=\"true\" class=\"wp-block-spacer\"><\/div>\n\n\n\n<p>D\u00e9couvrer une mayonnaise all\u00e9g\u00e9e est une sauce onctueuse et savoureuse, mais avec moins de calories que la version traditionnelle<\/p>\n\n\n\n<h1 class=\"has-text-align-center wp-block-heading\"><strong>Ingr\u00e9dients<\/strong> <strong>pour 4 portions<\/strong><\/h1>\n\n\n\n<p class=\"has-text-align-center\">1 \u0153uf<\/p>\n\n\n\n<p class=\"has-text-align-center\">15 cl d&#8217;huile d&#8217;olive ou tournesol<\/p>\n\n\n\n<p class=\"has-text-align-center\">5 g de moutarde fine<\/p>\n\n\n\n<p class=\"has-text-align-center\">5 ml de vinaigre de Vin<\/p>\n\n\n\n<p class=\"has-text-align-center\">Sel, poivre<\/p>\n\n\n\n<h1 class=\"has-text-align-center wp-block-heading\"><strong>Recette<\/strong><\/h1>\n\n\n\n<p class=\"has-text-align-center\">Casser l&#8217;\u0153uf et s\u00e9parer le blanc du jaune.<\/p>\n\n\n\n<p class=\"has-text-align-center\">Dans un saladier mettre le jaune, la moutarde, le vinaigre, un peu de sel et de poivre. <\/p>\n\n\n\n<p class=\"has-text-align-center\">M\u00e9langer les ingr\u00e9dients au batteur, puis ajouter l&#8217;huile en filet progressivement tout en continuant \u00e0 battre.&nbsp;<\/p>\n\n\n\n<p class=\"has-text-align-center\">Une fois la mayonnaise mont\u00e9e, conserver la au frais le temps de monter le blanc d&#8217;\u0153uf en neige. (Bien nettoyer les bras du batteur sinon le blanc ne montera pas.)<\/p>\n\n\n\n<p class=\"has-text-align-center\">Incorporer 1\/2 \u00e0 un blanc entier \u00e0 la mayonnaise,&nbsp;\u00e0 l&#8217;aide d&#8217;une Maryse.<\/p>\n\n\n\n<p class=\"has-text-align-center\">Conserver la mayonnaise dans un emballage herm\u00e9tique, au frigo, maximum 3 jours.<\/p>\n","protected":false},"excerpt":{"rendered":"<p>D\u00e9couvrer une mayonnaise all\u00e9g\u00e9e est une sauce onctueuse et savoureuse, mais avec moins de calories que la version traditionnelle Ingr\u00e9dients pour 4 portions 1 \u0153uf 15 cl d&#8217;huile d&#8217;olive ou tournesol 5 g de moutarde fine 5 ml de vinaigre de Vin Sel, poivre Recette Casser l&#8217;\u0153uf et s\u00e9parer le blanc du jaune. Dans un &hellip; <\/p>\n<p class=\"link-more\"><a href=\"https:\/\/xn--maeva-zambon-ditticienne-pfcb.fr\/index.php\/mayonnaise-allegee\/\" class=\"more-link\">Continue reading<span class=\"screen-reader-text\"> &#8220;Mayonnaise all\u00e9g\u00e9e&#8221;<\/span><\/a><\/p>\n","protected":false},"author":1,"featured_media":0,"parent":0,"menu_order":0,"comment_status":"closed","ping_status":"closed","template":"","meta":{"footnotes":""},"class_list":["post-532","page","type-page","status-publish","hentry"],"yoast_head":"<!-- This site is optimized with the Yoast SEO plugin v22.0 - https:\/\/yoast.com\/wordpress\/plugins\/seo\/ -->\n<title>Mayonnaise all\u00e9g\u00e9e - Di\u00e9t\u00e9ticienne<\/title>\n<meta name=\"description\" content=\"D\u00e9couvrer une mayonnaise all\u00e9g\u00e9e est une sauce onctueuse et savoureuse, mais avec moins de calories que la version traditionnelle\" \/>\n<meta name=\"robots\" content=\"index, follow, max-snippet:-1, max-image-preview:large, max-video-preview:-1\" \/>\n<link rel=\"canonical\" href=\"https:\/\/xn--maeva-zambon-ditticienne-pfcb.fr\/index.php\/mayonnaise-allegee\/\" \/>\n<meta property=\"og:locale\" content=\"en_US\" \/>\n<meta property=\"og:type\" content=\"article\" \/>\n<meta property=\"og:title\" content=\"Mayonnaise all\u00e9g\u00e9e - Di\u00e9t\u00e9ticienne\" \/>\n<meta property=\"og:description\" content=\"D\u00e9couvrer une mayonnaise all\u00e9g\u00e9e est une sauce onctueuse et savoureuse, mais avec moins de calories que la version traditionnelle\" \/>\n<meta property=\"og:url\" content=\"https:\/\/xn--maeva-zambon-ditticienne-pfcb.fr\/index.php\/mayonnaise-allegee\/\" \/>\n<meta property=\"og:site_name\" content=\"Di\u00e9t\u00e9ticienne\" \/>\n<meta property=\"article:modified_time\" content=\"2023-08-20T01:07:12+00:00\" \/>\n<meta property=\"og:image\" content=\"https:\/\/xn--maeva-zambon-ditticienne-pfcb.fr\/wp-content\/uploads\/2023\/08\/open-uri20201029-78-1quao20-1024x1024.webp\" \/>\n<meta name=\"twitter:card\" content=\"summary_large_image\" \/>\n<meta name=\"twitter:label1\" content=\"Est. reading time\" \/>\n\t<meta name=\"twitter:data1\" content=\"1 minute\" \/>\n<script type=\"application\/ld+json\" class=\"yoast-schema-graph\">{\"@context\":\"https:\/\/schema.org\",\"@graph\":[{\"@type\":\"WebPage\",\"@id\":\"https:\/\/xn--maeva-zambon-ditticienne-pfcb.fr\/index.php\/mayonnaise-allegee\/\",\"url\":\"https:\/\/xn--maeva-zambon-ditticienne-pfcb.fr\/index.php\/mayonnaise-allegee\/\",\"name\":\"Mayonnaise all\u00e9g\u00e9e - Di\u00e9t\u00e9ticienne\",\"isPartOf\":{\"@id\":\"https:\/\/xn--maeva-zambon-ditticienne-pfcb.fr\/#website\"},\"datePublished\":\"2022-09-13T09:30:50+00:00\",\"dateModified\":\"2023-08-20T01:07:12+00:00\",\"description\":\"D\u00e9couvrer une mayonnaise all\u00e9g\u00e9e est une sauce onctueuse et savoureuse, mais avec moins de calories que la version traditionnelle\",\"breadcrumb\":{\"@id\":\"https:\/\/xn--maeva-zambon-ditticienne-pfcb.fr\/index.php\/mayonnaise-allegee\/#breadcrumb\"},\"inLanguage\":\"en-US\",\"potentialAction\":[{\"@type\":\"ReadAction\",\"target\":[\"https:\/\/xn--maeva-zambon-ditticienne-pfcb.fr\/index.php\/mayonnaise-allegee\/\"]}]},{\"@type\":\"BreadcrumbList\",\"@id\":\"https:\/\/xn--maeva-zambon-ditticienne-pfcb.fr\/index.php\/mayonnaise-allegee\/#breadcrumb\",\"itemListElement\":[{\"@type\":\"ListItem\",\"position\":1,\"name\":\"Home\",\"item\":\"https:\/\/xn--maeva-zambon-ditticienne-pfcb.fr\/\"},{\"@type\":\"ListItem\",\"position\":2,\"name\":\"Mayonnaise all\u00e9g\u00e9e\"}]},{\"@type\":\"WebSite\",\"@id\":\"https:\/\/xn--maeva-zambon-ditticienne-pfcb.fr\/#website\",\"url\":\"https:\/\/xn--maeva-zambon-ditticienne-pfcb.fr\/\",\"name\":\"Di\u00e9t\u00e9ticienne\",\"description\":\"Maeva Zambon Di\u00e9t\u00e9ticienne-Nutritionniste \",\"potentialAction\":[{\"@type\":\"SearchAction\",\"target\":{\"@type\":\"EntryPoint\",\"urlTemplate\":\"https:\/\/xn--maeva-zambon-ditticienne-pfcb.fr\/?s={search_term_string}\"},\"query-input\":\"required name=search_term_string\"}],\"inLanguage\":\"en-US\"}]}<\/script>\n<!-- \/ Yoast SEO plugin. -->","yoast_head_json":{"title":"Mayonnaise all\u00e9g\u00e9e - Di\u00e9t\u00e9ticienne","description":"D\u00e9couvrer une mayonnaise all\u00e9g\u00e9e est une sauce onctueuse et savoureuse, mais avec moins de calories que la version traditionnelle","robots":{"index":"index","follow":"follow","max-snippet":"max-snippet:-1","max-image-preview":"max-image-preview:large","max-video-preview":"max-video-preview:-1"},"canonical":"https:\/\/xn--maeva-zambon-ditticienne-pfcb.fr\/index.php\/mayonnaise-allegee\/","og_locale":"en_US","og_type":"article","og_title":"Mayonnaise all\u00e9g\u00e9e - Di\u00e9t\u00e9ticienne","og_description":"D\u00e9couvrer une mayonnaise all\u00e9g\u00e9e est une sauce onctueuse et savoureuse, mais avec moins de calories que la version traditionnelle","og_url":"https:\/\/xn--maeva-zambon-ditticienne-pfcb.fr\/index.php\/mayonnaise-allegee\/","og_site_name":"Di\u00e9t\u00e9ticienne","article_modified_time":"2023-08-20T01:07:12+00:00","og_image":[{"url":"https:\/\/xn--maeva-zambon-ditticienne-pfcb.fr\/wp-content\/uploads\/2023\/08\/open-uri20201029-78-1quao20-1024x1024.webp"}],"twitter_card":"summary_large_image","twitter_misc":{"Est. reading time":"1 minute"},"schema":{"@context":"https:\/\/schema.org","@graph":[{"@type":"WebPage","@id":"https:\/\/xn--maeva-zambon-ditticienne-pfcb.fr\/index.php\/mayonnaise-allegee\/","url":"https:\/\/xn--maeva-zambon-ditticienne-pfcb.fr\/index.php\/mayonnaise-allegee\/","name":"Mayonnaise all\u00e9g\u00e9e - Di\u00e9t\u00e9ticienne","isPartOf":{"@id":"https:\/\/xn--maeva-zambon-ditticienne-pfcb.fr\/#website"},"datePublished":"2022-09-13T09:30:50+00:00","dateModified":"2023-08-20T01:07:12+00:00","description":"D\u00e9couvrer une mayonnaise all\u00e9g\u00e9e est une sauce onctueuse et savoureuse, mais avec moins de calories que la version traditionnelle","breadcrumb":{"@id":"https:\/\/xn--maeva-zambon-ditticienne-pfcb.fr\/index.php\/mayonnaise-allegee\/#breadcrumb"},"inLanguage":"en-US","potentialAction":[{"@type":"ReadAction","target":["https:\/\/xn--maeva-zambon-ditticienne-pfcb.fr\/index.php\/mayonnaise-allegee\/"]}]},{"@type":"BreadcrumbList","@id":"https:\/\/xn--maeva-zambon-ditticienne-pfcb.fr\/index.php\/mayonnaise-allegee\/#breadcrumb","itemListElement":[{"@type":"ListItem","position":1,"name":"Home","item":"https:\/\/xn--maeva-zambon-ditticienne-pfcb.fr\/"},{"@type":"ListItem","position":2,"name":"Mayonnaise all\u00e9g\u00e9e"}]},{"@type":"WebSite","@id":"https:\/\/xn--maeva-zambon-ditticienne-pfcb.fr\/#website","url":"https:\/\/xn--maeva-zambon-ditticienne-pfcb.fr\/","name":"Di\u00e9t\u00e9ticienne","description":"Maeva Zambon Di\u00e9t\u00e9ticienne-Nutritionniste ","potentialAction":[{"@type":"SearchAction","target":{"@type":"EntryPoint","urlTemplate":"https:\/\/xn--maeva-zambon-ditticienne-pfcb.fr\/?s={search_term_string}"},"query-input":"required name=search_term_string"}],"inLanguage":"en-US"}]}},"_links":{"self":[{"href":"https:\/\/xn--maeva-zambon-ditticienne-pfcb.fr\/index.php\/wp-json\/wp\/v2\/pages\/532","targetHints":{"allow":["GET"]}}],"collection":[{"href":"https:\/\/xn--maeva-zambon-ditticienne-pfcb.fr\/index.php\/wp-json\/wp\/v2\/pages"}],"about":[{"href":"https:\/\/xn--maeva-zambon-ditticienne-pfcb.fr\/index.php\/wp-json\/wp\/v2\/types\/page"}],"author":[{"embeddable":true,"href":"https:\/\/xn--maeva-zambon-ditticienne-pfcb.fr\/index.php\/wp-json\/wp\/v2\/users\/1"}],"replies":[{"embeddable":true,"href":"https:\/\/xn--maeva-zambon-ditticienne-pfcb.fr\/index.php\/wp-json\/wp\/v2\/comments?post=532"}],"version-history":[{"count":3,"href":"https:\/\/xn--maeva-zambon-ditticienne-pfcb.fr\/index.php\/wp-json\/wp\/v2\/pages\/532\/revisions"}],"predecessor-version":[{"id":1546,"href":"https:\/\/xn--maeva-zambon-ditticienne-pfcb.fr\/index.php\/wp-json\/wp\/v2\/pages\/532\/revisions\/1546"}],"wp:attachment":[{"href":"https:\/\/xn--maeva-zambon-ditticienne-pfcb.fr\/index.php\/wp-json\/wp\/v2\/media?parent=532"}],"curies":[{"name":"wp","href":"https:\/\/api.w.org\/{rel}","templated":true}]}}