{"id":520,"date":"2022-09-09T11:17:29","date_gmt":"2022-09-09T09:17:29","guid":{"rendered":"https:\/\/dieteticiennemaevazambon.wordpress.com\/?page_id=520"},"modified":"2023-08-20T01:03:21","modified_gmt":"2023-08-20T01:03:21","slug":"cookies-2","status":"publish","type":"page","link":"https:\/\/xn--maeva-zambon-ditticienne-pfcb.fr\/index.php\/cookies-2\/","title":{"rendered":"Cookies"},"content":{"rendered":"\n<div style=\"height:100px\" aria-hidden=\"true\" class=\"wp-block-spacer\"><\/div>\n\n\n\n<figure class=\"wp-block-image size-full\"><img loading=\"lazy\" decoding=\"async\" width=\"525\" height=\"525\" src=\"https:\/\/i0.wp.com\/xn--maeva-zambon-ditticienne-pfcb.fr\/wp-content\/uploads\/2023\/08\/i123809-gateau-cookie-de-bara.webp?resize=525%2C525&#038;ssl=1\" alt=\"\" class=\"wp-image-1540\" srcset=\"https:\/\/i0.wp.com\/xn--maeva-zambon-ditticienne-pfcb.fr\/wp-content\/uploads\/2023\/08\/i123809-gateau-cookie-de-bara.webp?w=660&amp;ssl=1 660w, https:\/\/i0.wp.com\/xn--maeva-zambon-ditticienne-pfcb.fr\/wp-content\/uploads\/2023\/08\/i123809-gateau-cookie-de-bara.webp?resize=300%2C300&amp;ssl=1 300w, https:\/\/i0.wp.com\/xn--maeva-zambon-ditticienne-pfcb.fr\/wp-content\/uploads\/2023\/08\/i123809-gateau-cookie-de-bara.webp?resize=150%2C150&amp;ssl=1 150w, https:\/\/i0.wp.com\/xn--maeva-zambon-ditticienne-pfcb.fr\/wp-content\/uploads\/2023\/08\/i123809-gateau-cookie-de-bara.webp?resize=100%2C100&amp;ssl=1 100w\" sizes=\"auto, (max-width: 525px) 100vw, 525px\" data-recalc-dims=\"1\" \/><\/figure>\n\n\n\n<div style=\"height:100px\" aria-hidden=\"true\" class=\"wp-block-spacer\"><\/div>\n\n\n\n<p><\/p>\n\n\n\n<h1 class=\"has-text-align-center wp-block-heading\"><strong>Ingr\u00e9dients<\/strong><\/h1>\n\n\n\n<p class=\"has-text-align-center\">Pour 5 cookies portion enfant :<\/p>\n\n\n\n<p class=\"has-text-align-center\">100 g de farine <\/p>\n\n\n\n<p class=\"has-text-align-center\">40g de sucre roux<\/p>\n\n\n\n<p class=\"has-text-align-center\">Vanille en poudre <\/p>\n\n\n\n<p class=\"has-text-align-center\">(si utilisation d&#8217;un sachet de sucre vanill\u00e9 soustraire le poids du sachet au poids du sucre roux)<\/p>\n\n\n\n<p class=\"has-text-align-center\">1\/2 \u0153uf battu <\/p>\n\n\n\n<p class=\"has-text-align-center\">50 g de chocolat au lait <\/p>\n\n\n\n<p class=\"has-text-align-center\">40 g de beurre ou 33 g d&#8217;huile de coco<\/p>\n\n\n\n<p class=\"has-text-align-center\">1 petite pinc\u00e9e de sel<\/p>\n\n\n\n<h1 class=\"has-text-align-center wp-block-heading\"><strong>Recette<\/strong><\/h1>\n\n\n\n<p class=\"has-text-align-center\">Pr\u00e9chauffer votre four \u00e0 180\u00b0C.<\/p>\n\n\n\n<p class=\"has-text-align-center\">Couper le chocolat en petits morceaux (sauf si vous avez d\u00e9j\u00e0 des p\u00e9pites).<\/p>\n\n\n\n<p class=\"has-text-align-center\">M\u00e9langer d&#8217;abord l&#8217;\u0153uf battu, le beurre fondu (ou l&#8217;huile de coco), le sucre et le sel. <\/p>\n\n\n\n<p class=\"has-text-align-center\">Ajouter la farine, bien m\u00e9langer.<\/p>\n\n\n\n<p class=\"has-text-align-center\">Puis ajouter le chocolat.<\/p>\n\n\n\n<p class=\"has-text-align-center\">Sur une plaque couverte d&#8217;un papier sulfuris\u00e9, former les 5 cookies (forme ronde et aplatie). <\/p>\n\n\n\n<p class=\"has-text-align-center\">Puis enfourner 10 \u00e0 15min, en fonction de vos pr\u00e9f\u00e9rences (du plus moelleux au plus croustillant).<\/p>\n\n\n\n<p> <\/p>\n\n\n\n<div class=\"wp-block-buttons is-layout-flex wp-block-buttons-is-layout-flex\">\n<div class=\"wp-block-button aligncenter\"><a class=\"wp-block-button__link wp-element-button\" href=\"https:\/\/xn--maeva-zambon-ditticienne-pfcb.fr\/index.php\/deroulement-des-consultations\/\">D\u00e9couvrez plus de recettes adapt\u00e9es a vos besoins <\/a><\/div>\n<\/div>\n","protected":false},"excerpt":{"rendered":"<p>Ingr\u00e9dients Pour 5 cookies portion enfant : 100 g de farine 40g de sucre roux Vanille en poudre (si utilisation d&#8217;un sachet de sucre vanill\u00e9 soustraire le poids du sachet au poids du sucre roux) 1\/2 \u0153uf battu 50 g de chocolat au lait 40 g de beurre ou 33 g d&#8217;huile de coco 1 &hellip; <\/p>\n<p class=\"link-more\"><a href=\"https:\/\/xn--maeva-zambon-ditticienne-pfcb.fr\/index.php\/cookies-2\/\" class=\"more-link\">Continue reading<span class=\"screen-reader-text\"> &#8220;Cookies&#8221;<\/span><\/a><\/p>\n","protected":false},"author":1,"featured_media":0,"parent":0,"menu_order":0,"comment_status":"closed","ping_status":"closed","template":"","meta":{"footnotes":""},"class_list":["post-520","page","type-page","status-publish","hentry"],"yoast_head":"<!-- This site is optimized with the Yoast SEO plugin v22.0 - https:\/\/yoast.com\/wordpress\/plugins\/seo\/ -->\n<title>Cookies - Di\u00e9t\u00e9ticienne<\/title>\n<meta name=\"robots\" content=\"index, follow, max-snippet:-1, max-image-preview:large, max-video-preview:-1\" \/>\n<link rel=\"canonical\" href=\"https:\/\/xn--maeva-zambon-ditticienne-pfcb.fr\/index.php\/cookies-2\/\" \/>\n<meta property=\"og:locale\" content=\"en_US\" \/>\n<meta property=\"og:type\" content=\"article\" \/>\n<meta property=\"og:title\" content=\"Cookies - Di\u00e9t\u00e9ticienne\" \/>\n<meta property=\"og:description\" content=\"Ingr\u00e9dients Pour 5 cookies portion enfant : 100 g de farine 40g de sucre roux Vanille en poudre (si utilisation d&#8217;un sachet de sucre vanill\u00e9 soustraire le poids du sachet au poids du sucre roux) 1\/2 \u0153uf battu 50 g de chocolat au lait 40 g de beurre ou 33 g d&#8217;huile de coco 1 &hellip; Continue reading &quot;Cookies&quot;\" \/>\n<meta property=\"og:url\" content=\"https:\/\/xn--maeva-zambon-ditticienne-pfcb.fr\/index.php\/cookies-2\/\" \/>\n<meta property=\"og:site_name\" content=\"Di\u00e9t\u00e9ticienne\" \/>\n<meta property=\"article:modified_time\" content=\"2023-08-20T01:03:21+00:00\" \/>\n<meta property=\"og:image\" content=\"https:\/\/xn--maeva-zambon-ditticienne-pfcb.fr\/wp-content\/uploads\/2023\/08\/i123809-gateau-cookie-de-bara.webp\" \/>\n<meta name=\"twitter:card\" content=\"summary_large_image\" \/>\n<meta name=\"twitter:label1\" content=\"Est. reading time\" \/>\n\t<meta name=\"twitter:data1\" content=\"1 minute\" \/>\n<script type=\"application\/ld+json\" class=\"yoast-schema-graph\">{\"@context\":\"https:\/\/schema.org\",\"@graph\":[{\"@type\":\"WebPage\",\"@id\":\"https:\/\/xn--maeva-zambon-ditticienne-pfcb.fr\/index.php\/cookies-2\/\",\"url\":\"https:\/\/xn--maeva-zambon-ditticienne-pfcb.fr\/index.php\/cookies-2\/\",\"name\":\"Cookies - Di\u00e9t\u00e9ticienne\",\"isPartOf\":{\"@id\":\"https:\/\/xn--maeva-zambon-ditticienne-pfcb.fr\/#website\"},\"datePublished\":\"2022-09-09T09:17:29+00:00\",\"dateModified\":\"2023-08-20T01:03:21+00:00\",\"breadcrumb\":{\"@id\":\"https:\/\/xn--maeva-zambon-ditticienne-pfcb.fr\/index.php\/cookies-2\/#breadcrumb\"},\"inLanguage\":\"en-US\",\"potentialAction\":[{\"@type\":\"ReadAction\",\"target\":[\"https:\/\/xn--maeva-zambon-ditticienne-pfcb.fr\/index.php\/cookies-2\/\"]}]},{\"@type\":\"BreadcrumbList\",\"@id\":\"https:\/\/xn--maeva-zambon-ditticienne-pfcb.fr\/index.php\/cookies-2\/#breadcrumb\",\"itemListElement\":[{\"@type\":\"ListItem\",\"position\":1,\"name\":\"Home\",\"item\":\"https:\/\/xn--maeva-zambon-ditticienne-pfcb.fr\/\"},{\"@type\":\"ListItem\",\"position\":2,\"name\":\"Cookies\"}]},{\"@type\":\"WebSite\",\"@id\":\"https:\/\/xn--maeva-zambon-ditticienne-pfcb.fr\/#website\",\"url\":\"https:\/\/xn--maeva-zambon-ditticienne-pfcb.fr\/\",\"name\":\"Di\u00e9t\u00e9ticienne\",\"description\":\"Maeva Zambon Di\u00e9t\u00e9ticienne-Nutritionniste \",\"potentialAction\":[{\"@type\":\"SearchAction\",\"target\":{\"@type\":\"EntryPoint\",\"urlTemplate\":\"https:\/\/xn--maeva-zambon-ditticienne-pfcb.fr\/?s={search_term_string}\"},\"query-input\":\"required name=search_term_string\"}],\"inLanguage\":\"en-US\"}]}<\/script>\n<!-- \/ Yoast SEO plugin. -->","yoast_head_json":{"title":"Cookies - Di\u00e9t\u00e9ticienne","robots":{"index":"index","follow":"follow","max-snippet":"max-snippet:-1","max-image-preview":"max-image-preview:large","max-video-preview":"max-video-preview:-1"},"canonical":"https:\/\/xn--maeva-zambon-ditticienne-pfcb.fr\/index.php\/cookies-2\/","og_locale":"en_US","og_type":"article","og_title":"Cookies - Di\u00e9t\u00e9ticienne","og_description":"Ingr\u00e9dients Pour 5 cookies portion enfant : 100 g de farine 40g de sucre roux Vanille en poudre (si utilisation d&#8217;un sachet de sucre vanill\u00e9 soustraire le poids du sachet au poids du sucre roux) 1\/2 \u0153uf battu 50 g de chocolat au lait 40 g de beurre ou 33 g d&#8217;huile de coco 1 &hellip; Continue reading \"Cookies\"","og_url":"https:\/\/xn--maeva-zambon-ditticienne-pfcb.fr\/index.php\/cookies-2\/","og_site_name":"Di\u00e9t\u00e9ticienne","article_modified_time":"2023-08-20T01:03:21+00:00","og_image":[{"url":"https:\/\/xn--maeva-zambon-ditticienne-pfcb.fr\/wp-content\/uploads\/2023\/08\/i123809-gateau-cookie-de-bara.webp"}],"twitter_card":"summary_large_image","twitter_misc":{"Est. reading time":"1 minute"},"schema":{"@context":"https:\/\/schema.org","@graph":[{"@type":"WebPage","@id":"https:\/\/xn--maeva-zambon-ditticienne-pfcb.fr\/index.php\/cookies-2\/","url":"https:\/\/xn--maeva-zambon-ditticienne-pfcb.fr\/index.php\/cookies-2\/","name":"Cookies - Di\u00e9t\u00e9ticienne","isPartOf":{"@id":"https:\/\/xn--maeva-zambon-ditticienne-pfcb.fr\/#website"},"datePublished":"2022-09-09T09:17:29+00:00","dateModified":"2023-08-20T01:03:21+00:00","breadcrumb":{"@id":"https:\/\/xn--maeva-zambon-ditticienne-pfcb.fr\/index.php\/cookies-2\/#breadcrumb"},"inLanguage":"en-US","potentialAction":[{"@type":"ReadAction","target":["https:\/\/xn--maeva-zambon-ditticienne-pfcb.fr\/index.php\/cookies-2\/"]}]},{"@type":"BreadcrumbList","@id":"https:\/\/xn--maeva-zambon-ditticienne-pfcb.fr\/index.php\/cookies-2\/#breadcrumb","itemListElement":[{"@type":"ListItem","position":1,"name":"Home","item":"https:\/\/xn--maeva-zambon-ditticienne-pfcb.fr\/"},{"@type":"ListItem","position":2,"name":"Cookies"}]},{"@type":"WebSite","@id":"https:\/\/xn--maeva-zambon-ditticienne-pfcb.fr\/#website","url":"https:\/\/xn--maeva-zambon-ditticienne-pfcb.fr\/","name":"Di\u00e9t\u00e9ticienne","description":"Maeva Zambon Di\u00e9t\u00e9ticienne-Nutritionniste ","potentialAction":[{"@type":"SearchAction","target":{"@type":"EntryPoint","urlTemplate":"https:\/\/xn--maeva-zambon-ditticienne-pfcb.fr\/?s={search_term_string}"},"query-input":"required name=search_term_string"}],"inLanguage":"en-US"}]}},"_links":{"self":[{"href":"https:\/\/xn--maeva-zambon-ditticienne-pfcb.fr\/index.php\/wp-json\/wp\/v2\/pages\/520","targetHints":{"allow":["GET"]}}],"collection":[{"href":"https:\/\/xn--maeva-zambon-ditticienne-pfcb.fr\/index.php\/wp-json\/wp\/v2\/pages"}],"about":[{"href":"https:\/\/xn--maeva-zambon-ditticienne-pfcb.fr\/index.php\/wp-json\/wp\/v2\/types\/page"}],"author":[{"embeddable":true,"href":"https:\/\/xn--maeva-zambon-ditticienne-pfcb.fr\/index.php\/wp-json\/wp\/v2\/users\/1"}],"replies":[{"embeddable":true,"href":"https:\/\/xn--maeva-zambon-ditticienne-pfcb.fr\/index.php\/wp-json\/wp\/v2\/comments?post=520"}],"version-history":[{"count":4,"href":"https:\/\/xn--maeva-zambon-ditticienne-pfcb.fr\/index.php\/wp-json\/wp\/v2\/pages\/520\/revisions"}],"predecessor-version":[{"id":1541,"href":"https:\/\/xn--maeva-zambon-ditticienne-pfcb.fr\/index.php\/wp-json\/wp\/v2\/pages\/520\/revisions\/1541"}],"wp:attachment":[{"href":"https:\/\/xn--maeva-zambon-ditticienne-pfcb.fr\/index.php\/wp-json\/wp\/v2\/media?parent=520"}],"curies":[{"name":"wp","href":"https:\/\/api.w.org\/{rel}","templated":true}]}}