{"id":49,"date":"2022-07-06T12:38:52","date_gmt":"2022-07-06T10:38:52","guid":{"rendered":"https:\/\/dieteticiennemaevazambon.wordpress.com\/?page_id=49"},"modified":"2026-01-14T13:21:23","modified_gmt":"2026-01-14T13:21:23","slug":"deroulement-des-consultations","status":"publish","type":"page","link":"https:\/\/xn--maeva-zambon-ditticienne-pfcb.fr\/index.php\/deroulement-des-consultations\/","title":{"rendered":"D\u00e9roulement des consultations et tarifs"},"content":{"rendered":"\n<p><\/p>\n\n\n\n<div class=\"wp-block-columns alignwide is-layout-flex wp-container-core-columns-is-layout-829b1d53 wp-block-columns-is-layout-flex\" style=\"margin-bottom:0\">\n<div class=\"wp-block-column has-text-color has-background has-link-color has-small-font-size wp-elements-456793a5daa7d1bbd19c8a072a9d530c is-layout-flow wp-block-column-is-layout-flow\" style=\"color:#000000;background-color:#d1d1e1;padding-top:2em;padding-right:2em;padding-bottom:2em;padding-left:2em\">\n<h2 class=\"wp-block-heading\" id=\"family\" style=\"font-size:35px\">Pack de Suivi Di\u00e9t\u00e9tique<\/h2>\n\n\n\n<p class=\"has-text-align-center has-medium-font-size\" style=\"line-height:1.5\"><strong>Concevoir ensemble, un programme personnalis\u00e9 qui r\u00e9pond \u00e0 vos besoins et vous permet d&#8217;optimiser vos habitudes alimentaires. <\/strong><\/p>\n\n\n\n<p class=\"has-text-align-left has-small-font-size\">Le Pack de Suivi Di\u00e9t\u00e9tique est id\u00e9al pour un objectif de perte ou prise de poids  :<\/p>\n\n\n\n<p class=\"has-text-align-left has-small-font-size\">La perte ou la prise de poids n&#8217;est pas lin\u00e9aire, pour atteindre son objectif final il est souvent n\u00e9cessaire de progresser pas \u00e0 pas en cr\u00e9ant des objectifs interm\u00e9diaires. C&#8217;est ainsi que votre perte ou prise de poids sera durable. Ainsi vous \u00e9vitez l&#8217;effet yo-yo. <\/p>\n\n\n\n<p>Mais aussi pour tout autre objectif de changement d\u2019hygi\u00e8ne de vie que vous souhaitez inscrire dans le temps :<\/p>\n\n\n\n<ul class=\"wp-block-list\">\n<li>Am\u00e9lioration de vos performances dans votre pratique sportive<\/li>\n\n\n\n<li>Mettre en place un r\u00e9gime alimentaire adapt\u00e9 \u00e0 vos convictions<\/li>\n\n\n\n<li>Pallier \u00e0 une addiction : troubles alimentaires (anorexie, boulimie, hyperphagie), substance psychoactive (alcool, tabac, drogues, traitement m\u00e9dicamenteux) <\/li>\n\n\n\n<li>Apprendre \u00e0 mieux vivre avec sa pathologie<\/li>\n\n\n\n<li>Adopter de nouvelles habitudes alimentaires apr\u00e8s un changement impactant vos habitudes de vie<\/li>\n<\/ul>\n\n\n\n<hr class=\"wp-block-separator has-text-color has-black-color has-alpha-channel-opacity has-black-background-color has-background is-style-wide\"\/>\n\n\n\n<h2 class=\"wp-block-heading has-text-align-center\"><strong>Le pack de suivi di\u00e9t\u00e9tique comprend <\/strong><\/h2>\n\n\n\n<ul class=\"wp-block-list has-normal-font-size\">\n<li><font style=\"vertical-align: inherit;\"><font style=\"vertical-align: inherit;\">1 Premi\u00e8re Consultation (<\/font><\/font>5<font style=\"vertical-align: inherit;\"><font style=\"vertical-align: inherit;\">0min)<\/font><\/font><\/li>\n\n\n\n<li><font style=\"vertical-align: inherit;\"><font style=\"vertical-align: inherit;\">2 Consultations de suivi (2x40min)<\/font><\/font><\/li>\n\n\n\n<li>1 Consultation de suivi offerte (40min)<\/li>\n<\/ul>\n\n\n\n<h2 class=\"wp-block-heading has-text-align-center has-small-font-size\"><strong>La derni\u00e8re s\u00e9ance offerte est valable 6&nbsp;mois \u00e0 compter de la date de notre premier rendez-vous.<\/strong><\/h2>\n\n\n\n<div class=\"wp-block-buttons alignfull is-horizontal is-content-justification-center is-layout-flex wp-container-core-buttons-is-layout-499968f5 wp-block-buttons-is-layout-flex\">\n<div class=\"wp-block-button has-custom-width wp-block-button__width-100 is-style-fill\"><a class=\"wp-block-button__link has-white-color has-text-color has-background no-border-radius wp-element-button\" href=\"https:\/\/www.doctolib.fr\/dieteticien\/paris\/maeva-zambon\" style=\"background-color:#000000\" target=\"_blank\" rel=\"noreferrer noopener\"><s>235 \u20ac <\/s><br>180 \u20ac<\/a><\/div>\n<\/div>\n<\/div>\n<\/div>\n\n\n\n<div style=\"height:100px\" aria-hidden=\"true\" class=\"wp-block-spacer\"><\/div>\n\n\n\n<div class=\"wp-block-columns alignwide is-layout-flex wp-container-core-columns-is-layout-829b1d53 wp-block-columns-is-layout-flex\" style=\"margin-bottom:0\">\n<div class=\"wp-block-column has-text-color has-background has-link-color wp-elements-bbe6dead94230272fbc8a5ce8a7e72cf is-layout-flow wp-block-column-is-layout-flow\" style=\"color:#000000;background-color:#c0ebf1;padding-top:2em;padding-right:2em;padding-bottom:2em;padding-left:2em\">\n<h2 class=\"wp-block-heading\" id=\"single\" style=\"font-size:40px\">Premi\u00e8re consultation<\/h2>\n\n\n\n<p class=\"has-text-align-center has-small-font-size\"><strong>Dur\u00e9e 50min<\/strong><\/p>\n\n\n\n<p class=\"has-text-align-center has-medium-font-size\"><strong><font style=\"vertical-align: inherit;\"><font style=\"vertical-align: inherit;\">La premi\u00e8re consultation consiste elle aussi \u00e0 recueillir les informations qui me sont n\u00e9cessaires \u00e0 l&#8217;\u00e9tablissement d&#8217;un premier diagnostic : \u00e2ge, poids, taille, activit\u00e9 professionnelle, habitudes de vie, m\u00e9dicales personnelles et familiales, bilan sanguin, pr\u00e9f\u00e9rences et habitudes alimentaires.<\/font><\/font><\/strong><\/p>\n\n\n\n<p class=\"has-text-align-center has-medium-font-size\"><strong>Puis d\u00e9finir ensemble vos premiers objectifs et les moyens \u00e0 mettre en place pour les atteindre.<\/strong><\/p>\n\n\n\n<p class=\"has-text-align-left has-small-font-size\"><font style=\"vertical-align: inherit;\"><font style=\"vertical-align: inherit;\">Nous concevrons ensemble votre premier p<\/font><\/font>lan alimentaire<font style=\"vertical-align: inherit;\"><font style=\"vertical-align: inherit;\"> personnalis\u00e9, que vous aurez la possibilit\u00e9 d&#8217;exp\u00e9rimenter chez vous pendant 2 \u00e0 4 semaines. Celui-ci pourra \u00eatre amen\u00e9 \u00e0 \u00e9voluer pour vous permettre d&#8217;\u00eatre parfaitement int\u00e9gr\u00e9 \u00e0 votre quotidien, correspondant au mieux \u00e0 vos besoins physiologiques et vous donner envie de le conserver sur la dur\u00e9e.<\/font><\/font><\/p>\n\n\n\n<div class=\"wp-block-buttons alignfull is-horizontal is-content-justification-center is-layout-flex wp-container-core-buttons-is-layout-499968f5 wp-block-buttons-is-layout-flex\">\n<div class=\"wp-block-button has-custom-width wp-block-button__width-100\"><a class=\"wp-block-button__link has-white-color has-text-color has-background no-border-radius wp-element-button\" href=\"https:\/\/www.doctolib.fr\/dieteticien\/paris\/maeva-zambon\" style=\"background-color:#000000\" target=\"_blank\" rel=\"noreferrer noopener\">70 \u20ac<\/a><\/div>\n<\/div>\n<\/div>\n<\/div>\n\n\n\n<div style=\"height:100px\" aria-hidden=\"true\" class=\"wp-block-spacer\"><\/div>\n\n\n\n<div class=\"wp-block-columns alignwide is-layout-flex wp-container-core-columns-is-layout-829b1d53 wp-block-columns-is-layout-flex\" style=\"margin-bottom:0\">\n<div class=\"wp-block-column has-text-color has-background has-link-color wp-elements-97f1494def3ce369a40d06dc69e98b18 is-layout-flow wp-block-column-is-layout-flow\" style=\"color:#000000;background-color:#d1d1e1;padding-top:2em;padding-right:2em;padding-bottom:2em;padding-left:2em\">\n<h2 class=\"wp-block-heading\" id=\"family\" style=\"font-size:40px\">Consultation de suivi<\/h2>\n\n\n\n<p class=\"has-text-align-center has-small-font-size\" style=\"line-height:1.5\"><strong>Dur\u00e9e 40min<\/strong><\/p>\n\n\n\n<p class=\"has-text-align-center has-medium-font-size\" style=\"line-height:1.5\"><strong>Les consultations de suivis sont r\u00e9alis\u00e9es \u00e0 la suite d\u2019une 1\u00e8re consultation et s\u2019espacent g\u00e9n\u00e9ralement de 2 \u00e0 6 semaines.<\/strong><\/p>\n\n\n\n<hr class=\"wp-block-separator has-css-opacity is-style-wide\"\/>\n\n\n\n<p><font style=\"vertical-align: inherit;\"><font style=\"vertical-align: inherit;\">Les consultations de suivi offrent un soutien et un encouragement pr\u00e9cieux, vous permettant d&#8217;entendre ou de r\u00e9entendre des conseils pour mieux les int\u00e9grer. Elles constituent \u00e9galement un espace pour trouver un ensemble des solutions lorsque vous vous sentez d\u00e9pass\u00e9 ou en stagnation.<\/font><\/font><\/p>\n\n\n\n<p class=\"has-small-font-size\">Pour un objectif de perte ou de prise de poids :<\/p>\n\n\n\n<p class=\"has-small-font-size\">Vous permettre de p\u00e9renniser votre progression ou de faire \u00e9voluer votre objectif final.<\/p>\n\n\n\n<p class=\"has-small-font-size\">Pour une pathologie : <\/p>\n\n\n\n<ul class=\"wp-block-list has-small-font-size\">\n<li>Apprendre pas \u00e0 pas \u00e0 mieux vivre avec votre pathologie<\/li>\n\n\n\n<li>Adapter votre alimentation \u00e0 la prise d\u2019un traitement<\/li>\n\n\n\n<li>En cas d\u2019\u00e9volution de votre maladie<\/li>\n\n\n\n<li>En cas de changement d\u2019habitudes de vie<\/li>\n<\/ul>\n\n\n\n<p class=\"has-small-font-size\">Pour tout changement dans votre quotidien, qui demande une mise \u00e0 jour du programme et des conseils hygi\u00e9no-di\u00e9t\u00e9tiques \u00e9tablis lors de notre derni\u00e8re s\u00e9ance, comme :<\/p>\n\n\n\n<ul class=\"wp-block-list has-small-font-size\">\n<li>L\u2019augmentation de l\u2019activit\u00e9 physique\/de la pratique sportive<\/li>\n\n\n\n<li>Un changement dans les conditions de vie (nouvelle activit\u00e9 professionnelle, modifications du budget d\u00e9di\u00e9 \u00e0 la nourriture, arriv\u00e9e d\u2019un enfant, etc.)<\/li>\n\n\n\n<li>Un changement physiologique (grossesse, m\u00e9nopause, apparition d\u2019une pathologie, etc.)<\/li>\n<\/ul>\n\n\n\n<div class=\"wp-block-buttons alignfull is-horizontal is-content-justification-center is-layout-flex wp-container-core-buttons-is-layout-499968f5 wp-block-buttons-is-layout-flex\">\n<div class=\"wp-block-button has-custom-width wp-block-button__width-100 is-style-fill\"><a class=\"wp-block-button__link has-white-color has-text-color has-background no-border-radius wp-element-button\" href=\"\" style=\"background-color:#000000\" target=\"_blank\" rel=\"noreferrer noopener\">55 \u20ac<\/a><\/div>\n<\/div>\n<\/div>\n<\/div>\n\n\n\n<div style=\"height:100px\" aria-hidden=\"true\" class=\"wp-block-spacer\"><\/div>\n\n\n\n<div class=\"wp-block-columns alignwide is-layout-flex wp-container-core-columns-is-layout-829b1d53 wp-block-columns-is-layout-flex\" style=\"margin-bottom:0\"><\/div>\n\n\n\n<h2 class=\"wp-block-heading has-text-align-center\" id=\"remboursements-mutuelles\"><font style=\"vertical-align: inherit;\"><font style=\"vertical-align: inherit;\">Remboursements Mutuels<\/font><\/font><\/h2>\n\n\n\n<p class=\"has-text-align-center\">De nombreuses mutuelles remboursent toute ou partie des consultations di\u00e9t\u00e9tiques, renseignez vous au pr\u00e8s de votre mutuelle. Je vous d\u00e9livrerai une facture, le cas \u00e9ch\u00e9ant.  <\/p>\n\n\n\n<figure class=\"wp-block-image size-large\"><img decoding=\"async\" src=\"https:\/\/i0.wp.com\/cdn.lelynx.fr\/wp-content\/uploads\/2016\/05\/assurance-personnes-mutuelle-mains.jpg?w=525&#038;ssl=1\" alt=\"D\u00e9roulement des consultations et tarifs\nRemboursement mutuelle\" data-recalc-dims=\"1\"\/><\/figure>\n\n\n\n<p><\/p>\n\n\n\n<h2 class=\"wp-block-heading has-text-align-center\">Conditions d&#8217;annulation des consultations<\/h2>\n\n\n\n<p class=\"has-text-align-center has-small-font-size\">Si vous devez annuler ou reporter une consultation, je vous prie de bien vouloir m&#8217;en informer au moins 24 heures \u00e0 l&#8217;avance. Dans le cas o\u00f9 vous ne vous pr\u00e9senteriez pas sans pr\u00e9avis, un d\u00e9dommagement vous sera demand\u00e9. <\/p>\n\n\n\n<p class=\"has-text-align-center has-small-font-size\">Les consultations peuvent \u00eatre effectu\u00e9es par vid\u00e9o conf\u00e9rence ou par t\u00e9l\u00e9phone si vous n&#8217;\u00eates pas en capacit\u00e9 d&#8217;arriver \u00e0 temps au cabinet.<\/p>\n\n\n\n<p class=\"has-text-align-center has-small-font-size\">Lorsqu\u2019une s\u00e9ance est annul\u00e9e moins de 24 heures avant son commencement, il m\u2019est malheureusement impossible de l\u2019attribuer \u00e0 un autre patient. Cela a plusieurs impacts :<\/p>\n\n\n\n<ul class=\"wp-block-list\">\n<li class=\"has-small-font-size\">Sur les autres patients, qui ne peuvent avoir acc\u00e8s aux cr\u00e9neaux, surtout lorsque le rendez-vous a \u00e9t\u00e9 r\u00e9serv\u00e9 plusieurs jours ou semaines \u00e0 l&#8217;avance. Parfois, ces cr\u00e9neaux &#8220;pris\u00e9s&#8221; (t\u00f4t le matin, \u00e0 l&#8217;heure du d\u00e9jeuner ou \u00e0 la sortie du bureau) permettraient \u00e0 des patients en souffrance physique ou psychologique d&#8217;acc\u00e9der \u00e0 des soins dans des d\u00e9lais plus courts.<\/li>\n\n\n\n<li class=\"has-small-font-size\">Un impact financier sur mon activit\u00e9. \u00c9tant travailleuse lib\u00e9rale, si les patients ne se pr\u00e9sentent pas, je ne per\u00e7ois aucune r\u00e9mun\u00e9ration. Je perds ainsi l&#8217;opportunit\u00e9 de proposer ce cr\u00e9neau \u00e0 un patient qui aurait honor\u00e9 son rendez-vous.<\/li>\n<\/ul>\n\n\n\n<p class=\"has-text-align-center has-small-font-size\">Je vous remercie pour votre compr\u00e9hension.<\/p>\n","protected":false},"excerpt":{"rendered":"<p>Pack de Suivi Di\u00e9t\u00e9tique Concevoir ensemble, un programme personnalis\u00e9 qui r\u00e9pond \u00e0 vos besoins et vous permet d&#8217;optimiser vos habitudes alimentaires. Le Pack de Suivi Di\u00e9t\u00e9tique est id\u00e9al pour un objectif de perte ou prise de poids : La perte ou la prise de poids n&#8217;est pas lin\u00e9aire, pour atteindre son objectif final il est &hellip; <\/p>\n<p class=\"link-more\"><a href=\"https:\/\/xn--maeva-zambon-ditticienne-pfcb.fr\/index.php\/deroulement-des-consultations\/\" class=\"more-link\">Continue reading<span class=\"screen-reader-text\"> &#8220;D\u00e9roulement des consultations et tarifs&#8221;<\/span><\/a><\/p>\n","protected":false},"author":1,"featured_media":0,"parent":0,"menu_order":0,"comment_status":"closed","ping_status":"closed","template":"","meta":{"footnotes":""},"class_list":["post-49","page","type-page","status-publish","hentry"],"yoast_head":"<!-- This site is optimized with the Yoast SEO plugin v22.0 - https:\/\/yoast.com\/wordpress\/plugins\/seo\/ -->\n<title>D\u00e9roulement des consultations et tarifs - Di\u00e9t\u00e9ticienne<\/title>\n<meta name=\"description\" content=\"Concevoir ensemble, un programme personnalis\u00e9 qui r\u00e9pond \u00e0 vos besoins et vous permet d&#039;optimiser vos habitudes alimentaires.\" \/>\n<meta name=\"robots\" content=\"index, follow, max-snippet:-1, max-image-preview:large, max-video-preview:-1\" \/>\n<link rel=\"canonical\" href=\"https:\/\/xn--maeva-zambon-ditticienne-pfcb.fr\/index.php\/deroulement-des-consultations\/\" \/>\n<meta property=\"og:locale\" content=\"en_US\" \/>\n<meta property=\"og:type\" content=\"article\" \/>\n<meta property=\"og:title\" content=\"D\u00e9roulement des consultations et tarifs - Di\u00e9t\u00e9ticienne\" \/>\n<meta property=\"og:description\" content=\"Concevoir ensemble, un programme personnalis\u00e9 qui r\u00e9pond \u00e0 vos besoins et vous permet d&#039;optimiser vos habitudes alimentaires.\" \/>\n<meta property=\"og:url\" content=\"https:\/\/xn--maeva-zambon-ditticienne-pfcb.fr\/index.php\/deroulement-des-consultations\/\" \/>\n<meta property=\"og:site_name\" content=\"Di\u00e9t\u00e9ticienne\" \/>\n<meta property=\"article:modified_time\" content=\"2026-01-14T13:21:23+00:00\" \/>\n<meta property=\"og:image\" content=\"https:\/\/cdn.lelynx.fr\/wp-content\/uploads\/2016\/05\/assurance-personnes-mutuelle-mains.jpg\" \/>\n<meta name=\"twitter:card\" content=\"summary_large_image\" \/>\n<meta name=\"twitter:label1\" content=\"Est. reading time\" \/>\n\t<meta name=\"twitter:data1\" content=\"4 minutes\" \/>\n<script type=\"application\/ld+json\" class=\"yoast-schema-graph\">{\"@context\":\"https:\/\/schema.org\",\"@graph\":[{\"@type\":\"WebPage\",\"@id\":\"https:\/\/xn--maeva-zambon-ditticienne-pfcb.fr\/index.php\/deroulement-des-consultations\/\",\"url\":\"https:\/\/xn--maeva-zambon-ditticienne-pfcb.fr\/index.php\/deroulement-des-consultations\/\",\"name\":\"D\u00e9roulement des consultations et tarifs - Di\u00e9t\u00e9ticienne\",\"isPartOf\":{\"@id\":\"https:\/\/xn--maeva-zambon-ditticienne-pfcb.fr\/#website\"},\"datePublished\":\"2022-07-06T10:38:52+00:00\",\"dateModified\":\"2026-01-14T13:21:23+00:00\",\"description\":\"Concevoir ensemble, un programme personnalis\u00e9 qui r\u00e9pond \u00e0 vos besoins et vous permet d'optimiser vos habitudes alimentaires.\",\"breadcrumb\":{\"@id\":\"https:\/\/xn--maeva-zambon-ditticienne-pfcb.fr\/index.php\/deroulement-des-consultations\/#breadcrumb\"},\"inLanguage\":\"en-US\",\"potentialAction\":[{\"@type\":\"ReadAction\",\"target\":[\"https:\/\/xn--maeva-zambon-ditticienne-pfcb.fr\/index.php\/deroulement-des-consultations\/\"]}]},{\"@type\":\"BreadcrumbList\",\"@id\":\"https:\/\/xn--maeva-zambon-ditticienne-pfcb.fr\/index.php\/deroulement-des-consultations\/#breadcrumb\",\"itemListElement\":[{\"@type\":\"ListItem\",\"position\":1,\"name\":\"Home\",\"item\":\"https:\/\/xn--maeva-zambon-ditticienne-pfcb.fr\/\"},{\"@type\":\"ListItem\",\"position\":2,\"name\":\"D\u00e9roulement des consultations et tarifs\"}]},{\"@type\":\"WebSite\",\"@id\":\"https:\/\/xn--maeva-zambon-ditticienne-pfcb.fr\/#website\",\"url\":\"https:\/\/xn--maeva-zambon-ditticienne-pfcb.fr\/\",\"name\":\"Di\u00e9t\u00e9ticienne\",\"description\":\"Maeva Zambon Di\u00e9t\u00e9ticienne-Nutritionniste \",\"potentialAction\":[{\"@type\":\"SearchAction\",\"target\":{\"@type\":\"EntryPoint\",\"urlTemplate\":\"https:\/\/xn--maeva-zambon-ditticienne-pfcb.fr\/?s={search_term_string}\"},\"query-input\":\"required name=search_term_string\"}],\"inLanguage\":\"en-US\"}]}<\/script>\n<!-- \/ Yoast SEO plugin. -->","yoast_head_json":{"title":"D\u00e9roulement des consultations et tarifs - Di\u00e9t\u00e9ticienne","description":"Concevoir ensemble, un programme personnalis\u00e9 qui r\u00e9pond \u00e0 vos besoins et vous permet d'optimiser vos habitudes alimentaires.","robots":{"index":"index","follow":"follow","max-snippet":"max-snippet:-1","max-image-preview":"max-image-preview:large","max-video-preview":"max-video-preview:-1"},"canonical":"https:\/\/xn--maeva-zambon-ditticienne-pfcb.fr\/index.php\/deroulement-des-consultations\/","og_locale":"en_US","og_type":"article","og_title":"D\u00e9roulement des consultations et tarifs - Di\u00e9t\u00e9ticienne","og_description":"Concevoir ensemble, un programme personnalis\u00e9 qui r\u00e9pond \u00e0 vos besoins et vous permet d'optimiser vos habitudes alimentaires.","og_url":"https:\/\/xn--maeva-zambon-ditticienne-pfcb.fr\/index.php\/deroulement-des-consultations\/","og_site_name":"Di\u00e9t\u00e9ticienne","article_modified_time":"2026-01-14T13:21:23+00:00","og_image":[{"url":"https:\/\/cdn.lelynx.fr\/wp-content\/uploads\/2016\/05\/assurance-personnes-mutuelle-mains.jpg"}],"twitter_card":"summary_large_image","twitter_misc":{"Est. reading time":"4 minutes"},"schema":{"@context":"https:\/\/schema.org","@graph":[{"@type":"WebPage","@id":"https:\/\/xn--maeva-zambon-ditticienne-pfcb.fr\/index.php\/deroulement-des-consultations\/","url":"https:\/\/xn--maeva-zambon-ditticienne-pfcb.fr\/index.php\/deroulement-des-consultations\/","name":"D\u00e9roulement des consultations et tarifs - Di\u00e9t\u00e9ticienne","isPartOf":{"@id":"https:\/\/xn--maeva-zambon-ditticienne-pfcb.fr\/#website"},"datePublished":"2022-07-06T10:38:52+00:00","dateModified":"2026-01-14T13:21:23+00:00","description":"Concevoir ensemble, un programme personnalis\u00e9 qui r\u00e9pond \u00e0 vos besoins et vous permet d'optimiser vos habitudes alimentaires.","breadcrumb":{"@id":"https:\/\/xn--maeva-zambon-ditticienne-pfcb.fr\/index.php\/deroulement-des-consultations\/#breadcrumb"},"inLanguage":"en-US","potentialAction":[{"@type":"ReadAction","target":["https:\/\/xn--maeva-zambon-ditticienne-pfcb.fr\/index.php\/deroulement-des-consultations\/"]}]},{"@type":"BreadcrumbList","@id":"https:\/\/xn--maeva-zambon-ditticienne-pfcb.fr\/index.php\/deroulement-des-consultations\/#breadcrumb","itemListElement":[{"@type":"ListItem","position":1,"name":"Home","item":"https:\/\/xn--maeva-zambon-ditticienne-pfcb.fr\/"},{"@type":"ListItem","position":2,"name":"D\u00e9roulement des consultations et tarifs"}]},{"@type":"WebSite","@id":"https:\/\/xn--maeva-zambon-ditticienne-pfcb.fr\/#website","url":"https:\/\/xn--maeva-zambon-ditticienne-pfcb.fr\/","name":"Di\u00e9t\u00e9ticienne","description":"Maeva Zambon Di\u00e9t\u00e9ticienne-Nutritionniste ","potentialAction":[{"@type":"SearchAction","target":{"@type":"EntryPoint","urlTemplate":"https:\/\/xn--maeva-zambon-ditticienne-pfcb.fr\/?s={search_term_string}"},"query-input":"required name=search_term_string"}],"inLanguage":"en-US"}]}},"_links":{"self":[{"href":"https:\/\/xn--maeva-zambon-ditticienne-pfcb.fr\/index.php\/wp-json\/wp\/v2\/pages\/49","targetHints":{"allow":["GET"]}}],"collection":[{"href":"https:\/\/xn--maeva-zambon-ditticienne-pfcb.fr\/index.php\/wp-json\/wp\/v2\/pages"}],"about":[{"href":"https:\/\/xn--maeva-zambon-ditticienne-pfcb.fr\/index.php\/wp-json\/wp\/v2\/types\/page"}],"author":[{"embeddable":true,"href":"https:\/\/xn--maeva-zambon-ditticienne-pfcb.fr\/index.php\/wp-json\/wp\/v2\/users\/1"}],"replies":[{"embeddable":true,"href":"https:\/\/xn--maeva-zambon-ditticienne-pfcb.fr\/index.php\/wp-json\/wp\/v2\/comments?post=49"}],"version-history":[{"count":84,"href":"https:\/\/xn--maeva-zambon-ditticienne-pfcb.fr\/index.php\/wp-json\/wp\/v2\/pages\/49\/revisions"}],"predecessor-version":[{"id":1666,"href":"https:\/\/xn--maeva-zambon-ditticienne-pfcb.fr\/index.php\/wp-json\/wp\/v2\/pages\/49\/revisions\/1666"}],"wp:attachment":[{"href":"https:\/\/xn--maeva-zambon-ditticienne-pfcb.fr\/index.php\/wp-json\/wp\/v2\/media?parent=49"}],"curies":[{"name":"wp","href":"https:\/\/api.w.org\/{rel}","templated":true}]}}