{"id":434,"date":"2022-08-24T19:07:36","date_gmt":"2022-08-24T17:07:36","guid":{"rendered":"https:\/\/dieteticiennemaevazambon.wordpress.com\/?page_id=434"},"modified":"2023-08-20T01:12:19","modified_gmt":"2023-08-20T01:12:19","slug":"pois-chiches-grilles-aux-epices","status":"publish","type":"page","link":"https:\/\/xn--maeva-zambon-ditticienne-pfcb.fr\/index.php\/pois-chiches-grilles-aux-epices\/","title":{"rendered":"Pois chiches grill\u00e9s aux \u00e9pices"},"content":{"rendered":"\n<p><\/p>\n\n\n\n<div style=\"height:100px\" aria-hidden=\"true\" class=\"wp-block-spacer\"><\/div>\n\n\n\n<figure class=\"wp-block-image size-large\"><img loading=\"lazy\" decoding=\"async\" width=\"525\" height=\"787\" src=\"https:\/\/i0.wp.com\/xn--maeva-zambon-ditticienne-pfcb.fr\/wp-content\/uploads\/2023\/08\/pois-chiches-grilles-aux-epices-683x1024.webp?resize=525%2C787&#038;ssl=1\" alt=\"\" class=\"wp-image-1553\" srcset=\"https:\/\/i0.wp.com\/xn--maeva-zambon-ditticienne-pfcb.fr\/wp-content\/uploads\/2023\/08\/pois-chiches-grilles-aux-epices.webp?resize=683%2C1024&amp;ssl=1 683w, https:\/\/i0.wp.com\/xn--maeva-zambon-ditticienne-pfcb.fr\/wp-content\/uploads\/2023\/08\/pois-chiches-grilles-aux-epices.webp?resize=200%2C300&amp;ssl=1 200w, https:\/\/i0.wp.com\/xn--maeva-zambon-ditticienne-pfcb.fr\/wp-content\/uploads\/2023\/08\/pois-chiches-grilles-aux-epices.webp?resize=768%2C1152&amp;ssl=1 768w, https:\/\/i0.wp.com\/xn--maeva-zambon-ditticienne-pfcb.fr\/wp-content\/uploads\/2023\/08\/pois-chiches-grilles-aux-epices.webp?w=1000&amp;ssl=1 1000w\" sizes=\"auto, (max-width: 525px) 100vw, 525px\" data-recalc-dims=\"1\" \/><\/figure>\n\n\n\n<div style=\"height:100px\" aria-hidden=\"true\" class=\"wp-block-spacer\"><\/div>\n\n\n\n<p><\/p>\n\n\n\n<h1 class=\"has-text-align-center wp-block-heading\"><strong>Ingr\u00e9dients<\/strong><\/h1>\n\n\n\n<p class=\"has-text-align-center\">Pois chiches en conserve ou cuits pr\u00e9alablement <\/p>\n\n\n\n<p class=\"has-text-align-center\">Ras el hanout (ou \u00e9pices de votre choix)<\/p>\n\n\n\n<p class=\"has-text-align-center\">Sel<\/p>\n\n\n\n<p class=\"has-text-align-center\">Huile d&#8217;olive<\/p>\n\n\n\n<h1 class=\"has-text-align-center wp-block-heading\"><strong>Recette<\/strong><\/h1>\n\n\n\n<p class=\"has-text-align-center\">Pr\u00e9chauffer votre four \u00e0 200\u00b0C<\/p>\n\n\n\n<p class=\"has-text-align-center\">Egoutter et rincer les pois chiches si utilisation de conserve.<\/p>\n\n\n\n<p class=\"has-text-align-center\">Dans un saladier verser les pois chiches, l&#8217;huile d&#8217;olive, le ras el hanout et le sel.<\/p>\n\n\n\n<p class=\"has-text-align-center\">M\u00e9langer jusqu&#8217;\u00e0 ce que les pois chiches soient enrob\u00e9es de mani\u00e8re homog\u00e8ne. <\/p>\n\n\n\n<p class=\"has-text-align-center\">Enfourner 15 \u00e0 20 min.<\/p>\n\n\n\n<p><\/p>\n\n\n\n<p class=\"has-text-align-center\"><strong><span style=\"text-decoration:underline;\">Id\u00e9e repas : Avocado toast aux pois chiches grill\u00e9es <\/span><\/strong><\/p>\n\n\n\n<p class=\"has-text-align-center\">Sur une tranche de pain placer de fines lamelles d&#8217;avocat afin de le recouvrir enti\u00e8rement. <\/p>\n\n\n\n<p class=\"has-text-align-center\">Assaisonner l&#8217;avocat de sel, de poivre et d&#8217;\u00e9chalotte cisel\u00e9 ou d\u00e9shydrat\u00e9e (suivant votre gout).  <\/p>\n\n\n\n<p class=\"has-text-align-center\">Pour finir ajouter les pois chiches grill\u00e9es. <\/p>\n\n\n\n<p class=\"has-text-align-center\">Vous pouvez accompagner vos toasts de crudit\u00e9s (salade verte, tomates, concombres, etc.) suivant vos pr\u00e9f\u00e9rences. <\/p>\n\n\n\n<p class=\"has-text-align-center\">Et voici un plat complet et \u00e9quilibr\u00e9 ! <\/p>\n","protected":false},"excerpt":{"rendered":"<p>Ingr\u00e9dients Pois chiches en conserve ou cuits pr\u00e9alablement Ras el hanout (ou \u00e9pices de votre choix) Sel Huile d&#8217;olive Recette Pr\u00e9chauffer votre four \u00e0 200\u00b0C Egoutter et rincer les pois chiches si utilisation de conserve. Dans un saladier verser les pois chiches, l&#8217;huile d&#8217;olive, le ras el hanout et le sel. M\u00e9langer jusqu&#8217;\u00e0 ce que &hellip; <\/p>\n<p class=\"link-more\"><a href=\"https:\/\/xn--maeva-zambon-ditticienne-pfcb.fr\/index.php\/pois-chiches-grilles-aux-epices\/\" class=\"more-link\">Continue reading<span class=\"screen-reader-text\"> &#8220;Pois chiches grill\u00e9s aux \u00e9pices&#8221;<\/span><\/a><\/p>\n","protected":false},"author":1,"featured_media":0,"parent":0,"menu_order":0,"comment_status":"closed","ping_status":"closed","template":"","meta":{"footnotes":""},"class_list":["post-434","page","type-page","status-publish","hentry"],"yoast_head":"<!-- This site is optimized with the Yoast SEO plugin v22.0 - https:\/\/yoast.com\/wordpress\/plugins\/seo\/ -->\n<title>Pois chiches grill\u00e9s aux \u00e9pices - Di\u00e9t\u00e9ticienne<\/title>\n<meta name=\"robots\" content=\"index, follow, max-snippet:-1, max-image-preview:large, max-video-preview:-1\" \/>\n<link rel=\"canonical\" href=\"https:\/\/xn--maeva-zambon-ditticienne-pfcb.fr\/index.php\/pois-chiches-grilles-aux-epices\/\" \/>\n<meta property=\"og:locale\" content=\"en_US\" \/>\n<meta property=\"og:type\" content=\"article\" \/>\n<meta property=\"og:title\" content=\"Pois chiches grill\u00e9s aux \u00e9pices - Di\u00e9t\u00e9ticienne\" \/>\n<meta property=\"og:description\" content=\"Ingr\u00e9dients Pois chiches en conserve ou cuits pr\u00e9alablement Ras el hanout (ou \u00e9pices de votre choix) Sel Huile d&#8217;olive Recette Pr\u00e9chauffer votre four \u00e0 200\u00b0C Egoutter et rincer les pois chiches si utilisation de conserve. Dans un saladier verser les pois chiches, l&#8217;huile d&#8217;olive, le ras el hanout et le sel. M\u00e9langer jusqu&#8217;\u00e0 ce que &hellip; Continue reading &quot;Pois chiches grill\u00e9s aux \u00e9pices&quot;\" \/>\n<meta property=\"og:url\" content=\"https:\/\/xn--maeva-zambon-ditticienne-pfcb.fr\/index.php\/pois-chiches-grilles-aux-epices\/\" \/>\n<meta property=\"og:site_name\" content=\"Di\u00e9t\u00e9ticienne\" \/>\n<meta property=\"article:modified_time\" content=\"2023-08-20T01:12:19+00:00\" \/>\n<meta property=\"og:image\" content=\"https:\/\/xn--maeva-zambon-ditticienne-pfcb.fr\/wp-content\/uploads\/2023\/08\/pois-chiches-grilles-aux-epices-683x1024.webp\" \/>\n<meta name=\"twitter:card\" content=\"summary_large_image\" \/>\n<meta name=\"twitter:label1\" content=\"Est. reading time\" \/>\n\t<meta name=\"twitter:data1\" content=\"1 minute\" \/>\n<script type=\"application\/ld+json\" class=\"yoast-schema-graph\">{\"@context\":\"https:\/\/schema.org\",\"@graph\":[{\"@type\":\"WebPage\",\"@id\":\"https:\/\/xn--maeva-zambon-ditticienne-pfcb.fr\/index.php\/pois-chiches-grilles-aux-epices\/\",\"url\":\"https:\/\/xn--maeva-zambon-ditticienne-pfcb.fr\/index.php\/pois-chiches-grilles-aux-epices\/\",\"name\":\"Pois chiches grill\u00e9s aux \u00e9pices - Di\u00e9t\u00e9ticienne\",\"isPartOf\":{\"@id\":\"https:\/\/xn--maeva-zambon-ditticienne-pfcb.fr\/#website\"},\"datePublished\":\"2022-08-24T17:07:36+00:00\",\"dateModified\":\"2023-08-20T01:12:19+00:00\",\"breadcrumb\":{\"@id\":\"https:\/\/xn--maeva-zambon-ditticienne-pfcb.fr\/index.php\/pois-chiches-grilles-aux-epices\/#breadcrumb\"},\"inLanguage\":\"en-US\",\"potentialAction\":[{\"@type\":\"ReadAction\",\"target\":[\"https:\/\/xn--maeva-zambon-ditticienne-pfcb.fr\/index.php\/pois-chiches-grilles-aux-epices\/\"]}]},{\"@type\":\"BreadcrumbList\",\"@id\":\"https:\/\/xn--maeva-zambon-ditticienne-pfcb.fr\/index.php\/pois-chiches-grilles-aux-epices\/#breadcrumb\",\"itemListElement\":[{\"@type\":\"ListItem\",\"position\":1,\"name\":\"Home\",\"item\":\"https:\/\/xn--maeva-zambon-ditticienne-pfcb.fr\/\"},{\"@type\":\"ListItem\",\"position\":2,\"name\":\"Pois chiches grill\u00e9s aux \u00e9pices\"}]},{\"@type\":\"WebSite\",\"@id\":\"https:\/\/xn--maeva-zambon-ditticienne-pfcb.fr\/#website\",\"url\":\"https:\/\/xn--maeva-zambon-ditticienne-pfcb.fr\/\",\"name\":\"Di\u00e9t\u00e9ticienne\",\"description\":\"Maeva Zambon Di\u00e9t\u00e9ticienne-Nutritionniste \",\"potentialAction\":[{\"@type\":\"SearchAction\",\"target\":{\"@type\":\"EntryPoint\",\"urlTemplate\":\"https:\/\/xn--maeva-zambon-ditticienne-pfcb.fr\/?s={search_term_string}\"},\"query-input\":\"required name=search_term_string\"}],\"inLanguage\":\"en-US\"}]}<\/script>\n<!-- \/ Yoast SEO plugin. -->","yoast_head_json":{"title":"Pois chiches grill\u00e9s aux \u00e9pices - Di\u00e9t\u00e9ticienne","robots":{"index":"index","follow":"follow","max-snippet":"max-snippet:-1","max-image-preview":"max-image-preview:large","max-video-preview":"max-video-preview:-1"},"canonical":"https:\/\/xn--maeva-zambon-ditticienne-pfcb.fr\/index.php\/pois-chiches-grilles-aux-epices\/","og_locale":"en_US","og_type":"article","og_title":"Pois chiches grill\u00e9s aux \u00e9pices - Di\u00e9t\u00e9ticienne","og_description":"Ingr\u00e9dients Pois chiches en conserve ou cuits pr\u00e9alablement Ras el hanout (ou \u00e9pices de votre choix) Sel Huile d&#8217;olive Recette Pr\u00e9chauffer votre four \u00e0 200\u00b0C Egoutter et rincer les pois chiches si utilisation de conserve. Dans un saladier verser les pois chiches, l&#8217;huile d&#8217;olive, le ras el hanout et le sel. M\u00e9langer jusqu&#8217;\u00e0 ce que &hellip; Continue reading \"Pois chiches grill\u00e9s aux \u00e9pices\"","og_url":"https:\/\/xn--maeva-zambon-ditticienne-pfcb.fr\/index.php\/pois-chiches-grilles-aux-epices\/","og_site_name":"Di\u00e9t\u00e9ticienne","article_modified_time":"2023-08-20T01:12:19+00:00","og_image":[{"url":"https:\/\/xn--maeva-zambon-ditticienne-pfcb.fr\/wp-content\/uploads\/2023\/08\/pois-chiches-grilles-aux-epices-683x1024.webp"}],"twitter_card":"summary_large_image","twitter_misc":{"Est. reading time":"1 minute"},"schema":{"@context":"https:\/\/schema.org","@graph":[{"@type":"WebPage","@id":"https:\/\/xn--maeva-zambon-ditticienne-pfcb.fr\/index.php\/pois-chiches-grilles-aux-epices\/","url":"https:\/\/xn--maeva-zambon-ditticienne-pfcb.fr\/index.php\/pois-chiches-grilles-aux-epices\/","name":"Pois chiches grill\u00e9s aux \u00e9pices - Di\u00e9t\u00e9ticienne","isPartOf":{"@id":"https:\/\/xn--maeva-zambon-ditticienne-pfcb.fr\/#website"},"datePublished":"2022-08-24T17:07:36+00:00","dateModified":"2023-08-20T01:12:19+00:00","breadcrumb":{"@id":"https:\/\/xn--maeva-zambon-ditticienne-pfcb.fr\/index.php\/pois-chiches-grilles-aux-epices\/#breadcrumb"},"inLanguage":"en-US","potentialAction":[{"@type":"ReadAction","target":["https:\/\/xn--maeva-zambon-ditticienne-pfcb.fr\/index.php\/pois-chiches-grilles-aux-epices\/"]}]},{"@type":"BreadcrumbList","@id":"https:\/\/xn--maeva-zambon-ditticienne-pfcb.fr\/index.php\/pois-chiches-grilles-aux-epices\/#breadcrumb","itemListElement":[{"@type":"ListItem","position":1,"name":"Home","item":"https:\/\/xn--maeva-zambon-ditticienne-pfcb.fr\/"},{"@type":"ListItem","position":2,"name":"Pois chiches grill\u00e9s aux \u00e9pices"}]},{"@type":"WebSite","@id":"https:\/\/xn--maeva-zambon-ditticienne-pfcb.fr\/#website","url":"https:\/\/xn--maeva-zambon-ditticienne-pfcb.fr\/","name":"Di\u00e9t\u00e9ticienne","description":"Maeva Zambon Di\u00e9t\u00e9ticienne-Nutritionniste ","potentialAction":[{"@type":"SearchAction","target":{"@type":"EntryPoint","urlTemplate":"https:\/\/xn--maeva-zambon-ditticienne-pfcb.fr\/?s={search_term_string}"},"query-input":"required name=search_term_string"}],"inLanguage":"en-US"}]}},"_links":{"self":[{"href":"https:\/\/xn--maeva-zambon-ditticienne-pfcb.fr\/index.php\/wp-json\/wp\/v2\/pages\/434","targetHints":{"allow":["GET"]}}],"collection":[{"href":"https:\/\/xn--maeva-zambon-ditticienne-pfcb.fr\/index.php\/wp-json\/wp\/v2\/pages"}],"about":[{"href":"https:\/\/xn--maeva-zambon-ditticienne-pfcb.fr\/index.php\/wp-json\/wp\/v2\/types\/page"}],"author":[{"embeddable":true,"href":"https:\/\/xn--maeva-zambon-ditticienne-pfcb.fr\/index.php\/wp-json\/wp\/v2\/users\/1"}],"replies":[{"embeddable":true,"href":"https:\/\/xn--maeva-zambon-ditticienne-pfcb.fr\/index.php\/wp-json\/wp\/v2\/comments?post=434"}],"version-history":[{"count":2,"href":"https:\/\/xn--maeva-zambon-ditticienne-pfcb.fr\/index.php\/wp-json\/wp\/v2\/pages\/434\/revisions"}],"predecessor-version":[{"id":1554,"href":"https:\/\/xn--maeva-zambon-ditticienne-pfcb.fr\/index.php\/wp-json\/wp\/v2\/pages\/434\/revisions\/1554"}],"wp:attachment":[{"href":"https:\/\/xn--maeva-zambon-ditticienne-pfcb.fr\/index.php\/wp-json\/wp\/v2\/media?parent=434"}],"curies":[{"name":"wp","href":"https:\/\/api.w.org\/{rel}","templated":true}]}}