{"id":425,"date":"2022-08-19T15:57:39","date_gmt":"2022-08-19T13:57:39","guid":{"rendered":"https:\/\/dieteticiennemaevazambon.wordpress.com\/?page_id=425"},"modified":"2023-08-20T01:02:12","modified_gmt":"2023-08-20T01:02:12","slug":"queue-de-lotte-fondue-de-poireaux-et-riz-basmati","status":"publish","type":"page","link":"https:\/\/xn--maeva-zambon-ditticienne-pfcb.fr\/index.php\/queue-de-lotte-fondue-de-poireaux-et-riz-basmati\/","title":{"rendered":"Queue de Lotte, fondue de poireaux et riz basmati"},"content":{"rendered":"\n<div style=\"height:100px\" aria-hidden=\"true\" class=\"wp-block-spacer\"><\/div>\n\n\n\n<figure class=\"wp-block-image size-full\"><img loading=\"lazy\" decoding=\"async\" width=\"525\" height=\"350\" src=\"https:\/\/i0.wp.com\/xn--maeva-zambon-ditticienne-pfcb.fr\/wp-content\/uploads\/2023\/08\/gettyimages-827141736.webp?resize=525%2C350&#038;ssl=1\" alt=\"\" class=\"wp-image-1538\" srcset=\"https:\/\/i0.wp.com\/xn--maeva-zambon-ditticienne-pfcb.fr\/wp-content\/uploads\/2023\/08\/gettyimages-827141736.webp?w=1000&amp;ssl=1 1000w, https:\/\/i0.wp.com\/xn--maeva-zambon-ditticienne-pfcb.fr\/wp-content\/uploads\/2023\/08\/gettyimages-827141736.webp?resize=300%2C200&amp;ssl=1 300w, https:\/\/i0.wp.com\/xn--maeva-zambon-ditticienne-pfcb.fr\/wp-content\/uploads\/2023\/08\/gettyimages-827141736.webp?resize=768%2C512&amp;ssl=1 768w\" sizes=\"auto, (max-width: 767px) 89vw, (max-width: 1000px) 54vw, (max-width: 1071px) 543px, 580px\" data-recalc-dims=\"1\" \/><\/figure>\n\n\n\n<div style=\"height:100px\" aria-hidden=\"true\" class=\"wp-block-spacer\"><\/div>\n\n\n\n<h1 class=\"has-text-align-center wp-block-heading\"><strong>Ingr\u00e9dients<\/strong><\/h1>\n\n\n\n<p class=\"has-text-align-center\">Queue de Lotte<\/p>\n\n\n\n<p class=\"has-text-align-center\">T\u00eate d&#8217;ail (soit une dizaine de gousses)<\/p>\n\n\n\n<p class=\"has-text-align-center\">Citron<\/p>\n\n\n\n<p class=\"has-text-align-center\">Blanc de poireaux<\/p>\n\n\n\n<p class=\"has-text-align-center\">Huile d&#8217;Olive<\/p>\n\n\n\n<p class=\"has-text-align-center\">Cr\u00e8me fraiche<\/p>\n\n\n\n<p class=\"has-text-align-center\">Riz basmati<\/p>\n\n\n\n<p class=\"has-text-align-center\">Coriandre fraiche<\/p>\n\n\n\n<p class=\"has-text-align-center\">Herbes sp\u00e9ciales poisson<\/p>\n\n\n\n<p class=\"has-text-align-center\">Sel, Poivre<\/p>\n\n\n\n<h1 class=\"has-text-align-center wp-block-heading\"><strong>Recette<\/strong><\/h1>\n\n\n\n<p class=\"has-text-align-center\">Allumer le four \u00e0 200\u00b0C<\/p>\n\n\n\n<p class=\"has-text-align-center\">Couper les poireaux en rondelles, dans une po\u00eale mettre de l&#8217;huile d&#8217;olive. Une fois la po\u00eale chaude, faite r\u00e9duire les poireaux \u00e0 feu moyen.<\/p>\n\n\n\n<p class=\"has-text-align-center\">Faire une marinade avec du jus de citron, de l&#8217;huile d&#8217;olive, du sel, du poivre et les herbes de votre choix.<\/p>\n\n\n\n<p class=\"has-text-align-center\">Placer les queues de lotte dans un plat allant au four et couvrir avec la moiti\u00e9 de la marinade. Ajouter les gousses d&#8217;ail enti\u00e8re chemis\u00e9es. <\/p>\n\n\n\n<p class=\"has-text-align-center\">Enfourner 15-20min.<\/p>\n\n\n\n<p class=\"has-text-align-center\">Pendant ce temps faire cuire le riz dans une eau \u00e0 \u00e9bullition pendant 10min<\/p>\n\n\n\n<p class=\"has-text-align-center\">\u00c0 mi cuisson de la lotte arros\u00e9e la avec le reste de marinade.<\/p>\n\n\n\n<p class=\"has-text-align-center\">\u00c0 la fin de la cuisson des poireaux ajouter la cr\u00e8me fraiche (1 cuill\u00e8re \u00e0 soupe par convive).<\/p>\n\n\n\n<p class=\"has-text-align-center\">Egoutter le riz et utiliser la sauce du poisson pour l&#8217;assaisonner.<\/p>\n\n\n\n<p class=\"has-text-align-center\">Vous pouvez dresser avec la coriandre cisel\u00e9e.<\/p>\n","protected":false},"excerpt":{"rendered":"<p>Ingr\u00e9dients Queue de Lotte T\u00eate d&#8217;ail (soit une dizaine de gousses) Citron Blanc de poireaux Huile d&#8217;Olive Cr\u00e8me fraiche Riz basmati Coriandre fraiche Herbes sp\u00e9ciales poisson Sel, Poivre Recette Allumer le four \u00e0 200\u00b0C Couper les poireaux en rondelles, dans une po\u00eale mettre de l&#8217;huile d&#8217;olive. Une fois la po\u00eale chaude, faite r\u00e9duire les poireaux &hellip; <\/p>\n<p class=\"link-more\"><a href=\"https:\/\/xn--maeva-zambon-ditticienne-pfcb.fr\/index.php\/queue-de-lotte-fondue-de-poireaux-et-riz-basmati\/\" class=\"more-link\">Continue reading<span class=\"screen-reader-text\"> &#8220;Queue de Lotte, fondue de poireaux et riz basmati&#8221;<\/span><\/a><\/p>\n","protected":false},"author":1,"featured_media":0,"parent":0,"menu_order":0,"comment_status":"closed","ping_status":"closed","template":"","meta":{"footnotes":""},"class_list":["post-425","page","type-page","status-publish","hentry"],"yoast_head":"<!-- This site is optimized with the Yoast SEO plugin v22.0 - https:\/\/yoast.com\/wordpress\/plugins\/seo\/ -->\n<title>Queue de Lotte, fondue de poireaux et riz basmati - Di\u00e9t\u00e9ticienne<\/title>\n<meta name=\"robots\" content=\"index, follow, max-snippet:-1, max-image-preview:large, max-video-preview:-1\" \/>\n<link rel=\"canonical\" href=\"https:\/\/xn--maeva-zambon-ditticienne-pfcb.fr\/index.php\/queue-de-lotte-fondue-de-poireaux-et-riz-basmati\/\" \/>\n<meta property=\"og:locale\" content=\"en_US\" \/>\n<meta property=\"og:type\" content=\"article\" \/>\n<meta property=\"og:title\" content=\"Queue de Lotte, fondue de poireaux et riz basmati - Di\u00e9t\u00e9ticienne\" \/>\n<meta property=\"og:description\" content=\"Ingr\u00e9dients Queue de Lotte T\u00eate d&#8217;ail (soit une dizaine de gousses) Citron Blanc de poireaux Huile d&#8217;Olive Cr\u00e8me fraiche Riz basmati Coriandre fraiche Herbes sp\u00e9ciales poisson Sel, Poivre Recette Allumer le four \u00e0 200\u00b0C Couper les poireaux en rondelles, dans une po\u00eale mettre de l&#8217;huile d&#8217;olive. Une fois la po\u00eale chaude, faite r\u00e9duire les poireaux &hellip; Continue reading &quot;Queue de Lotte, fondue de poireaux et riz basmati&quot;\" \/>\n<meta property=\"og:url\" content=\"https:\/\/xn--maeva-zambon-ditticienne-pfcb.fr\/index.php\/queue-de-lotte-fondue-de-poireaux-et-riz-basmati\/\" \/>\n<meta property=\"og:site_name\" content=\"Di\u00e9t\u00e9ticienne\" \/>\n<meta property=\"article:modified_time\" content=\"2023-08-20T01:02:12+00:00\" \/>\n<meta property=\"og:image\" content=\"https:\/\/xn--maeva-zambon-ditticienne-pfcb.fr\/wp-content\/uploads\/2023\/08\/gettyimages-827141736.webp\" \/>\n<meta name=\"twitter:card\" content=\"summary_large_image\" \/>\n<meta name=\"twitter:label1\" content=\"Est. reading time\" \/>\n\t<meta name=\"twitter:data1\" content=\"1 minute\" \/>\n<script type=\"application\/ld+json\" class=\"yoast-schema-graph\">{\"@context\":\"https:\/\/schema.org\",\"@graph\":[{\"@type\":\"WebPage\",\"@id\":\"https:\/\/xn--maeva-zambon-ditticienne-pfcb.fr\/index.php\/queue-de-lotte-fondue-de-poireaux-et-riz-basmati\/\",\"url\":\"https:\/\/xn--maeva-zambon-ditticienne-pfcb.fr\/index.php\/queue-de-lotte-fondue-de-poireaux-et-riz-basmati\/\",\"name\":\"Queue de Lotte, fondue de poireaux et riz basmati - Di\u00e9t\u00e9ticienne\",\"isPartOf\":{\"@id\":\"https:\/\/xn--maeva-zambon-ditticienne-pfcb.fr\/#website\"},\"datePublished\":\"2022-08-19T13:57:39+00:00\",\"dateModified\":\"2023-08-20T01:02:12+00:00\",\"breadcrumb\":{\"@id\":\"https:\/\/xn--maeva-zambon-ditticienne-pfcb.fr\/index.php\/queue-de-lotte-fondue-de-poireaux-et-riz-basmati\/#breadcrumb\"},\"inLanguage\":\"en-US\",\"potentialAction\":[{\"@type\":\"ReadAction\",\"target\":[\"https:\/\/xn--maeva-zambon-ditticienne-pfcb.fr\/index.php\/queue-de-lotte-fondue-de-poireaux-et-riz-basmati\/\"]}]},{\"@type\":\"BreadcrumbList\",\"@id\":\"https:\/\/xn--maeva-zambon-ditticienne-pfcb.fr\/index.php\/queue-de-lotte-fondue-de-poireaux-et-riz-basmati\/#breadcrumb\",\"itemListElement\":[{\"@type\":\"ListItem\",\"position\":1,\"name\":\"Home\",\"item\":\"https:\/\/xn--maeva-zambon-ditticienne-pfcb.fr\/\"},{\"@type\":\"ListItem\",\"position\":2,\"name\":\"Queue de Lotte, fondue de poireaux et riz basmati\"}]},{\"@type\":\"WebSite\",\"@id\":\"https:\/\/xn--maeva-zambon-ditticienne-pfcb.fr\/#website\",\"url\":\"https:\/\/xn--maeva-zambon-ditticienne-pfcb.fr\/\",\"name\":\"Di\u00e9t\u00e9ticienne\",\"description\":\"Maeva Zambon Di\u00e9t\u00e9ticienne-Nutritionniste \",\"potentialAction\":[{\"@type\":\"SearchAction\",\"target\":{\"@type\":\"EntryPoint\",\"urlTemplate\":\"https:\/\/xn--maeva-zambon-ditticienne-pfcb.fr\/?s={search_term_string}\"},\"query-input\":\"required name=search_term_string\"}],\"inLanguage\":\"en-US\"}]}<\/script>\n<!-- \/ Yoast SEO plugin. -->","yoast_head_json":{"title":"Queue de Lotte, fondue de poireaux et riz basmati - Di\u00e9t\u00e9ticienne","robots":{"index":"index","follow":"follow","max-snippet":"max-snippet:-1","max-image-preview":"max-image-preview:large","max-video-preview":"max-video-preview:-1"},"canonical":"https:\/\/xn--maeva-zambon-ditticienne-pfcb.fr\/index.php\/queue-de-lotte-fondue-de-poireaux-et-riz-basmati\/","og_locale":"en_US","og_type":"article","og_title":"Queue de Lotte, fondue de poireaux et riz basmati - Di\u00e9t\u00e9ticienne","og_description":"Ingr\u00e9dients Queue de Lotte T\u00eate d&#8217;ail (soit une dizaine de gousses) Citron Blanc de poireaux Huile d&#8217;Olive Cr\u00e8me fraiche Riz basmati Coriandre fraiche Herbes sp\u00e9ciales poisson Sel, Poivre Recette Allumer le four \u00e0 200\u00b0C Couper les poireaux en rondelles, dans une po\u00eale mettre de l&#8217;huile d&#8217;olive. Une fois la po\u00eale chaude, faite r\u00e9duire les poireaux &hellip; Continue reading \"Queue de Lotte, fondue de poireaux et riz basmati\"","og_url":"https:\/\/xn--maeva-zambon-ditticienne-pfcb.fr\/index.php\/queue-de-lotte-fondue-de-poireaux-et-riz-basmati\/","og_site_name":"Di\u00e9t\u00e9ticienne","article_modified_time":"2023-08-20T01:02:12+00:00","og_image":[{"url":"https:\/\/xn--maeva-zambon-ditticienne-pfcb.fr\/wp-content\/uploads\/2023\/08\/gettyimages-827141736.webp"}],"twitter_card":"summary_large_image","twitter_misc":{"Est. reading time":"1 minute"},"schema":{"@context":"https:\/\/schema.org","@graph":[{"@type":"WebPage","@id":"https:\/\/xn--maeva-zambon-ditticienne-pfcb.fr\/index.php\/queue-de-lotte-fondue-de-poireaux-et-riz-basmati\/","url":"https:\/\/xn--maeva-zambon-ditticienne-pfcb.fr\/index.php\/queue-de-lotte-fondue-de-poireaux-et-riz-basmati\/","name":"Queue de Lotte, fondue de poireaux et riz basmati - Di\u00e9t\u00e9ticienne","isPartOf":{"@id":"https:\/\/xn--maeva-zambon-ditticienne-pfcb.fr\/#website"},"datePublished":"2022-08-19T13:57:39+00:00","dateModified":"2023-08-20T01:02:12+00:00","breadcrumb":{"@id":"https:\/\/xn--maeva-zambon-ditticienne-pfcb.fr\/index.php\/queue-de-lotte-fondue-de-poireaux-et-riz-basmati\/#breadcrumb"},"inLanguage":"en-US","potentialAction":[{"@type":"ReadAction","target":["https:\/\/xn--maeva-zambon-ditticienne-pfcb.fr\/index.php\/queue-de-lotte-fondue-de-poireaux-et-riz-basmati\/"]}]},{"@type":"BreadcrumbList","@id":"https:\/\/xn--maeva-zambon-ditticienne-pfcb.fr\/index.php\/queue-de-lotte-fondue-de-poireaux-et-riz-basmati\/#breadcrumb","itemListElement":[{"@type":"ListItem","position":1,"name":"Home","item":"https:\/\/xn--maeva-zambon-ditticienne-pfcb.fr\/"},{"@type":"ListItem","position":2,"name":"Queue de Lotte, fondue de poireaux et riz basmati"}]},{"@type":"WebSite","@id":"https:\/\/xn--maeva-zambon-ditticienne-pfcb.fr\/#website","url":"https:\/\/xn--maeva-zambon-ditticienne-pfcb.fr\/","name":"Di\u00e9t\u00e9ticienne","description":"Maeva Zambon Di\u00e9t\u00e9ticienne-Nutritionniste ","potentialAction":[{"@type":"SearchAction","target":{"@type":"EntryPoint","urlTemplate":"https:\/\/xn--maeva-zambon-ditticienne-pfcb.fr\/?s={search_term_string}"},"query-input":"required name=search_term_string"}],"inLanguage":"en-US"}]}},"_links":{"self":[{"href":"https:\/\/xn--maeva-zambon-ditticienne-pfcb.fr\/index.php\/wp-json\/wp\/v2\/pages\/425","targetHints":{"allow":["GET"]}}],"collection":[{"href":"https:\/\/xn--maeva-zambon-ditticienne-pfcb.fr\/index.php\/wp-json\/wp\/v2\/pages"}],"about":[{"href":"https:\/\/xn--maeva-zambon-ditticienne-pfcb.fr\/index.php\/wp-json\/wp\/v2\/types\/page"}],"author":[{"embeddable":true,"href":"https:\/\/xn--maeva-zambon-ditticienne-pfcb.fr\/index.php\/wp-json\/wp\/v2\/users\/1"}],"replies":[{"embeddable":true,"href":"https:\/\/xn--maeva-zambon-ditticienne-pfcb.fr\/index.php\/wp-json\/wp\/v2\/comments?post=425"}],"version-history":[{"count":2,"href":"https:\/\/xn--maeva-zambon-ditticienne-pfcb.fr\/index.php\/wp-json\/wp\/v2\/pages\/425\/revisions"}],"predecessor-version":[{"id":1539,"href":"https:\/\/xn--maeva-zambon-ditticienne-pfcb.fr\/index.php\/wp-json\/wp\/v2\/pages\/425\/revisions\/1539"}],"wp:attachment":[{"href":"https:\/\/xn--maeva-zambon-ditticienne-pfcb.fr\/index.php\/wp-json\/wp\/v2\/media?parent=425"}],"curies":[{"name":"wp","href":"https:\/\/api.w.org\/{rel}","templated":true}]}}