{"id":409,"date":"2022-08-19T14:53:02","date_gmt":"2022-08-19T12:53:02","guid":{"rendered":"https:\/\/dieteticiennemaevazambon.wordpress.com\/?page_id=409"},"modified":"2023-08-20T01:01:17","modified_gmt":"2023-08-20T01:01:17","slug":"oeufs","status":"publish","type":"page","link":"https:\/\/xn--maeva-zambon-ditticienne-pfcb.fr\/index.php\/oeufs\/","title":{"rendered":"\u0152ufs"},"content":{"rendered":"\n<div style=\"height:100px\" aria-hidden=\"true\" class=\"wp-block-spacer\"><\/div>\n\n\n\n<figure class=\"wp-block-image size-full\"><img loading=\"lazy\" decoding=\"async\" width=\"525\" height=\"350\" src=\"https:\/\/i0.wp.com\/xn--maeva-zambon-ditticienne-pfcb.fr\/wp-content\/uploads\/2023\/08\/l-oeuf-virtuose-des-proteines-jpg.webp?resize=525%2C350&#038;ssl=1\" alt=\"\" class=\"wp-image-1536\" srcset=\"https:\/\/i0.wp.com\/xn--maeva-zambon-ditticienne-pfcb.fr\/wp-content\/uploads\/2023\/08\/l-oeuf-virtuose-des-proteines-jpg.webp?w=1024&amp;ssl=1 1024w, https:\/\/i0.wp.com\/xn--maeva-zambon-ditticienne-pfcb.fr\/wp-content\/uploads\/2023\/08\/l-oeuf-virtuose-des-proteines-jpg.webp?resize=300%2C200&amp;ssl=1 300w, https:\/\/i0.wp.com\/xn--maeva-zambon-ditticienne-pfcb.fr\/wp-content\/uploads\/2023\/08\/l-oeuf-virtuose-des-proteines-jpg.webp?resize=768%2C512&amp;ssl=1 768w\" sizes=\"auto, (max-width: 767px) 89vw, (max-width: 1000px) 54vw, (max-width: 1071px) 543px, 580px\" data-recalc-dims=\"1\" \/><\/figure>\n\n\n\n<div style=\"height:100px\" aria-hidden=\"true\" class=\"wp-block-spacer\"><\/div>\n\n\n\n<p>Les \u0153ufs sont des aliments riches en prot\u00e9ines, en lipides, en vitamines et en min\u00e9raux. Ils sont souvent consid\u00e9r\u00e9s comme des aliments complets, car ils contiennent les neuf acides amin\u00e9s essentiels que l\u2019organisme ne peut pas synth\u00e9tiser. Ils sont aussi une source de cholest\u00e9rol, qui est indispensable au bon fonctionnement des cellules, mais qui peut \u00eatre n\u00e9faste en exc\u00e8s.<\/p>\n\n\n\n<p>Les \u0153ufs peuvent avoir de nombreux avantages pour la sant\u00e9, comme la stimulation du syst\u00e8me immunitaire, la pr\u00e9vention de l\u2019an\u00e9mie, le maintien de la masse musculaire ou la protection de la vision. Ils peuvent aussi \u00eatre int\u00e9gr\u00e9s dans diff\u00e9rents r\u00e9gimes alimentaires, comme le v\u00e9g\u00e9tarisme, le r\u00e9gime c\u00e9tog\u00e8ne ou le r\u00e9gime pal\u00e9o.<\/p>\n\n\n\n<p>Mais comment consommer les \u0153ufs de mani\u00e8re \u00e9quilibr\u00e9e et adapt\u00e9e \u00e0 ses besoins ? Quels sont les modes de cuisson \u00e0 privil\u00e9gier pour pr\u00e9server leurs qualit\u00e9s nutritionnelles ? Quelles sont les quantit\u00e9s \u00e0 respecter pour \u00e9viter les risques li\u00e9s au cholest\u00e9rol ou aux salmonelles ? Comment choisir des \u0153ufs de qualit\u00e9, issus d\u2019un \u00e9levage respectueux du bien-\u00eatre animal et de l\u2019environnement ?<\/p>\n\n\n\n<p>Pour r\u00e9pondre \u00e0 ces questions, il est essentiel de faire appel \u00e0 un professionnel de la nutrition. Il pourra vous accompagner dans votre consommation d\u2019\u0153ufs ou vous aider \u00e0 les int\u00e9grer dans votre alimentation si vous n\u2019en mangez pas assez. Il pourra vous conseiller sur les fr\u00e9quences et les portions \u00e0 respecter, les associations \u00e0 \u00e9viter ou \u00e0 favoriser et les compl\u00e9ments alimentaires \u00e0 prendre si besoin. Il pourra aussi vous proposer des recettes vari\u00e9es et savoureuses, \u00e0 base d\u2019\u0153ufs ou d\u2019autres sources de prot\u00e9ines.<\/p>\n","protected":false},"excerpt":{"rendered":"<p>Les \u0153ufs sont des aliments riches en prot\u00e9ines, en lipides, en vitamines et en min\u00e9raux. Ils sont souvent consid\u00e9r\u00e9s comme des aliments complets, car ils contiennent les neuf acides amin\u00e9s essentiels que l\u2019organisme ne peut pas synth\u00e9tiser. Ils sont aussi une source de cholest\u00e9rol, qui est indispensable au bon fonctionnement des cellules, mais qui peut &hellip; <\/p>\n<p class=\"link-more\"><a href=\"https:\/\/xn--maeva-zambon-ditticienne-pfcb.fr\/index.php\/oeufs\/\" class=\"more-link\">Continue reading<span class=\"screen-reader-text\"> &#8220;\u0152ufs&#8221;<\/span><\/a><\/p>\n","protected":false},"author":1,"featured_media":0,"parent":0,"menu_order":0,"comment_status":"closed","ping_status":"closed","template":"","meta":{"footnotes":""},"class_list":["post-409","page","type-page","status-publish","hentry"],"yoast_head":"<!-- This site is optimized with the Yoast SEO plugin v22.0 - https:\/\/yoast.com\/wordpress\/plugins\/seo\/ -->\n<title>\u0152ufs - Di\u00e9t\u00e9ticienne<\/title>\n<meta name=\"description\" content=\"\u0152ufs : Mais comment consommer les \u0153ufs de mani\u00e8re \u00e9quilibr\u00e9e et adapt\u00e9e \u00e0 ses besoins ?\" \/>\n<meta name=\"robots\" content=\"index, follow, max-snippet:-1, max-image-preview:large, max-video-preview:-1\" \/>\n<link rel=\"canonical\" href=\"https:\/\/xn--maeva-zambon-ditticienne-pfcb.fr\/index.php\/oeufs\/\" \/>\n<meta property=\"og:locale\" content=\"en_US\" \/>\n<meta property=\"og:type\" content=\"article\" \/>\n<meta property=\"og:title\" content=\"\u0152ufs - Di\u00e9t\u00e9ticienne\" \/>\n<meta property=\"og:description\" content=\"\u0152ufs : Mais comment consommer les \u0153ufs de mani\u00e8re \u00e9quilibr\u00e9e et adapt\u00e9e \u00e0 ses besoins ?\" \/>\n<meta property=\"og:url\" content=\"https:\/\/xn--maeva-zambon-ditticienne-pfcb.fr\/index.php\/oeufs\/\" \/>\n<meta property=\"og:site_name\" content=\"Di\u00e9t\u00e9ticienne\" \/>\n<meta property=\"article:modified_time\" content=\"2023-08-20T01:01:17+00:00\" \/>\n<meta property=\"og:image\" content=\"https:\/\/xn--maeva-zambon-ditticienne-pfcb.fr\/wp-content\/uploads\/2023\/08\/l-oeuf-virtuose-des-proteines-jpg.webp\" \/>\n<meta name=\"twitter:card\" content=\"summary_large_image\" \/>\n<meta name=\"twitter:label1\" content=\"Est. reading time\" \/>\n\t<meta name=\"twitter:data1\" content=\"2 minutes\" \/>\n<script type=\"application\/ld+json\" class=\"yoast-schema-graph\">{\"@context\":\"https:\/\/schema.org\",\"@graph\":[{\"@type\":\"WebPage\",\"@id\":\"https:\/\/xn--maeva-zambon-ditticienne-pfcb.fr\/index.php\/oeufs\/\",\"url\":\"https:\/\/xn--maeva-zambon-ditticienne-pfcb.fr\/index.php\/oeufs\/\",\"name\":\"\u0152ufs - Di\u00e9t\u00e9ticienne\",\"isPartOf\":{\"@id\":\"https:\/\/xn--maeva-zambon-ditticienne-pfcb.fr\/#website\"},\"datePublished\":\"2022-08-19T12:53:02+00:00\",\"dateModified\":\"2023-08-20T01:01:17+00:00\",\"description\":\"\u0152ufs : Mais comment consommer les \u0153ufs de mani\u00e8re \u00e9quilibr\u00e9e et adapt\u00e9e \u00e0 ses besoins ?\",\"breadcrumb\":{\"@id\":\"https:\/\/xn--maeva-zambon-ditticienne-pfcb.fr\/index.php\/oeufs\/#breadcrumb\"},\"inLanguage\":\"en-US\",\"potentialAction\":[{\"@type\":\"ReadAction\",\"target\":[\"https:\/\/xn--maeva-zambon-ditticienne-pfcb.fr\/index.php\/oeufs\/\"]}]},{\"@type\":\"BreadcrumbList\",\"@id\":\"https:\/\/xn--maeva-zambon-ditticienne-pfcb.fr\/index.php\/oeufs\/#breadcrumb\",\"itemListElement\":[{\"@type\":\"ListItem\",\"position\":1,\"name\":\"Home\",\"item\":\"https:\/\/xn--maeva-zambon-ditticienne-pfcb.fr\/\"},{\"@type\":\"ListItem\",\"position\":2,\"name\":\"\u0152ufs\"}]},{\"@type\":\"WebSite\",\"@id\":\"https:\/\/xn--maeva-zambon-ditticienne-pfcb.fr\/#website\",\"url\":\"https:\/\/xn--maeva-zambon-ditticienne-pfcb.fr\/\",\"name\":\"Di\u00e9t\u00e9ticienne\",\"description\":\"Maeva Zambon Di\u00e9t\u00e9ticienne-Nutritionniste \",\"potentialAction\":[{\"@type\":\"SearchAction\",\"target\":{\"@type\":\"EntryPoint\",\"urlTemplate\":\"https:\/\/xn--maeva-zambon-ditticienne-pfcb.fr\/?s={search_term_string}\"},\"query-input\":\"required name=search_term_string\"}],\"inLanguage\":\"en-US\"}]}<\/script>\n<!-- \/ Yoast SEO plugin. -->","yoast_head_json":{"title":"\u0152ufs - Di\u00e9t\u00e9ticienne","description":"\u0152ufs : Mais comment consommer les \u0153ufs de mani\u00e8re \u00e9quilibr\u00e9e et adapt\u00e9e \u00e0 ses besoins ?","robots":{"index":"index","follow":"follow","max-snippet":"max-snippet:-1","max-image-preview":"max-image-preview:large","max-video-preview":"max-video-preview:-1"},"canonical":"https:\/\/xn--maeva-zambon-ditticienne-pfcb.fr\/index.php\/oeufs\/","og_locale":"en_US","og_type":"article","og_title":"\u0152ufs - Di\u00e9t\u00e9ticienne","og_description":"\u0152ufs : Mais comment consommer les \u0153ufs de mani\u00e8re \u00e9quilibr\u00e9e et adapt\u00e9e \u00e0 ses besoins ?","og_url":"https:\/\/xn--maeva-zambon-ditticienne-pfcb.fr\/index.php\/oeufs\/","og_site_name":"Di\u00e9t\u00e9ticienne","article_modified_time":"2023-08-20T01:01:17+00:00","og_image":[{"url":"https:\/\/xn--maeva-zambon-ditticienne-pfcb.fr\/wp-content\/uploads\/2023\/08\/l-oeuf-virtuose-des-proteines-jpg.webp"}],"twitter_card":"summary_large_image","twitter_misc":{"Est. reading time":"2 minutes"},"schema":{"@context":"https:\/\/schema.org","@graph":[{"@type":"WebPage","@id":"https:\/\/xn--maeva-zambon-ditticienne-pfcb.fr\/index.php\/oeufs\/","url":"https:\/\/xn--maeva-zambon-ditticienne-pfcb.fr\/index.php\/oeufs\/","name":"\u0152ufs - Di\u00e9t\u00e9ticienne","isPartOf":{"@id":"https:\/\/xn--maeva-zambon-ditticienne-pfcb.fr\/#website"},"datePublished":"2022-08-19T12:53:02+00:00","dateModified":"2023-08-20T01:01:17+00:00","description":"\u0152ufs : Mais comment consommer les \u0153ufs de mani\u00e8re \u00e9quilibr\u00e9e et adapt\u00e9e \u00e0 ses besoins ?","breadcrumb":{"@id":"https:\/\/xn--maeva-zambon-ditticienne-pfcb.fr\/index.php\/oeufs\/#breadcrumb"},"inLanguage":"en-US","potentialAction":[{"@type":"ReadAction","target":["https:\/\/xn--maeva-zambon-ditticienne-pfcb.fr\/index.php\/oeufs\/"]}]},{"@type":"BreadcrumbList","@id":"https:\/\/xn--maeva-zambon-ditticienne-pfcb.fr\/index.php\/oeufs\/#breadcrumb","itemListElement":[{"@type":"ListItem","position":1,"name":"Home","item":"https:\/\/xn--maeva-zambon-ditticienne-pfcb.fr\/"},{"@type":"ListItem","position":2,"name":"\u0152ufs"}]},{"@type":"WebSite","@id":"https:\/\/xn--maeva-zambon-ditticienne-pfcb.fr\/#website","url":"https:\/\/xn--maeva-zambon-ditticienne-pfcb.fr\/","name":"Di\u00e9t\u00e9ticienne","description":"Maeva Zambon Di\u00e9t\u00e9ticienne-Nutritionniste ","potentialAction":[{"@type":"SearchAction","target":{"@type":"EntryPoint","urlTemplate":"https:\/\/xn--maeva-zambon-ditticienne-pfcb.fr\/?s={search_term_string}"},"query-input":"required name=search_term_string"}],"inLanguage":"en-US"}]}},"_links":{"self":[{"href":"https:\/\/xn--maeva-zambon-ditticienne-pfcb.fr\/index.php\/wp-json\/wp\/v2\/pages\/409","targetHints":{"allow":["GET"]}}],"collection":[{"href":"https:\/\/xn--maeva-zambon-ditticienne-pfcb.fr\/index.php\/wp-json\/wp\/v2\/pages"}],"about":[{"href":"https:\/\/xn--maeva-zambon-ditticienne-pfcb.fr\/index.php\/wp-json\/wp\/v2\/types\/page"}],"author":[{"embeddable":true,"href":"https:\/\/xn--maeva-zambon-ditticienne-pfcb.fr\/index.php\/wp-json\/wp\/v2\/users\/1"}],"replies":[{"embeddable":true,"href":"https:\/\/xn--maeva-zambon-ditticienne-pfcb.fr\/index.php\/wp-json\/wp\/v2\/comments?post=409"}],"version-history":[{"count":4,"href":"https:\/\/xn--maeva-zambon-ditticienne-pfcb.fr\/index.php\/wp-json\/wp\/v2\/pages\/409\/revisions"}],"predecessor-version":[{"id":1537,"href":"https:\/\/xn--maeva-zambon-ditticienne-pfcb.fr\/index.php\/wp-json\/wp\/v2\/pages\/409\/revisions\/1537"}],"wp:attachment":[{"href":"https:\/\/xn--maeva-zambon-ditticienne-pfcb.fr\/index.php\/wp-json\/wp\/v2\/media?parent=409"}],"curies":[{"name":"wp","href":"https:\/\/api.w.org\/{rel}","templated":true}]}}