{"id":379,"date":"2022-08-16T18:46:20","date_gmt":"2022-08-16T16:46:20","guid":{"rendered":"https:\/\/dieteticiennemaevazambon.wordpress.com\/?page_id=379"},"modified":"2023-08-20T00:56:23","modified_gmt":"2023-08-20T00:56:23","slug":"viandes-rouges-agneau-boeuf-porc-veau","status":"publish","type":"page","link":"https:\/\/xn--maeva-zambon-ditticienne-pfcb.fr\/index.php\/viandes-rouges-agneau-boeuf-porc-veau\/","title":{"rendered":"Viandes &#8220;rouges&#8221; : agneau, b\u0153uf, porc, veau"},"content":{"rendered":"\n<p><\/p>\n\n\n\n<div style=\"height:100px\" aria-hidden=\"true\" class=\"wp-block-spacer\"><\/div>\n\n\n\n<figure class=\"wp-block-image size-full\"><img loading=\"lazy\" decoding=\"async\" width=\"525\" height=\"525\" src=\"https:\/\/i0.wp.com\/xn--maeva-zambon-ditticienne-pfcb.fr\/wp-content\/uploads\/2023\/08\/brochettes-de-boeuf-marinees-au-citron-et-a-la-menthe-1-jpeg.webp?resize=525%2C525&#038;ssl=1\" alt=\"\" class=\"wp-image-1528\" srcset=\"https:\/\/i0.wp.com\/xn--maeva-zambon-ditticienne-pfcb.fr\/wp-content\/uploads\/2023\/08\/brochettes-de-boeuf-marinees-au-citron-et-a-la-menthe-1-jpeg.webp?w=1000&amp;ssl=1 1000w, https:\/\/i0.wp.com\/xn--maeva-zambon-ditticienne-pfcb.fr\/wp-content\/uploads\/2023\/08\/brochettes-de-boeuf-marinees-au-citron-et-a-la-menthe-1-jpeg.webp?resize=300%2C300&amp;ssl=1 300w, https:\/\/i0.wp.com\/xn--maeva-zambon-ditticienne-pfcb.fr\/wp-content\/uploads\/2023\/08\/brochettes-de-boeuf-marinees-au-citron-et-a-la-menthe-1-jpeg.webp?resize=150%2C150&amp;ssl=1 150w, https:\/\/i0.wp.com\/xn--maeva-zambon-ditticienne-pfcb.fr\/wp-content\/uploads\/2023\/08\/brochettes-de-boeuf-marinees-au-citron-et-a-la-menthe-1-jpeg.webp?resize=768%2C768&amp;ssl=1 768w, https:\/\/i0.wp.com\/xn--maeva-zambon-ditticienne-pfcb.fr\/wp-content\/uploads\/2023\/08\/brochettes-de-boeuf-marinees-au-citron-et-a-la-menthe-1-jpeg.webp?resize=100%2C100&amp;ssl=1 100w\" sizes=\"auto, (max-width: 767px) 89vw, (max-width: 1000px) 54vw, (max-width: 1071px) 543px, 580px\" data-recalc-dims=\"1\" \/><\/figure>\n\n\n\n<div style=\"height:100px\" aria-hidden=\"true\" class=\"wp-block-spacer\"><\/div>\n\n\n\n<p>L&#8217;agneau, le b\u0153uf, le porc, le veau mais aussi le mouton appartiennent \u00e0 la famille des viandes dites rouges.<\/p>\n\n\n\n<p>Elles sont riches en : <\/p>\n\n\n\n<ul class=\"wp-block-list\">\n<li><span style=\"text-decoration:underline;\"><strong>Prot\u00e9ines animales<\/strong><\/span> qui contiennent les huit acides amin\u00e9s essentiels, indispensables au bon fonctionnement de notre organisme. Ces acides amin\u00e9s sont uniquement apport\u00e9s par l&#8217;alimentation on les retrouves dans les prot\u00e9ines animales et v\u00e9g\u00e9tales. <\/li>\n<\/ul>\n\n\n\n<p>Elles sont aussi sources de :<\/p>\n\n\n\n<ul class=\"wp-block-list\">\n<li><strong><span style=\"text-decoration:underline;\">Acides gras satur\u00e9s<\/span><\/strong> qui consomm\u00e9s en exc\u00e8s augmentent le risque de maladies cardiovasculaires. Elles doivent donc \u00eatre consomm\u00e9es avec mod\u00e9ration.<\/li>\n\n\n\n<li>Fer <\/li>\n\n\n\n<li>Phosphore<\/li>\n\n\n\n<li>Zinc<\/li>\n\n\n\n<li>Cuivre<\/li>\n\n\n\n<li>S\u00e9l\u00e9nium <\/li>\n\n\n\n<li>Vitamines B1, B2, B3, B6, B12<\/li>\n\n\n\n<li>Vitamine D<\/li>\n<\/ul>\n","protected":false},"excerpt":{"rendered":"<p>L&#8217;agneau, le b\u0153uf, le porc, le veau mais aussi le mouton appartiennent \u00e0 la famille des viandes dites rouges. Elles sont riches en : Elles sont aussi sources de :<\/p>\n","protected":false},"author":1,"featured_media":0,"parent":0,"menu_order":0,"comment_status":"closed","ping_status":"closed","template":"","meta":{"footnotes":""},"class_list":["post-379","page","type-page","status-publish","hentry"],"yoast_head":"<!-- This site is optimized with the Yoast SEO plugin v22.0 - https:\/\/yoast.com\/wordpress\/plugins\/seo\/ -->\n<title>Viandes &quot;rouges&quot; : agneau, b\u0153uf, porc, veau - Di\u00e9t\u00e9ticienne<\/title>\n<meta name=\"description\" content=\"L&#039;agneau, le b\u0153uf, le porc, le veau mais aussi le mouton appartiennent \u00e0 la famille des viandes dites rouges.\" \/>\n<meta name=\"robots\" content=\"index, follow, max-snippet:-1, max-image-preview:large, max-video-preview:-1\" \/>\n<link rel=\"canonical\" href=\"https:\/\/xn--maeva-zambon-ditticienne-pfcb.fr\/index.php\/viandes-rouges-agneau-boeuf-porc-veau\/\" \/>\n<meta property=\"og:locale\" content=\"en_US\" \/>\n<meta property=\"og:type\" content=\"article\" \/>\n<meta property=\"og:title\" content=\"Viandes &quot;rouges&quot; : agneau, b\u0153uf, porc, veau - Di\u00e9t\u00e9ticienne\" \/>\n<meta property=\"og:description\" content=\"L&#039;agneau, le b\u0153uf, le porc, le veau mais aussi le mouton appartiennent \u00e0 la famille des viandes dites rouges.\" \/>\n<meta property=\"og:url\" content=\"https:\/\/xn--maeva-zambon-ditticienne-pfcb.fr\/index.php\/viandes-rouges-agneau-boeuf-porc-veau\/\" \/>\n<meta property=\"og:site_name\" content=\"Di\u00e9t\u00e9ticienne\" \/>\n<meta property=\"article:modified_time\" content=\"2023-08-20T00:56:23+00:00\" \/>\n<meta property=\"og:image\" content=\"https:\/\/xn--maeva-zambon-ditticienne-pfcb.fr\/wp-content\/uploads\/2023\/08\/brochettes-de-boeuf-marinees-au-citron-et-a-la-menthe-1-jpeg.webp\" \/>\n<meta name=\"twitter:card\" content=\"summary_large_image\" \/>\n<meta name=\"twitter:label1\" content=\"Est. reading time\" \/>\n\t<meta name=\"twitter:data1\" content=\"1 minute\" \/>\n<script type=\"application\/ld+json\" class=\"yoast-schema-graph\">{\"@context\":\"https:\/\/schema.org\",\"@graph\":[{\"@type\":\"WebPage\",\"@id\":\"https:\/\/xn--maeva-zambon-ditticienne-pfcb.fr\/index.php\/viandes-rouges-agneau-boeuf-porc-veau\/\",\"url\":\"https:\/\/xn--maeva-zambon-ditticienne-pfcb.fr\/index.php\/viandes-rouges-agneau-boeuf-porc-veau\/\",\"name\":\"Viandes \\\"rouges\\\" : agneau, b\u0153uf, porc, veau - Di\u00e9t\u00e9ticienne\",\"isPartOf\":{\"@id\":\"https:\/\/xn--maeva-zambon-ditticienne-pfcb.fr\/#website\"},\"datePublished\":\"2022-08-16T16:46:20+00:00\",\"dateModified\":\"2023-08-20T00:56:23+00:00\",\"description\":\"L'agneau, le b\u0153uf, le porc, le veau mais aussi le mouton appartiennent \u00e0 la famille des viandes dites rouges.\",\"breadcrumb\":{\"@id\":\"https:\/\/xn--maeva-zambon-ditticienne-pfcb.fr\/index.php\/viandes-rouges-agneau-boeuf-porc-veau\/#breadcrumb\"},\"inLanguage\":\"en-US\",\"potentialAction\":[{\"@type\":\"ReadAction\",\"target\":[\"https:\/\/xn--maeva-zambon-ditticienne-pfcb.fr\/index.php\/viandes-rouges-agneau-boeuf-porc-veau\/\"]}]},{\"@type\":\"BreadcrumbList\",\"@id\":\"https:\/\/xn--maeva-zambon-ditticienne-pfcb.fr\/index.php\/viandes-rouges-agneau-boeuf-porc-veau\/#breadcrumb\",\"itemListElement\":[{\"@type\":\"ListItem\",\"position\":1,\"name\":\"Home\",\"item\":\"https:\/\/xn--maeva-zambon-ditticienne-pfcb.fr\/\"},{\"@type\":\"ListItem\",\"position\":2,\"name\":\"Viandes &#8220;rouges&#8221; : agneau, b\u0153uf, porc, veau\"}]},{\"@type\":\"WebSite\",\"@id\":\"https:\/\/xn--maeva-zambon-ditticienne-pfcb.fr\/#website\",\"url\":\"https:\/\/xn--maeva-zambon-ditticienne-pfcb.fr\/\",\"name\":\"Di\u00e9t\u00e9ticienne\",\"description\":\"Maeva Zambon Di\u00e9t\u00e9ticienne-Nutritionniste \",\"potentialAction\":[{\"@type\":\"SearchAction\",\"target\":{\"@type\":\"EntryPoint\",\"urlTemplate\":\"https:\/\/xn--maeva-zambon-ditticienne-pfcb.fr\/?s={search_term_string}\"},\"query-input\":\"required name=search_term_string\"}],\"inLanguage\":\"en-US\"}]}<\/script>\n<!-- \/ Yoast SEO plugin. -->","yoast_head_json":{"title":"Viandes \"rouges\" : agneau, b\u0153uf, porc, veau - Di\u00e9t\u00e9ticienne","description":"L'agneau, le b\u0153uf, le porc, le veau mais aussi le mouton appartiennent \u00e0 la famille des viandes dites rouges.","robots":{"index":"index","follow":"follow","max-snippet":"max-snippet:-1","max-image-preview":"max-image-preview:large","max-video-preview":"max-video-preview:-1"},"canonical":"https:\/\/xn--maeva-zambon-ditticienne-pfcb.fr\/index.php\/viandes-rouges-agneau-boeuf-porc-veau\/","og_locale":"en_US","og_type":"article","og_title":"Viandes \"rouges\" : agneau, b\u0153uf, porc, veau - Di\u00e9t\u00e9ticienne","og_description":"L'agneau, le b\u0153uf, le porc, le veau mais aussi le mouton appartiennent \u00e0 la famille des viandes dites rouges.","og_url":"https:\/\/xn--maeva-zambon-ditticienne-pfcb.fr\/index.php\/viandes-rouges-agneau-boeuf-porc-veau\/","og_site_name":"Di\u00e9t\u00e9ticienne","article_modified_time":"2023-08-20T00:56:23+00:00","og_image":[{"url":"https:\/\/xn--maeva-zambon-ditticienne-pfcb.fr\/wp-content\/uploads\/2023\/08\/brochettes-de-boeuf-marinees-au-citron-et-a-la-menthe-1-jpeg.webp"}],"twitter_card":"summary_large_image","twitter_misc":{"Est. reading time":"1 minute"},"schema":{"@context":"https:\/\/schema.org","@graph":[{"@type":"WebPage","@id":"https:\/\/xn--maeva-zambon-ditticienne-pfcb.fr\/index.php\/viandes-rouges-agneau-boeuf-porc-veau\/","url":"https:\/\/xn--maeva-zambon-ditticienne-pfcb.fr\/index.php\/viandes-rouges-agneau-boeuf-porc-veau\/","name":"Viandes \"rouges\" : agneau, b\u0153uf, porc, veau - Di\u00e9t\u00e9ticienne","isPartOf":{"@id":"https:\/\/xn--maeva-zambon-ditticienne-pfcb.fr\/#website"},"datePublished":"2022-08-16T16:46:20+00:00","dateModified":"2023-08-20T00:56:23+00:00","description":"L'agneau, le b\u0153uf, le porc, le veau mais aussi le mouton appartiennent \u00e0 la famille des viandes dites rouges.","breadcrumb":{"@id":"https:\/\/xn--maeva-zambon-ditticienne-pfcb.fr\/index.php\/viandes-rouges-agneau-boeuf-porc-veau\/#breadcrumb"},"inLanguage":"en-US","potentialAction":[{"@type":"ReadAction","target":["https:\/\/xn--maeva-zambon-ditticienne-pfcb.fr\/index.php\/viandes-rouges-agneau-boeuf-porc-veau\/"]}]},{"@type":"BreadcrumbList","@id":"https:\/\/xn--maeva-zambon-ditticienne-pfcb.fr\/index.php\/viandes-rouges-agneau-boeuf-porc-veau\/#breadcrumb","itemListElement":[{"@type":"ListItem","position":1,"name":"Home","item":"https:\/\/xn--maeva-zambon-ditticienne-pfcb.fr\/"},{"@type":"ListItem","position":2,"name":"Viandes &#8220;rouges&#8221; : agneau, b\u0153uf, porc, veau"}]},{"@type":"WebSite","@id":"https:\/\/xn--maeva-zambon-ditticienne-pfcb.fr\/#website","url":"https:\/\/xn--maeva-zambon-ditticienne-pfcb.fr\/","name":"Di\u00e9t\u00e9ticienne","description":"Maeva Zambon Di\u00e9t\u00e9ticienne-Nutritionniste ","potentialAction":[{"@type":"SearchAction","target":{"@type":"EntryPoint","urlTemplate":"https:\/\/xn--maeva-zambon-ditticienne-pfcb.fr\/?s={search_term_string}"},"query-input":"required name=search_term_string"}],"inLanguage":"en-US"}]}},"_links":{"self":[{"href":"https:\/\/xn--maeva-zambon-ditticienne-pfcb.fr\/index.php\/wp-json\/wp\/v2\/pages\/379","targetHints":{"allow":["GET"]}}],"collection":[{"href":"https:\/\/xn--maeva-zambon-ditticienne-pfcb.fr\/index.php\/wp-json\/wp\/v2\/pages"}],"about":[{"href":"https:\/\/xn--maeva-zambon-ditticienne-pfcb.fr\/index.php\/wp-json\/wp\/v2\/types\/page"}],"author":[{"embeddable":true,"href":"https:\/\/xn--maeva-zambon-ditticienne-pfcb.fr\/index.php\/wp-json\/wp\/v2\/users\/1"}],"replies":[{"embeddable":true,"href":"https:\/\/xn--maeva-zambon-ditticienne-pfcb.fr\/index.php\/wp-json\/wp\/v2\/comments?post=379"}],"version-history":[{"count":2,"href":"https:\/\/xn--maeva-zambon-ditticienne-pfcb.fr\/index.php\/wp-json\/wp\/v2\/pages\/379\/revisions"}],"predecessor-version":[{"id":1529,"href":"https:\/\/xn--maeva-zambon-ditticienne-pfcb.fr\/index.php\/wp-json\/wp\/v2\/pages\/379\/revisions\/1529"}],"wp:attachment":[{"href":"https:\/\/xn--maeva-zambon-ditticienne-pfcb.fr\/index.php\/wp-json\/wp\/v2\/media?parent=379"}],"curies":[{"name":"wp","href":"https:\/\/api.w.org\/{rel}","templated":true}]}}