{"id":375,"date":"2022-08-16T18:46:17","date_gmt":"2022-08-16T16:46:17","guid":{"rendered":"https:\/\/dieteticiennemaevazambon.wordpress.com\/?page_id=375"},"modified":"2023-08-11T17:48:14","modified_gmt":"2023-08-11T17:48:14","slug":"poisson","status":"publish","type":"page","link":"https:\/\/xn--maeva-zambon-ditticienne-pfcb.fr\/index.php\/poisson\/","title":{"rendered":"Saumon et Thon"},"content":{"rendered":"\n<div style=\"height:100px\" aria-hidden=\"true\" class=\"wp-block-spacer\"><\/div>\n\n\n\n<figure class=\"wp-block-image size-large is-resized\"><img loading=\"lazy\" decoding=\"async\" src=\"https:\/\/i0.wp.com\/salmatest.objects.frb.io\/assets\/images\/_recipeFull\/sashimi-de-saumon-sauce-ponzu.jpg?resize=525%2C347&#038;ssl=1\" alt=\"Saumon\" width=\"525\" height=\"347\" data-recalc-dims=\"1\" \/><\/figure>\n\n\n\n<p><\/p>\n\n\n\n<p><\/p>\n\n\n\n<p><\/p>\n\n\n\n<p>Nous sommes actuellement en train de travailler sur le contenu de cette section, qui sera disponible tr\u00e8s prochainement. Nous vous remercions de votre patience et de votre compr\u00e9hension. En attendant, vous pouvez consulter les autres sections de notre site internet<\/p>\n\n\n\n<p>Nous esp\u00e9rons que vous appr\u00e9cierez cette nouvelle section et que vous y trouverez des informations utiles et int\u00e9ressantes. N\u2019h\u00e9sitez pas \u00e0 nous faire part de vos commentaires ou suggestions, nous serons ravis d\u2019\u00e9changer avec vous.<\/p>\n\n\n\n<p>\u00c0 tr\u00e8s bient\u00f4t sur notre site internet !<\/p>\n","protected":false},"excerpt":{"rendered":"<p>Nous sommes actuellement en train de travailler sur le contenu de cette section, qui sera disponible tr\u00e8s prochainement. Nous vous remercions de votre patience et de votre compr\u00e9hension. En attendant, vous pouvez consulter les autres sections de notre site internet Nous esp\u00e9rons que vous appr\u00e9cierez cette nouvelle section et que vous y trouverez des informations &hellip; <\/p>\n<p class=\"link-more\"><a href=\"https:\/\/xn--maeva-zambon-ditticienne-pfcb.fr\/index.php\/poisson\/\" class=\"more-link\">Continue reading<span class=\"screen-reader-text\"> &#8220;Saumon et Thon&#8221;<\/span><\/a><\/p>\n","protected":false},"author":1,"featured_media":0,"parent":0,"menu_order":0,"comment_status":"closed","ping_status":"closed","template":"","meta":{"footnotes":""},"class_list":["post-375","page","type-page","status-publish","hentry"],"yoast_head":"<!-- This site is optimized with the Yoast SEO plugin v22.0 - https:\/\/yoast.com\/wordpress\/plugins\/seo\/ -->\n<title>Saumon et Thon - Di\u00e9t\u00e9ticienne<\/title>\n<meta name=\"robots\" content=\"index, follow, max-snippet:-1, max-image-preview:large, max-video-preview:-1\" \/>\n<link rel=\"canonical\" href=\"https:\/\/xn--maeva-zambon-ditticienne-pfcb.fr\/index.php\/poisson\/\" \/>\n<meta property=\"og:locale\" content=\"en_US\" \/>\n<meta property=\"og:type\" content=\"article\" \/>\n<meta property=\"og:title\" content=\"Saumon et Thon - Di\u00e9t\u00e9ticienne\" \/>\n<meta property=\"og:description\" content=\"Nous sommes actuellement en train de travailler sur le contenu de cette section, qui sera disponible tr\u00e8s prochainement. Nous vous remercions de votre patience et de votre compr\u00e9hension. En attendant, vous pouvez consulter les autres sections de notre site internet Nous esp\u00e9rons que vous appr\u00e9cierez cette nouvelle section et que vous y trouverez des informations &hellip; Continue reading &quot;Saumon et Thon&quot;\" \/>\n<meta property=\"og:url\" content=\"https:\/\/xn--maeva-zambon-ditticienne-pfcb.fr\/index.php\/poisson\/\" \/>\n<meta property=\"og:site_name\" content=\"Di\u00e9t\u00e9ticienne\" \/>\n<meta property=\"article:modified_time\" content=\"2023-08-11T17:48:14+00:00\" \/>\n<meta property=\"og:image\" content=\"https:\/\/salmatest.objects.frb.io\/assets\/images\/_recipeFull\/sashimi-de-saumon-sauce-ponzu.jpg\" \/>\n<meta name=\"twitter:card\" content=\"summary_large_image\" \/>\n<meta name=\"twitter:label1\" content=\"Est. reading time\" \/>\n\t<meta name=\"twitter:data1\" content=\"1 minute\" \/>\n<script type=\"application\/ld+json\" class=\"yoast-schema-graph\">{\"@context\":\"https:\/\/schema.org\",\"@graph\":[{\"@type\":\"WebPage\",\"@id\":\"https:\/\/xn--maeva-zambon-ditticienne-pfcb.fr\/index.php\/poisson\/\",\"url\":\"https:\/\/xn--maeva-zambon-ditticienne-pfcb.fr\/index.php\/poisson\/\",\"name\":\"Saumon et Thon - Di\u00e9t\u00e9ticienne\",\"isPartOf\":{\"@id\":\"https:\/\/xn--maeva-zambon-ditticienne-pfcb.fr\/#website\"},\"datePublished\":\"2022-08-16T16:46:17+00:00\",\"dateModified\":\"2023-08-11T17:48:14+00:00\",\"breadcrumb\":{\"@id\":\"https:\/\/xn--maeva-zambon-ditticienne-pfcb.fr\/index.php\/poisson\/#breadcrumb\"},\"inLanguage\":\"en-US\",\"potentialAction\":[{\"@type\":\"ReadAction\",\"target\":[\"https:\/\/xn--maeva-zambon-ditticienne-pfcb.fr\/index.php\/poisson\/\"]}]},{\"@type\":\"BreadcrumbList\",\"@id\":\"https:\/\/xn--maeva-zambon-ditticienne-pfcb.fr\/index.php\/poisson\/#breadcrumb\",\"itemListElement\":[{\"@type\":\"ListItem\",\"position\":1,\"name\":\"Home\",\"item\":\"https:\/\/xn--maeva-zambon-ditticienne-pfcb.fr\/\"},{\"@type\":\"ListItem\",\"position\":2,\"name\":\"Saumon et Thon\"}]},{\"@type\":\"WebSite\",\"@id\":\"https:\/\/xn--maeva-zambon-ditticienne-pfcb.fr\/#website\",\"url\":\"https:\/\/xn--maeva-zambon-ditticienne-pfcb.fr\/\",\"name\":\"Di\u00e9t\u00e9ticienne\",\"description\":\"Maeva Zambon Di\u00e9t\u00e9ticienne-Nutritionniste \",\"potentialAction\":[{\"@type\":\"SearchAction\",\"target\":{\"@type\":\"EntryPoint\",\"urlTemplate\":\"https:\/\/xn--maeva-zambon-ditticienne-pfcb.fr\/?s={search_term_string}\"},\"query-input\":\"required name=search_term_string\"}],\"inLanguage\":\"en-US\"}]}<\/script>\n<!-- \/ Yoast SEO plugin. -->","yoast_head_json":{"title":"Saumon et Thon - Di\u00e9t\u00e9ticienne","robots":{"index":"index","follow":"follow","max-snippet":"max-snippet:-1","max-image-preview":"max-image-preview:large","max-video-preview":"max-video-preview:-1"},"canonical":"https:\/\/xn--maeva-zambon-ditticienne-pfcb.fr\/index.php\/poisson\/","og_locale":"en_US","og_type":"article","og_title":"Saumon et Thon - Di\u00e9t\u00e9ticienne","og_description":"Nous sommes actuellement en train de travailler sur le contenu de cette section, qui sera disponible tr\u00e8s prochainement. Nous vous remercions de votre patience et de votre compr\u00e9hension. En attendant, vous pouvez consulter les autres sections de notre site internet Nous esp\u00e9rons que vous appr\u00e9cierez cette nouvelle section et que vous y trouverez des informations &hellip; Continue reading \"Saumon et Thon\"","og_url":"https:\/\/xn--maeva-zambon-ditticienne-pfcb.fr\/index.php\/poisson\/","og_site_name":"Di\u00e9t\u00e9ticienne","article_modified_time":"2023-08-11T17:48:14+00:00","og_image":[{"url":"https:\/\/salmatest.objects.frb.io\/assets\/images\/_recipeFull\/sashimi-de-saumon-sauce-ponzu.jpg"}],"twitter_card":"summary_large_image","twitter_misc":{"Est. reading time":"1 minute"},"schema":{"@context":"https:\/\/schema.org","@graph":[{"@type":"WebPage","@id":"https:\/\/xn--maeva-zambon-ditticienne-pfcb.fr\/index.php\/poisson\/","url":"https:\/\/xn--maeva-zambon-ditticienne-pfcb.fr\/index.php\/poisson\/","name":"Saumon et Thon - Di\u00e9t\u00e9ticienne","isPartOf":{"@id":"https:\/\/xn--maeva-zambon-ditticienne-pfcb.fr\/#website"},"datePublished":"2022-08-16T16:46:17+00:00","dateModified":"2023-08-11T17:48:14+00:00","breadcrumb":{"@id":"https:\/\/xn--maeva-zambon-ditticienne-pfcb.fr\/index.php\/poisson\/#breadcrumb"},"inLanguage":"en-US","potentialAction":[{"@type":"ReadAction","target":["https:\/\/xn--maeva-zambon-ditticienne-pfcb.fr\/index.php\/poisson\/"]}]},{"@type":"BreadcrumbList","@id":"https:\/\/xn--maeva-zambon-ditticienne-pfcb.fr\/index.php\/poisson\/#breadcrumb","itemListElement":[{"@type":"ListItem","position":1,"name":"Home","item":"https:\/\/xn--maeva-zambon-ditticienne-pfcb.fr\/"},{"@type":"ListItem","position":2,"name":"Saumon et Thon"}]},{"@type":"WebSite","@id":"https:\/\/xn--maeva-zambon-ditticienne-pfcb.fr\/#website","url":"https:\/\/xn--maeva-zambon-ditticienne-pfcb.fr\/","name":"Di\u00e9t\u00e9ticienne","description":"Maeva Zambon Di\u00e9t\u00e9ticienne-Nutritionniste ","potentialAction":[{"@type":"SearchAction","target":{"@type":"EntryPoint","urlTemplate":"https:\/\/xn--maeva-zambon-ditticienne-pfcb.fr\/?s={search_term_string}"},"query-input":"required name=search_term_string"}],"inLanguage":"en-US"}]}},"_links":{"self":[{"href":"https:\/\/xn--maeva-zambon-ditticienne-pfcb.fr\/index.php\/wp-json\/wp\/v2\/pages\/375","targetHints":{"allow":["GET"]}}],"collection":[{"href":"https:\/\/xn--maeva-zambon-ditticienne-pfcb.fr\/index.php\/wp-json\/wp\/v2\/pages"}],"about":[{"href":"https:\/\/xn--maeva-zambon-ditticienne-pfcb.fr\/index.php\/wp-json\/wp\/v2\/types\/page"}],"author":[{"embeddable":true,"href":"https:\/\/xn--maeva-zambon-ditticienne-pfcb.fr\/index.php\/wp-json\/wp\/v2\/users\/1"}],"replies":[{"embeddable":true,"href":"https:\/\/xn--maeva-zambon-ditticienne-pfcb.fr\/index.php\/wp-json\/wp\/v2\/comments?post=375"}],"version-history":[{"count":4,"href":"https:\/\/xn--maeva-zambon-ditticienne-pfcb.fr\/index.php\/wp-json\/wp\/v2\/pages\/375\/revisions"}],"predecessor-version":[{"id":1059,"href":"https:\/\/xn--maeva-zambon-ditticienne-pfcb.fr\/index.php\/wp-json\/wp\/v2\/pages\/375\/revisions\/1059"}],"wp:attachment":[{"href":"https:\/\/xn--maeva-zambon-ditticienne-pfcb.fr\/index.php\/wp-json\/wp\/v2\/media?parent=375"}],"curies":[{"name":"wp","href":"https:\/\/api.w.org\/{rel}","templated":true}]}}