{"id":341,"date":"2022-08-10T15:41:01","date_gmt":"2022-08-10T13:41:01","guid":{"rendered":"https:\/\/dieteticiennemaevazambon.wordpress.com\/?page_id=341"},"modified":"2023-08-20T01:08:34","modified_gmt":"2023-08-20T01:08:34","slug":"viande-poisson-oeufs","status":"publish","type":"page","link":"https:\/\/xn--maeva-zambon-ditticienne-pfcb.fr\/index.php\/viande-poisson-oeufs\/","title":{"rendered":"Viande, poisson, oeufs"},"content":{"rendered":"\n<p><\/p>\n\n\n\n<div style=\"height:100px\" aria-hidden=\"true\" class=\"wp-block-spacer\"><\/div>\n\n\n\n<figure class=\"wp-block-image size-large\"><img loading=\"lazy\" decoding=\"async\" width=\"525\" height=\"295\" src=\"https:\/\/i0.wp.com\/xn--maeva-zambon-ditticienne-pfcb.fr\/wp-content\/uploads\/2023\/08\/i184796-shutterstock-12695250941-1.webp?resize=525%2C295&#038;ssl=1\" alt=\"\" class=\"wp-image-1547\" srcset=\"https:\/\/i0.wp.com\/xn--maeva-zambon-ditticienne-pfcb.fr\/wp-content\/uploads\/2023\/08\/i184796-shutterstock-12695250941-1.webp?resize=1024%2C576&amp;ssl=1 1024w, https:\/\/i0.wp.com\/xn--maeva-zambon-ditticienne-pfcb.fr\/wp-content\/uploads\/2023\/08\/i184796-shutterstock-12695250941-1.webp?resize=300%2C169&amp;ssl=1 300w, https:\/\/i0.wp.com\/xn--maeva-zambon-ditticienne-pfcb.fr\/wp-content\/uploads\/2023\/08\/i184796-shutterstock-12695250941-1.webp?resize=768%2C432&amp;ssl=1 768w, https:\/\/i0.wp.com\/xn--maeva-zambon-ditticienne-pfcb.fr\/wp-content\/uploads\/2023\/08\/i184796-shutterstock-12695250941-1.webp?w=1200&amp;ssl=1 1200w\" sizes=\"auto, (max-width: 767px) 89vw, (max-width: 1000px) 54vw, (max-width: 1071px) 543px, 580px\" data-recalc-dims=\"1\" \/><\/figure>\n\n\n\n<div style=\"height:100px\" aria-hidden=\"true\" class=\"wp-block-spacer\"><\/div>\n\n\n\n<p>Vous aimez la viande, les \u0153ufs et le poisson ? Vous cherchez des id\u00e9es de recettes simples et savoureuses pour les cuisiner ?<\/p>\n\n\n\n<p class=\"has-text-align-center\"> Vous \u00eates au bon endroit !<\/p>\n\n\n\n<p> Sur cette page, vous trouverez une s\u00e9lection de recettes \u00e0 base de ces produits, adapt\u00e9es \u00e0 tous les go\u00fbts et \u00e0 toutes les occasions. Que vous soyez plut\u00f4t viande rouge ou blanche, \u0153ufs brouill\u00e9s ou \u00e0 la coque, poisson grill\u00e9 ou en sauce, vous trouverez forc\u00e9ment votre bonheur parmi ces suggestions. De l\u2019entr\u00e9e au plat principal, en passant par les accompagnements et les sauces, je vous proposons des recettes faciles \u00e0 r\u00e9aliser, avec des ingr\u00e9dients du quotidien. Vous pourrez ainsi varier les plaisirs et r\u00e9galer votre famille ou vos amis avec des plats gourmands et \u00e9quilibr\u00e9s. N\u2019attendez plus, d\u00e9couvrez mes recettes de viande, d\u2019\u0153ufs et de poisson !<\/p>\n","protected":false},"excerpt":{"rendered":"<p>Vous aimez la viande, les \u0153ufs et le poisson ? Vous cherchez des id\u00e9es de recettes simples et savoureuses pour les cuisiner ? Vous \u00eates au bon endroit ! Sur cette page, vous trouverez une s\u00e9lection de recettes \u00e0 base de ces produits, adapt\u00e9es \u00e0 tous les go\u00fbts et \u00e0 toutes les occasions. Que vous &hellip; <\/p>\n<p class=\"link-more\"><a href=\"https:\/\/xn--maeva-zambon-ditticienne-pfcb.fr\/index.php\/viande-poisson-oeufs\/\" class=\"more-link\">Continue reading<span class=\"screen-reader-text\"> &#8220;Viande, poisson, oeufs&#8221;<\/span><\/a><\/p>\n","protected":false},"author":1,"featured_media":0,"parent":0,"menu_order":0,"comment_status":"closed","ping_status":"closed","template":"","meta":{"footnotes":""},"class_list":["post-341","page","type-page","status-publish","hentry"],"yoast_head":"<!-- This site is optimized with the Yoast SEO plugin v22.0 - https:\/\/yoast.com\/wordpress\/plugins\/seo\/ -->\n<title>Viande, poisson, oeufs - Di\u00e9t\u00e9ticienne<\/title>\n<meta name=\"description\" content=\"Vous aimez la viande, les \u0153ufs et le poisson ? Vous cherchez des id\u00e9es de recettes simples et savoureuses pour les cuisiner\" \/>\n<meta name=\"robots\" content=\"index, follow, max-snippet:-1, max-image-preview:large, max-video-preview:-1\" \/>\n<link rel=\"canonical\" href=\"https:\/\/xn--maeva-zambon-ditticienne-pfcb.fr\/index.php\/viande-poisson-oeufs\/\" \/>\n<meta property=\"og:locale\" content=\"en_US\" \/>\n<meta property=\"og:type\" content=\"article\" \/>\n<meta property=\"og:title\" content=\"Viande, poisson, oeufs - Di\u00e9t\u00e9ticienne\" \/>\n<meta property=\"og:description\" content=\"Vous aimez la viande, les \u0153ufs et le poisson ? Vous cherchez des id\u00e9es de recettes simples et savoureuses pour les cuisiner\" \/>\n<meta property=\"og:url\" content=\"https:\/\/xn--maeva-zambon-ditticienne-pfcb.fr\/index.php\/viande-poisson-oeufs\/\" \/>\n<meta property=\"og:site_name\" content=\"Di\u00e9t\u00e9ticienne\" \/>\n<meta property=\"article:modified_time\" content=\"2023-08-20T01:08:34+00:00\" \/>\n<meta property=\"og:image\" content=\"https:\/\/xn--maeva-zambon-ditticienne-pfcb.fr\/wp-content\/uploads\/2023\/08\/i184796-shutterstock-12695250941-1-1024x576.webp\" \/>\n<meta name=\"twitter:card\" content=\"summary_large_image\" \/>\n<meta name=\"twitter:label1\" content=\"Est. reading time\" \/>\n\t<meta name=\"twitter:data1\" content=\"1 minute\" \/>\n<script type=\"application\/ld+json\" class=\"yoast-schema-graph\">{\"@context\":\"https:\/\/schema.org\",\"@graph\":[{\"@type\":\"WebPage\",\"@id\":\"https:\/\/xn--maeva-zambon-ditticienne-pfcb.fr\/index.php\/viande-poisson-oeufs\/\",\"url\":\"https:\/\/xn--maeva-zambon-ditticienne-pfcb.fr\/index.php\/viande-poisson-oeufs\/\",\"name\":\"Viande, poisson, oeufs - Di\u00e9t\u00e9ticienne\",\"isPartOf\":{\"@id\":\"https:\/\/xn--maeva-zambon-ditticienne-pfcb.fr\/#website\"},\"datePublished\":\"2022-08-10T13:41:01+00:00\",\"dateModified\":\"2023-08-20T01:08:34+00:00\",\"description\":\"Vous aimez la viande, les \u0153ufs et le poisson ? Vous cherchez des id\u00e9es de recettes simples et savoureuses pour les cuisiner\",\"breadcrumb\":{\"@id\":\"https:\/\/xn--maeva-zambon-ditticienne-pfcb.fr\/index.php\/viande-poisson-oeufs\/#breadcrumb\"},\"inLanguage\":\"en-US\",\"potentialAction\":[{\"@type\":\"ReadAction\",\"target\":[\"https:\/\/xn--maeva-zambon-ditticienne-pfcb.fr\/index.php\/viande-poisson-oeufs\/\"]}]},{\"@type\":\"BreadcrumbList\",\"@id\":\"https:\/\/xn--maeva-zambon-ditticienne-pfcb.fr\/index.php\/viande-poisson-oeufs\/#breadcrumb\",\"itemListElement\":[{\"@type\":\"ListItem\",\"position\":1,\"name\":\"Home\",\"item\":\"https:\/\/xn--maeva-zambon-ditticienne-pfcb.fr\/\"},{\"@type\":\"ListItem\",\"position\":2,\"name\":\"Viande, poisson, oeufs\"}]},{\"@type\":\"WebSite\",\"@id\":\"https:\/\/xn--maeva-zambon-ditticienne-pfcb.fr\/#website\",\"url\":\"https:\/\/xn--maeva-zambon-ditticienne-pfcb.fr\/\",\"name\":\"Di\u00e9t\u00e9ticienne\",\"description\":\"Maeva Zambon Di\u00e9t\u00e9ticienne-Nutritionniste \",\"potentialAction\":[{\"@type\":\"SearchAction\",\"target\":{\"@type\":\"EntryPoint\",\"urlTemplate\":\"https:\/\/xn--maeva-zambon-ditticienne-pfcb.fr\/?s={search_term_string}\"},\"query-input\":\"required name=search_term_string\"}],\"inLanguage\":\"en-US\"}]}<\/script>\n<!-- \/ Yoast SEO plugin. -->","yoast_head_json":{"title":"Viande, poisson, oeufs - Di\u00e9t\u00e9ticienne","description":"Vous aimez la viande, les \u0153ufs et le poisson ? Vous cherchez des id\u00e9es de recettes simples et savoureuses pour les cuisiner","robots":{"index":"index","follow":"follow","max-snippet":"max-snippet:-1","max-image-preview":"max-image-preview:large","max-video-preview":"max-video-preview:-1"},"canonical":"https:\/\/xn--maeva-zambon-ditticienne-pfcb.fr\/index.php\/viande-poisson-oeufs\/","og_locale":"en_US","og_type":"article","og_title":"Viande, poisson, oeufs - Di\u00e9t\u00e9ticienne","og_description":"Vous aimez la viande, les \u0153ufs et le poisson ? Vous cherchez des id\u00e9es de recettes simples et savoureuses pour les cuisiner","og_url":"https:\/\/xn--maeva-zambon-ditticienne-pfcb.fr\/index.php\/viande-poisson-oeufs\/","og_site_name":"Di\u00e9t\u00e9ticienne","article_modified_time":"2023-08-20T01:08:34+00:00","og_image":[{"url":"https:\/\/xn--maeva-zambon-ditticienne-pfcb.fr\/wp-content\/uploads\/2023\/08\/i184796-shutterstock-12695250941-1-1024x576.webp"}],"twitter_card":"summary_large_image","twitter_misc":{"Est. reading time":"1 minute"},"schema":{"@context":"https:\/\/schema.org","@graph":[{"@type":"WebPage","@id":"https:\/\/xn--maeva-zambon-ditticienne-pfcb.fr\/index.php\/viande-poisson-oeufs\/","url":"https:\/\/xn--maeva-zambon-ditticienne-pfcb.fr\/index.php\/viande-poisson-oeufs\/","name":"Viande, poisson, oeufs - Di\u00e9t\u00e9ticienne","isPartOf":{"@id":"https:\/\/xn--maeva-zambon-ditticienne-pfcb.fr\/#website"},"datePublished":"2022-08-10T13:41:01+00:00","dateModified":"2023-08-20T01:08:34+00:00","description":"Vous aimez la viande, les \u0153ufs et le poisson ? Vous cherchez des id\u00e9es de recettes simples et savoureuses pour les cuisiner","breadcrumb":{"@id":"https:\/\/xn--maeva-zambon-ditticienne-pfcb.fr\/index.php\/viande-poisson-oeufs\/#breadcrumb"},"inLanguage":"en-US","potentialAction":[{"@type":"ReadAction","target":["https:\/\/xn--maeva-zambon-ditticienne-pfcb.fr\/index.php\/viande-poisson-oeufs\/"]}]},{"@type":"BreadcrumbList","@id":"https:\/\/xn--maeva-zambon-ditticienne-pfcb.fr\/index.php\/viande-poisson-oeufs\/#breadcrumb","itemListElement":[{"@type":"ListItem","position":1,"name":"Home","item":"https:\/\/xn--maeva-zambon-ditticienne-pfcb.fr\/"},{"@type":"ListItem","position":2,"name":"Viande, poisson, oeufs"}]},{"@type":"WebSite","@id":"https:\/\/xn--maeva-zambon-ditticienne-pfcb.fr\/#website","url":"https:\/\/xn--maeva-zambon-ditticienne-pfcb.fr\/","name":"Di\u00e9t\u00e9ticienne","description":"Maeva Zambon Di\u00e9t\u00e9ticienne-Nutritionniste ","potentialAction":[{"@type":"SearchAction","target":{"@type":"EntryPoint","urlTemplate":"https:\/\/xn--maeva-zambon-ditticienne-pfcb.fr\/?s={search_term_string}"},"query-input":"required name=search_term_string"}],"inLanguage":"en-US"}]}},"_links":{"self":[{"href":"https:\/\/xn--maeva-zambon-ditticienne-pfcb.fr\/index.php\/wp-json\/wp\/v2\/pages\/341","targetHints":{"allow":["GET"]}}],"collection":[{"href":"https:\/\/xn--maeva-zambon-ditticienne-pfcb.fr\/index.php\/wp-json\/wp\/v2\/pages"}],"about":[{"href":"https:\/\/xn--maeva-zambon-ditticienne-pfcb.fr\/index.php\/wp-json\/wp\/v2\/types\/page"}],"author":[{"embeddable":true,"href":"https:\/\/xn--maeva-zambon-ditticienne-pfcb.fr\/index.php\/wp-json\/wp\/v2\/users\/1"}],"replies":[{"embeddable":true,"href":"https:\/\/xn--maeva-zambon-ditticienne-pfcb.fr\/index.php\/wp-json\/wp\/v2\/comments?post=341"}],"version-history":[{"count":4,"href":"https:\/\/xn--maeva-zambon-ditticienne-pfcb.fr\/index.php\/wp-json\/wp\/v2\/pages\/341\/revisions"}],"predecessor-version":[{"id":1548,"href":"https:\/\/xn--maeva-zambon-ditticienne-pfcb.fr\/index.php\/wp-json\/wp\/v2\/pages\/341\/revisions\/1548"}],"wp:attachment":[{"href":"https:\/\/xn--maeva-zambon-ditticienne-pfcb.fr\/index.php\/wp-json\/wp\/v2\/media?parent=341"}],"curies":[{"name":"wp","href":"https:\/\/api.w.org\/{rel}","templated":true}]}}