{"id":28,"date":"2022-02-20T13:44:01","date_gmt":"2022-02-20T12:44:01","guid":{"rendered":"http:\/\/nutricionetc.fr\/a-propos\/"},"modified":"2022-02-20T13:44:01","modified_gmt":"2022-02-20T12:44:01","slug":"a-propos","status":"publish","type":"page","link":"https:\/\/xn--maeva-zambon-ditticienne-pfcb.fr\/index.php\/a-propos\/","title":{"rendered":"\u00c0 propos"},"content":{"rendered":"\n<p class=\"has-text-align-left\">Les visiteurs voudront en savoir plus sur la personne qui se cache derri\u00e8re cette page. Utilisez cet espace pour parler de vous, de votre site, de votre entreprise ou de tout ce que vous voulez. Utilisez les t\u00e9moignages ci-apr\u00e8s pour citer des tiers qui traitent des m\u00eames sujets avec leurs propres mots.<\/p>\n\n\n\n<p class=\"has-text-align-left\">Ce contenu est un exemple fourni avec le mod\u00e8le pour illustrer ses fonctionnalit\u00e9s. Supprimez-le ou remplacez-le par vos propres mots et \u00e9l\u00e9ments multim\u00e9dias.<\/p>\n\n\n\n<div style=\"height:32px;\" aria-hidden=\"true\" class=\"wp-block-spacer desktop-only\"><\/div>\n\n\n\n<h3 class=\"has-text-align-center wp-block-heading\">Ce que les gens disent<\/h3>\n\n\n\n<div class=\"wp-block-columns alignwide has-3-columns is-layout-flex wp-container-core-columns-is-layout-9d6595d7 wp-block-columns-is-layout-flex\">\n<div class=\"wp-block-column is-layout-flow wp-block-column-is-layout-flow\">\n<blockquote class=\"wp-block-quote is-layout-flow wp-block-quote-is-layout-flow\"><p>La meilleure mani\u00e8re de se lancer, c&#8217;est d&#8217;arr\u00eater de parler et de commencer \u00e0 agir.<\/p><cite>Walt Disney<\/cite><\/blockquote>\n<\/div>\n\n\n\n<div class=\"wp-block-column is-layout-flow wp-block-column-is-layout-flow\">\n<blockquote class=\"wp-block-quote is-layout-flow wp-block-quote-is-layout-flow\"><p>Ce sont nos choix, Harry, qui montrent ce que nous sommes vraiment, beaucoup plus que nos aptitudes.<\/p><cite>J. K. Rowling<\/cite><\/blockquote>\n<\/div>\n\n\n\n<div class=\"wp-block-column is-layout-flow wp-block-column-is-layout-flow\">\n<blockquote class=\"wp-block-quote is-layout-flow wp-block-quote-is-layout-flow\"><p>Ne pleure pas parce que c&#8217;est fini, souris parce que c&#8217;est arriv\u00e9.<\/p><cite>D. Seuss<\/cite><\/blockquote>\n<\/div>\n<\/div>\n\n\n\n<div style=\"height:32px;\" aria-hidden=\"true\" class=\"wp-block-spacer desktop-only\"><\/div>\n\n\n\n<hr class=\"wp-block-separator is-style-wide\" \/>\n\n\n\n<div style=\"height:32px;\" aria-hidden=\"true\" class=\"wp-block-spacer desktop-only\"><\/div>\n\n\n\n<h2 class=\"has-text-align-center wp-block-heading\">Cr\u00e9ons quelque chose ensemble.<\/h2>\n\n\n\n<div class=\"wp-block-button aligncenter\"><a class=\"wp-block-button__link\" href=\"#\">Contactez-nous\u00a0!<\/a><\/div>\n\n\n\n<div style=\"height:32px;\" aria-hidden=\"true\" class=\"wp-block-spacer desktop-only\"><\/div>\n\n\n\n<hr class=\"wp-block-separator is-style-wide\" \/>\n\n\n\n<div style=\"height:32px;\" aria-hidden=\"true\" class=\"wp-block-spacer\"><\/div>\n","protected":false},"excerpt":{"rendered":"<p>Les visiteurs voudront en savoir plus sur la personne qui se cache derri\u00e8re cette page. Utilisez cet espace pour parler de vous, de votre site, de votre entreprise ou de tout ce que vous voulez. Utilisez les t\u00e9moignages ci-apr\u00e8s pour citer des tiers qui traitent des m\u00eames sujets avec leurs propres mots. Ce contenu est &hellip; <\/p>\n<p class=\"link-more\"><a href=\"https:\/\/xn--maeva-zambon-ditticienne-pfcb.fr\/index.php\/a-propos\/\" class=\"more-link\">Continue reading<span class=\"screen-reader-text\"> &#8220;\u00c0 propos&#8221;<\/span><\/a><\/p>\n","protected":false},"author":1,"featured_media":0,"parent":0,"menu_order":1,"comment_status":"closed","ping_status":"closed","template":"","meta":{"footnotes":""},"class_list":["post-28","page","type-page","status-publish","hentry"],"yoast_head":"<!-- This site is optimized with the Yoast SEO plugin v22.0 - https:\/\/yoast.com\/wordpress\/plugins\/seo\/ -->\n<title>\u00c0 propos - Di\u00e9t\u00e9ticienne<\/title>\n<meta name=\"robots\" content=\"index, follow, max-snippet:-1, max-image-preview:large, max-video-preview:-1\" \/>\n<link rel=\"canonical\" href=\"https:\/\/xn--maeva-zambon-ditticienne-pfcb.fr\/index.php\/a-propos\/\" \/>\n<meta property=\"og:locale\" content=\"en_US\" \/>\n<meta property=\"og:type\" content=\"article\" \/>\n<meta property=\"og:title\" content=\"\u00c0 propos - Di\u00e9t\u00e9ticienne\" \/>\n<meta property=\"og:description\" content=\"Les visiteurs voudront en savoir plus sur la personne qui se cache derri\u00e8re cette page. Utilisez cet espace pour parler de vous, de votre site, de votre entreprise ou de tout ce que vous voulez. Utilisez les t\u00e9moignages ci-apr\u00e8s pour citer des tiers qui traitent des m\u00eames sujets avec leurs propres mots. Ce contenu est &hellip; Continue reading &quot;\u00c0 propos&quot;\" \/>\n<meta property=\"og:url\" content=\"https:\/\/xn--maeva-zambon-ditticienne-pfcb.fr\/index.php\/a-propos\/\" \/>\n<meta property=\"og:site_name\" content=\"Di\u00e9t\u00e9ticienne\" \/>\n<meta name=\"twitter:card\" content=\"summary_large_image\" \/>\n<meta name=\"twitter:label1\" content=\"Est. reading time\" \/>\n\t<meta name=\"twitter:data1\" content=\"1 minute\" \/>\n<script type=\"application\/ld+json\" class=\"yoast-schema-graph\">{\"@context\":\"https:\/\/schema.org\",\"@graph\":[{\"@type\":\"WebPage\",\"@id\":\"https:\/\/xn--maeva-zambon-ditticienne-pfcb.fr\/index.php\/a-propos\/\",\"url\":\"https:\/\/xn--maeva-zambon-ditticienne-pfcb.fr\/index.php\/a-propos\/\",\"name\":\"\u00c0 propos - Di\u00e9t\u00e9ticienne\",\"isPartOf\":{\"@id\":\"https:\/\/xn--maeva-zambon-ditticienne-pfcb.fr\/#website\"},\"datePublished\":\"2022-02-20T12:44:01+00:00\",\"dateModified\":\"2022-02-20T12:44:01+00:00\",\"breadcrumb\":{\"@id\":\"https:\/\/xn--maeva-zambon-ditticienne-pfcb.fr\/index.php\/a-propos\/#breadcrumb\"},\"inLanguage\":\"en-US\",\"potentialAction\":[{\"@type\":\"ReadAction\",\"target\":[\"https:\/\/xn--maeva-zambon-ditticienne-pfcb.fr\/index.php\/a-propos\/\"]}]},{\"@type\":\"BreadcrumbList\",\"@id\":\"https:\/\/xn--maeva-zambon-ditticienne-pfcb.fr\/index.php\/a-propos\/#breadcrumb\",\"itemListElement\":[{\"@type\":\"ListItem\",\"position\":1,\"name\":\"Home\",\"item\":\"https:\/\/xn--maeva-zambon-ditticienne-pfcb.fr\/\"},{\"@type\":\"ListItem\",\"position\":2,\"name\":\"\u00c0 propos\"}]},{\"@type\":\"WebSite\",\"@id\":\"https:\/\/xn--maeva-zambon-ditticienne-pfcb.fr\/#website\",\"url\":\"https:\/\/xn--maeva-zambon-ditticienne-pfcb.fr\/\",\"name\":\"Di\u00e9t\u00e9ticienne\",\"description\":\"Maeva Zambon Di\u00e9t\u00e9ticienne-Nutritionniste \",\"potentialAction\":[{\"@type\":\"SearchAction\",\"target\":{\"@type\":\"EntryPoint\",\"urlTemplate\":\"https:\/\/xn--maeva-zambon-ditticienne-pfcb.fr\/?s={search_term_string}\"},\"query-input\":\"required name=search_term_string\"}],\"inLanguage\":\"en-US\"}]}<\/script>\n<!-- \/ Yoast SEO plugin. -->","yoast_head_json":{"title":"\u00c0 propos - Di\u00e9t\u00e9ticienne","robots":{"index":"index","follow":"follow","max-snippet":"max-snippet:-1","max-image-preview":"max-image-preview:large","max-video-preview":"max-video-preview:-1"},"canonical":"https:\/\/xn--maeva-zambon-ditticienne-pfcb.fr\/index.php\/a-propos\/","og_locale":"en_US","og_type":"article","og_title":"\u00c0 propos - Di\u00e9t\u00e9ticienne","og_description":"Les visiteurs voudront en savoir plus sur la personne qui se cache derri\u00e8re cette page. Utilisez cet espace pour parler de vous, de votre site, de votre entreprise ou de tout ce que vous voulez. Utilisez les t\u00e9moignages ci-apr\u00e8s pour citer des tiers qui traitent des m\u00eames sujets avec leurs propres mots. Ce contenu est &hellip; Continue reading \"\u00c0 propos\"","og_url":"https:\/\/xn--maeva-zambon-ditticienne-pfcb.fr\/index.php\/a-propos\/","og_site_name":"Di\u00e9t\u00e9ticienne","twitter_card":"summary_large_image","twitter_misc":{"Est. reading time":"1 minute"},"schema":{"@context":"https:\/\/schema.org","@graph":[{"@type":"WebPage","@id":"https:\/\/xn--maeva-zambon-ditticienne-pfcb.fr\/index.php\/a-propos\/","url":"https:\/\/xn--maeva-zambon-ditticienne-pfcb.fr\/index.php\/a-propos\/","name":"\u00c0 propos - Di\u00e9t\u00e9ticienne","isPartOf":{"@id":"https:\/\/xn--maeva-zambon-ditticienne-pfcb.fr\/#website"},"datePublished":"2022-02-20T12:44:01+00:00","dateModified":"2022-02-20T12:44:01+00:00","breadcrumb":{"@id":"https:\/\/xn--maeva-zambon-ditticienne-pfcb.fr\/index.php\/a-propos\/#breadcrumb"},"inLanguage":"en-US","potentialAction":[{"@type":"ReadAction","target":["https:\/\/xn--maeva-zambon-ditticienne-pfcb.fr\/index.php\/a-propos\/"]}]},{"@type":"BreadcrumbList","@id":"https:\/\/xn--maeva-zambon-ditticienne-pfcb.fr\/index.php\/a-propos\/#breadcrumb","itemListElement":[{"@type":"ListItem","position":1,"name":"Home","item":"https:\/\/xn--maeva-zambon-ditticienne-pfcb.fr\/"},{"@type":"ListItem","position":2,"name":"\u00c0 propos"}]},{"@type":"WebSite","@id":"https:\/\/xn--maeva-zambon-ditticienne-pfcb.fr\/#website","url":"https:\/\/xn--maeva-zambon-ditticienne-pfcb.fr\/","name":"Di\u00e9t\u00e9ticienne","description":"Maeva Zambon Di\u00e9t\u00e9ticienne-Nutritionniste ","potentialAction":[{"@type":"SearchAction","target":{"@type":"EntryPoint","urlTemplate":"https:\/\/xn--maeva-zambon-ditticienne-pfcb.fr\/?s={search_term_string}"},"query-input":"required name=search_term_string"}],"inLanguage":"en-US"}]}},"_links":{"self":[{"href":"https:\/\/xn--maeva-zambon-ditticienne-pfcb.fr\/index.php\/wp-json\/wp\/v2\/pages\/28","targetHints":{"allow":["GET"]}}],"collection":[{"href":"https:\/\/xn--maeva-zambon-ditticienne-pfcb.fr\/index.php\/wp-json\/wp\/v2\/pages"}],"about":[{"href":"https:\/\/xn--maeva-zambon-ditticienne-pfcb.fr\/index.php\/wp-json\/wp\/v2\/types\/page"}],"author":[{"embeddable":true,"href":"https:\/\/xn--maeva-zambon-ditticienne-pfcb.fr\/index.php\/wp-json\/wp\/v2\/users\/1"}],"replies":[{"embeddable":true,"href":"https:\/\/xn--maeva-zambon-ditticienne-pfcb.fr\/index.php\/wp-json\/wp\/v2\/comments?post=28"}],"version-history":[{"count":1,"href":"https:\/\/xn--maeva-zambon-ditticienne-pfcb.fr\/index.php\/wp-json\/wp\/v2\/pages\/28\/revisions"}],"predecessor-version":[{"id":1315,"href":"https:\/\/xn--maeva-zambon-ditticienne-pfcb.fr\/index.php\/wp-json\/wp\/v2\/pages\/28\/revisions\/1315"}],"wp:attachment":[{"href":"https:\/\/xn--maeva-zambon-ditticienne-pfcb.fr\/index.php\/wp-json\/wp\/v2\/media?parent=28"}],"curies":[{"name":"wp","href":"https:\/\/api.w.org\/{rel}","templated":true}]}}