{"id":256,"date":"2022-04-12T16:57:11","date_gmt":"2022-04-12T16:57:11","guid":{"rendered":"https:\/\/dieteticiennemaevazambon.wordpress.com\/?page_id=256"},"modified":"2023-08-30T09:35:01","modified_gmt":"2023-08-30T09:35:01","slug":"sante","status":"publish","type":"page","link":"https:\/\/xn--maeva-zambon-ditticienne-pfcb.fr\/index.php\/sante\/","title":{"rendered":"Sant\u00e9"},"content":{"rendered":"\n<p><\/p>\n\n\n\n<div style=\"height:100px\" aria-hidden=\"true\" class=\"wp-block-spacer\"><\/div>\n\n\n\n<figure class=\"wp-block-image size-large\"><img loading=\"lazy\" decoding=\"async\" width=\"525\" height=\"295\" src=\"https:\/\/i0.wp.com\/xn--maeva-zambon-ditticienne-pfcb.fr\/wp-content\/uploads\/2023\/08\/des-menus-sains-pour-un-coeur-en-forme-1-1.webp?resize=525%2C295&#038;ssl=1\" alt=\"\" class=\"wp-image-1514\" srcset=\"https:\/\/i0.wp.com\/xn--maeva-zambon-ditticienne-pfcb.fr\/wp-content\/uploads\/2023\/08\/des-menus-sains-pour-un-coeur-en-forme-1-1.webp?resize=1024%2C576&amp;ssl=1 1024w, https:\/\/i0.wp.com\/xn--maeva-zambon-ditticienne-pfcb.fr\/wp-content\/uploads\/2023\/08\/des-menus-sains-pour-un-coeur-en-forme-1-1.webp?resize=300%2C169&amp;ssl=1 300w, https:\/\/i0.wp.com\/xn--maeva-zambon-ditticienne-pfcb.fr\/wp-content\/uploads\/2023\/08\/des-menus-sains-pour-un-coeur-en-forme-1-1.webp?resize=768%2C432&amp;ssl=1 768w, https:\/\/i0.wp.com\/xn--maeva-zambon-ditticienne-pfcb.fr\/wp-content\/uploads\/2023\/08\/des-menus-sains-pour-un-coeur-en-forme-1-1.webp?w=1400&amp;ssl=1 1400w\" sizes=\"auto, (max-width: 767px) 89vw, (max-width: 1000px) 54vw, (max-width: 1071px) 543px, 580px\" data-recalc-dims=\"1\" \/><\/figure>\n\n\n\n<div style=\"height:100px\" aria-hidden=\"true\" class=\"wp-block-spacer\"><\/div>\n\n\n\n<h2 class=\"wp-block-heading\">Quel impact peut avoir l&#8217;alimentation sur votre sant\u00e9 ?<\/h2>\n\n\n\n<p><\/p>\n\n\n\n<p><font style=\"vertical-align: inherit;\"><font style=\"vertical-align: inherit;\">L&#8217;alimentation joue un r\u00f4le essentiel dans la pr\u00e9vention et le traitement de nombreuses pathologies<\/font><\/font>.<font style=\"vertical-align: inherit;\"><font style=\"vertical-align: inherit;\">  Comme les maladies inflammatoires chroniques, les intol\u00e9rances alimentaires, le diab\u00e8te, les maladies cardiovasculaires ou le cancer. <\/font><\/font><\/p>\n\n\n\n<p><font style=\"vertical-align: inherit;\"><font style=\"vertical-align: inherit;\">En effet, certains aliments peuvent avoir des effets b\u00e9n\u00e9fiques ou n\u00e9fastes sur la sant\u00e9. En fonction de leur quantit\u00e9, de leur mode de pr\u00e9paration ou de leur association avec d&#8217;autres aliments.<\/font><\/font><\/p>\n\n\n\n<p>Comment adapter son alimentation en fonction de sa pathologie ? <\/p>\n\n\n\n<p>Quels sont les aliments \u00e0 privil\u00e9gier ou \u00e0 \u00e9viter ? <\/p>\n\n\n\n<p>Quelles sont les recommandations nutritionnelles sp\u00e9cifiques \u00e0 chaque cas ? <\/p>\n\n\n\n<p>Comment concilier plaisir et sant\u00e9 dans son assiette ?<\/p>\n\n\n\n<p>Je peux vous aider en tant que professionnelle de la nutrition a r\u00e9pondre \u00e0 ces questions. Grace \u00e0 un accompagnement nutritionnel adapt\u00e9, je vous aiderai \u00e0 modifier votre alimentation en fonction de votre pathologie. Vous serez ainsi conseill\u00e9 sur les aliments adapt\u00e9s \u00e0 votre \u00e9tat de sant\u00e9, les quantit\u00e9s \u00e0 respecter, les compl\u00e9ments alimentaires \u00e0 prendre si besoin et les \u00e9ventuelles contre-indications.<\/p>\n\n\n\n<p>Au fil du suivi, je serais aussi en mesure de vous proposer des menus personnalis\u00e9s et \u00e9quilibr\u00e9s. En fonction de vos go\u00fbts, de votre budget et de votre mode de vie.<\/p>\n\n\n\n<p><font style=\"vertical-align: inherit;\"><font style=\"vertical-align: inherit;\">En faisant appel \u00e0 un professionnel de la nutrition, vous b\u00e9n\u00e9ficierez d&#8217;un suivi personnalis\u00e9 et r\u00e9gulier<\/font><\/font>.<font style=\"vertical-align: inherit;\"><font style=\"vertical-align: inherit;\"> Vous pourrez ainsi am\u00e9liorer votre \u00e9tat de sant\u00e9, r\u00e9duire les sympt\u00f4mes ou les complications li\u00e9s \u00e0 votre maladie et augmenter votre qualit\u00e9 de vie.<\/font><\/font><\/p>\n\n\n\n<h2 class=\"wp-block-heading\">L&#8217;alimentation en pr\u00e9vention<\/h2>\n\n\n\n<p><font style=\"vertical-align: inherit;\"><font style=\"vertical-align: inherit;\">Si vous avez des pr\u00e9dispositions g\u00e9n\u00e9tiques, l&#8217;alimentation peut pr\u00e9venir l&#8217;apparition de la maladie.<\/font><\/font><\/p>\n\n\n\n<p>Et lorsque la pathologie est d\u00e9j\u00e0 pr\u00e9sente, l\u2019alimentation peut \u00eatre une r\u00e9elle solution pour soulager, r\u00e9duire, voir faire disparaitre certains sympt\u00f4mes.<\/p>\n\n\n\n<p>Que vous ayez :<\/p>\n\n\n\n<ul class=\"wp-block-list\">\n<li>Maladie c\u0153liaque (intol\u00e9rance au gluten) ou autres intol\u00e9rances alimentaires<\/li>\n\n\n\n<li><font style=\"vertical-align: inherit;\"><font style=\"vertical-align: inherit;\">Maladie<\/font><\/font>s<font style=\"vertical-align: inherit;\"><font style=\"vertical-align: inherit;\"> Inflammatoire<\/font><\/font>s Chroniques de l&#8217;Intestin : Maladie de Crohn ou Rectocolite  H\u00e9morragique (RCH) <\/li>\n\n\n\n<li>Syndrome de l\u2019intestin irritable <\/li>\n\n\n\n<li>Diab\u00e8te de type 1 ou 2 <\/li>\n\n\n\n<li>Cholest\u00e9rol<\/li>\n\n\n\n<li>Maladie cardiovasculaire<\/li>\n\n\n\n<li>Cancer<\/li>\n\n\n\n<li>Ost\u00e9oporose<\/li>\n<\/ul>\n\n\n\n<p>Je vous aiderai \u00e0 adapter votre alimentation au quotidien, en fonction de vos go\u00fbts et de vos besoins physiologiques.<\/p>\n\n\n\n<p><\/p>\n\n\n\n<div class=\"wp-block-buttons is-layout-flex wp-block-buttons-is-layout-flex\">\n<div class=\"wp-block-button\"><a class=\"wp-block-button__link wp-element-button\" href=\"https:\/\/xn--maeva-zambon-ditticienne-pfcb.fr\/index.php\/deroulement-des-consultations\/\">D\u00e9roulement des consultations et tarifs<\/a><\/div>\n<\/div>\n","protected":false},"excerpt":{"rendered":"<p>Quel impact peut avoir l&#8217;alimentation sur votre sant\u00e9 ? L&#8217;alimentation joue un r\u00f4le essentiel dans la pr\u00e9vention et le traitement de nombreuses pathologies. Comme les maladies inflammatoires chroniques, les intol\u00e9rances alimentaires, le diab\u00e8te, les maladies cardiovasculaires ou le cancer. En effet, certains aliments peuvent avoir des effets b\u00e9n\u00e9fiques ou n\u00e9fastes sur la sant\u00e9. En fonction &hellip; <\/p>\n<p class=\"link-more\"><a href=\"https:\/\/xn--maeva-zambon-ditticienne-pfcb.fr\/index.php\/sante\/\" class=\"more-link\">Continue reading<span class=\"screen-reader-text\"> &#8220;Sant\u00e9&#8221;<\/span><\/a><\/p>\n","protected":false},"author":1,"featured_media":0,"parent":0,"menu_order":0,"comment_status":"closed","ping_status":"closed","template":"","meta":{"footnotes":""},"class_list":["post-256","page","type-page","status-publish","hentry"],"yoast_head":"<!-- This site is optimized with the Yoast SEO plugin v22.0 - https:\/\/yoast.com\/wordpress\/plugins\/seo\/ -->\n<title>Sant\u00e9 - Di\u00e9t\u00e9ticienne<\/title>\n<meta name=\"description\" content=\"Sant\u00e9 : Comment adapter son alimentation en fonction de sa pathologie ou de ses intol\u00e9rances alimentaires ?\" \/>\n<meta name=\"robots\" content=\"index, follow, max-snippet:-1, max-image-preview:large, max-video-preview:-1\" \/>\n<link rel=\"canonical\" href=\"https:\/\/xn--maeva-zambon-ditticienne-pfcb.fr\/index.php\/sante\/\" \/>\n<meta property=\"og:locale\" content=\"en_US\" \/>\n<meta property=\"og:type\" content=\"article\" \/>\n<meta property=\"og:title\" content=\"Sant\u00e9 - Di\u00e9t\u00e9ticienne\" \/>\n<meta property=\"og:description\" content=\"Sant\u00e9 : Comment adapter son alimentation en fonction de sa pathologie ou de ses intol\u00e9rances alimentaires ?\" \/>\n<meta property=\"og:url\" content=\"https:\/\/xn--maeva-zambon-ditticienne-pfcb.fr\/index.php\/sante\/\" \/>\n<meta property=\"og:site_name\" content=\"Di\u00e9t\u00e9ticienne\" \/>\n<meta property=\"article:modified_time\" content=\"2023-08-30T09:35:01+00:00\" \/>\n<meta property=\"og:image\" content=\"https:\/\/xn--maeva-zambon-ditticienne-pfcb.fr\/wp-content\/uploads\/2023\/08\/des-menus-sains-pour-un-coeur-en-forme-1-1-1024x576.webp\" \/>\n<meta name=\"twitter:card\" content=\"summary_large_image\" \/>\n<meta name=\"twitter:label1\" content=\"Est. reading time\" \/>\n\t<meta name=\"twitter:data1\" content=\"2 minutes\" \/>\n<script type=\"application\/ld+json\" class=\"yoast-schema-graph\">{\"@context\":\"https:\/\/schema.org\",\"@graph\":[{\"@type\":\"WebPage\",\"@id\":\"https:\/\/xn--maeva-zambon-ditticienne-pfcb.fr\/index.php\/sante\/\",\"url\":\"https:\/\/xn--maeva-zambon-ditticienne-pfcb.fr\/index.php\/sante\/\",\"name\":\"Sant\u00e9 - Di\u00e9t\u00e9ticienne\",\"isPartOf\":{\"@id\":\"https:\/\/xn--maeva-zambon-ditticienne-pfcb.fr\/#website\"},\"datePublished\":\"2022-04-12T16:57:11+00:00\",\"dateModified\":\"2023-08-30T09:35:01+00:00\",\"description\":\"Sant\u00e9 : Comment adapter son alimentation en fonction de sa pathologie ou de ses intol\u00e9rances alimentaires ?\",\"breadcrumb\":{\"@id\":\"https:\/\/xn--maeva-zambon-ditticienne-pfcb.fr\/index.php\/sante\/#breadcrumb\"},\"inLanguage\":\"en-US\",\"potentialAction\":[{\"@type\":\"ReadAction\",\"target\":[\"https:\/\/xn--maeva-zambon-ditticienne-pfcb.fr\/index.php\/sante\/\"]}]},{\"@type\":\"BreadcrumbList\",\"@id\":\"https:\/\/xn--maeva-zambon-ditticienne-pfcb.fr\/index.php\/sante\/#breadcrumb\",\"itemListElement\":[{\"@type\":\"ListItem\",\"position\":1,\"name\":\"Home\",\"item\":\"https:\/\/xn--maeva-zambon-ditticienne-pfcb.fr\/\"},{\"@type\":\"ListItem\",\"position\":2,\"name\":\"Sant\u00e9\"}]},{\"@type\":\"WebSite\",\"@id\":\"https:\/\/xn--maeva-zambon-ditticienne-pfcb.fr\/#website\",\"url\":\"https:\/\/xn--maeva-zambon-ditticienne-pfcb.fr\/\",\"name\":\"Di\u00e9t\u00e9ticienne\",\"description\":\"Maeva Zambon Di\u00e9t\u00e9ticienne-Nutritionniste \",\"potentialAction\":[{\"@type\":\"SearchAction\",\"target\":{\"@type\":\"EntryPoint\",\"urlTemplate\":\"https:\/\/xn--maeva-zambon-ditticienne-pfcb.fr\/?s={search_term_string}\"},\"query-input\":\"required name=search_term_string\"}],\"inLanguage\":\"en-US\"}]}<\/script>\n<!-- \/ Yoast SEO plugin. -->","yoast_head_json":{"title":"Sant\u00e9 - Di\u00e9t\u00e9ticienne","description":"Sant\u00e9 : Comment adapter son alimentation en fonction de sa pathologie ou de ses intol\u00e9rances alimentaires ?","robots":{"index":"index","follow":"follow","max-snippet":"max-snippet:-1","max-image-preview":"max-image-preview:large","max-video-preview":"max-video-preview:-1"},"canonical":"https:\/\/xn--maeva-zambon-ditticienne-pfcb.fr\/index.php\/sante\/","og_locale":"en_US","og_type":"article","og_title":"Sant\u00e9 - Di\u00e9t\u00e9ticienne","og_description":"Sant\u00e9 : Comment adapter son alimentation en fonction de sa pathologie ou de ses intol\u00e9rances alimentaires ?","og_url":"https:\/\/xn--maeva-zambon-ditticienne-pfcb.fr\/index.php\/sante\/","og_site_name":"Di\u00e9t\u00e9ticienne","article_modified_time":"2023-08-30T09:35:01+00:00","og_image":[{"url":"https:\/\/xn--maeva-zambon-ditticienne-pfcb.fr\/wp-content\/uploads\/2023\/08\/des-menus-sains-pour-un-coeur-en-forme-1-1-1024x576.webp"}],"twitter_card":"summary_large_image","twitter_misc":{"Est. reading time":"2 minutes"},"schema":{"@context":"https:\/\/schema.org","@graph":[{"@type":"WebPage","@id":"https:\/\/xn--maeva-zambon-ditticienne-pfcb.fr\/index.php\/sante\/","url":"https:\/\/xn--maeva-zambon-ditticienne-pfcb.fr\/index.php\/sante\/","name":"Sant\u00e9 - Di\u00e9t\u00e9ticienne","isPartOf":{"@id":"https:\/\/xn--maeva-zambon-ditticienne-pfcb.fr\/#website"},"datePublished":"2022-04-12T16:57:11+00:00","dateModified":"2023-08-30T09:35:01+00:00","description":"Sant\u00e9 : Comment adapter son alimentation en fonction de sa pathologie ou de ses intol\u00e9rances alimentaires ?","breadcrumb":{"@id":"https:\/\/xn--maeva-zambon-ditticienne-pfcb.fr\/index.php\/sante\/#breadcrumb"},"inLanguage":"en-US","potentialAction":[{"@type":"ReadAction","target":["https:\/\/xn--maeva-zambon-ditticienne-pfcb.fr\/index.php\/sante\/"]}]},{"@type":"BreadcrumbList","@id":"https:\/\/xn--maeva-zambon-ditticienne-pfcb.fr\/index.php\/sante\/#breadcrumb","itemListElement":[{"@type":"ListItem","position":1,"name":"Home","item":"https:\/\/xn--maeva-zambon-ditticienne-pfcb.fr\/"},{"@type":"ListItem","position":2,"name":"Sant\u00e9"}]},{"@type":"WebSite","@id":"https:\/\/xn--maeva-zambon-ditticienne-pfcb.fr\/#website","url":"https:\/\/xn--maeva-zambon-ditticienne-pfcb.fr\/","name":"Di\u00e9t\u00e9ticienne","description":"Maeva Zambon Di\u00e9t\u00e9ticienne-Nutritionniste ","potentialAction":[{"@type":"SearchAction","target":{"@type":"EntryPoint","urlTemplate":"https:\/\/xn--maeva-zambon-ditticienne-pfcb.fr\/?s={search_term_string}"},"query-input":"required name=search_term_string"}],"inLanguage":"en-US"}]}},"_links":{"self":[{"href":"https:\/\/xn--maeva-zambon-ditticienne-pfcb.fr\/index.php\/wp-json\/wp\/v2\/pages\/256","targetHints":{"allow":["GET"]}}],"collection":[{"href":"https:\/\/xn--maeva-zambon-ditticienne-pfcb.fr\/index.php\/wp-json\/wp\/v2\/pages"}],"about":[{"href":"https:\/\/xn--maeva-zambon-ditticienne-pfcb.fr\/index.php\/wp-json\/wp\/v2\/types\/page"}],"author":[{"embeddable":true,"href":"https:\/\/xn--maeva-zambon-ditticienne-pfcb.fr\/index.php\/wp-json\/wp\/v2\/users\/1"}],"replies":[{"embeddable":true,"href":"https:\/\/xn--maeva-zambon-ditticienne-pfcb.fr\/index.php\/wp-json\/wp\/v2\/comments?post=256"}],"version-history":[{"count":12,"href":"https:\/\/xn--maeva-zambon-ditticienne-pfcb.fr\/index.php\/wp-json\/wp\/v2\/pages\/256\/revisions"}],"predecessor-version":[{"id":1610,"href":"https:\/\/xn--maeva-zambon-ditticienne-pfcb.fr\/index.php\/wp-json\/wp\/v2\/pages\/256\/revisions\/1610"}],"wp:attachment":[{"href":"https:\/\/xn--maeva-zambon-ditticienne-pfcb.fr\/index.php\/wp-json\/wp\/v2\/media?parent=256"}],"curies":[{"name":"wp","href":"https:\/\/api.w.org\/{rel}","templated":true}]}}