{"id":250,"date":"2022-04-12T16:57:08","date_gmt":"2022-04-12T14:57:08","guid":{"rendered":"https:\/\/dieteticiennemaevazambon.wordpress.com\/?page_id=250"},"modified":"2023-08-20T00:15:14","modified_gmt":"2023-08-20T00:15:14","slug":"reequilibrage-alimentaire","status":"publish","type":"page","link":"https:\/\/xn--maeva-zambon-ditticienne-pfcb.fr\/index.php\/reequilibrage-alimentaire\/","title":{"rendered":"R\u00e9\u00e9quilibrage alimentaire"},"content":{"rendered":"\n<p><\/p>\n\n\n\n<div style=\"height:100px\" aria-hidden=\"true\" class=\"wp-block-spacer\"><\/div>\n\n\n\n<figure class=\"wp-block-image size-full\"><img loading=\"lazy\" decoding=\"async\" width=\"525\" height=\"350\" src=\"https:\/\/i0.wp.com\/xn--maeva-zambon-ditticienne-pfcb.fr\/wp-content\/uploads\/2023\/08\/e9-1-jpg.webp?resize=525%2C350&#038;ssl=1\" alt=\"\" class=\"wp-image-1498\" srcset=\"https:\/\/i0.wp.com\/xn--maeva-zambon-ditticienne-pfcb.fr\/wp-content\/uploads\/2023\/08\/e9-1-jpg.webp?w=669&amp;ssl=1 669w, https:\/\/i0.wp.com\/xn--maeva-zambon-ditticienne-pfcb.fr\/wp-content\/uploads\/2023\/08\/e9-1-jpg.webp?resize=300%2C200&amp;ssl=1 300w\" sizes=\"auto, (max-width: 525px) 100vw, 525px\" data-recalc-dims=\"1\" \/><\/figure>\n\n\n\n<div style=\"height:100px\" aria-hidden=\"true\" class=\"wp-block-spacer\"><\/div>\n\n\n\n<h2 class=\"wp-block-heading\"><font style=\"vertical-align: inherit;\"><font style=\"vertical-align: inherit;\">Qu&#8217;est-ce qu&#8217;un r\u00e9\u00e9quilibrage alimentaire ?<\/font><\/font><\/h2>\n\n\n\n<p>Celui-ci consiste \u00e0 modifier votre alimentation afin que celle-ci r\u00e9ponde \u00e0 vos besoins, tout en vous faisant perdre du poids. De plus ces nouvelles habitudes de vie vont vous permettre d&#8217;am\u00e9liorer votre sant\u00e9 ! <\/p>\n\n\n\n<p><font style=\"vertical-align: inherit;\"><font style=\"vertical-align: inherit;\">Il ne s&#8217;agit pas d&#8217;un r\u00e9gime restrictif, mais d&#8217;une fa\u00e7on d&#8217;am\u00e9liorer <\/font><\/font>votre<font style=\"vertical-align: inherit;\"><font style=\"vertical-align: inherit;\"> alimentation en tenant compte de vos besoins, de vos go\u00fbts et de votre budget. Pour cela, il vous faudra privil\u00e9gier des aliments vari\u00e9s et de qualit\u00e9. Tout \u00e7a, sans se priver ni se culpabiliser ! Vous pourrez trouver des exemples de recettes pour un r\u00e9\u00e9quilibrage alimentaire sur ce site.<\/font><\/font><\/p>\n\n\n\n<p><font style=\"vertical-align: inherit;\"><font style=\"vertical-align: inherit;\">C&#8217;est pourquoi le r\u00e9\u00e9quilibrage alimentaire est la r\u00e9ponse la plus efficace \u00e0 une perte de poids durable. Il vous permet d&#8217;atteindre vos objectifs sans frustration.<\/font><\/font><\/p>\n\n\n\n<p><font style=\"vertical-align: inherit;\"><font style=\"vertical-align: inherit;\">Quelque soit votre \u00e2ge ou vos habitudes de vie, mon objectif est de vous concevoir une alimentation qui s&#8217;int\u00e8gre facilement \u00e0 votre quotidien. Elle sera la version optimis\u00e9e de votre alimentation actuelle.<\/font><\/font><\/p>\n\n\n\n<h2 class=\"wp-block-heading\">A quoi s&#8217;attendre en s\u00e9ances ?<\/h2>\n\n\n\n<p>Apr\u00e8s vous avoir questionnez sur vos habitudes de vie, je serais en capacit\u00e9 de vous concevoir un premier plan alimentaire personnalis\u00e9.<\/p>\n\n\n\n<p><font style=\"vertical-align: inherit;\"><font style=\"vertical-align: inherit;\">Puis au fur et \u00e0 mesure de votre progression et de vos envies, nous pourrons faire \u00e9voluer ce plan alimentaire.<\/font><\/font><\/p>\n\n\n\n<p><font style=\"vertical-align: inherit;\"><font style=\"vertical-align: inherit;\">Ainsi s\u00e9ance apr\u00e8s s\u00e9ance, mon objectif est de vous concevoir une alimentation sur mesure. De vous partager un maximum de connaissances afin de vous rendre autonome dans vos choix de repas.<\/font><\/font><\/p>\n\n\n\n<p><font style=\"vertical-align: inherit;\"><font style=\"vertical-align: inherit;\">Cela peut passer par la lecture d&#8217;\u00e9tiquettes pour les produits achet\u00e9s au supermarch\u00e9. Ou encore vous proposez des recettes simples et rapides<\/font><\/font>,<font style=\"vertical-align: inherit;\"><font style=\"vertical-align: inherit;\"> \u00e0 votre port\u00e9e, que vous soyez cuisinier d\u00e9butant ou confirm\u00e9.<\/font><\/font><\/p>\n\n\n\n<p><font style=\"vertical-align: inherit;\"><font style=\"vertical-align: inherit;\">De <\/font><\/font>plus je <font style=\"vertical-align: inherit;\"><font style=\"vertical-align: inherit;\">vous apprendrais \u00e0 apporter de la vari\u00e9t\u00e9 \u00e0 votre alimentation en vous partageant des notions sur les vitamines et min\u00e9raux pr\u00e9sents dans les aliments.<\/font><\/font><\/p>\n\n\n\n<p><font style=\"vertical-align: inherit;\"><font style=\"vertical-align: inherit;\">Toutes ses notions vous permettrons de trouver votre \u00e9quilibre alimentaire. Et vous pourrez ainsi p\u00e9renniser vos efforts sur la dur\u00e9e.<\/font><\/font><\/p>\n\n\n\n<p> Le r\u00e9\u00e9quilibrage alimentaire peut r\u00e9ellement \u00eatre un outil puissant pour g\u00e9rer votre poids de mani\u00e8re saine et durable.<\/p>\n\n\n\n<p><\/p>\n\n\n\n<div class=\"wp-block-buttons is-content-justification-center is-layout-flex wp-container-core-buttons-is-layout-16018d1d wp-block-buttons-is-layout-flex\">\n<div class=\"wp-block-button\"><a class=\"wp-block-button__link wp-element-button\" href=\"https:\/\/xn--maeva-zambon-ditticienne-pfcb.fr\/index.php\/deroulement-des-consultations\/\">D\u00e9roulement des consultations et tarifs<\/a><\/div>\n<\/div>\n\n\n\n<p><\/p>\n\n\n\n<div style=\"height:100px\" aria-hidden=\"true\" class=\"wp-block-spacer\"><\/div>\n\n\n\n<p><\/p>\n","protected":false},"excerpt":{"rendered":"<p>Qu&#8217;est-ce qu&#8217;un r\u00e9\u00e9quilibrage alimentaire ? Celui-ci consiste \u00e0 modifier votre alimentation afin que celle-ci r\u00e9ponde \u00e0 vos besoins, tout en vous faisant perdre du poids. De plus ces nouvelles habitudes de vie vont vous permettre d&#8217;am\u00e9liorer votre sant\u00e9 ! Il ne s&#8217;agit pas d&#8217;un r\u00e9gime restrictif, mais d&#8217;une fa\u00e7on d&#8217;am\u00e9liorer votre alimentation en tenant compte &hellip; <\/p>\n<p class=\"link-more\"><a href=\"https:\/\/xn--maeva-zambon-ditticienne-pfcb.fr\/index.php\/reequilibrage-alimentaire\/\" class=\"more-link\">Continue reading<span class=\"screen-reader-text\"> &#8220;R\u00e9\u00e9quilibrage alimentaire&#8221;<\/span><\/a><\/p>\n","protected":false},"author":1,"featured_media":0,"parent":0,"menu_order":0,"comment_status":"closed","ping_status":"closed","template":"","meta":{"footnotes":""},"class_list":["post-250","page","type-page","status-publish","hentry"],"yoast_head":"<!-- This site is optimized with the Yoast SEO plugin v22.0 - https:\/\/yoast.com\/wordpress\/plugins\/seo\/ -->\n<title>R\u00e9\u00e9quilibrage alimentaire - Di\u00e9t\u00e9ticienne<\/title>\n<meta name=\"description\" content=\"Le r\u00e9\u00e9quilibrage alimentaire : Le r\u00e9\u00e9quilibrage alimentaire est la r\u00e9ponse la plus efficace \u00e0 une perte de poids durable\" \/>\n<meta name=\"robots\" content=\"index, follow, max-snippet:-1, max-image-preview:large, max-video-preview:-1\" \/>\n<link rel=\"canonical\" href=\"https:\/\/xn--maeva-zambon-ditticienne-pfcb.fr\/index.php\/reequilibrage-alimentaire\/\" \/>\n<meta property=\"og:locale\" content=\"en_US\" \/>\n<meta property=\"og:type\" content=\"article\" \/>\n<meta property=\"og:title\" content=\"R\u00e9\u00e9quilibrage alimentaire - Di\u00e9t\u00e9ticienne\" \/>\n<meta property=\"og:description\" content=\"Le r\u00e9\u00e9quilibrage alimentaire : Le r\u00e9\u00e9quilibrage alimentaire est la r\u00e9ponse la plus efficace \u00e0 une perte de poids durable\" \/>\n<meta property=\"og:url\" content=\"https:\/\/xn--maeva-zambon-ditticienne-pfcb.fr\/index.php\/reequilibrage-alimentaire\/\" \/>\n<meta property=\"og:site_name\" content=\"Di\u00e9t\u00e9ticienne\" \/>\n<meta property=\"article:modified_time\" content=\"2023-08-20T00:15:14+00:00\" \/>\n<meta property=\"og:image\" content=\"https:\/\/xn--maeva-zambon-ditticienne-pfcb.fr\/wp-content\/uploads\/2023\/08\/e9-1-jpg.webp\" \/>\n<meta name=\"twitter:card\" content=\"summary_large_image\" \/>\n<meta name=\"twitter:label1\" content=\"Est. reading time\" \/>\n\t<meta name=\"twitter:data1\" content=\"2 minutes\" \/>\n<script type=\"application\/ld+json\" class=\"yoast-schema-graph\">{\"@context\":\"https:\/\/schema.org\",\"@graph\":[{\"@type\":\"WebPage\",\"@id\":\"https:\/\/xn--maeva-zambon-ditticienne-pfcb.fr\/index.php\/reequilibrage-alimentaire\/\",\"url\":\"https:\/\/xn--maeva-zambon-ditticienne-pfcb.fr\/index.php\/reequilibrage-alimentaire\/\",\"name\":\"R\u00e9\u00e9quilibrage alimentaire - Di\u00e9t\u00e9ticienne\",\"isPartOf\":{\"@id\":\"https:\/\/xn--maeva-zambon-ditticienne-pfcb.fr\/#website\"},\"datePublished\":\"2022-04-12T14:57:08+00:00\",\"dateModified\":\"2023-08-20T00:15:14+00:00\",\"description\":\"Le r\u00e9\u00e9quilibrage alimentaire : Le r\u00e9\u00e9quilibrage alimentaire est la r\u00e9ponse la plus efficace \u00e0 une perte de poids durable\",\"breadcrumb\":{\"@id\":\"https:\/\/xn--maeva-zambon-ditticienne-pfcb.fr\/index.php\/reequilibrage-alimentaire\/#breadcrumb\"},\"inLanguage\":\"en-US\",\"potentialAction\":[{\"@type\":\"ReadAction\",\"target\":[\"https:\/\/xn--maeva-zambon-ditticienne-pfcb.fr\/index.php\/reequilibrage-alimentaire\/\"]}]},{\"@type\":\"BreadcrumbList\",\"@id\":\"https:\/\/xn--maeva-zambon-ditticienne-pfcb.fr\/index.php\/reequilibrage-alimentaire\/#breadcrumb\",\"itemListElement\":[{\"@type\":\"ListItem\",\"position\":1,\"name\":\"Home\",\"item\":\"https:\/\/xn--maeva-zambon-ditticienne-pfcb.fr\/\"},{\"@type\":\"ListItem\",\"position\":2,\"name\":\"R\u00e9\u00e9quilibrage alimentaire\"}]},{\"@type\":\"WebSite\",\"@id\":\"https:\/\/xn--maeva-zambon-ditticienne-pfcb.fr\/#website\",\"url\":\"https:\/\/xn--maeva-zambon-ditticienne-pfcb.fr\/\",\"name\":\"Di\u00e9t\u00e9ticienne\",\"description\":\"Maeva Zambon Di\u00e9t\u00e9ticienne-Nutritionniste \",\"potentialAction\":[{\"@type\":\"SearchAction\",\"target\":{\"@type\":\"EntryPoint\",\"urlTemplate\":\"https:\/\/xn--maeva-zambon-ditticienne-pfcb.fr\/?s={search_term_string}\"},\"query-input\":\"required name=search_term_string\"}],\"inLanguage\":\"en-US\"}]}<\/script>\n<!-- \/ Yoast SEO plugin. -->","yoast_head_json":{"title":"R\u00e9\u00e9quilibrage alimentaire - Di\u00e9t\u00e9ticienne","description":"Le r\u00e9\u00e9quilibrage alimentaire : Le r\u00e9\u00e9quilibrage alimentaire est la r\u00e9ponse la plus efficace \u00e0 une perte de poids durable","robots":{"index":"index","follow":"follow","max-snippet":"max-snippet:-1","max-image-preview":"max-image-preview:large","max-video-preview":"max-video-preview:-1"},"canonical":"https:\/\/xn--maeva-zambon-ditticienne-pfcb.fr\/index.php\/reequilibrage-alimentaire\/","og_locale":"en_US","og_type":"article","og_title":"R\u00e9\u00e9quilibrage alimentaire - Di\u00e9t\u00e9ticienne","og_description":"Le r\u00e9\u00e9quilibrage alimentaire : Le r\u00e9\u00e9quilibrage alimentaire est la r\u00e9ponse la plus efficace \u00e0 une perte de poids durable","og_url":"https:\/\/xn--maeva-zambon-ditticienne-pfcb.fr\/index.php\/reequilibrage-alimentaire\/","og_site_name":"Di\u00e9t\u00e9ticienne","article_modified_time":"2023-08-20T00:15:14+00:00","og_image":[{"url":"https:\/\/xn--maeva-zambon-ditticienne-pfcb.fr\/wp-content\/uploads\/2023\/08\/e9-1-jpg.webp"}],"twitter_card":"summary_large_image","twitter_misc":{"Est. reading time":"2 minutes"},"schema":{"@context":"https:\/\/schema.org","@graph":[{"@type":"WebPage","@id":"https:\/\/xn--maeva-zambon-ditticienne-pfcb.fr\/index.php\/reequilibrage-alimentaire\/","url":"https:\/\/xn--maeva-zambon-ditticienne-pfcb.fr\/index.php\/reequilibrage-alimentaire\/","name":"R\u00e9\u00e9quilibrage alimentaire - Di\u00e9t\u00e9ticienne","isPartOf":{"@id":"https:\/\/xn--maeva-zambon-ditticienne-pfcb.fr\/#website"},"datePublished":"2022-04-12T14:57:08+00:00","dateModified":"2023-08-20T00:15:14+00:00","description":"Le r\u00e9\u00e9quilibrage alimentaire : Le r\u00e9\u00e9quilibrage alimentaire est la r\u00e9ponse la plus efficace \u00e0 une perte de poids durable","breadcrumb":{"@id":"https:\/\/xn--maeva-zambon-ditticienne-pfcb.fr\/index.php\/reequilibrage-alimentaire\/#breadcrumb"},"inLanguage":"en-US","potentialAction":[{"@type":"ReadAction","target":["https:\/\/xn--maeva-zambon-ditticienne-pfcb.fr\/index.php\/reequilibrage-alimentaire\/"]}]},{"@type":"BreadcrumbList","@id":"https:\/\/xn--maeva-zambon-ditticienne-pfcb.fr\/index.php\/reequilibrage-alimentaire\/#breadcrumb","itemListElement":[{"@type":"ListItem","position":1,"name":"Home","item":"https:\/\/xn--maeva-zambon-ditticienne-pfcb.fr\/"},{"@type":"ListItem","position":2,"name":"R\u00e9\u00e9quilibrage alimentaire"}]},{"@type":"WebSite","@id":"https:\/\/xn--maeva-zambon-ditticienne-pfcb.fr\/#website","url":"https:\/\/xn--maeva-zambon-ditticienne-pfcb.fr\/","name":"Di\u00e9t\u00e9ticienne","description":"Maeva Zambon Di\u00e9t\u00e9ticienne-Nutritionniste ","potentialAction":[{"@type":"SearchAction","target":{"@type":"EntryPoint","urlTemplate":"https:\/\/xn--maeva-zambon-ditticienne-pfcb.fr\/?s={search_term_string}"},"query-input":"required name=search_term_string"}],"inLanguage":"en-US"}]}},"_links":{"self":[{"href":"https:\/\/xn--maeva-zambon-ditticienne-pfcb.fr\/index.php\/wp-json\/wp\/v2\/pages\/250","targetHints":{"allow":["GET"]}}],"collection":[{"href":"https:\/\/xn--maeva-zambon-ditticienne-pfcb.fr\/index.php\/wp-json\/wp\/v2\/pages"}],"about":[{"href":"https:\/\/xn--maeva-zambon-ditticienne-pfcb.fr\/index.php\/wp-json\/wp\/v2\/types\/page"}],"author":[{"embeddable":true,"href":"https:\/\/xn--maeva-zambon-ditticienne-pfcb.fr\/index.php\/wp-json\/wp\/v2\/users\/1"}],"replies":[{"embeddable":true,"href":"https:\/\/xn--maeva-zambon-ditticienne-pfcb.fr\/index.php\/wp-json\/wp\/v2\/comments?post=250"}],"version-history":[{"count":19,"href":"https:\/\/xn--maeva-zambon-ditticienne-pfcb.fr\/index.php\/wp-json\/wp\/v2\/pages\/250\/revisions"}],"predecessor-version":[{"id":1499,"href":"https:\/\/xn--maeva-zambon-ditticienne-pfcb.fr\/index.php\/wp-json\/wp\/v2\/pages\/250\/revisions\/1499"}],"wp:attachment":[{"href":"https:\/\/xn--maeva-zambon-ditticienne-pfcb.fr\/index.php\/wp-json\/wp\/v2\/media?parent=250"}],"curies":[{"name":"wp","href":"https:\/\/api.w.org\/{rel}","templated":true}]}}