{"id":248,"date":"2022-04-12T16:57:08","date_gmt":"2022-04-12T14:57:08","guid":{"rendered":"https:\/\/dieteticiennemaevazambon.wordpress.com\/?page_id=248"},"modified":"2023-08-20T00:18:30","modified_gmt":"2023-08-20T00:18:30","slug":"tca-anorexie-boulimie-hyperphagie","status":"publish","type":"page","link":"https:\/\/xn--maeva-zambon-ditticienne-pfcb.fr\/index.php\/tca-anorexie-boulimie-hyperphagie\/","title":{"rendered":"TCA : Anorexie, Boulimie, Hyperphagie"},"content":{"rendered":"\n<div style=\"height:100px\" aria-hidden=\"true\" class=\"wp-block-spacer\"><\/div>\n\n\n\n<figure class=\"wp-block-image size-large is-resized\"><img loading=\"lazy\" decoding=\"async\" src=\"https:\/\/i0.wp.com\/xn--maeva-zambon-ditticienne-pfcb.fr\/wp-content\/uploads\/2023\/08\/Photo-une-relation-apaisee-a-la-nourriture.jpg?resize=525%2C349&#038;ssl=1\" alt=\"Femme ressentant de la culpabilit\u00e9 apr\u00e8s avoir mang\u00e9 certains aliments\nTCA : Anorexie, Boulimie, Hyperphagie\" class=\"wp-image-1075\" width=\"525\" height=\"349\" srcset=\"https:\/\/i0.wp.com\/xn--maeva-zambon-ditticienne-pfcb.fr\/wp-content\/uploads\/2023\/08\/Photo-une-relation-apaisee-a-la-nourriture-scaled.jpg?resize=1024%2C683&amp;ssl=1 1024w, https:\/\/i0.wp.com\/xn--maeva-zambon-ditticienne-pfcb.fr\/wp-content\/uploads\/2023\/08\/Photo-une-relation-apaisee-a-la-nourriture-scaled.jpg?resize=300%2C200&amp;ssl=1 300w, https:\/\/i0.wp.com\/xn--maeva-zambon-ditticienne-pfcb.fr\/wp-content\/uploads\/2023\/08\/Photo-une-relation-apaisee-a-la-nourriture-scaled.jpg?resize=768%2C512&amp;ssl=1 768w, https:\/\/i0.wp.com\/xn--maeva-zambon-ditticienne-pfcb.fr\/wp-content\/uploads\/2023\/08\/Photo-une-relation-apaisee-a-la-nourriture-scaled.jpg?resize=1536%2C1024&amp;ssl=1 1536w, https:\/\/i0.wp.com\/xn--maeva-zambon-ditticienne-pfcb.fr\/wp-content\/uploads\/2023\/08\/Photo-une-relation-apaisee-a-la-nourriture-scaled.jpg?resize=2048%2C1365&amp;ssl=1 2048w\" sizes=\"auto, (max-width: 525px) 100vw, 525px\" data-recalc-dims=\"1\" \/><\/figure>\n\n\n\n<div style=\"height:100px\" aria-hidden=\"true\" class=\"wp-block-spacer\"><\/div>\n\n\n\n<p class=\"has-text-align-left\">TCA : Anorexie, Boulimie, Hyperphagie<\/p>\n\n\n\n<p class=\"has-text-align-center\"><br><br><font style=\"vertical-align: inherit;\"><font style=\"vertical-align: inherit;\">Ressentez vous de la culpabilit\u00e9 apr\u00e8s avoir mang\u00e9 certains aliments que vous ne consid\u00e9rez pas comme sains ?<\/font><\/font><\/p>\n\n\n\n<p class=\"has-text-align-center\">Etes-vous obs\u00e9d\u00e9 par votre silhouette et\/ou votre poids ? <\/p>\n\n\n\n<p class=\"has-text-align-center\">Restreignez vous volontairement la quantit\u00e9 de nourriture que vous ing\u00e9rez ou sautez vous des repas ? <\/p>\n\n\n\n<p class=\"has-text-align-center\">Vous arrive-t-il parfois de manger de mani\u00e8re incontr\u00f4l\u00e9e ou de vous isoler pour manger ?<\/p>\n\n\n\n<p class=\"has-text-align-center\"><font style=\"vertical-align: inherit;\"><font style=\"vertical-align: inherit;\">Mangez vous pour essayer de faire taire vos \u00e9motions ?<\/font><\/font><\/p>\n\n\n\n<p class=\"has-text-align-center\"><font style=\"vertical-align: inherit;\"><font style=\"vertical-align: inherit;\">Que vous ayez \u00e9t\u00e9 <\/font><\/font>diagnostiqu\u00e9<font style=\"vertical-align: inherit;\"><font style=\"vertical-align: inherit;\"> ou non par un m\u00e9decin comme faisant des TCA : Anorexie, Boulimie, Hyperphagie ou encore Orthorexique, Diaboulimie (TCA qui concerne les personnes diab\u00e9tiques), Bigorexique.<\/font><\/font><\/p>\n\n\n\n<p class=\"has-text-align-center\"><font style=\"vertical-align: inherit;\"><font style=\"vertical-align: inherit;\">Je peux vous aider dans votre processus de r\u00e9conciliation avec la nourriture.<\/font><\/font><\/p>\n\n\n\n<p class=\"has-text-align-center\">Car chaque individu \u00e0 un parcours de vie qui lui est propre. <\/p>\n\n\n\n<p class=\"has-text-align-center\">En plus d&#8217;avoir des besoins physiologiques uniques en fonction des ses habitudes de vie, son m\u00e9tabolisme et sa composition corporelle. <\/p>\n\n\n\n<p>Il est n\u00e9cessaire d&#8217;avoir un suivi personnalis\u00e9 qui s&#8217;adapte \u00e0 votre profil. Qui prend en compte votre histoire, vos craintes et vos r\u00e9sistances.<\/p>\n\n\n\n<p>A l&#8217;issus de notre premi\u00e8re s\u00e9ance, je serais en mesure de vous proposer un premier plan alimentaire. Qui sera amen\u00e9 \u00e0 \u00e9voluer au fur et \u00e0 mesure de votre progression.<\/p>\n\n\n\n<p>S\u00e9ances apr\u00e8s s\u00e9ances vous retrouverez une alimentation \u00e9quilibr\u00e9e, riche en vitamines et min\u00e9raux qui correspondra \u00e0 vos besoins. Mais aussi une alimentation plaisante et sans culpabilit\u00e9. Qui vous permettra de vous sentir bien dans votre t\u00eate et dans corps.<\/p>\n\n\n\n<div style=\"height:100px\" aria-hidden=\"true\" class=\"wp-block-spacer\"><\/div>\n\n\n\n<div class=\"wp-block-buttons is-layout-flex wp-block-buttons-is-layout-flex\">\n<div class=\"wp-block-button\"><a class=\"wp-block-button__link wp-element-button\" href=\"https:\/\/xn--maeva-zambon-ditticienne-pfcb.fr\/index.php\/deroulement-des-consultations\/\">D\u00e9roulement des consultations et tarifs<\/a><\/div>\n<\/div>\n","protected":false},"excerpt":{"rendered":"<p>TCA : Anorexie, Boulimie, Hyperphagie Ressentez vous de la culpabilit\u00e9 apr\u00e8s avoir mang\u00e9 certains aliments que vous ne consid\u00e9rez pas comme sains ? Etes-vous obs\u00e9d\u00e9 par votre silhouette et\/ou votre poids ? Restreignez vous volontairement la quantit\u00e9 de nourriture que vous ing\u00e9rez ou sautez vous des repas ? Vous arrive-t-il parfois de manger de mani\u00e8re &hellip; <\/p>\n<p class=\"link-more\"><a href=\"https:\/\/xn--maeva-zambon-ditticienne-pfcb.fr\/index.php\/tca-anorexie-boulimie-hyperphagie\/\" class=\"more-link\">Continue reading<span class=\"screen-reader-text\"> &#8220;TCA : Anorexie, Boulimie, Hyperphagie&#8221;<\/span><\/a><\/p>\n","protected":false},"author":1,"featured_media":0,"parent":0,"menu_order":0,"comment_status":"closed","ping_status":"closed","template":"","meta":{"footnotes":""},"class_list":["post-248","page","type-page","status-publish","hentry"],"yoast_head":"<!-- This site is optimized with the Yoast SEO plugin v22.0 - https:\/\/yoast.com\/wordpress\/plugins\/seo\/ -->\n<title>TCA : Anorexie, Boulimie, Hyperphagie - Di\u00e9t\u00e9ticienne<\/title>\n<meta name=\"description\" content=\"TCA : Anorexie, Boulimie, Hyperphagie - Vous ressentez de la culpabilit\u00e9 apr\u00e8s avoir mang\u00e9 certains aliments ?\" \/>\n<meta name=\"robots\" content=\"index, follow, max-snippet:-1, max-image-preview:large, max-video-preview:-1\" \/>\n<link rel=\"canonical\" href=\"https:\/\/xn--maeva-zambon-ditticienne-pfcb.fr\/index.php\/tca-anorexie-boulimie-hyperphagie\/\" \/>\n<meta property=\"og:locale\" content=\"en_US\" \/>\n<meta property=\"og:type\" content=\"article\" \/>\n<meta property=\"og:title\" content=\"TCA : Anorexie, Boulimie, Hyperphagie - Di\u00e9t\u00e9ticienne\" \/>\n<meta property=\"og:description\" content=\"TCA : Anorexie, Boulimie, Hyperphagie - Vous ressentez de la culpabilit\u00e9 apr\u00e8s avoir mang\u00e9 certains aliments ?\" \/>\n<meta property=\"og:url\" content=\"https:\/\/xn--maeva-zambon-ditticienne-pfcb.fr\/index.php\/tca-anorexie-boulimie-hyperphagie\/\" \/>\n<meta property=\"og:site_name\" content=\"Di\u00e9t\u00e9ticienne\" \/>\n<meta property=\"article:modified_time\" content=\"2023-08-20T00:18:30+00:00\" \/>\n<meta property=\"og:image\" content=\"https:\/\/xn--maeva-zambon-ditticienne-pfcb.fr\/wp-content\/uploads\/2023\/08\/Photo-une-relation-apaisee-a-la-nourriture-1024x683.jpg\" \/>\n<meta name=\"twitter:card\" content=\"summary_large_image\" \/>\n<meta name=\"twitter:label1\" content=\"Est. reading time\" \/>\n\t<meta name=\"twitter:data1\" content=\"2 minutes\" \/>\n<script type=\"application\/ld+json\" class=\"yoast-schema-graph\">{\"@context\":\"https:\/\/schema.org\",\"@graph\":[{\"@type\":\"WebPage\",\"@id\":\"https:\/\/xn--maeva-zambon-ditticienne-pfcb.fr\/index.php\/tca-anorexie-boulimie-hyperphagie\/\",\"url\":\"https:\/\/xn--maeva-zambon-ditticienne-pfcb.fr\/index.php\/tca-anorexie-boulimie-hyperphagie\/\",\"name\":\"TCA : Anorexie, Boulimie, Hyperphagie - Di\u00e9t\u00e9ticienne\",\"isPartOf\":{\"@id\":\"https:\/\/xn--maeva-zambon-ditticienne-pfcb.fr\/#website\"},\"datePublished\":\"2022-04-12T14:57:08+00:00\",\"dateModified\":\"2023-08-20T00:18:30+00:00\",\"description\":\"TCA : Anorexie, Boulimie, Hyperphagie - Vous ressentez de la culpabilit\u00e9 apr\u00e8s avoir mang\u00e9 certains aliments ?\",\"breadcrumb\":{\"@id\":\"https:\/\/xn--maeva-zambon-ditticienne-pfcb.fr\/index.php\/tca-anorexie-boulimie-hyperphagie\/#breadcrumb\"},\"inLanguage\":\"en-US\",\"potentialAction\":[{\"@type\":\"ReadAction\",\"target\":[\"https:\/\/xn--maeva-zambon-ditticienne-pfcb.fr\/index.php\/tca-anorexie-boulimie-hyperphagie\/\"]}]},{\"@type\":\"BreadcrumbList\",\"@id\":\"https:\/\/xn--maeva-zambon-ditticienne-pfcb.fr\/index.php\/tca-anorexie-boulimie-hyperphagie\/#breadcrumb\",\"itemListElement\":[{\"@type\":\"ListItem\",\"position\":1,\"name\":\"Home\",\"item\":\"https:\/\/xn--maeva-zambon-ditticienne-pfcb.fr\/\"},{\"@type\":\"ListItem\",\"position\":2,\"name\":\"TCA : Anorexie, Boulimie, Hyperphagie\"}]},{\"@type\":\"WebSite\",\"@id\":\"https:\/\/xn--maeva-zambon-ditticienne-pfcb.fr\/#website\",\"url\":\"https:\/\/xn--maeva-zambon-ditticienne-pfcb.fr\/\",\"name\":\"Di\u00e9t\u00e9ticienne\",\"description\":\"Maeva Zambon Di\u00e9t\u00e9ticienne-Nutritionniste \",\"potentialAction\":[{\"@type\":\"SearchAction\",\"target\":{\"@type\":\"EntryPoint\",\"urlTemplate\":\"https:\/\/xn--maeva-zambon-ditticienne-pfcb.fr\/?s={search_term_string}\"},\"query-input\":\"required name=search_term_string\"}],\"inLanguage\":\"en-US\"}]}<\/script>\n<!-- \/ Yoast SEO plugin. -->","yoast_head_json":{"title":"TCA : Anorexie, Boulimie, Hyperphagie - Di\u00e9t\u00e9ticienne","description":"TCA : Anorexie, Boulimie, Hyperphagie - Vous ressentez de la culpabilit\u00e9 apr\u00e8s avoir mang\u00e9 certains aliments ?","robots":{"index":"index","follow":"follow","max-snippet":"max-snippet:-1","max-image-preview":"max-image-preview:large","max-video-preview":"max-video-preview:-1"},"canonical":"https:\/\/xn--maeva-zambon-ditticienne-pfcb.fr\/index.php\/tca-anorexie-boulimie-hyperphagie\/","og_locale":"en_US","og_type":"article","og_title":"TCA : Anorexie, Boulimie, Hyperphagie - Di\u00e9t\u00e9ticienne","og_description":"TCA : Anorexie, Boulimie, Hyperphagie - Vous ressentez de la culpabilit\u00e9 apr\u00e8s avoir mang\u00e9 certains aliments ?","og_url":"https:\/\/xn--maeva-zambon-ditticienne-pfcb.fr\/index.php\/tca-anorexie-boulimie-hyperphagie\/","og_site_name":"Di\u00e9t\u00e9ticienne","article_modified_time":"2023-08-20T00:18:30+00:00","og_image":[{"url":"https:\/\/xn--maeva-zambon-ditticienne-pfcb.fr\/wp-content\/uploads\/2023\/08\/Photo-une-relation-apaisee-a-la-nourriture-1024x683.jpg"}],"twitter_card":"summary_large_image","twitter_misc":{"Est. reading time":"2 minutes"},"schema":{"@context":"https:\/\/schema.org","@graph":[{"@type":"WebPage","@id":"https:\/\/xn--maeva-zambon-ditticienne-pfcb.fr\/index.php\/tca-anorexie-boulimie-hyperphagie\/","url":"https:\/\/xn--maeva-zambon-ditticienne-pfcb.fr\/index.php\/tca-anorexie-boulimie-hyperphagie\/","name":"TCA : Anorexie, Boulimie, Hyperphagie - Di\u00e9t\u00e9ticienne","isPartOf":{"@id":"https:\/\/xn--maeva-zambon-ditticienne-pfcb.fr\/#website"},"datePublished":"2022-04-12T14:57:08+00:00","dateModified":"2023-08-20T00:18:30+00:00","description":"TCA : Anorexie, Boulimie, Hyperphagie - Vous ressentez de la culpabilit\u00e9 apr\u00e8s avoir mang\u00e9 certains aliments ?","breadcrumb":{"@id":"https:\/\/xn--maeva-zambon-ditticienne-pfcb.fr\/index.php\/tca-anorexie-boulimie-hyperphagie\/#breadcrumb"},"inLanguage":"en-US","potentialAction":[{"@type":"ReadAction","target":["https:\/\/xn--maeva-zambon-ditticienne-pfcb.fr\/index.php\/tca-anorexie-boulimie-hyperphagie\/"]}]},{"@type":"BreadcrumbList","@id":"https:\/\/xn--maeva-zambon-ditticienne-pfcb.fr\/index.php\/tca-anorexie-boulimie-hyperphagie\/#breadcrumb","itemListElement":[{"@type":"ListItem","position":1,"name":"Home","item":"https:\/\/xn--maeva-zambon-ditticienne-pfcb.fr\/"},{"@type":"ListItem","position":2,"name":"TCA : Anorexie, Boulimie, Hyperphagie"}]},{"@type":"WebSite","@id":"https:\/\/xn--maeva-zambon-ditticienne-pfcb.fr\/#website","url":"https:\/\/xn--maeva-zambon-ditticienne-pfcb.fr\/","name":"Di\u00e9t\u00e9ticienne","description":"Maeva Zambon Di\u00e9t\u00e9ticienne-Nutritionniste ","potentialAction":[{"@type":"SearchAction","target":{"@type":"EntryPoint","urlTemplate":"https:\/\/xn--maeva-zambon-ditticienne-pfcb.fr\/?s={search_term_string}"},"query-input":"required name=search_term_string"}],"inLanguage":"en-US"}]}},"_links":{"self":[{"href":"https:\/\/xn--maeva-zambon-ditticienne-pfcb.fr\/index.php\/wp-json\/wp\/v2\/pages\/248","targetHints":{"allow":["GET"]}}],"collection":[{"href":"https:\/\/xn--maeva-zambon-ditticienne-pfcb.fr\/index.php\/wp-json\/wp\/v2\/pages"}],"about":[{"href":"https:\/\/xn--maeva-zambon-ditticienne-pfcb.fr\/index.php\/wp-json\/wp\/v2\/types\/page"}],"author":[{"embeddable":true,"href":"https:\/\/xn--maeva-zambon-ditticienne-pfcb.fr\/index.php\/wp-json\/wp\/v2\/users\/1"}],"replies":[{"embeddable":true,"href":"https:\/\/xn--maeva-zambon-ditticienne-pfcb.fr\/index.php\/wp-json\/wp\/v2\/comments?post=248"}],"version-history":[{"count":22,"href":"https:\/\/xn--maeva-zambon-ditticienne-pfcb.fr\/index.php\/wp-json\/wp\/v2\/pages\/248\/revisions"}],"predecessor-version":[{"id":1277,"href":"https:\/\/xn--maeva-zambon-ditticienne-pfcb.fr\/index.php\/wp-json\/wp\/v2\/pages\/248\/revisions\/1277"}],"wp:attachment":[{"href":"https:\/\/xn--maeva-zambon-ditticienne-pfcb.fr\/index.php\/wp-json\/wp\/v2\/media?parent=248"}],"curies":[{"name":"wp","href":"https:\/\/api.w.org\/{rel}","templated":true}]}}