{"id":232,"date":"2022-04-12T11:04:04","date_gmt":"2022-04-12T09:04:04","guid":{"rendered":"https:\/\/dieteticiennemaevazambon.wordpress.com\/?page_id=232"},"modified":"2022-04-12T11:04:04","modified_gmt":"2022-04-12T09:04:04","slug":"partenaires","status":"publish","type":"page","link":"https:\/\/xn--maeva-zambon-ditticienne-pfcb.fr\/index.php\/partenaires\/","title":{"rendered":"Partenaires"},"content":{"rendered":"\n<p class=\"has-text-align-center\"><a href=\"https:\/\/www.elodiegabriel.com\/\">Elodie GABRIEL<\/a><\/p>\n\n\n\n<div class=\"wp-block-media-text alignwide is-stacked-on-mobile\"><figure class=\"wp-block-media-text__media\"><img loading=\"lazy\" decoding=\"async\" width=\"525\" height=\"609\" src=\"https:\/\/i0.wp.com\/xn--maeva-zambon-ditticienne-pfcb.fr\/wp-content\/uploads\/2022\/04\/2fd143_72ad85ec16cf42fa84f4cd26669ff387_mv2.jpg?resize=525%2C609&#038;ssl=1\" alt=\"\" class=\"wp-image-237 size-full\" srcset=\"https:\/\/i0.wp.com\/xn--maeva-zambon-ditticienne-pfcb.fr\/wp-content\/uploads\/2022\/04\/2fd143_72ad85ec16cf42fa84f4cd26669ff387_mv2.jpg?w=576&amp;ssl=1 576w, https:\/\/i0.wp.com\/xn--maeva-zambon-ditticienne-pfcb.fr\/wp-content\/uploads\/2022\/04\/2fd143_72ad85ec16cf42fa84f4cd26669ff387_mv2.jpg?resize=259%2C300&amp;ssl=1 259w\" sizes=\"auto, (max-width: 525px) 100vw, 525px\" data-recalc-dims=\"1\" \/><\/figure><div class=\"wp-block-media-text__content\">\n<p><a href=\"https:\/\/www.elodiegabriel.com\/jechercheunpsy\">Dipl\u00f4m\u00e9e en Psychologie Clinique et Psychopathologie<\/a>&nbsp;en 2001 \u00e0 l&#8217;Universit\u00e9 Paris V &#8211; Ren\u00e9 Descartes, j&#8217;ai toujours exerc\u00e9 aupr\u00e8s des enfants, des b\u00e9b\u00e9s, de leurs parents et des professionnels qui les accompagnent.<\/p>\n\n\n\n<p>Depuis, je n&#8217;ai cess\u00e9 de continuer \u00e0&nbsp;<a href=\"https:\/\/www.elodiegabriel.com\/psychologue-paris13\">me former<\/a>&nbsp;pour me sp\u00e9cialiser dans les champs de la parentalit\u00e9, de l&#8217;accompagnement du b\u00e9b\u00e9,&nbsp;du bilan psychologique de l&#8217;enfant, et des approches transculturelles.<\/p>\n\n\n\n<p>Afin de transmettre mes connaissances et mon exp\u00e9rience, j&#8217;ai \u00e9galement&nbsp;d\u00e9velopp\u00e9 depuis 10 ans une activit\u00e9 de formatrice aupr\u00e8s d&#8217;\u00e9l\u00e8ves (infirmiers, auxiliaires de pu\u00e9riculture, aides m\u00e9dico-psychologiques, aides-soignants)&nbsp;et de&nbsp;professionnels en exercice.<\/p>\n\n\n\n<p><\/p>\n<\/div><\/div>\n\n\n\n<p class=\"has-text-align-center\"> <a href=\"https:\/\/www.doctolib.fr\/osteopathe\/paris\/francois-xavier-poudelet\">Fran\u00e7ois-Xavier Poudelet<\/a><\/p>\n\n\n\n<div class=\"wp-block-media-text alignwide is-stacked-on-mobile\"><figure class=\"wp-block-media-text__media\"><img loading=\"lazy\" decoding=\"async\" width=\"525\" height=\"564\" src=\"https:\/\/i0.wp.com\/xn--maeva-zambon-ditticienne-pfcb.fr\/wp-content\/uploads\/2022\/04\/kbeqk1nw9jfytry9meys.jpg?resize=525%2C564&#038;ssl=1\" alt=\"\" class=\"wp-image-242 size-full\" srcset=\"https:\/\/i0.wp.com\/xn--maeva-zambon-ditticienne-pfcb.fr\/wp-content\/uploads\/2022\/04\/kbeqk1nw9jfytry9meys.jpg?w=559&amp;ssl=1 559w, https:\/\/i0.wp.com\/xn--maeva-zambon-ditticienne-pfcb.fr\/wp-content\/uploads\/2022\/04\/kbeqk1nw9jfytry9meys.jpg?resize=280%2C300&amp;ssl=1 280w\" sizes=\"auto, (max-width: 525px) 100vw, 525px\" data-recalc-dims=\"1\" \/><\/figure><div class=\"wp-block-media-text__content\">\n<p><strong>Ost\u00e9opathe D.O. FERO (Federal European Register of Osteopaths)<\/strong><\/p>\n\n\n\n<p>L&#8217;ost\u00e9opathie permet d&#8217;apaiser vos tensions\/douleurs engendr\u00e9es au quotidien et&nbsp;am\u00e9liorer votre relation au travail et vis-\u00e0-vis d\u2019autrui.<\/p>\n\n\n\n<p>Les causes:&nbsp;troubles digestifs, contractures, perte d\u2019\u00e9nergie, sensibilit\u00e9 et nervosit\u00e9 accrues, perturbation de la concentration, diminution des activit\u00e9s sociales et sportives.<\/p>\n\n\n\n<p>Par un&nbsp;ensemble de mobilisations douces, j\u2019assure une d\u00e9tente compl\u00e8te, une meilleure circulation sanguine, une homog\u00e9n\u00e9isation des tensions et un travail sur tous les tissus du corps afin de&nbsp;r\u00e9cup\u00e9rer et diffuser une sensation de bien-\u00eatre.<\/p>\n\n\n\n<p>Des&nbsp;conseils adapt\u00e9s&nbsp;\u00e0 votre motif de consultation vous seront pr\u00e9conis\u00e9s, ainsi qu&#8217;un encadrement pluridisciplinaire adapt\u00e9 : posturologie, nutrition, psychoth\u00e9rapie,&#8230;<\/p>\n<\/div><\/div>\n","protected":false},"excerpt":{"rendered":"<p>Elodie GABRIEL Dipl\u00f4m\u00e9e en Psychologie Clinique et Psychopathologie&nbsp;en 2001 \u00e0 l&#8217;Universit\u00e9 Paris V &#8211; Ren\u00e9 Descartes, j&#8217;ai toujours exerc\u00e9 aupr\u00e8s des enfants, des b\u00e9b\u00e9s, de leurs parents et des professionnels qui les accompagnent. Depuis, je n&#8217;ai cess\u00e9 de continuer \u00e0&nbsp;me former&nbsp;pour me sp\u00e9cialiser dans les champs de la parentalit\u00e9, de l&#8217;accompagnement du b\u00e9b\u00e9,&nbsp;du bilan psychologique &hellip; <\/p>\n<p class=\"link-more\"><a href=\"https:\/\/xn--maeva-zambon-ditticienne-pfcb.fr\/index.php\/partenaires\/\" class=\"more-link\">Continue reading<span class=\"screen-reader-text\"> &#8220;Partenaires&#8221;<\/span><\/a><\/p>\n","protected":false},"author":1,"featured_media":0,"parent":0,"menu_order":0,"comment_status":"closed","ping_status":"closed","template":"","meta":{"footnotes":""},"class_list":["post-232","page","type-page","status-publish","hentry"],"yoast_head":"<!-- This site is optimized with the Yoast SEO plugin v22.0 - https:\/\/yoast.com\/wordpress\/plugins\/seo\/ -->\n<title>Partenaires - Di\u00e9t\u00e9ticienne<\/title>\n<meta name=\"robots\" content=\"index, follow, max-snippet:-1, max-image-preview:large, max-video-preview:-1\" \/>\n<link rel=\"canonical\" href=\"https:\/\/xn--maeva-zambon-ditticienne-pfcb.fr\/index.php\/partenaires\/\" \/>\n<meta property=\"og:locale\" content=\"en_US\" \/>\n<meta property=\"og:type\" content=\"article\" \/>\n<meta property=\"og:title\" content=\"Partenaires - Di\u00e9t\u00e9ticienne\" \/>\n<meta property=\"og:description\" content=\"Elodie GABRIEL Dipl\u00f4m\u00e9e en Psychologie Clinique et Psychopathologie&nbsp;en 2001 \u00e0 l&#8217;Universit\u00e9 Paris V &#8211; Ren\u00e9 Descartes, j&#8217;ai toujours exerc\u00e9 aupr\u00e8s des enfants, des b\u00e9b\u00e9s, de leurs parents et des professionnels qui les accompagnent. Depuis, je n&#8217;ai cess\u00e9 de continuer \u00e0&nbsp;me former&nbsp;pour me sp\u00e9cialiser dans les champs de la parentalit\u00e9, de l&#8217;accompagnement du b\u00e9b\u00e9,&nbsp;du bilan psychologique &hellip; Continue reading &quot;Partenaires&quot;\" \/>\n<meta property=\"og:url\" content=\"https:\/\/xn--maeva-zambon-ditticienne-pfcb.fr\/index.php\/partenaires\/\" \/>\n<meta property=\"og:site_name\" content=\"Di\u00e9t\u00e9ticienne\" \/>\n<meta property=\"og:image\" content=\"https:\/\/xn--maeva-zambon-ditticienne-pfcb.fr\/wp-content\/uploads\/2022\/04\/2fd143_72ad85ec16cf42fa84f4cd26669ff387_mv2.jpg?w=576\" \/>\n<meta name=\"twitter:card\" content=\"summary_large_image\" \/>\n<meta name=\"twitter:label1\" content=\"Est. reading time\" \/>\n\t<meta name=\"twitter:data1\" content=\"1 minute\" \/>\n<script type=\"application\/ld+json\" class=\"yoast-schema-graph\">{\"@context\":\"https:\/\/schema.org\",\"@graph\":[{\"@type\":\"WebPage\",\"@id\":\"https:\/\/xn--maeva-zambon-ditticienne-pfcb.fr\/index.php\/partenaires\/\",\"url\":\"https:\/\/xn--maeva-zambon-ditticienne-pfcb.fr\/index.php\/partenaires\/\",\"name\":\"Partenaires - Di\u00e9t\u00e9ticienne\",\"isPartOf\":{\"@id\":\"https:\/\/xn--maeva-zambon-ditticienne-pfcb.fr\/#website\"},\"datePublished\":\"2022-04-12T09:04:04+00:00\",\"dateModified\":\"2022-04-12T09:04:04+00:00\",\"breadcrumb\":{\"@id\":\"https:\/\/xn--maeva-zambon-ditticienne-pfcb.fr\/index.php\/partenaires\/#breadcrumb\"},\"inLanguage\":\"en-US\",\"potentialAction\":[{\"@type\":\"ReadAction\",\"target\":[\"https:\/\/xn--maeva-zambon-ditticienne-pfcb.fr\/index.php\/partenaires\/\"]}]},{\"@type\":\"BreadcrumbList\",\"@id\":\"https:\/\/xn--maeva-zambon-ditticienne-pfcb.fr\/index.php\/partenaires\/#breadcrumb\",\"itemListElement\":[{\"@type\":\"ListItem\",\"position\":1,\"name\":\"Home\",\"item\":\"https:\/\/xn--maeva-zambon-ditticienne-pfcb.fr\/\"},{\"@type\":\"ListItem\",\"position\":2,\"name\":\"Partenaires\"}]},{\"@type\":\"WebSite\",\"@id\":\"https:\/\/xn--maeva-zambon-ditticienne-pfcb.fr\/#website\",\"url\":\"https:\/\/xn--maeva-zambon-ditticienne-pfcb.fr\/\",\"name\":\"Di\u00e9t\u00e9ticienne\",\"description\":\"Maeva Zambon Di\u00e9t\u00e9ticienne-Nutritionniste \",\"potentialAction\":[{\"@type\":\"SearchAction\",\"target\":{\"@type\":\"EntryPoint\",\"urlTemplate\":\"https:\/\/xn--maeva-zambon-ditticienne-pfcb.fr\/?s={search_term_string}\"},\"query-input\":\"required name=search_term_string\"}],\"inLanguage\":\"en-US\"}]}<\/script>\n<!-- \/ Yoast SEO plugin. -->","yoast_head_json":{"title":"Partenaires - Di\u00e9t\u00e9ticienne","robots":{"index":"index","follow":"follow","max-snippet":"max-snippet:-1","max-image-preview":"max-image-preview:large","max-video-preview":"max-video-preview:-1"},"canonical":"https:\/\/xn--maeva-zambon-ditticienne-pfcb.fr\/index.php\/partenaires\/","og_locale":"en_US","og_type":"article","og_title":"Partenaires - Di\u00e9t\u00e9ticienne","og_description":"Elodie GABRIEL Dipl\u00f4m\u00e9e en Psychologie Clinique et Psychopathologie&nbsp;en 2001 \u00e0 l&#8217;Universit\u00e9 Paris V &#8211; Ren\u00e9 Descartes, j&#8217;ai toujours exerc\u00e9 aupr\u00e8s des enfants, des b\u00e9b\u00e9s, de leurs parents et des professionnels qui les accompagnent. Depuis, je n&#8217;ai cess\u00e9 de continuer \u00e0&nbsp;me former&nbsp;pour me sp\u00e9cialiser dans les champs de la parentalit\u00e9, de l&#8217;accompagnement du b\u00e9b\u00e9,&nbsp;du bilan psychologique &hellip; Continue reading \"Partenaires\"","og_url":"https:\/\/xn--maeva-zambon-ditticienne-pfcb.fr\/index.php\/partenaires\/","og_site_name":"Di\u00e9t\u00e9ticienne","og_image":[{"url":"https:\/\/xn--maeva-zambon-ditticienne-pfcb.fr\/wp-content\/uploads\/2022\/04\/2fd143_72ad85ec16cf42fa84f4cd26669ff387_mv2.jpg?w=576"}],"twitter_card":"summary_large_image","twitter_misc":{"Est. reading time":"1 minute"},"schema":{"@context":"https:\/\/schema.org","@graph":[{"@type":"WebPage","@id":"https:\/\/xn--maeva-zambon-ditticienne-pfcb.fr\/index.php\/partenaires\/","url":"https:\/\/xn--maeva-zambon-ditticienne-pfcb.fr\/index.php\/partenaires\/","name":"Partenaires - Di\u00e9t\u00e9ticienne","isPartOf":{"@id":"https:\/\/xn--maeva-zambon-ditticienne-pfcb.fr\/#website"},"datePublished":"2022-04-12T09:04:04+00:00","dateModified":"2022-04-12T09:04:04+00:00","breadcrumb":{"@id":"https:\/\/xn--maeva-zambon-ditticienne-pfcb.fr\/index.php\/partenaires\/#breadcrumb"},"inLanguage":"en-US","potentialAction":[{"@type":"ReadAction","target":["https:\/\/xn--maeva-zambon-ditticienne-pfcb.fr\/index.php\/partenaires\/"]}]},{"@type":"BreadcrumbList","@id":"https:\/\/xn--maeva-zambon-ditticienne-pfcb.fr\/index.php\/partenaires\/#breadcrumb","itemListElement":[{"@type":"ListItem","position":1,"name":"Home","item":"https:\/\/xn--maeva-zambon-ditticienne-pfcb.fr\/"},{"@type":"ListItem","position":2,"name":"Partenaires"}]},{"@type":"WebSite","@id":"https:\/\/xn--maeva-zambon-ditticienne-pfcb.fr\/#website","url":"https:\/\/xn--maeva-zambon-ditticienne-pfcb.fr\/","name":"Di\u00e9t\u00e9ticienne","description":"Maeva Zambon Di\u00e9t\u00e9ticienne-Nutritionniste ","potentialAction":[{"@type":"SearchAction","target":{"@type":"EntryPoint","urlTemplate":"https:\/\/xn--maeva-zambon-ditticienne-pfcb.fr\/?s={search_term_string}"},"query-input":"required name=search_term_string"}],"inLanguage":"en-US"}]}},"_links":{"self":[{"href":"https:\/\/xn--maeva-zambon-ditticienne-pfcb.fr\/index.php\/wp-json\/wp\/v2\/pages\/232","targetHints":{"allow":["GET"]}}],"collection":[{"href":"https:\/\/xn--maeva-zambon-ditticienne-pfcb.fr\/index.php\/wp-json\/wp\/v2\/pages"}],"about":[{"href":"https:\/\/xn--maeva-zambon-ditticienne-pfcb.fr\/index.php\/wp-json\/wp\/v2\/types\/page"}],"author":[{"embeddable":true,"href":"https:\/\/xn--maeva-zambon-ditticienne-pfcb.fr\/index.php\/wp-json\/wp\/v2\/users\/1"}],"replies":[{"embeddable":true,"href":"https:\/\/xn--maeva-zambon-ditticienne-pfcb.fr\/index.php\/wp-json\/wp\/v2\/comments?post=232"}],"version-history":[{"count":0,"href":"https:\/\/xn--maeva-zambon-ditticienne-pfcb.fr\/index.php\/wp-json\/wp\/v2\/pages\/232\/revisions"}],"wp:attachment":[{"href":"https:\/\/xn--maeva-zambon-ditticienne-pfcb.fr\/index.php\/wp-json\/wp\/v2\/media?parent=232"}],"curies":[{"name":"wp","href":"https:\/\/api.w.org\/{rel}","templated":true}]}}