{"id":1631,"date":"2023-11-24T13:15:32","date_gmt":"2023-11-24T13:15:32","guid":{"rendered":"https:\/\/xn--maeva-zambon-ditticienne-pfcb.fr\/?page_id=1631"},"modified":"2023-11-24T18:36:32","modified_gmt":"2023-11-24T18:36:32","slug":"soupe-de-butternut","status":"publish","type":"page","link":"https:\/\/xn--maeva-zambon-ditticienne-pfcb.fr\/index.php\/soupe-de-butternut\/","title":{"rendered":"Soupe de butternut"},"content":{"rendered":"\n<p><\/p>\n\n\n\n<h2 class=\"has-text-align-center wp-block-heading\">Ingr\u00e9dients<\/h2>\n\n\n\n<p class=\"has-text-align-center\">Butternut<\/p>\n\n\n\n<p class=\"has-text-align-center\">Pomme de terre<\/p>\n\n\n\n<p class=\"has-text-align-center\">Oignon<\/p>\n\n\n\n<p class=\"has-text-align-center\">Cube de bouillon de l\u00e9gumes + eau<\/p>\n\n\n\n<p class=\"has-text-align-center\">Huile d\u2019olive<\/p>\n\n\n\n<p class=\"has-text-align-center\">Sel, Poivre<\/p>\n\n\n\n<h2 class=\"has-text-align-center wp-block-heading\">Recette<\/h2>\n\n\n\n<p class=\"has-text-align-center\">Couper la butternut en deux, \u00f4ter les graines \u00e0 l&#8217;aide d&#8217;une cuill\u00e8re \u00e0 soupe.<\/p>\n\n\n\n<p class=\"has-text-align-center\">Peler les morceaux de courge et les couper en cubes. Possibilit\u00e9 d\u2019utiliser des cubes de butternut surgel\u00e9s.<\/p>\n\n\n\n<p class=\"has-text-align-center\">\u00c9plucher et d\u00e9tailler les pommes de terre en petits d\u00e9s.<\/p>\n\n\n\n<p class=\"has-text-align-center\">Peler et \u00e9mincer les oignons.<\/p>\n\n\n\n<p class=\"has-text-align-center\">D\u00e9layer le bouillon de cube dans l\u2019eau chaude.<\/p>\n\n\n\n<p class=\"has-text-align-center\">Faire chauffer l\u2019huile d\u2019olive dans une cocotte.<\/p>\n\n\n\n<p class=\"has-text-align-center\">Faire revenir les oignons jusqu\u2019\u00e0 ce qu\u2019ils soient bien dor\u00e9s.<\/p>\n\n\n\n<p class=\"has-text-align-center\">Ajouter la butternut et les pommes de terre.<\/p>\n\n\n\n<p class=\"has-text-align-center\">Verser ensuite le bouillon de l\u00e9gumes.<\/p>\n\n\n\n<p class=\"has-text-align-center\">Cuire 1 heure \u00e0 couvert, 30 min dans un autocuiseur.<\/p>\n\n\n\n<p class=\"has-text-align-center\">R\u00e9cup\u00e9rer les l\u00e9gumes et les mixer.<\/p>\n\n\n\n<p class=\"has-text-align-center\">Ajouter progressivement le bouillon de cuisson, jusqu\u2019\u00e0 obtenir la consistance souhait\u00e9e.<\/p>\n\n\n\n<p class=\"has-text-align-center\">Replacer quelques minutes la pr\u00e9paration sur feu tr\u00e8s doux.<\/p>\n\n\n\n<p class=\"has-text-align-center\">Rectifier l\u2019assaisonnement si n\u00e9cessaire.<\/p>\n\n\n\n<h2 class=\"has-text-align-center wp-block-heading\">Pour faire un plat complet<\/h2>\n\n\n\n<p><\/p>\n","protected":false},"excerpt":{"rendered":"<p>Ingr\u00e9dients Butternut Pomme de terre Oignon Cube de bouillon de l\u00e9gumes + eau Huile d\u2019olive Sel, Poivre Recette Couper la butternut en deux, \u00f4ter les graines \u00e0 l&#8217;aide d&#8217;une cuill\u00e8re \u00e0 soupe. Peler les morceaux de courge et les couper en cubes. Possibilit\u00e9 d\u2019utiliser des cubes de butternut surgel\u00e9s. \u00c9plucher et d\u00e9tailler les pommes de &hellip; <\/p>\n<p class=\"link-more\"><a href=\"https:\/\/xn--maeva-zambon-ditticienne-pfcb.fr\/index.php\/soupe-de-butternut\/\" class=\"more-link\">Continue reading<span class=\"screen-reader-text\"> &#8220;Soupe de butternut&#8221;<\/span><\/a><\/p>\n","protected":false},"author":1,"featured_media":0,"parent":0,"menu_order":0,"comment_status":"closed","ping_status":"closed","template":"","meta":{"footnotes":""},"class_list":["post-1631","page","type-page","status-publish","hentry"],"yoast_head":"<!-- This site is optimized with the Yoast SEO plugin v22.0 - https:\/\/yoast.com\/wordpress\/plugins\/seo\/ -->\n<title>Soupe de butternut - Di\u00e9t\u00e9ticienne<\/title>\n<meta name=\"robots\" content=\"index, follow, max-snippet:-1, max-image-preview:large, max-video-preview:-1\" \/>\n<link rel=\"canonical\" href=\"https:\/\/xn--maeva-zambon-ditticienne-pfcb.fr\/index.php\/soupe-de-butternut\/\" \/>\n<meta property=\"og:locale\" content=\"en_US\" \/>\n<meta property=\"og:type\" content=\"article\" \/>\n<meta property=\"og:title\" content=\"Soupe de butternut - Di\u00e9t\u00e9ticienne\" \/>\n<meta property=\"og:description\" content=\"Ingr\u00e9dients Butternut Pomme de terre Oignon Cube de bouillon de l\u00e9gumes + eau Huile d\u2019olive Sel, Poivre Recette Couper la butternut en deux, \u00f4ter les graines \u00e0 l&#8217;aide d&#8217;une cuill\u00e8re \u00e0 soupe. Peler les morceaux de courge et les couper en cubes. Possibilit\u00e9 d\u2019utiliser des cubes de butternut surgel\u00e9s. \u00c9plucher et d\u00e9tailler les pommes de &hellip; Continue reading &quot;Soupe de butternut&quot;\" \/>\n<meta property=\"og:url\" content=\"https:\/\/xn--maeva-zambon-ditticienne-pfcb.fr\/index.php\/soupe-de-butternut\/\" \/>\n<meta property=\"og:site_name\" content=\"Di\u00e9t\u00e9ticienne\" \/>\n<meta property=\"article:modified_time\" content=\"2023-11-24T18:36:32+00:00\" \/>\n<meta name=\"twitter:card\" content=\"summary_large_image\" \/>\n<meta name=\"twitter:label1\" content=\"Est. reading time\" \/>\n\t<meta name=\"twitter:data1\" content=\"1 minute\" \/>\n<script type=\"application\/ld+json\" class=\"yoast-schema-graph\">{\"@context\":\"https:\/\/schema.org\",\"@graph\":[{\"@type\":\"WebPage\",\"@id\":\"https:\/\/xn--maeva-zambon-ditticienne-pfcb.fr\/index.php\/soupe-de-butternut\/\",\"url\":\"https:\/\/xn--maeva-zambon-ditticienne-pfcb.fr\/index.php\/soupe-de-butternut\/\",\"name\":\"Soupe de butternut - Di\u00e9t\u00e9ticienne\",\"isPartOf\":{\"@id\":\"https:\/\/xn--maeva-zambon-ditticienne-pfcb.fr\/#website\"},\"datePublished\":\"2023-11-24T13:15:32+00:00\",\"dateModified\":\"2023-11-24T18:36:32+00:00\",\"breadcrumb\":{\"@id\":\"https:\/\/xn--maeva-zambon-ditticienne-pfcb.fr\/index.php\/soupe-de-butternut\/#breadcrumb\"},\"inLanguage\":\"en-US\",\"potentialAction\":[{\"@type\":\"ReadAction\",\"target\":[\"https:\/\/xn--maeva-zambon-ditticienne-pfcb.fr\/index.php\/soupe-de-butternut\/\"]}]},{\"@type\":\"BreadcrumbList\",\"@id\":\"https:\/\/xn--maeva-zambon-ditticienne-pfcb.fr\/index.php\/soupe-de-butternut\/#breadcrumb\",\"itemListElement\":[{\"@type\":\"ListItem\",\"position\":1,\"name\":\"Home\",\"item\":\"https:\/\/xn--maeva-zambon-ditticienne-pfcb.fr\/\"},{\"@type\":\"ListItem\",\"position\":2,\"name\":\"Soupe de butternut\"}]},{\"@type\":\"WebSite\",\"@id\":\"https:\/\/xn--maeva-zambon-ditticienne-pfcb.fr\/#website\",\"url\":\"https:\/\/xn--maeva-zambon-ditticienne-pfcb.fr\/\",\"name\":\"Di\u00e9t\u00e9ticienne\",\"description\":\"Maeva Zambon Di\u00e9t\u00e9ticienne-Nutritionniste \",\"potentialAction\":[{\"@type\":\"SearchAction\",\"target\":{\"@type\":\"EntryPoint\",\"urlTemplate\":\"https:\/\/xn--maeva-zambon-ditticienne-pfcb.fr\/?s={search_term_string}\"},\"query-input\":\"required name=search_term_string\"}],\"inLanguage\":\"en-US\"}]}<\/script>\n<!-- \/ Yoast SEO plugin. -->","yoast_head_json":{"title":"Soupe de butternut - Di\u00e9t\u00e9ticienne","robots":{"index":"index","follow":"follow","max-snippet":"max-snippet:-1","max-image-preview":"max-image-preview:large","max-video-preview":"max-video-preview:-1"},"canonical":"https:\/\/xn--maeva-zambon-ditticienne-pfcb.fr\/index.php\/soupe-de-butternut\/","og_locale":"en_US","og_type":"article","og_title":"Soupe de butternut - Di\u00e9t\u00e9ticienne","og_description":"Ingr\u00e9dients Butternut Pomme de terre Oignon Cube de bouillon de l\u00e9gumes + eau Huile d\u2019olive Sel, Poivre Recette Couper la butternut en deux, \u00f4ter les graines \u00e0 l&#8217;aide d&#8217;une cuill\u00e8re \u00e0 soupe. Peler les morceaux de courge et les couper en cubes. Possibilit\u00e9 d\u2019utiliser des cubes de butternut surgel\u00e9s. \u00c9plucher et d\u00e9tailler les pommes de &hellip; Continue reading \"Soupe de butternut\"","og_url":"https:\/\/xn--maeva-zambon-ditticienne-pfcb.fr\/index.php\/soupe-de-butternut\/","og_site_name":"Di\u00e9t\u00e9ticienne","article_modified_time":"2023-11-24T18:36:32+00:00","twitter_card":"summary_large_image","twitter_misc":{"Est. reading time":"1 minute"},"schema":{"@context":"https:\/\/schema.org","@graph":[{"@type":"WebPage","@id":"https:\/\/xn--maeva-zambon-ditticienne-pfcb.fr\/index.php\/soupe-de-butternut\/","url":"https:\/\/xn--maeva-zambon-ditticienne-pfcb.fr\/index.php\/soupe-de-butternut\/","name":"Soupe de butternut - Di\u00e9t\u00e9ticienne","isPartOf":{"@id":"https:\/\/xn--maeva-zambon-ditticienne-pfcb.fr\/#website"},"datePublished":"2023-11-24T13:15:32+00:00","dateModified":"2023-11-24T18:36:32+00:00","breadcrumb":{"@id":"https:\/\/xn--maeva-zambon-ditticienne-pfcb.fr\/index.php\/soupe-de-butternut\/#breadcrumb"},"inLanguage":"en-US","potentialAction":[{"@type":"ReadAction","target":["https:\/\/xn--maeva-zambon-ditticienne-pfcb.fr\/index.php\/soupe-de-butternut\/"]}]},{"@type":"BreadcrumbList","@id":"https:\/\/xn--maeva-zambon-ditticienne-pfcb.fr\/index.php\/soupe-de-butternut\/#breadcrumb","itemListElement":[{"@type":"ListItem","position":1,"name":"Home","item":"https:\/\/xn--maeva-zambon-ditticienne-pfcb.fr\/"},{"@type":"ListItem","position":2,"name":"Soupe de butternut"}]},{"@type":"WebSite","@id":"https:\/\/xn--maeva-zambon-ditticienne-pfcb.fr\/#website","url":"https:\/\/xn--maeva-zambon-ditticienne-pfcb.fr\/","name":"Di\u00e9t\u00e9ticienne","description":"Maeva Zambon Di\u00e9t\u00e9ticienne-Nutritionniste ","potentialAction":[{"@type":"SearchAction","target":{"@type":"EntryPoint","urlTemplate":"https:\/\/xn--maeva-zambon-ditticienne-pfcb.fr\/?s={search_term_string}"},"query-input":"required name=search_term_string"}],"inLanguage":"en-US"}]}},"_links":{"self":[{"href":"https:\/\/xn--maeva-zambon-ditticienne-pfcb.fr\/index.php\/wp-json\/wp\/v2\/pages\/1631","targetHints":{"allow":["GET"]}}],"collection":[{"href":"https:\/\/xn--maeva-zambon-ditticienne-pfcb.fr\/index.php\/wp-json\/wp\/v2\/pages"}],"about":[{"href":"https:\/\/xn--maeva-zambon-ditticienne-pfcb.fr\/index.php\/wp-json\/wp\/v2\/types\/page"}],"author":[{"embeddable":true,"href":"https:\/\/xn--maeva-zambon-ditticienne-pfcb.fr\/index.php\/wp-json\/wp\/v2\/users\/1"}],"replies":[{"embeddable":true,"href":"https:\/\/xn--maeva-zambon-ditticienne-pfcb.fr\/index.php\/wp-json\/wp\/v2\/comments?post=1631"}],"version-history":[{"count":3,"href":"https:\/\/xn--maeva-zambon-ditticienne-pfcb.fr\/index.php\/wp-json\/wp\/v2\/pages\/1631\/revisions"}],"predecessor-version":[{"id":1638,"href":"https:\/\/xn--maeva-zambon-ditticienne-pfcb.fr\/index.php\/wp-json\/wp\/v2\/pages\/1631\/revisions\/1638"}],"wp:attachment":[{"href":"https:\/\/xn--maeva-zambon-ditticienne-pfcb.fr\/index.php\/wp-json\/wp\/v2\/media?parent=1631"}],"curies":[{"name":"wp","href":"https:\/\/api.w.org\/{rel}","templated":true}]}}