{"id":1580,"date":"2023-08-23T13:21:01","date_gmt":"2023-08-23T13:21:01","guid":{"rendered":"https:\/\/xn--maeva-zambon-ditticienne-pfcb.fr\/?page_id=1580"},"modified":"2023-08-23T13:33:08","modified_gmt":"2023-08-23T13:33:08","slug":"porc-grille-a-la-taiwanaise","status":"publish","type":"page","link":"https:\/\/xn--maeva-zambon-ditticienne-pfcb.fr\/index.php\/porc-grille-a-la-taiwanaise\/","title":{"rendered":"Porc grill\u00e9 \u00e0 la Ta\u00efwanaise"},"content":{"rendered":"\n<h2 class=\"has-text-align-center wp-block-heading\">Ingr\u00e9dients<\/h2>\n\n\n\n<p class=\"has-text-align-center\">Chair \u00e0 saucisse<\/p>\n\n\n\n<p class=\"has-text-align-center\">Riz basmati<\/p>\n\n\n\n<p class=\"has-text-align-center\">Oeufs<\/p>\n\n\n\n<p class=\"has-text-align-center\">Champignons de Paris<\/p>\n\n\n\n<p class=\"has-text-align-center\">Pak Cho\u00ef<\/p>\n\n\n\n<p class=\"has-text-align-center\">Gingembre frais<\/p>\n\n\n\n<p class=\"has-text-align-center\">C\u00e9bette<\/p>\n\n\n\n<p class=\"has-text-align-center\">Huile de Tournesol<\/p>\n\n\n\n<p class=\"has-text-align-center\">Fenouil moulu<\/p>\n\n\n\n<p class=\"has-text-align-center\">Sauce soja sucr\u00e9e<\/p>\n\n\n\n<p class=\"has-text-align-center\">Vinaigre de riz ou Vinaigre balsamique blanc<\/p>\n\n\n\n<p class=\"has-text-align-center\">Sel, Poivre<\/p>\n\n\n\n<h2 class=\"has-text-align-center wp-block-heading\">Recette<\/h2>\n\n\n\n<p class=\"has-text-align-center\">Porter une casserole d&#8217;eau sal\u00e9e \u00e0 \u00e9bullition.<\/p>\n\n\n\n<p class=\"has-text-align-center\">Faire cuire le riz comme indiqu\u00e9 sur le paquet.<\/p>\n\n\n\n<p class=\"has-text-align-center\">En parall\u00e8le, dans une autre casserole mettre les \u0153ufs dans de l&#8217;eau froide et faire porter \u00e0 \u00e9bullition, une fois que l&#8217;eau bout faire cuire les \u0153ufs 5min. Passer les \u0153ufs sous l&#8217;eau froide pour couper la cuisson.<\/p>\n\n\n\n<p class=\"has-text-align-center\">Nettoyer et couper les champignons en tranches.<\/p>\n\n\n\n<p class=\"has-text-align-center\">Ciseler la c\u00e9bette en s\u00e9parant le vert et le blanc. Retirer la base du Pak Cho\u00ef, \u00e9mincer finement la partie verte et couper la partie blanche en lamelles.<\/p>\n\n\n\n<p class=\"has-text-align-center\">R\u00e2per le gingembre.<\/p>\n\n\n\n<p class=\"has-text-align-center\">Dans un wok, mettre la moiti\u00e9 de l&#8217;huile de tournesol et faire revenir la chair \u00e0 saucisse \u00e0 feu vif, jusqu&#8217;\u00e0 ce qu&#8217;elle soit bien dor\u00e9e. Puis r\u00e9server la.<\/p>\n\n\n\n<p class=\"has-text-align-center\">Ecaler d\u00e9licatement les \u0153ufs.<\/p>\n\n\n\n<p class=\"has-text-align-center\">Ajouter l&#8217;autre moiti\u00e9 d&#8217;huile de tournesol au wok ainsi que le Pak Cho\u00ef, les champignons, le blanc de la c\u00e9bette et le gingembre.<\/p>\n\n\n\n<p class=\"has-text-align-center\">Faire sauter le tout 5min \u00e0 feu vif tout en remuant.<\/p>\n\n\n\n<p class=\"has-text-align-center\">Ajouter le fenouil moulu, la sauce soja sucr\u00e9e, la chair \u00e0 saucisse et 60ml d&#8217;eau par personne.<\/p>\n\n\n\n<p class=\"has-text-align-center\">Faire revenir quelques minutes jusqu&#8217;\u00e0 ce que la sauce \u00e9paississe.<\/p>\n\n\n\n<p class=\"has-text-align-center\">Vous pouvez couper les \u0153ufs en deux, dresser et servir.<\/p>\n\n\n\n<p class=\"has-text-align-center\">Bonne d\u00e9gustation !<\/p>\n","protected":false},"excerpt":{"rendered":"<p>Ingr\u00e9dients Chair \u00e0 saucisse Riz basmati Oeufs Champignons de Paris Pak Cho\u00ef Gingembre frais C\u00e9bette Huile de Tournesol Fenouil moulu Sauce soja sucr\u00e9e Vinaigre de riz ou Vinaigre balsamique blanc Sel, Poivre Recette Porter une casserole d&#8217;eau sal\u00e9e \u00e0 \u00e9bullition. Faire cuire le riz comme indiqu\u00e9 sur le paquet. En parall\u00e8le, dans une autre casserole &hellip; <\/p>\n<p class=\"link-more\"><a href=\"https:\/\/xn--maeva-zambon-ditticienne-pfcb.fr\/index.php\/porc-grille-a-la-taiwanaise\/\" class=\"more-link\">Continue reading<span class=\"screen-reader-text\"> &#8220;Porc grill\u00e9 \u00e0 la Ta\u00efwanaise&#8221;<\/span><\/a><\/p>\n","protected":false},"author":1,"featured_media":0,"parent":0,"menu_order":0,"comment_status":"closed","ping_status":"closed","template":"","meta":{"footnotes":""},"class_list":["post-1580","page","type-page","status-publish","hentry"],"yoast_head":"<!-- This site is optimized with the Yoast SEO plugin v22.0 - https:\/\/yoast.com\/wordpress\/plugins\/seo\/ -->\n<title>Porc grill\u00e9 \u00e0 la Ta\u00efwanaise - Di\u00e9t\u00e9ticienne<\/title>\n<meta name=\"robots\" content=\"index, follow, max-snippet:-1, max-image-preview:large, max-video-preview:-1\" \/>\n<link rel=\"canonical\" href=\"https:\/\/xn--maeva-zambon-ditticienne-pfcb.fr\/index.php\/porc-grille-a-la-taiwanaise\/\" \/>\n<meta property=\"og:locale\" content=\"en_US\" \/>\n<meta property=\"og:type\" content=\"article\" \/>\n<meta property=\"og:title\" content=\"Porc grill\u00e9 \u00e0 la Ta\u00efwanaise - Di\u00e9t\u00e9ticienne\" \/>\n<meta property=\"og:description\" content=\"Ingr\u00e9dients Chair \u00e0 saucisse Riz basmati Oeufs Champignons de Paris Pak Cho\u00ef Gingembre frais C\u00e9bette Huile de Tournesol Fenouil moulu Sauce soja sucr\u00e9e Vinaigre de riz ou Vinaigre balsamique blanc Sel, Poivre Recette Porter une casserole d&#8217;eau sal\u00e9e \u00e0 \u00e9bullition. Faire cuire le riz comme indiqu\u00e9 sur le paquet. En parall\u00e8le, dans une autre casserole &hellip; Continue reading &quot;Porc grill\u00e9 \u00e0 la Ta\u00efwanaise&quot;\" \/>\n<meta property=\"og:url\" content=\"https:\/\/xn--maeva-zambon-ditticienne-pfcb.fr\/index.php\/porc-grille-a-la-taiwanaise\/\" \/>\n<meta property=\"og:site_name\" content=\"Di\u00e9t\u00e9ticienne\" \/>\n<meta property=\"article:modified_time\" content=\"2023-08-23T13:33:08+00:00\" \/>\n<meta name=\"twitter:card\" content=\"summary_large_image\" \/>\n<meta name=\"twitter:label1\" content=\"Est. reading time\" \/>\n\t<meta name=\"twitter:data1\" content=\"2 minutes\" \/>\n<script type=\"application\/ld+json\" class=\"yoast-schema-graph\">{\"@context\":\"https:\/\/schema.org\",\"@graph\":[{\"@type\":\"WebPage\",\"@id\":\"https:\/\/xn--maeva-zambon-ditticienne-pfcb.fr\/index.php\/porc-grille-a-la-taiwanaise\/\",\"url\":\"https:\/\/xn--maeva-zambon-ditticienne-pfcb.fr\/index.php\/porc-grille-a-la-taiwanaise\/\",\"name\":\"Porc grill\u00e9 \u00e0 la Ta\u00efwanaise - Di\u00e9t\u00e9ticienne\",\"isPartOf\":{\"@id\":\"https:\/\/xn--maeva-zambon-ditticienne-pfcb.fr\/#website\"},\"datePublished\":\"2023-08-23T13:21:01+00:00\",\"dateModified\":\"2023-08-23T13:33:08+00:00\",\"breadcrumb\":{\"@id\":\"https:\/\/xn--maeva-zambon-ditticienne-pfcb.fr\/index.php\/porc-grille-a-la-taiwanaise\/#breadcrumb\"},\"inLanguage\":\"en-US\",\"potentialAction\":[{\"@type\":\"ReadAction\",\"target\":[\"https:\/\/xn--maeva-zambon-ditticienne-pfcb.fr\/index.php\/porc-grille-a-la-taiwanaise\/\"]}]},{\"@type\":\"BreadcrumbList\",\"@id\":\"https:\/\/xn--maeva-zambon-ditticienne-pfcb.fr\/index.php\/porc-grille-a-la-taiwanaise\/#breadcrumb\",\"itemListElement\":[{\"@type\":\"ListItem\",\"position\":1,\"name\":\"Home\",\"item\":\"https:\/\/xn--maeva-zambon-ditticienne-pfcb.fr\/\"},{\"@type\":\"ListItem\",\"position\":2,\"name\":\"Porc grill\u00e9 \u00e0 la Ta\u00efwanaise\"}]},{\"@type\":\"WebSite\",\"@id\":\"https:\/\/xn--maeva-zambon-ditticienne-pfcb.fr\/#website\",\"url\":\"https:\/\/xn--maeva-zambon-ditticienne-pfcb.fr\/\",\"name\":\"Di\u00e9t\u00e9ticienne\",\"description\":\"Maeva Zambon Di\u00e9t\u00e9ticienne-Nutritionniste \",\"potentialAction\":[{\"@type\":\"SearchAction\",\"target\":{\"@type\":\"EntryPoint\",\"urlTemplate\":\"https:\/\/xn--maeva-zambon-ditticienne-pfcb.fr\/?s={search_term_string}\"},\"query-input\":\"required name=search_term_string\"}],\"inLanguage\":\"en-US\"}]}<\/script>\n<!-- \/ Yoast SEO plugin. -->","yoast_head_json":{"title":"Porc grill\u00e9 \u00e0 la Ta\u00efwanaise - Di\u00e9t\u00e9ticienne","robots":{"index":"index","follow":"follow","max-snippet":"max-snippet:-1","max-image-preview":"max-image-preview:large","max-video-preview":"max-video-preview:-1"},"canonical":"https:\/\/xn--maeva-zambon-ditticienne-pfcb.fr\/index.php\/porc-grille-a-la-taiwanaise\/","og_locale":"en_US","og_type":"article","og_title":"Porc grill\u00e9 \u00e0 la Ta\u00efwanaise - Di\u00e9t\u00e9ticienne","og_description":"Ingr\u00e9dients Chair \u00e0 saucisse Riz basmati Oeufs Champignons de Paris Pak Cho\u00ef Gingembre frais C\u00e9bette Huile de Tournesol Fenouil moulu Sauce soja sucr\u00e9e Vinaigre de riz ou Vinaigre balsamique blanc Sel, Poivre Recette Porter une casserole d&#8217;eau sal\u00e9e \u00e0 \u00e9bullition. Faire cuire le riz comme indiqu\u00e9 sur le paquet. En parall\u00e8le, dans une autre casserole &hellip; Continue reading \"Porc grill\u00e9 \u00e0 la Ta\u00efwanaise\"","og_url":"https:\/\/xn--maeva-zambon-ditticienne-pfcb.fr\/index.php\/porc-grille-a-la-taiwanaise\/","og_site_name":"Di\u00e9t\u00e9ticienne","article_modified_time":"2023-08-23T13:33:08+00:00","twitter_card":"summary_large_image","twitter_misc":{"Est. reading time":"2 minutes"},"schema":{"@context":"https:\/\/schema.org","@graph":[{"@type":"WebPage","@id":"https:\/\/xn--maeva-zambon-ditticienne-pfcb.fr\/index.php\/porc-grille-a-la-taiwanaise\/","url":"https:\/\/xn--maeva-zambon-ditticienne-pfcb.fr\/index.php\/porc-grille-a-la-taiwanaise\/","name":"Porc grill\u00e9 \u00e0 la Ta\u00efwanaise - Di\u00e9t\u00e9ticienne","isPartOf":{"@id":"https:\/\/xn--maeva-zambon-ditticienne-pfcb.fr\/#website"},"datePublished":"2023-08-23T13:21:01+00:00","dateModified":"2023-08-23T13:33:08+00:00","breadcrumb":{"@id":"https:\/\/xn--maeva-zambon-ditticienne-pfcb.fr\/index.php\/porc-grille-a-la-taiwanaise\/#breadcrumb"},"inLanguage":"en-US","potentialAction":[{"@type":"ReadAction","target":["https:\/\/xn--maeva-zambon-ditticienne-pfcb.fr\/index.php\/porc-grille-a-la-taiwanaise\/"]}]},{"@type":"BreadcrumbList","@id":"https:\/\/xn--maeva-zambon-ditticienne-pfcb.fr\/index.php\/porc-grille-a-la-taiwanaise\/#breadcrumb","itemListElement":[{"@type":"ListItem","position":1,"name":"Home","item":"https:\/\/xn--maeva-zambon-ditticienne-pfcb.fr\/"},{"@type":"ListItem","position":2,"name":"Porc grill\u00e9 \u00e0 la Ta\u00efwanaise"}]},{"@type":"WebSite","@id":"https:\/\/xn--maeva-zambon-ditticienne-pfcb.fr\/#website","url":"https:\/\/xn--maeva-zambon-ditticienne-pfcb.fr\/","name":"Di\u00e9t\u00e9ticienne","description":"Maeva Zambon Di\u00e9t\u00e9ticienne-Nutritionniste ","potentialAction":[{"@type":"SearchAction","target":{"@type":"EntryPoint","urlTemplate":"https:\/\/xn--maeva-zambon-ditticienne-pfcb.fr\/?s={search_term_string}"},"query-input":"required name=search_term_string"}],"inLanguage":"en-US"}]}},"_links":{"self":[{"href":"https:\/\/xn--maeva-zambon-ditticienne-pfcb.fr\/index.php\/wp-json\/wp\/v2\/pages\/1580","targetHints":{"allow":["GET"]}}],"collection":[{"href":"https:\/\/xn--maeva-zambon-ditticienne-pfcb.fr\/index.php\/wp-json\/wp\/v2\/pages"}],"about":[{"href":"https:\/\/xn--maeva-zambon-ditticienne-pfcb.fr\/index.php\/wp-json\/wp\/v2\/types\/page"}],"author":[{"embeddable":true,"href":"https:\/\/xn--maeva-zambon-ditticienne-pfcb.fr\/index.php\/wp-json\/wp\/v2\/users\/1"}],"replies":[{"embeddable":true,"href":"https:\/\/xn--maeva-zambon-ditticienne-pfcb.fr\/index.php\/wp-json\/wp\/v2\/comments?post=1580"}],"version-history":[{"count":2,"href":"https:\/\/xn--maeva-zambon-ditticienne-pfcb.fr\/index.php\/wp-json\/wp\/v2\/pages\/1580\/revisions"}],"predecessor-version":[{"id":1585,"href":"https:\/\/xn--maeva-zambon-ditticienne-pfcb.fr\/index.php\/wp-json\/wp\/v2\/pages\/1580\/revisions\/1585"}],"wp:attachment":[{"href":"https:\/\/xn--maeva-zambon-ditticienne-pfcb.fr\/index.php\/wp-json\/wp\/v2\/media?parent=1580"}],"curies":[{"name":"wp","href":"https:\/\/api.w.org\/{rel}","templated":true}]}}