{"id":1574,"date":"2023-08-22T10:54:37","date_gmt":"2023-08-22T10:54:37","guid":{"rendered":"https:\/\/xn--maeva-zambon-ditticienne-pfcb.fr\/?page_id=1574"},"modified":"2023-08-22T10:57:55","modified_gmt":"2023-08-22T10:57:55","slug":"risotto-aux-champignons-au-poulet","status":"publish","type":"page","link":"https:\/\/xn--maeva-zambon-ditticienne-pfcb.fr\/index.php\/risotto-aux-champignons-au-poulet\/","title":{"rendered":"Risotto aux Champignons &#038; au Poulet"},"content":{"rendered":"\n<h2 class=\"has-text-align-center wp-block-heading\">Ingr\u00e9dients<\/h2>\n\n\n\n<p class=\"has-text-align-center\">Filet de poulet<\/p>\n\n\n\n<p class=\"has-text-align-center\">Riz \u00e0 risotto<\/p>\n\n\n\n<p class=\"has-text-align-center\">Echalotte<\/p>\n\n\n\n<p class=\"has-text-align-center\">Champignons de Paris<\/p>\n\n\n\n<p class=\"has-text-align-center\">Gousse d&#8217;Ail<\/p>\n\n\n\n<p class=\"has-text-align-center\">Brins de persil<\/p>\n\n\n\n<p class=\"has-text-align-center\">Huile d&#8217;Olive<\/p>\n\n\n\n<p class=\"has-text-align-center\">Bouillon de l\u00e9gumes<\/p>\n\n\n\n<p class=\"has-text-align-center\">Eau<\/p>\n\n\n\n<p class=\"has-text-align-center\">Sel, poivre<\/p>\n\n\n\n<p class=\"has-text-align-center\">Optionnel : Parmesan r\u00e2p\u00e9<\/p>\n\n\n\n<h2 class=\"has-text-align-center wp-block-heading\">Recette<\/h2>\n\n\n\n<p class=\"has-text-align-center\">Pr\u00e9parer le bouillon avec l&#8217;eau chaude.<\/p>\n\n\n\n<p class=\"has-text-align-center\">Ciseler finement l&#8217;\u00e9chalotte et l&#8217;ail.<\/p>\n\n\n\n<p class=\"has-text-align-center\">Faire chauffer la moiti\u00e9 de l&#8217;huile d&#8217;olive \u00e0 feu moyen et y faire revenir l&#8217;\u00e9chalotte.<\/p>\n\n\n\n<p class=\"has-text-align-center\">Ajouter le riz et la moiti\u00e9 de l&#8217;ail.<\/p>\n\n\n\n<p class=\"has-text-align-center\">Ajouter 1\/3 du bouillon. Laisser les grains de riz s&#8217;imbiber en remuant.<\/p>\n\n\n\n<p class=\"has-text-align-center\">Lors que les grains de riz ont absorb\u00e9 le bouillon, ajouter la moiti\u00e9 du bouillon restant.<\/p>\n\n\n\n<p class=\"has-text-align-center\">Recommencer l&#8217;op\u00e9ration, si n\u00e9cessaire rajouter un peu d&#8217;eau..<\/p>\n\n\n\n<p class=\"has-text-align-center\">Le risotto doit \u00eatre cuit apr\u00e8s 25min, les grains doivent \u00eatre moelleux avec une l\u00e9g\u00e8re r\u00e9sistance \u00e0 c\u0153ur. Poivrer.<\/p>\n\n\n\n<p class=\"has-text-align-center\">Pendant ce temps, laver d\u00e9licatement les champignons puis les couper en morceaux.<\/p>\n\n\n\n<p class=\"has-text-align-center\">Puis couper le poulet aussi en petits morceaux.<\/p>\n\n\n\n<p class=\"has-text-align-center\">Dans une po\u00eale ajouter le reste de l&#8217;huile d&#8217;olive \u00e0 feu assez vif.<\/p>\n\n\n\n<p class=\"has-text-align-center\">Ajouter le poulet, les champignon, le sel et le reste de l&#8217;ail, faire saisir quelques minutes sur chaque face, puis diminuer le feu et continuer la cuisson jusqu&#8217;\u00e0 ce que le poulet soit cuit \u00e0 c\u0153ur. Poivrer.<\/p>\n\n\n\n<p class=\"has-text-align-center\">Ajouter le m\u00e9lange poulet champignons au riz, bien m\u00e9langer.<\/p>\n\n\n\n<p class=\"has-text-align-center\">Vous pouvez servir le risotto avec un peu de parmesan r\u00e2p\u00e9 et le persil cisel\u00e9.<\/p>\n\n\n\n<p class=\"has-text-align-center\">Bonne d\u00e9gustation !<\/p>\n","protected":false},"excerpt":{"rendered":"<p>Ingr\u00e9dients Filet de poulet Riz \u00e0 risotto Echalotte Champignons de Paris Gousse d&#8217;Ail Brins de persil Huile d&#8217;Olive Bouillon de l\u00e9gumes Eau Sel, poivre Optionnel : Parmesan r\u00e2p\u00e9 Recette Pr\u00e9parer le bouillon avec l&#8217;eau chaude. Ciseler finement l&#8217;\u00e9chalotte et l&#8217;ail. Faire chauffer la moiti\u00e9 de l&#8217;huile d&#8217;olive \u00e0 feu moyen et y faire revenir l&#8217;\u00e9chalotte. &hellip; <\/p>\n<p class=\"link-more\"><a href=\"https:\/\/xn--maeva-zambon-ditticienne-pfcb.fr\/index.php\/risotto-aux-champignons-au-poulet\/\" class=\"more-link\">Continue reading<span class=\"screen-reader-text\"> &#8220;Risotto aux Champignons &#038; au Poulet&#8221;<\/span><\/a><\/p>\n","protected":false},"author":1,"featured_media":0,"parent":0,"menu_order":0,"comment_status":"closed","ping_status":"closed","template":"","meta":{"footnotes":""},"class_list":["post-1574","page","type-page","status-publish","hentry"],"yoast_head":"<!-- This site is optimized with the Yoast SEO plugin v22.0 - https:\/\/yoast.com\/wordpress\/plugins\/seo\/ -->\n<title>Risotto aux Champignons &amp; au Poulet - Di\u00e9t\u00e9ticienne<\/title>\n<meta name=\"robots\" content=\"index, follow, max-snippet:-1, max-image-preview:large, max-video-preview:-1\" \/>\n<link rel=\"canonical\" href=\"https:\/\/xn--maeva-zambon-ditticienne-pfcb.fr\/index.php\/risotto-aux-champignons-au-poulet\/\" \/>\n<meta property=\"og:locale\" content=\"en_US\" \/>\n<meta property=\"og:type\" content=\"article\" \/>\n<meta property=\"og:title\" content=\"Risotto aux Champignons &amp; au Poulet - Di\u00e9t\u00e9ticienne\" \/>\n<meta property=\"og:description\" content=\"Ingr\u00e9dients Filet de poulet Riz \u00e0 risotto Echalotte Champignons de Paris Gousse d&#8217;Ail Brins de persil Huile d&#8217;Olive Bouillon de l\u00e9gumes Eau Sel, poivre Optionnel : Parmesan r\u00e2p\u00e9 Recette Pr\u00e9parer le bouillon avec l&#8217;eau chaude. Ciseler finement l&#8217;\u00e9chalotte et l&#8217;ail. Faire chauffer la moiti\u00e9 de l&#8217;huile d&#8217;olive \u00e0 feu moyen et y faire revenir l&#8217;\u00e9chalotte. &hellip; Continue reading &quot;Risotto aux Champignons &#038; au Poulet&quot;\" \/>\n<meta property=\"og:url\" content=\"https:\/\/xn--maeva-zambon-ditticienne-pfcb.fr\/index.php\/risotto-aux-champignons-au-poulet\/\" \/>\n<meta property=\"og:site_name\" content=\"Di\u00e9t\u00e9ticienne\" \/>\n<meta property=\"article:modified_time\" content=\"2023-08-22T10:57:55+00:00\" \/>\n<meta name=\"twitter:card\" content=\"summary_large_image\" \/>\n<meta name=\"twitter:label1\" content=\"Est. reading time\" \/>\n\t<meta name=\"twitter:data1\" content=\"1 minute\" \/>\n<script type=\"application\/ld+json\" class=\"yoast-schema-graph\">{\"@context\":\"https:\/\/schema.org\",\"@graph\":[{\"@type\":\"WebPage\",\"@id\":\"https:\/\/xn--maeva-zambon-ditticienne-pfcb.fr\/index.php\/risotto-aux-champignons-au-poulet\/\",\"url\":\"https:\/\/xn--maeva-zambon-ditticienne-pfcb.fr\/index.php\/risotto-aux-champignons-au-poulet\/\",\"name\":\"Risotto aux Champignons & au Poulet - Di\u00e9t\u00e9ticienne\",\"isPartOf\":{\"@id\":\"https:\/\/xn--maeva-zambon-ditticienne-pfcb.fr\/#website\"},\"datePublished\":\"2023-08-22T10:54:37+00:00\",\"dateModified\":\"2023-08-22T10:57:55+00:00\",\"breadcrumb\":{\"@id\":\"https:\/\/xn--maeva-zambon-ditticienne-pfcb.fr\/index.php\/risotto-aux-champignons-au-poulet\/#breadcrumb\"},\"inLanguage\":\"en-US\",\"potentialAction\":[{\"@type\":\"ReadAction\",\"target\":[\"https:\/\/xn--maeva-zambon-ditticienne-pfcb.fr\/index.php\/risotto-aux-champignons-au-poulet\/\"]}]},{\"@type\":\"BreadcrumbList\",\"@id\":\"https:\/\/xn--maeva-zambon-ditticienne-pfcb.fr\/index.php\/risotto-aux-champignons-au-poulet\/#breadcrumb\",\"itemListElement\":[{\"@type\":\"ListItem\",\"position\":1,\"name\":\"Home\",\"item\":\"https:\/\/xn--maeva-zambon-ditticienne-pfcb.fr\/\"},{\"@type\":\"ListItem\",\"position\":2,\"name\":\"Risotto aux Champignons &#038; au Poulet\"}]},{\"@type\":\"WebSite\",\"@id\":\"https:\/\/xn--maeva-zambon-ditticienne-pfcb.fr\/#website\",\"url\":\"https:\/\/xn--maeva-zambon-ditticienne-pfcb.fr\/\",\"name\":\"Di\u00e9t\u00e9ticienne\",\"description\":\"Maeva Zambon Di\u00e9t\u00e9ticienne-Nutritionniste \",\"potentialAction\":[{\"@type\":\"SearchAction\",\"target\":{\"@type\":\"EntryPoint\",\"urlTemplate\":\"https:\/\/xn--maeva-zambon-ditticienne-pfcb.fr\/?s={search_term_string}\"},\"query-input\":\"required name=search_term_string\"}],\"inLanguage\":\"en-US\"}]}<\/script>\n<!-- \/ Yoast SEO plugin. -->","yoast_head_json":{"title":"Risotto aux Champignons & au Poulet - Di\u00e9t\u00e9ticienne","robots":{"index":"index","follow":"follow","max-snippet":"max-snippet:-1","max-image-preview":"max-image-preview:large","max-video-preview":"max-video-preview:-1"},"canonical":"https:\/\/xn--maeva-zambon-ditticienne-pfcb.fr\/index.php\/risotto-aux-champignons-au-poulet\/","og_locale":"en_US","og_type":"article","og_title":"Risotto aux Champignons & au Poulet - Di\u00e9t\u00e9ticienne","og_description":"Ingr\u00e9dients Filet de poulet Riz \u00e0 risotto Echalotte Champignons de Paris Gousse d&#8217;Ail Brins de persil Huile d&#8217;Olive Bouillon de l\u00e9gumes Eau Sel, poivre Optionnel : Parmesan r\u00e2p\u00e9 Recette Pr\u00e9parer le bouillon avec l&#8217;eau chaude. Ciseler finement l&#8217;\u00e9chalotte et l&#8217;ail. Faire chauffer la moiti\u00e9 de l&#8217;huile d&#8217;olive \u00e0 feu moyen et y faire revenir l&#8217;\u00e9chalotte. &hellip; Continue reading \"Risotto aux Champignons &#038; au Poulet\"","og_url":"https:\/\/xn--maeva-zambon-ditticienne-pfcb.fr\/index.php\/risotto-aux-champignons-au-poulet\/","og_site_name":"Di\u00e9t\u00e9ticienne","article_modified_time":"2023-08-22T10:57:55+00:00","twitter_card":"summary_large_image","twitter_misc":{"Est. reading time":"1 minute"},"schema":{"@context":"https:\/\/schema.org","@graph":[{"@type":"WebPage","@id":"https:\/\/xn--maeva-zambon-ditticienne-pfcb.fr\/index.php\/risotto-aux-champignons-au-poulet\/","url":"https:\/\/xn--maeva-zambon-ditticienne-pfcb.fr\/index.php\/risotto-aux-champignons-au-poulet\/","name":"Risotto aux Champignons & au Poulet - Di\u00e9t\u00e9ticienne","isPartOf":{"@id":"https:\/\/xn--maeva-zambon-ditticienne-pfcb.fr\/#website"},"datePublished":"2023-08-22T10:54:37+00:00","dateModified":"2023-08-22T10:57:55+00:00","breadcrumb":{"@id":"https:\/\/xn--maeva-zambon-ditticienne-pfcb.fr\/index.php\/risotto-aux-champignons-au-poulet\/#breadcrumb"},"inLanguage":"en-US","potentialAction":[{"@type":"ReadAction","target":["https:\/\/xn--maeva-zambon-ditticienne-pfcb.fr\/index.php\/risotto-aux-champignons-au-poulet\/"]}]},{"@type":"BreadcrumbList","@id":"https:\/\/xn--maeva-zambon-ditticienne-pfcb.fr\/index.php\/risotto-aux-champignons-au-poulet\/#breadcrumb","itemListElement":[{"@type":"ListItem","position":1,"name":"Home","item":"https:\/\/xn--maeva-zambon-ditticienne-pfcb.fr\/"},{"@type":"ListItem","position":2,"name":"Risotto aux Champignons &#038; au Poulet"}]},{"@type":"WebSite","@id":"https:\/\/xn--maeva-zambon-ditticienne-pfcb.fr\/#website","url":"https:\/\/xn--maeva-zambon-ditticienne-pfcb.fr\/","name":"Di\u00e9t\u00e9ticienne","description":"Maeva Zambon Di\u00e9t\u00e9ticienne-Nutritionniste ","potentialAction":[{"@type":"SearchAction","target":{"@type":"EntryPoint","urlTemplate":"https:\/\/xn--maeva-zambon-ditticienne-pfcb.fr\/?s={search_term_string}"},"query-input":"required name=search_term_string"}],"inLanguage":"en-US"}]}},"_links":{"self":[{"href":"https:\/\/xn--maeva-zambon-ditticienne-pfcb.fr\/index.php\/wp-json\/wp\/v2\/pages\/1574","targetHints":{"allow":["GET"]}}],"collection":[{"href":"https:\/\/xn--maeva-zambon-ditticienne-pfcb.fr\/index.php\/wp-json\/wp\/v2\/pages"}],"about":[{"href":"https:\/\/xn--maeva-zambon-ditticienne-pfcb.fr\/index.php\/wp-json\/wp\/v2\/types\/page"}],"author":[{"embeddable":true,"href":"https:\/\/xn--maeva-zambon-ditticienne-pfcb.fr\/index.php\/wp-json\/wp\/v2\/users\/1"}],"replies":[{"embeddable":true,"href":"https:\/\/xn--maeva-zambon-ditticienne-pfcb.fr\/index.php\/wp-json\/wp\/v2\/comments?post=1574"}],"version-history":[{"count":2,"href":"https:\/\/xn--maeva-zambon-ditticienne-pfcb.fr\/index.php\/wp-json\/wp\/v2\/pages\/1574\/revisions"}],"predecessor-version":[{"id":1579,"href":"https:\/\/xn--maeva-zambon-ditticienne-pfcb.fr\/index.php\/wp-json\/wp\/v2\/pages\/1574\/revisions\/1579"}],"wp:attachment":[{"href":"https:\/\/xn--maeva-zambon-ditticienne-pfcb.fr\/index.php\/wp-json\/wp\/v2\/media?parent=1574"}],"curies":[{"name":"wp","href":"https:\/\/api.w.org\/{rel}","templated":true}]}}