{"id":1564,"date":"2023-08-22T09:42:59","date_gmt":"2023-08-22T09:42:59","guid":{"rendered":"https:\/\/xn--maeva-zambon-ditticienne-pfcb.fr\/?page_id=1564"},"modified":"2023-08-22T10:08:06","modified_gmt":"2023-08-22T10:08:06","slug":"rigatoni-au-boeuf-facon-tex-mex","status":"publish","type":"page","link":"https:\/\/xn--maeva-zambon-ditticienne-pfcb.fr\/index.php\/rigatoni-au-boeuf-facon-tex-mex\/","title":{"rendered":"Rigatoni au b\u0153uf fa\u00e7on Tex-Mex"},"content":{"rendered":"\n<h2 class=\"has-text-align-center wp-block-heading\">Ingr\u00e9dients<\/h2>\n\n\n\n<p class=\"has-text-align-center\">Viande hach\u00e9e de b\u0153uf 5%<\/p>\n\n\n\n<p class=\"has-text-align-center\">Rigatoni<\/p>\n\n\n\n<p class=\"has-text-align-center\">Oignon<\/p>\n\n\n\n<p class=\"has-text-align-center\">Tomates pel\u00e9es en conserve<\/p>\n\n\n\n<p class=\"has-text-align-center\">Poivron<\/p>\n\n\n\n<p class=\"has-text-align-center\">Ail<\/p>\n\n\n\n<p class=\"has-text-align-center\">Cheddar ou Emmental r\u00e2p\u00e9<\/p>\n\n\n\n<p class=\"has-text-align-center\">Huile d&#8217;Olive<\/p>\n\n\n\n<p class=\"has-text-align-center\">Epices mexicaines<\/p>\n\n\n\n<p class=\"has-text-align-center\">Sel, Poivre<\/p>\n\n\n\n<h2 class=\"has-text-align-center wp-block-heading\">Recette<\/h2>\n\n\n\n<p class=\"has-text-align-center\">Porter \u00e0 \u00e9bullition une grande casserole d&#8217;eau sal\u00e9e.<\/p>\n\n\n\n<p class=\"has-text-align-center\">Pendant ce temps, \u00e9mincer l&#8217;oignon et l&#8217;ail.<\/p>\n\n\n\n<p class=\"has-text-align-center\">Ep\u00e9piner le poivron et couper le en lamelles.<\/p>\n\n\n\n<p class=\"has-text-align-center\">Dans une po\u00eale faire chauffer la moiti\u00e9 de l&#8217;huile d&#8217;olive \u00e0 feu moyen.<\/p>\n\n\n\n<p class=\"has-text-align-center\">Faire revenir l&#8217;oignon et l&#8217;ail quelques minutes, puis ajouter les poivrons et continuer la cuisson.<\/p>\n\n\n\n<p class=\"has-text-align-center\">Ajouter ensuite les tomates pel\u00e9s, saler, poivrer, couvrir et faire mijoter 10min.<\/p>\n\n\n\n<p class=\"has-text-align-center\">Faire cuire les p\u00e2tes dans l&#8217;eau bouillante comme indiqu\u00e9 sur le paquet.<\/p>\n\n\n\n<p class=\"has-text-align-center\">R\u00e9server les l\u00e9gumes, ajouter le restant d&#8217;huile dans la m\u00eame po\u00eale puis augmenter le feu pour qu&#8217;il soit assez vif.<\/p>\n\n\n\n<p class=\"has-text-align-center\">Ajouter le b\u0153uf hach\u00e9, le sel, les \u00e9pices mexicaines et faire revenir quelques minutes.<\/p>\n\n\n\n<p class=\"has-text-align-center\">Diminuer le feu et verser les l\u00e9gumes sur la viande hach\u00e9e, bien m\u00e9langer.<\/p>\n\n\n\n<p class=\"has-text-align-center\">Ajouter le tout aux p\u00e2tes \u00e9goutt\u00e9es, m\u00e9langer de nouveau.<\/p>\n\n\n\n<p class=\"has-text-align-center\">Vous pouvez servir avec le fromage r\u00e2p\u00e9 de votre choix sur le dessus.<\/p>\n\n\n\n<p class=\"has-text-align-center\">Bonne d\u00e9gustation !<\/p>\n","protected":false},"excerpt":{"rendered":"<p>Ingr\u00e9dients Viande hach\u00e9e de b\u0153uf 5% Rigatoni Oignon Tomates pel\u00e9es en conserve Poivron Ail Cheddar ou Emmental r\u00e2p\u00e9 Huile d&#8217;Olive Epices mexicaines Sel, Poivre Recette Porter \u00e0 \u00e9bullition une grande casserole d&#8217;eau sal\u00e9e. Pendant ce temps, \u00e9mincer l&#8217;oignon et l&#8217;ail. Ep\u00e9piner le poivron et couper le en lamelles. Dans une po\u00eale faire chauffer la moiti\u00e9 &hellip; <\/p>\n<p class=\"link-more\"><a href=\"https:\/\/xn--maeva-zambon-ditticienne-pfcb.fr\/index.php\/rigatoni-au-boeuf-facon-tex-mex\/\" class=\"more-link\">Continue reading<span class=\"screen-reader-text\"> &#8220;Rigatoni au b\u0153uf fa\u00e7on Tex-Mex&#8221;<\/span><\/a><\/p>\n","protected":false},"author":1,"featured_media":0,"parent":0,"menu_order":0,"comment_status":"closed","ping_status":"closed","template":"","meta":{"footnotes":""},"class_list":["post-1564","page","type-page","status-publish","hentry"],"yoast_head":"<!-- This site is optimized with the Yoast SEO plugin v22.0 - https:\/\/yoast.com\/wordpress\/plugins\/seo\/ -->\n<title>Rigatoni au b\u0153uf fa\u00e7on Tex-Mex - Di\u00e9t\u00e9ticienne<\/title>\n<meta name=\"robots\" content=\"index, follow, max-snippet:-1, max-image-preview:large, max-video-preview:-1\" \/>\n<link rel=\"canonical\" href=\"https:\/\/xn--maeva-zambon-ditticienne-pfcb.fr\/index.php\/rigatoni-au-boeuf-facon-tex-mex\/\" \/>\n<meta property=\"og:locale\" content=\"en_US\" \/>\n<meta property=\"og:type\" content=\"article\" \/>\n<meta property=\"og:title\" content=\"Rigatoni au b\u0153uf fa\u00e7on Tex-Mex - Di\u00e9t\u00e9ticienne\" \/>\n<meta property=\"og:description\" content=\"Ingr\u00e9dients Viande hach\u00e9e de b\u0153uf 5% Rigatoni Oignon Tomates pel\u00e9es en conserve Poivron Ail Cheddar ou Emmental r\u00e2p\u00e9 Huile d&#8217;Olive Epices mexicaines Sel, Poivre Recette Porter \u00e0 \u00e9bullition une grande casserole d&#8217;eau sal\u00e9e. Pendant ce temps, \u00e9mincer l&#8217;oignon et l&#8217;ail. Ep\u00e9piner le poivron et couper le en lamelles. Dans une po\u00eale faire chauffer la moiti\u00e9 &hellip; Continue reading &quot;Rigatoni au b\u0153uf fa\u00e7on Tex-Mex&quot;\" \/>\n<meta property=\"og:url\" content=\"https:\/\/xn--maeva-zambon-ditticienne-pfcb.fr\/index.php\/rigatoni-au-boeuf-facon-tex-mex\/\" \/>\n<meta property=\"og:site_name\" content=\"Di\u00e9t\u00e9ticienne\" \/>\n<meta property=\"article:modified_time\" content=\"2023-08-22T10:08:06+00:00\" \/>\n<meta name=\"twitter:card\" content=\"summary_large_image\" \/>\n<meta name=\"twitter:label1\" content=\"Est. reading time\" \/>\n\t<meta name=\"twitter:data1\" content=\"1 minute\" \/>\n<script type=\"application\/ld+json\" class=\"yoast-schema-graph\">{\"@context\":\"https:\/\/schema.org\",\"@graph\":[{\"@type\":\"WebPage\",\"@id\":\"https:\/\/xn--maeva-zambon-ditticienne-pfcb.fr\/index.php\/rigatoni-au-boeuf-facon-tex-mex\/\",\"url\":\"https:\/\/xn--maeva-zambon-ditticienne-pfcb.fr\/index.php\/rigatoni-au-boeuf-facon-tex-mex\/\",\"name\":\"Rigatoni au b\u0153uf fa\u00e7on Tex-Mex - Di\u00e9t\u00e9ticienne\",\"isPartOf\":{\"@id\":\"https:\/\/xn--maeva-zambon-ditticienne-pfcb.fr\/#website\"},\"datePublished\":\"2023-08-22T09:42:59+00:00\",\"dateModified\":\"2023-08-22T10:08:06+00:00\",\"breadcrumb\":{\"@id\":\"https:\/\/xn--maeva-zambon-ditticienne-pfcb.fr\/index.php\/rigatoni-au-boeuf-facon-tex-mex\/#breadcrumb\"},\"inLanguage\":\"en-US\",\"potentialAction\":[{\"@type\":\"ReadAction\",\"target\":[\"https:\/\/xn--maeva-zambon-ditticienne-pfcb.fr\/index.php\/rigatoni-au-boeuf-facon-tex-mex\/\"]}]},{\"@type\":\"BreadcrumbList\",\"@id\":\"https:\/\/xn--maeva-zambon-ditticienne-pfcb.fr\/index.php\/rigatoni-au-boeuf-facon-tex-mex\/#breadcrumb\",\"itemListElement\":[{\"@type\":\"ListItem\",\"position\":1,\"name\":\"Home\",\"item\":\"https:\/\/xn--maeva-zambon-ditticienne-pfcb.fr\/\"},{\"@type\":\"ListItem\",\"position\":2,\"name\":\"Rigatoni au b\u0153uf fa\u00e7on Tex-Mex\"}]},{\"@type\":\"WebSite\",\"@id\":\"https:\/\/xn--maeva-zambon-ditticienne-pfcb.fr\/#website\",\"url\":\"https:\/\/xn--maeva-zambon-ditticienne-pfcb.fr\/\",\"name\":\"Di\u00e9t\u00e9ticienne\",\"description\":\"Maeva Zambon Di\u00e9t\u00e9ticienne-Nutritionniste \",\"potentialAction\":[{\"@type\":\"SearchAction\",\"target\":{\"@type\":\"EntryPoint\",\"urlTemplate\":\"https:\/\/xn--maeva-zambon-ditticienne-pfcb.fr\/?s={search_term_string}\"},\"query-input\":\"required name=search_term_string\"}],\"inLanguage\":\"en-US\"}]}<\/script>\n<!-- \/ Yoast SEO plugin. -->","yoast_head_json":{"title":"Rigatoni au b\u0153uf fa\u00e7on Tex-Mex - Di\u00e9t\u00e9ticienne","robots":{"index":"index","follow":"follow","max-snippet":"max-snippet:-1","max-image-preview":"max-image-preview:large","max-video-preview":"max-video-preview:-1"},"canonical":"https:\/\/xn--maeva-zambon-ditticienne-pfcb.fr\/index.php\/rigatoni-au-boeuf-facon-tex-mex\/","og_locale":"en_US","og_type":"article","og_title":"Rigatoni au b\u0153uf fa\u00e7on Tex-Mex - Di\u00e9t\u00e9ticienne","og_description":"Ingr\u00e9dients Viande hach\u00e9e de b\u0153uf 5% Rigatoni Oignon Tomates pel\u00e9es en conserve Poivron Ail Cheddar ou Emmental r\u00e2p\u00e9 Huile d&#8217;Olive Epices mexicaines Sel, Poivre Recette Porter \u00e0 \u00e9bullition une grande casserole d&#8217;eau sal\u00e9e. Pendant ce temps, \u00e9mincer l&#8217;oignon et l&#8217;ail. Ep\u00e9piner le poivron et couper le en lamelles. Dans une po\u00eale faire chauffer la moiti\u00e9 &hellip; Continue reading \"Rigatoni au b\u0153uf fa\u00e7on Tex-Mex\"","og_url":"https:\/\/xn--maeva-zambon-ditticienne-pfcb.fr\/index.php\/rigatoni-au-boeuf-facon-tex-mex\/","og_site_name":"Di\u00e9t\u00e9ticienne","article_modified_time":"2023-08-22T10:08:06+00:00","twitter_card":"summary_large_image","twitter_misc":{"Est. reading time":"1 minute"},"schema":{"@context":"https:\/\/schema.org","@graph":[{"@type":"WebPage","@id":"https:\/\/xn--maeva-zambon-ditticienne-pfcb.fr\/index.php\/rigatoni-au-boeuf-facon-tex-mex\/","url":"https:\/\/xn--maeva-zambon-ditticienne-pfcb.fr\/index.php\/rigatoni-au-boeuf-facon-tex-mex\/","name":"Rigatoni au b\u0153uf fa\u00e7on Tex-Mex - Di\u00e9t\u00e9ticienne","isPartOf":{"@id":"https:\/\/xn--maeva-zambon-ditticienne-pfcb.fr\/#website"},"datePublished":"2023-08-22T09:42:59+00:00","dateModified":"2023-08-22T10:08:06+00:00","breadcrumb":{"@id":"https:\/\/xn--maeva-zambon-ditticienne-pfcb.fr\/index.php\/rigatoni-au-boeuf-facon-tex-mex\/#breadcrumb"},"inLanguage":"en-US","potentialAction":[{"@type":"ReadAction","target":["https:\/\/xn--maeva-zambon-ditticienne-pfcb.fr\/index.php\/rigatoni-au-boeuf-facon-tex-mex\/"]}]},{"@type":"BreadcrumbList","@id":"https:\/\/xn--maeva-zambon-ditticienne-pfcb.fr\/index.php\/rigatoni-au-boeuf-facon-tex-mex\/#breadcrumb","itemListElement":[{"@type":"ListItem","position":1,"name":"Home","item":"https:\/\/xn--maeva-zambon-ditticienne-pfcb.fr\/"},{"@type":"ListItem","position":2,"name":"Rigatoni au b\u0153uf fa\u00e7on Tex-Mex"}]},{"@type":"WebSite","@id":"https:\/\/xn--maeva-zambon-ditticienne-pfcb.fr\/#website","url":"https:\/\/xn--maeva-zambon-ditticienne-pfcb.fr\/","name":"Di\u00e9t\u00e9ticienne","description":"Maeva Zambon Di\u00e9t\u00e9ticienne-Nutritionniste ","potentialAction":[{"@type":"SearchAction","target":{"@type":"EntryPoint","urlTemplate":"https:\/\/xn--maeva-zambon-ditticienne-pfcb.fr\/?s={search_term_string}"},"query-input":"required name=search_term_string"}],"inLanguage":"en-US"}]}},"_links":{"self":[{"href":"https:\/\/xn--maeva-zambon-ditticienne-pfcb.fr\/index.php\/wp-json\/wp\/v2\/pages\/1564","targetHints":{"allow":["GET"]}}],"collection":[{"href":"https:\/\/xn--maeva-zambon-ditticienne-pfcb.fr\/index.php\/wp-json\/wp\/v2\/pages"}],"about":[{"href":"https:\/\/xn--maeva-zambon-ditticienne-pfcb.fr\/index.php\/wp-json\/wp\/v2\/types\/page"}],"author":[{"embeddable":true,"href":"https:\/\/xn--maeva-zambon-ditticienne-pfcb.fr\/index.php\/wp-json\/wp\/v2\/users\/1"}],"replies":[{"embeddable":true,"href":"https:\/\/xn--maeva-zambon-ditticienne-pfcb.fr\/index.php\/wp-json\/wp\/v2\/comments?post=1564"}],"version-history":[{"count":2,"href":"https:\/\/xn--maeva-zambon-ditticienne-pfcb.fr\/index.php\/wp-json\/wp\/v2\/pages\/1564\/revisions"}],"predecessor-version":[{"id":1572,"href":"https:\/\/xn--maeva-zambon-ditticienne-pfcb.fr\/index.php\/wp-json\/wp\/v2\/pages\/1564\/revisions\/1572"}],"wp:attachment":[{"href":"https:\/\/xn--maeva-zambon-ditticienne-pfcb.fr\/index.php\/wp-json\/wp\/v2\/media?parent=1564"}],"curies":[{"name":"wp","href":"https:\/\/api.w.org\/{rel}","templated":true}]}}