{"id":1557,"date":"2023-08-21T16:32:39","date_gmt":"2023-08-21T16:32:39","guid":{"rendered":"https:\/\/xn--maeva-zambon-ditticienne-pfcb.fr\/?page_id=1557"},"modified":"2023-08-21T16:44:18","modified_gmt":"2023-08-21T16:44:18","slug":"aiguillettes-de-poulet-facon-teriyaki","status":"publish","type":"page","link":"https:\/\/xn--maeva-zambon-ditticienne-pfcb.fr\/index.php\/aiguillettes-de-poulet-facon-teriyaki\/","title":{"rendered":"Aiguillettes de poulet fa\u00e7on Teriyaki"},"content":{"rendered":"\n<p><\/p>\n\n\n\n<h2 class=\"has-text-align-center wp-block-heading\">Ingr\u00e9dients<\/h2>\n\n\n\n<p class=\"has-text-align-center\">Filet de poulet<\/p>\n\n\n\n<p class=\"has-text-align-center\">Riz<\/p>\n\n\n\n<p class=\"has-text-align-center\">Oignon<\/p>\n\n\n\n<p class=\"has-text-align-center\">Courgettes<\/p>\n\n\n\n<p class=\"has-text-align-center\">Carottes<\/p>\n\n\n\n<p class=\"has-text-align-center\">Gousse d&#8217;Ail<\/p>\n\n\n\n<p class=\"has-text-align-center\">quelques brins de ciboulette<\/p>\n\n\n\n<p class=\"has-text-align-center\">Gomasio<\/p>\n\n\n\n<p class=\"has-text-align-center\">Gingembre frais ou gingembre en poudre<\/p>\n\n\n\n<p class=\"has-text-align-center\">Sauce soja<\/p>\n\n\n\n<p class=\"has-text-align-center\">Huile d&#8217;Olive<\/p>\n\n\n\n<p class=\"has-text-align-center\">Huile de S\u00e9same<\/p>\n\n\n\n<h2 class=\"has-text-align-center wp-block-heading\">Recette<\/h2>\n\n\n\n<p class=\"has-text-align-center\">Porter \u00e0 \u00e9bullition une grande casserole d&#8217;eau sal\u00e9e.<br>Y faire cuire le riz comme indiqu\u00e9 sur le paquet.<br>Pendant ce temps,<br>Couper l&#8217;oignon et la courgettes en fines demi lunes.<br>Eplucher et r\u00e2per la carotte.<br>Faire chauffer l&#8217;huile d&#8217;olive dans un wok \u00e0 un feu moyen.<br>Faire revenir l&#8217;oignon 5 minutes.<br>Puis ajouter les carottes et les courgettes, cuire \u00e0 couvert et remuer r\u00e9guli\u00e8rement pendant 5 \u00e0 10min.<br>R\u00e2per le gingembre et ciseler l&#8217;ail.<br>Dans un r\u00e9cipient m\u00e9langer l&#8217;ail, le gingembre, la sauce soja.<br>Couper chaque filet de poulet en 3-4 aiguillettes.<br>Faire chauffer l&#8217;huile de s\u00e9same dans une po\u00eale \u00e0 feu vif et faire cuire le poulet 2-3min sur chaque face.<br>Ajouter la marinade au poulet et baisser le feu, continuer la cuisson quelques minutes.<br>Dresser l&#8217;assiette et soupoudrer de ciboulette et Gomasio.<\/p>\n\n\n\n<p class=\"has-text-align-center\">Bonne d\u00e9gustation !<\/p>\n","protected":false},"excerpt":{"rendered":"<p>Ingr\u00e9dients Filet de poulet Riz Oignon Courgettes Carottes Gousse d&#8217;Ail quelques brins de ciboulette Gomasio Gingembre frais ou gingembre en poudre Sauce soja Huile d&#8217;Olive Huile de S\u00e9same Recette Porter \u00e0 \u00e9bullition une grande casserole d&#8217;eau sal\u00e9e.Y faire cuire le riz comme indiqu\u00e9 sur le paquet.Pendant ce temps,Couper l&#8217;oignon et la courgettes en fines demi &hellip; <\/p>\n<p class=\"link-more\"><a href=\"https:\/\/xn--maeva-zambon-ditticienne-pfcb.fr\/index.php\/aiguillettes-de-poulet-facon-teriyaki\/\" class=\"more-link\">Continue reading<span class=\"screen-reader-text\"> &#8220;Aiguillettes de poulet fa\u00e7on Teriyaki&#8221;<\/span><\/a><\/p>\n","protected":false},"author":1,"featured_media":0,"parent":0,"menu_order":0,"comment_status":"closed","ping_status":"closed","template":"","meta":{"footnotes":""},"class_list":["post-1557","page","type-page","status-publish","hentry"],"yoast_head":"<!-- This site is optimized with the Yoast SEO plugin v22.0 - https:\/\/yoast.com\/wordpress\/plugins\/seo\/ -->\n<title>Aiguillettes de poulet fa\u00e7on Teriyaki - Di\u00e9t\u00e9ticienne<\/title>\n<meta name=\"robots\" content=\"index, follow, max-snippet:-1, max-image-preview:large, max-video-preview:-1\" \/>\n<link rel=\"canonical\" href=\"https:\/\/xn--maeva-zambon-ditticienne-pfcb.fr\/index.php\/aiguillettes-de-poulet-facon-teriyaki\/\" \/>\n<meta property=\"og:locale\" content=\"en_US\" \/>\n<meta property=\"og:type\" content=\"article\" \/>\n<meta property=\"og:title\" content=\"Aiguillettes de poulet fa\u00e7on Teriyaki - Di\u00e9t\u00e9ticienne\" \/>\n<meta property=\"og:description\" content=\"Ingr\u00e9dients Filet de poulet Riz Oignon Courgettes Carottes Gousse d&#8217;Ail quelques brins de ciboulette Gomasio Gingembre frais ou gingembre en poudre Sauce soja Huile d&#8217;Olive Huile de S\u00e9same Recette Porter \u00e0 \u00e9bullition une grande casserole d&#8217;eau sal\u00e9e.Y faire cuire le riz comme indiqu\u00e9 sur le paquet.Pendant ce temps,Couper l&#8217;oignon et la courgettes en fines demi &hellip; Continue reading &quot;Aiguillettes de poulet fa\u00e7on Teriyaki&quot;\" \/>\n<meta property=\"og:url\" content=\"https:\/\/xn--maeva-zambon-ditticienne-pfcb.fr\/index.php\/aiguillettes-de-poulet-facon-teriyaki\/\" \/>\n<meta property=\"og:site_name\" content=\"Di\u00e9t\u00e9ticienne\" \/>\n<meta property=\"article:modified_time\" content=\"2023-08-21T16:44:18+00:00\" \/>\n<meta name=\"twitter:card\" content=\"summary_large_image\" \/>\n<meta name=\"twitter:label1\" content=\"Est. reading time\" \/>\n\t<meta name=\"twitter:data1\" content=\"1 minute\" \/>\n<script type=\"application\/ld+json\" class=\"yoast-schema-graph\">{\"@context\":\"https:\/\/schema.org\",\"@graph\":[{\"@type\":\"WebPage\",\"@id\":\"https:\/\/xn--maeva-zambon-ditticienne-pfcb.fr\/index.php\/aiguillettes-de-poulet-facon-teriyaki\/\",\"url\":\"https:\/\/xn--maeva-zambon-ditticienne-pfcb.fr\/index.php\/aiguillettes-de-poulet-facon-teriyaki\/\",\"name\":\"Aiguillettes de poulet fa\u00e7on Teriyaki - Di\u00e9t\u00e9ticienne\",\"isPartOf\":{\"@id\":\"https:\/\/xn--maeva-zambon-ditticienne-pfcb.fr\/#website\"},\"datePublished\":\"2023-08-21T16:32:39+00:00\",\"dateModified\":\"2023-08-21T16:44:18+00:00\",\"breadcrumb\":{\"@id\":\"https:\/\/xn--maeva-zambon-ditticienne-pfcb.fr\/index.php\/aiguillettes-de-poulet-facon-teriyaki\/#breadcrumb\"},\"inLanguage\":\"en-US\",\"potentialAction\":[{\"@type\":\"ReadAction\",\"target\":[\"https:\/\/xn--maeva-zambon-ditticienne-pfcb.fr\/index.php\/aiguillettes-de-poulet-facon-teriyaki\/\"]}]},{\"@type\":\"BreadcrumbList\",\"@id\":\"https:\/\/xn--maeva-zambon-ditticienne-pfcb.fr\/index.php\/aiguillettes-de-poulet-facon-teriyaki\/#breadcrumb\",\"itemListElement\":[{\"@type\":\"ListItem\",\"position\":1,\"name\":\"Home\",\"item\":\"https:\/\/xn--maeva-zambon-ditticienne-pfcb.fr\/\"},{\"@type\":\"ListItem\",\"position\":2,\"name\":\"Aiguillettes de poulet fa\u00e7on Teriyaki\"}]},{\"@type\":\"WebSite\",\"@id\":\"https:\/\/xn--maeva-zambon-ditticienne-pfcb.fr\/#website\",\"url\":\"https:\/\/xn--maeva-zambon-ditticienne-pfcb.fr\/\",\"name\":\"Di\u00e9t\u00e9ticienne\",\"description\":\"Maeva Zambon Di\u00e9t\u00e9ticienne-Nutritionniste \",\"potentialAction\":[{\"@type\":\"SearchAction\",\"target\":{\"@type\":\"EntryPoint\",\"urlTemplate\":\"https:\/\/xn--maeva-zambon-ditticienne-pfcb.fr\/?s={search_term_string}\"},\"query-input\":\"required name=search_term_string\"}],\"inLanguage\":\"en-US\"}]}<\/script>\n<!-- \/ Yoast SEO plugin. -->","yoast_head_json":{"title":"Aiguillettes de poulet fa\u00e7on Teriyaki - Di\u00e9t\u00e9ticienne","robots":{"index":"index","follow":"follow","max-snippet":"max-snippet:-1","max-image-preview":"max-image-preview:large","max-video-preview":"max-video-preview:-1"},"canonical":"https:\/\/xn--maeva-zambon-ditticienne-pfcb.fr\/index.php\/aiguillettes-de-poulet-facon-teriyaki\/","og_locale":"en_US","og_type":"article","og_title":"Aiguillettes de poulet fa\u00e7on Teriyaki - Di\u00e9t\u00e9ticienne","og_description":"Ingr\u00e9dients Filet de poulet Riz Oignon Courgettes Carottes Gousse d&#8217;Ail quelques brins de ciboulette Gomasio Gingembre frais ou gingembre en poudre Sauce soja Huile d&#8217;Olive Huile de S\u00e9same Recette Porter \u00e0 \u00e9bullition une grande casserole d&#8217;eau sal\u00e9e.Y faire cuire le riz comme indiqu\u00e9 sur le paquet.Pendant ce temps,Couper l&#8217;oignon et la courgettes en fines demi &hellip; Continue reading \"Aiguillettes de poulet fa\u00e7on Teriyaki\"","og_url":"https:\/\/xn--maeva-zambon-ditticienne-pfcb.fr\/index.php\/aiguillettes-de-poulet-facon-teriyaki\/","og_site_name":"Di\u00e9t\u00e9ticienne","article_modified_time":"2023-08-21T16:44:18+00:00","twitter_card":"summary_large_image","twitter_misc":{"Est. reading time":"1 minute"},"schema":{"@context":"https:\/\/schema.org","@graph":[{"@type":"WebPage","@id":"https:\/\/xn--maeva-zambon-ditticienne-pfcb.fr\/index.php\/aiguillettes-de-poulet-facon-teriyaki\/","url":"https:\/\/xn--maeva-zambon-ditticienne-pfcb.fr\/index.php\/aiguillettes-de-poulet-facon-teriyaki\/","name":"Aiguillettes de poulet fa\u00e7on Teriyaki - Di\u00e9t\u00e9ticienne","isPartOf":{"@id":"https:\/\/xn--maeva-zambon-ditticienne-pfcb.fr\/#website"},"datePublished":"2023-08-21T16:32:39+00:00","dateModified":"2023-08-21T16:44:18+00:00","breadcrumb":{"@id":"https:\/\/xn--maeva-zambon-ditticienne-pfcb.fr\/index.php\/aiguillettes-de-poulet-facon-teriyaki\/#breadcrumb"},"inLanguage":"en-US","potentialAction":[{"@type":"ReadAction","target":["https:\/\/xn--maeva-zambon-ditticienne-pfcb.fr\/index.php\/aiguillettes-de-poulet-facon-teriyaki\/"]}]},{"@type":"BreadcrumbList","@id":"https:\/\/xn--maeva-zambon-ditticienne-pfcb.fr\/index.php\/aiguillettes-de-poulet-facon-teriyaki\/#breadcrumb","itemListElement":[{"@type":"ListItem","position":1,"name":"Home","item":"https:\/\/xn--maeva-zambon-ditticienne-pfcb.fr\/"},{"@type":"ListItem","position":2,"name":"Aiguillettes de poulet fa\u00e7on Teriyaki"}]},{"@type":"WebSite","@id":"https:\/\/xn--maeva-zambon-ditticienne-pfcb.fr\/#website","url":"https:\/\/xn--maeva-zambon-ditticienne-pfcb.fr\/","name":"Di\u00e9t\u00e9ticienne","description":"Maeva Zambon Di\u00e9t\u00e9ticienne-Nutritionniste ","potentialAction":[{"@type":"SearchAction","target":{"@type":"EntryPoint","urlTemplate":"https:\/\/xn--maeva-zambon-ditticienne-pfcb.fr\/?s={search_term_string}"},"query-input":"required name=search_term_string"}],"inLanguage":"en-US"}]}},"_links":{"self":[{"href":"https:\/\/xn--maeva-zambon-ditticienne-pfcb.fr\/index.php\/wp-json\/wp\/v2\/pages\/1557","targetHints":{"allow":["GET"]}}],"collection":[{"href":"https:\/\/xn--maeva-zambon-ditticienne-pfcb.fr\/index.php\/wp-json\/wp\/v2\/pages"}],"about":[{"href":"https:\/\/xn--maeva-zambon-ditticienne-pfcb.fr\/index.php\/wp-json\/wp\/v2\/types\/page"}],"author":[{"embeddable":true,"href":"https:\/\/xn--maeva-zambon-ditticienne-pfcb.fr\/index.php\/wp-json\/wp\/v2\/users\/1"}],"replies":[{"embeddable":true,"href":"https:\/\/xn--maeva-zambon-ditticienne-pfcb.fr\/index.php\/wp-json\/wp\/v2\/comments?post=1557"}],"version-history":[{"count":2,"href":"https:\/\/xn--maeva-zambon-ditticienne-pfcb.fr\/index.php\/wp-json\/wp\/v2\/pages\/1557\/revisions"}],"predecessor-version":[{"id":1562,"href":"https:\/\/xn--maeva-zambon-ditticienne-pfcb.fr\/index.php\/wp-json\/wp\/v2\/pages\/1557\/revisions\/1562"}],"wp:attachment":[{"href":"https:\/\/xn--maeva-zambon-ditticienne-pfcb.fr\/index.php\/wp-json\/wp\/v2\/media?parent=1557"}],"curies":[{"name":"wp","href":"https:\/\/api.w.org\/{rel}","templated":true}]}}